{"id":9868,"date":"2024-09-27T07:05:01","date_gmt":"2024-09-27T07:05:01","guid":{"rendered":"https:\/\/sagessesjb.edu.lb\/?page_id=9868"},"modified":"2024-10-23T09:15:34","modified_gmt":"2024-10-23T09:15:34","slug":"sagesse-plus-inscription-octorbre-2024","status":"publish","type":"page","link":"https:\/\/sagessesjb.edu.lb\/fr\/sagesse-plus-inscription-octorbre-2024\/","title":{"rendered":"Sagesse Plus r\u00e8glement et lien d&rsquo;inscription"},"content":{"rendered":"\t\t<div data-elementor-type=\"wp-page\" data-elementor-id=\"9868\" class=\"elementor elementor-9868\" data-elementor-post-type=\"page\">\n\t\t\t\t\t\t<section class=\"elementor-section elementor-top-section elementor-element elementor-element-489ed7d elementor-section-boxed elementor-section-height-default elementor-section-height-default\" data-id=\"489ed7d\" data-element_type=\"section\" data-e-type=\"section\">\n\t\t\t\t\t\t<div class=\"elementor-container elementor-column-gap-default\">\n\t\t\t\t\t<div class=\"elementor-column elementor-col-100 elementor-top-column elementor-element elementor-element-adcb7fd\" data-id=\"adcb7fd\" data-element_type=\"column\" data-e-type=\"column\">\n\t\t\t<div class=\"elementor-widget-wrap elementor-element-populated\">\n\t\t\t\t\t\t<div class=\"elementor-element elementor-element-7b44790 elementor-widget elementor-widget-heading\" data-id=\"7b44790\" data-element_type=\"widget\" data-e-type=\"widget\" data-widget_type=\"heading.default\">\n\t\t\t\t<div class=\"elementor-widget-container\">\n\t\t\t\t\t<h2 class=\"elementor-heading-title elementor-size-default\">R\u00e8glement int\u00e9rieur<\/h2>\t\t\t\t<\/div>\n\t\t\t\t<\/div>\n\t\t\t\t\t<\/div>\n\t\t<\/div>\n\t\t\t\t\t<\/div>\n\t\t<\/section>\n\t\t\t\t<section class=\"elementor-section elementor-top-section elementor-element elementor-element-a89bb17 elementor-section-boxed elementor-section-height-default elementor-section-height-default\" data-id=\"a89bb17\" data-element_type=\"section\" data-e-type=\"section\">\n\t\t\t\t\t\t<div class=\"elementor-container elementor-column-gap-default\">\n\t\t\t\t\t<div class=\"elementor-column elementor-col-100 elementor-top-column elementor-element elementor-element-6c46b55\" data-id=\"6c46b55\" data-element_type=\"column\" data-e-type=\"column\">\n\t\t\t<div class=\"elementor-widget-wrap elementor-element-populated\">\n\t\t\t\t\t\t<div class=\"elementor-element elementor-element-539d431 elementor-widget elementor-widget-text-editor\" data-id=\"539d431\" data-element_type=\"widget\" data-e-type=\"widget\" data-widget_type=\"text-editor.default\">\n\t\t\t\t<div class=\"elementor-widget-container\">\n\t\t\t\t\t\t\t\t\t<p>&#8211; <strong>Horaire d\u2019ouverture :<\/strong>\u00a0<\/p><ul><li>Sagesse Plus adopte, au cours de l\u2019ann\u00e9e scolaire, une strat\u00e9gie d\u2019ouverture et de fermeture align\u00e9e sur celle du Coll\u00e8ge. Il ouvre du lundi au vendredi et ferme pendant les jours de cong\u00e9.<\/li><li>Le Centre ferme uniquement pendant le mois d\u2019ao\u00fbt.<\/li><\/ul><p><strong>&#8211; Confidentialit\u00e9 :\u00a0 <\/strong><\/p><p>Le Centre Sagesse Plus respecte la plus stricte confidentialit\u00e9. Tout rapport est remis uniquement aux parents, en main propre.<\/p><p>Le Centre n\u2019est pas affili\u00e9 aux cycles d\u2019enseignement du Coll\u00e8ge. Toute collaboration avec les cycles s\u2019effectue uniquement par l\u2019interm\u00e9diaire des parents.<\/p><p>\u00a0<\/p><p><strong>&#8211; Bilans :\u00a0 <\/strong><\/p><ul><li>La premi\u00e8re s\u00e9ance de bilan est consacr\u00e9e \u00e0 un entretien entre les parents et la th\u00e9rapeute, sans la pr\u00e9sence de l\u2019enfant. Les parents sont pri\u00e9s d\u2019apporter avec eux une copie de tout rapport ant\u00e9rieur. Le tarif comprend la s\u00e9ance d\u2019entretien, les s\u00e9ances de passation, la restitution et une copie originale du compte-rendu.<\/li><li>Les s\u00e9ances de bilan \u00e9tant r\u00e9serv\u00e9es \u00e0 l\u2019avance, les absences r\u00e9p\u00e9t\u00e9es et non justifi\u00e9es ne seront pas tol\u00e9r\u00e9es.<\/li><li>Les bilans doivent \u00eatre effectu\u00e9s sur place, en pr\u00e9sentiel.<\/li><\/ul><p><strong>&#8211; Suivi en pr\u00e9sentiel :\u00a0 <\/strong><\/p><ul><li>Les s\u00e9ances en pr\u00e9sentiel sont organis\u00e9es du lundi au vendredi.<\/li><li>L\u2019inscription au centre est mensuelle et couvre un lot de 3.5 ou 7 s\u00e9ances, selon la fr\u00e9quence de la prise en charge (1 ou 2 s\u00e9ances par semaine).<\/li><li>Si l\u2019enfant fait moins de s\u00e9ances en raison d\u2019un jour f\u00e9ri\u00e9, celles-ci seront rattrap\u00e9es pendant les vacances scolaires les plus proches. Les parents en seront inform\u00e9s.<\/li><li>Si l\u2019enfant fait plus de s\u00e9ances que pr\u00e9vues, elles seront calcul\u00e9es avec le prochain lot.<\/li><li>Toute s\u00e9ance annul\u00e9e par l\u2019absence de la th\u00e9rapeute sera rattrap\u00e9e.<\/li><li>Si l\u2019\u00e9l\u00e8ve s\u2019absente en raison d\u2019une maladie, mais que son \u00e9tat permet qu\u2019il se rende au Centre sans risque de contagion, il pourra participer \u00e0 la s\u00e9ance. Il est \u00e9galement possible d\u2019effectuer la s\u00e9ance en ligne. En dehors de ces deux options, les s\u00e9ances manqu\u00e9es ne seront pas rattrap\u00e9es.<\/li><li>Si le Coll\u00e8ge passe \u00e0 l&rsquo;enseignement en ligne pour des raisons s\u00e9curitaires, le Centre adoptera \u00e9galement ce mode de fonctionnement. La th\u00e9rapeute communiquera l\u2019horaire des s\u00e9ances \u00e0 distance via Teams.<\/li><li>Un compte rendu de bilan ou un rapport d\u2019\u00e9volution est pr\u00e9sent\u00e9 aux parents au mois de juin.<\/li><\/ul><p><strong>\u00a0<\/strong><\/p><p><strong>-Suivi en ligne\u00a0:<\/strong><\/p><ul><li>Les s\u00e9ances en ligne peuvent \u00eatre effectu\u00e9es du lundi au vendredi, entre 7 h 30 et 18 h.<\/li><li>L\u2019inscription au centre est mensuelle et couvre un lot de 3.5 ou 7 s\u00e9ances, selon la fr\u00e9quence de la prise en charge (1 ou 2 s\u00e9ances par semaine).<\/li><li>Le lien des s\u00e9ances sera transmis par la th\u00e9rapeute concern\u00e9e via l\u2019application Teams.<\/li><li>Toute s\u00e9ance annul\u00e9e par l\u2019absence de la th\u00e9rapeute sera rattrap\u00e9e.<\/li><li>Nous regrettons de ne pas pouvoir r\u00e9cup\u00e9rer les s\u00e9ances manqu\u00e9es dues \u00e0 l\u2019absence de l\u2019\u00e9l\u00e8ve.<\/li><li>Un compte rendu de bilan ou un rapport d\u2019\u00e9volution est pr\u00e9sent\u00e9 aux parents au mois de juin.<\/li><\/ul><p><strong>-Modalit\u00e9 des inscriptions\u00a0:<\/strong><\/p><ul><li>Le paiement doit \u00eatre effectu\u00e9 <u>avant la premi\u00e8re s\u00e9ance,<\/u> au service de Comptabilit\u00e9 du Coll\u00e8ge.<\/li><\/ul><p><strong><u>Bilan\u00a0:<\/u><\/strong><\/p><ul><li>Pour l\u2019inscription au bilan psychologique, les parents doivent r\u00e9server 1 seule s\u00e9ance<\/li><li>Pour l\u2019inscription au bilan en Orthophonie, Psychomotricit\u00e9 ou Orthop\u00e9dagogie, les parents doivent r\u00e9server 2 s\u00e9ances par semaine.<\/li><\/ul><p><strong><u>S\u00e9ances\u00a0:<\/u><\/strong><\/p><ul><li>Pour l\u2019inscription aux s\u00e9ances de prise en charge, les parents doivent choisir la ou les s\u00e9ance(s) souhait\u00e9e(s). Le renouvellement de l\u2019inscription se fait automatiquement \u00e0 la fin de chaque mois (Voir tutoriel).<\/li><li>Si l\u2019inscription a lieu en cours de mois, le paiement sera calcul\u00e9 en fonction du nombre de s\u00e9ances restantes. Par la suite, le tarif mensuel s\u2019appliquera.<\/li><li>Si les parents\u00a0d\u00e9sirent arr\u00eater\u00a0la prise en charge, il devront en informer la Responsable du Centre\u00a0<u>avant le d\u00e9but du mois suivant<\/u>.<\/li><\/ul><p><strong>\u00a0<\/strong><\/p><p>\u00a0\u00a0\u00a0\u00a0\u00a0\u00a0\u00a0\u00a0\u00a0\u00a0\u00a0\u00a0\u00a0\u00a0\u00a0\u00a0\u00a0\u00a0\u00a0\u00a0\u00a0\u00a0\u00a0\u00a0\u00a0\u00a0\u00a0\u00a0\u00a0\u00a0\u00a0\u00a0\u00a0\u00a0\u00a0\u00a0\u00a0\u00a0\u00a0\u00a0\u00a0\u00a0\u00a0\u00a0\u00a0\u00a0\u00a0\u00a0\u00a0\u00a0\u00a0\u00a0\u00a0\u00a0\u00a0\u00a0\u00a0\u00a0\u00a0\u00a0\u00a0\u00a0\u00a0\u00a0\u00a0\u00a0\u00a0\u00a0\u00a0\u00a0\u00a0\u00a0\u00a0\u00a0\u00a0\u00a0\u00a0\u00a0\u00a0\u00a0\u00a0\u00a0\u00a0\u00a0\u00a0\u00a0\u00a0\u00a0\u00a0\u00a0\u00a0\u00a0\u00a0\u00a0\u00a0\u00a0\u00a0\u00a0\u00a0\u00a0\u00a0\u00a0\u00a0\u00a0\u00a0\u00a0\u00a0\u00a0\u00a0\u00a0\u00a0\u00a0\u00a0\u00a0\u00a0\u00a0\u00a0\u00a0\u00a0 <strong>La Direction<\/strong><\/p>\t\t\t\t\t\t\t\t<\/div>\n\t\t\t\t<\/div>\n\t\t\t\t\t<\/div>\n\t\t<\/div>\n\t\t\t\t\t<\/div>\n\t\t<\/section>\n\t\t\t\t<section class=\"elementor-section elementor-top-section elementor-element elementor-element-3efc501 elementor-section-boxed elementor-section-height-default elementor-section-height-default\" data-id=\"3efc501\" data-element_type=\"section\" data-e-type=\"section\">\n\t\t\t\t\t\t<div class=\"elementor-container elementor-column-gap-default\">\n\t\t\t\t\t<div class=\"elementor-column elementor-col-100 elementor-top-column elementor-element elementor-element-5d3a572\" data-id=\"5d3a572\" data-element_type=\"column\" data-e-type=\"column\">\n\t\t\t<div class=\"elementor-widget-wrap elementor-element-populated\">\n\t\t\t\t\t\t<div class=\"elementor-element elementor-element-f299783 elementor-button-align-center elementor-widget elementor-widget-form\" data-id=\"f299783\" data-element_type=\"widget\" data-e-type=\"widget\" data-settings=\"{&quot;step_next_label&quot;:&quot;Next&quot;,&quot;step_previous_label&quot;:&quot;Previous&quot;,&quot;button_width&quot;:&quot;100&quot;,&quot;step_type&quot;:&quot;number_text&quot;,&quot;step_icon_shape&quot;:&quot;circle&quot;}\" data-widget_type=\"form.default\">\n\t\t\t\t<div class=\"elementor-widget-container\">\n\t\t\t\t\t\t\t<form class=\"elementor-form\" method=\"post\" name=\"New Form\" aria-label=\"New Form\">\n\t\t\t<input type=\"hidden\" name=\"post_id\" value=\"9868\"\/>\n\t\t\t<input type=\"hidden\" name=\"form_id\" value=\"f299783\"\/>\n\t\t\t<input type=\"hidden\" name=\"referer_title\" value=\"Sagesse Plus r\u00e8glement et lien d&#8217;inscription\" \/>\n\n\t\t\t\t\t\t\t<input type=\"hidden\" name=\"queried_id\" value=\"9868\"\/>\n\t\t\t\n\t\t\t<div class=\"elementor-form-fields-wrapper elementor-labels-above\">\n\t\t\t\t\t\t\t\t<div class=\"elementor-field-type-acceptance elementor-field-group elementor-column elementor-field-group-name elementor-col-100 elementor-field-required\">\n\t\t\t\t\t\t\t<div class=\"elementor-field-subgroup\">\n\t\t\t<span class=\"elementor-field-option\">\n\t\t\t\t<input type=\"checkbox\" name=\"form_fields[name]\" id=\"form-field-name\" class=\"elementor-field elementor-size-sm  elementor-acceptance-field\" required=\"required\">\n\t\t\t\t<label for=\"form-field-name\">J'ai lu et j'accepte le r\u00e8glement interieur du centre \"Sagesse Plus \"<\/label>\t\t\t<\/span>\n\t\t<\/div>\n\t\t\t\t\t\t<\/div>\n\t\t\t\t\t\t\t\t<div class=\"elementor-field-group elementor-column elementor-field-type-submit elementor-col-100 e-form__buttons\">\n\t\t\t\t\t<button class=\"elementor-button elementor-size-sm\" type=\"submit\">\n\t\t\t\t\t\t<span class=\"elementor-button-content-wrapper\">\n\t\t\t\t\t\t\t\t\t\t\t\t\t\t\t\t\t\t\t\t\t\t<span class=\"elementor-button-text\">Suivant<\/span>\n\t\t\t\t\t\t\t\t\t\t\t\t\t<\/span>\n\t\t\t\t\t<\/button>\n\t\t\t\t<\/div>\n\t\t\t<\/div>\n\t\t<\/form>\n\t\t\t\t\t\t<\/div>\n\t\t\t\t<\/div>\n\t\t\t\t\t<\/div>\n\t\t<\/div>\n\t\t\t\t\t<\/div>\n\t\t<\/section>\n\t\t\t\t<\/div>\n\t\t","protected":false},"excerpt":{"rendered":"<p>R\u00e8glement int\u00e9rieur &#8211; Horaire d\u2019ouverture :\u00a0 Sagesse Plus adopte, au cours de l\u2019ann\u00e9e scolaire, une strat\u00e9gie d\u2019ouverture et de fermeture align\u00e9e sur celle du Coll\u00e8ge. Il ouvre du lundi au vendredi et ferme pendant les jours de cong\u00e9. Le Centre ferme uniquement pendant le mois d\u2019ao\u00fbt. &#8211; Confidentialit\u00e9 :\u00a0 Le Centre Sagesse Plus respecte la [&hellip;]<\/p>\n","protected":false},"author":1,"featured_media":0,"parent":0,"menu_order":0,"comment_status":"closed","ping_status":"closed","template":"","meta":{"footnotes":""},"class_list":["post-9868","page","type-page","status-publish","hentry"],"_links":{"self":[{"href":"https:\/\/sagessesjb.edu.lb\/fr\/wp-json\/wp\/v2\/pages\/9868","targetHints":{"allow":["GET"]}}],"collection":[{"href":"https:\/\/sagessesjb.edu.lb\/fr\/wp-json\/wp\/v2\/pages"}],"about":[{"href":"https:\/\/sagessesjb.edu.lb\/fr\/wp-json\/wp\/v2\/types\/page"}],"author":[{"embeddable":true,"href":"https:\/\/sagessesjb.edu.lb\/fr\/wp-json\/wp\/v2\/users\/1"}],"replies":[{"embeddable":true,"href":"https:\/\/sagessesjb.edu.lb\/fr\/wp-json\/wp\/v2\/comments?post=9868"}],"version-history":[{"count":29,"href":"https:\/\/sagessesjb.edu.lb\/fr\/wp-json\/wp\/v2\/pages\/9868\/revisions"}],"predecessor-version":[{"id":10211,"href":"https:\/\/sagessesjb.edu.lb\/fr\/wp-json\/wp\/v2\/pages\/9868\/revisions\/10211"}],"wp:attachment":[{"href":"https:\/\/sagessesjb.edu.lb\/fr\/wp-json\/wp\/v2\/media?parent=9868"}],"curies":[{"name":"wp","href":"https:\/\/api.w.org\/{rel}","templated":true}]}}