{"id":944,"date":"2023-05-24T10:46:34","date_gmt":"2023-05-24T10:46:34","guid":{"rendered":"https:\/\/yerehost.com\/sagesse\/?page_id=944"},"modified":"2026-04-17T04:55:47","modified_gmt":"2026-04-17T04:55:47","slug":"cim-presentation","status":"publish","type":"page","link":"https:\/\/sagessesjb.edu.lb\/fr\/cim-presentation\/","title":{"rendered":"CIM Pr\u00e9sentation"},"content":{"rendered":"\t\t<div data-elementor-type=\"wp-page\" data-elementor-id=\"944\" class=\"elementor elementor-944\" data-elementor-post-type=\"page\">\n\t\t\t\t\t\t<section class=\"elementor-section elementor-top-section elementor-element elementor-element-0edcca1 elementor-section-boxed elementor-section-height-default elementor-section-height-default\" data-id=\"0edcca1\" data-element_type=\"section\" data-e-type=\"section\">\n\t\t\t\t\t\t<div class=\"elementor-container elementor-column-gap-default\">\n\t\t\t\t\t<div class=\"elementor-column elementor-col-33 elementor-top-column elementor-element elementor-element-88ebd43\" data-id=\"88ebd43\" data-element_type=\"column\" data-e-type=\"column\">\n\t\t\t<div class=\"elementor-widget-wrap\">\n\t\t\t\t\t\t\t<\/div>\n\t\t<\/div>\n\t\t\t\t<div class=\"elementor-column elementor-col-33 elementor-top-column elementor-element elementor-element-39b4469\" data-id=\"39b4469\" data-element_type=\"column\" data-e-type=\"column\">\n\t\t\t<div class=\"elementor-widget-wrap elementor-element-populated\">\n\t\t\t\t\t\t<div class=\"elementor-element elementor-element-23c3aa9 elementor-widget elementor-widget-heading\" data-id=\"23c3aa9\" data-element_type=\"widget\" data-e-type=\"widget\" data-widget_type=\"heading.default\">\n\t\t\t\t<div class=\"elementor-widget-container\">\n\t\t\t\t\t<h2 class=\"elementor-heading-title elementor-size-default\">Pr\u00e9sentation<\/h2>\t\t\t\t<\/div>\n\t\t\t\t<\/div>\n\t\t\t\t<section class=\"elementor-section elementor-inner-section elementor-element elementor-element-12014db elementor-section-boxed elementor-section-height-default elementor-section-height-default\" data-id=\"12014db\" data-element_type=\"section\" data-e-type=\"section\">\n\t\t\t\t\t\t<div class=\"elementor-container elementor-column-gap-default\">\n\t\t\t\t\t<div class=\"elementor-column elementor-col-100 elementor-inner-column elementor-element elementor-element-1eeed21\" data-id=\"1eeed21\" data-element_type=\"column\" data-e-type=\"column\">\n\t\t\t<div class=\"elementor-widget-wrap elementor-element-populated\">\n\t\t\t\t\t\t<div class=\"elementor-element elementor-element-efbeca3 elementor-widget elementor-widget-image\" data-id=\"efbeca3\" data-element_type=\"widget\" data-e-type=\"widget\" data-widget_type=\"image.default\">\n\t\t\t\t<div class=\"elementor-widget-container\">\n\t\t\t\t\t\t\t\t\t\t\t\t\t\t\t<img fetchpriority=\"high\" decoding=\"async\" width=\"651\" height=\"216\" src=\"https:\/\/sagessesjb.edu.lb\/wp-content\/uploads\/2023\/08\/CIM-rev.png\" class=\"attachment-large size-large wp-image-4543\" alt=\"\" srcset=\"https:\/\/sagessesjb.edu.lb\/wp-content\/uploads\/2023\/08\/CIM-rev.png 651w, https:\/\/sagessesjb.edu.lb\/wp-content\/uploads\/2023\/08\/CIM-rev-300x100.png 300w, https:\/\/sagessesjb.edu.lb\/wp-content\/uploads\/2023\/08\/CIM-rev-600x199.png 600w\" sizes=\"(max-width: 651px) 100vw, 651px\" \/>\t\t\t\t\t\t\t\t\t\t\t\t\t\t\t<\/div>\n\t\t\t\t<\/div>\n\t\t\t\t\t<\/div>\n\t\t<\/div>\n\t\t\t\t\t<\/div>\n\t\t<\/section>\n\t\t\t\t\t<\/div>\n\t\t<\/div>\n\t\t\t\t<div class=\"elementor-column elementor-col-33 elementor-top-column elementor-element elementor-element-f95569f\" data-id=\"f95569f\" data-element_type=\"column\" data-e-type=\"column\">\n\t\t\t<div class=\"elementor-widget-wrap\">\n\t\t\t\t\t\t\t<\/div>\n\t\t<\/div>\n\t\t\t\t\t<\/div>\n\t\t<\/section>\n\t\t\t\t<section class=\"elementor-section elementor-top-section elementor-element elementor-element-0b7a7a1 elementor-section-boxed elementor-section-height-default elementor-section-height-default\" data-id=\"0b7a7a1\" data-element_type=\"section\" data-e-type=\"section\">\n\t\t\t\t\t\t<div class=\"elementor-container elementor-column-gap-default\">\n\t\t\t\t\t<div class=\"elementor-column elementor-col-100 elementor-top-column elementor-element elementor-element-67106dd\" data-id=\"67106dd\" data-element_type=\"column\" data-e-type=\"column\">\n\t\t\t<div class=\"elementor-widget-wrap elementor-element-populated\">\n\t\t\t\t\t\t<div class=\"elementor-element elementor-element-b8fe1e6 elementor-widget elementor-widget-text-editor\" data-id=\"b8fe1e6\" data-element_type=\"widget\" data-e-type=\"widget\" data-widget_type=\"text-editor.default\">\n\t\t\t\t<div class=\"elementor-widget-container\">\n\t\t\t\t\t\t\t\t\t<p style=\"text-align: center;\"><strong><b>Mot de la Responsable du Centre d\u2019Intervention Multidisciplinaire \u2013 CIM<\/b><\/strong><\/p>\t\t\t\t\t\t\t\t<\/div>\n\t\t\t\t<\/div>\n\t\t\t\t\t<\/div>\n\t\t<\/div>\n\t\t\t\t\t<\/div>\n\t\t<\/section>\n\t\t\t\t<section class=\"elementor-section elementor-top-section elementor-element elementor-element-8158502 elementor-section-boxed elementor-section-height-default elementor-section-height-default\" data-id=\"8158502\" data-element_type=\"section\" data-e-type=\"section\">\n\t\t\t\t\t\t<div class=\"elementor-container elementor-column-gap-default\">\n\t\t\t\t\t<div class=\"elementor-column elementor-col-33 elementor-top-column elementor-element elementor-element-6b857ce\" data-id=\"6b857ce\" data-element_type=\"column\" data-e-type=\"column\">\n\t\t\t<div class=\"elementor-widget-wrap\">\n\t\t\t\t\t\t\t<\/div>\n\t\t<\/div>\n\t\t\t\t<div class=\"elementor-column elementor-col-33 elementor-top-column elementor-element elementor-element-3b0d3a4\" data-id=\"3b0d3a4\" data-element_type=\"column\" data-e-type=\"column\">\n\t\t\t<div class=\"elementor-widget-wrap elementor-element-populated\">\n\t\t\t\t\t\t<div class=\"elementor-element elementor-element-0bbaa76 elementor-widget elementor-widget-text-editor\" data-id=\"0bbaa76\" data-element_type=\"widget\" data-e-type=\"widget\" data-widget_type=\"text-editor.default\">\n\t\t\t\t<div class=\"elementor-widget-container\">\n\t\t\t\t\t\t\t\t\t<p>Chaque enfant apprend \u00e0 sa mani\u00e8re. Pour certains, le parcours scolaire peut \u00eatre jalonn\u00e9 de difficult\u00e9s durables dans les apprentissages : lire, \u00e9crire, se concentrer, raisonner, s\u2019organiser\u2026 Ces d\u00e9fis peuvent \u00e9branler la confiance en soi et la motivation, sans pour autant remettre en question le potentiel de l\u2019\u00e9l\u00e8ve.<\/p><p>Au Centre d\u2019Intervention Multidisciplinaire (CIM), nous avons \u00e0 c\u0153ur d\u2019accompagner ces enfants en leur proposant un soutien individualis\u00e9, adapt\u00e9 \u00e0 leurs besoins sp\u00e9cifiques. Cela se traduit par des prises en charge cibl\u00e9es \u2013 en orthophonie, en psychomotricit\u00e9, entre autres \u2013 et par la mise en place d\u2019am\u00e9nagements p\u00e9dagogiques : accompagnement par une AESH, \u00e9valuations adapt\u00e9es, modalit\u00e9s de travail personnalis\u00e9es\u2026 Autant de dispositifs inscrits dans le cadre d\u2019un PAP (Plan d\u2019Accompagnement Personnalis\u00e9), qui visent un seul objectif : <strong><b>permettre \u00e0 chaque \u00e9l\u00e8ve d\u2019apprendre dans un environnement rassurant, bienveillant et valorisant.<\/b><\/strong><\/p><p>Je tiens \u00e0 saluer les efforts, les progr\u00e8s et les r\u00e9ussites \u2013 grandes ou petites \u2013 de nos \u00e9l\u00e8ves. Ils sont la preuve vivante de ce que peut accomplir une v\u00e9ritable synergie entre enseignants, familles et professionnels du CIM.<\/p><p>Un immense merci \u00e0 toute l\u2019\u00e9quipe pour son implication, son professionnalisme et son d\u00e9vouement au quotidien. Chacun, \u00e0 sa mani\u00e8re, contribue \u00e0 cr\u00e9er un environnement porteur de sens, de confiance et d\u2019espoir pour nos \u00e9l\u00e8ves.<\/p><p>Cette ann\u00e9e, notre r\u00e9flexion s\u2019articule autour du th\u00e8me :<br \/><strong><b>\u00ab La Sagesse en projet : entre l\u2019Intelligence Humaine et l\u2019Intelligence Artificielle \u00bb<\/b><\/strong>.<br \/>Ce th\u00e8me exprime notre volont\u00e9 d\u2019explorer les possibilit\u00e9s qu\u2019offrent les technologies, sans jamais perdre de vue l\u2019essentiel : l\u2019humain. Il nous invite \u00e0 faire de la Sagesse un fil conducteur pour conjuguer \u00e9thique, innovation et inclusion dans nos pratiques p\u00e9dagogiques, pour construire ensemble une \u00e9cole plus juste, plus bienveillante et r\u00e9solument tourn\u00e9e vers l\u2019avenir.<\/p><p style=\"text-align: right;\"><em>Ramona Tabet<\/em><\/p><p style=\"text-align: right;\"><em>Responsable du Centre d\u2019Intervention Multidisciplinaire &#8211; CIM<\/em><\/p>\t\t\t\t\t\t\t\t<\/div>\n\t\t\t\t<\/div>\n\t\t\t\t\t<\/div>\n\t\t<\/div>\n\t\t\t\t<div class=\"elementor-column elementor-col-33 elementor-top-column elementor-element elementor-element-750c26e\" data-id=\"750c26e\" data-element_type=\"column\" data-e-type=\"column\">\n\t\t\t<div class=\"elementor-widget-wrap elementor-element-populated\">\n\t\t\t\t\t\t<section class=\"elementor-section elementor-inner-section elementor-element elementor-element-0867887 elementor-section-boxed elementor-section-height-default elementor-section-height-default\" data-id=\"0867887\" data-element_type=\"section\" data-e-type=\"section\">\n\t\t\t\t\t\t<div class=\"elementor-container elementor-column-gap-default\">\n\t\t\t\t\t<div class=\"elementor-column elementor-col-100 elementor-inner-column elementor-element elementor-element-2785486\" data-id=\"2785486\" data-element_type=\"column\" data-e-type=\"column\" data-settings=\"{&quot;background_background&quot;:&quot;classic&quot;}\">\n\t\t\t<div class=\"elementor-widget-wrap elementor-element-populated\">\n\t\t\t\t\t\t<div class=\"elementor-element elementor-element-b13e15d elementor-view-default elementor-widget elementor-widget-icon\" data-id=\"b13e15d\" data-element_type=\"widget\" data-e-type=\"widget\" data-widget_type=\"icon.default\">\n\t\t\t\t<div class=\"elementor-widget-container\">\n\t\t\t\t\t\t\t<div class=\"elementor-icon-wrapper\">\n\t\t\t<div class=\"elementor-icon\">\n\t\t\t<i aria-hidden=\"true\" class=\"fas fa-users\"><\/i>\t\t\t<\/div>\n\t\t<\/div>\n\t\t\t\t\t\t<\/div>\n\t\t\t\t<\/div>\n\t\t\t\t<div class=\"elementor-element elementor-element-3e0bc6e elementor-widget elementor-widget-heading\" data-id=\"3e0bc6e\" data-element_type=\"widget\" data-e-type=\"widget\" data-widget_type=\"heading.default\">\n\t\t\t\t<div class=\"elementor-widget-container\">\n\t\t\t\t\t<h2 class=\"elementor-heading-title elementor-size-default\"><a href=\"https:\/\/sagessesjb.edu.lb\/equipe-cim\/\">\u00c9quipe<\/a><\/h2>\t\t\t\t<\/div>\n\t\t\t\t<\/div>\n\t\t\t\t\t<\/div>\n\t\t<\/div>\n\t\t\t\t\t<\/div>\n\t\t<\/section>\n\t\t\t\t\t<\/div>\n\t\t<\/div>\n\t\t\t\t\t<\/div>\n\t\t<\/section>\n\t\t\t\t<\/div>\n\t\t","protected":false},"excerpt":{"rendered":"<p>Pr\u00e9sentation Mot de la Responsable du Centre d\u2019Intervention Multidisciplinaire \u2013 CIM Chaque enfant apprend \u00e0 sa mani\u00e8re. Pour certains, le parcours scolaire peut \u00eatre jalonn\u00e9 de difficult\u00e9s durables dans les apprentissages : lire, \u00e9crire, se concentrer, raisonner, s\u2019organiser\u2026 Ces d\u00e9fis peuvent \u00e9branler la confiance en soi et la motivation, sans pour autant remettre en question [&hellip;]<\/p>\n","protected":false},"author":1,"featured_media":0,"parent":0,"menu_order":0,"comment_status":"closed","ping_status":"closed","template":"","meta":{"footnotes":""},"class_list":["post-944","page","type-page","status-publish","hentry"],"_links":{"self":[{"href":"https:\/\/sagessesjb.edu.lb\/fr\/wp-json\/wp\/v2\/pages\/944","targetHints":{"allow":["GET"]}}],"collection":[{"href":"https:\/\/sagessesjb.edu.lb\/fr\/wp-json\/wp\/v2\/pages"}],"about":[{"href":"https:\/\/sagessesjb.edu.lb\/fr\/wp-json\/wp\/v2\/types\/page"}],"author":[{"embeddable":true,"href":"https:\/\/sagessesjb.edu.lb\/fr\/wp-json\/wp\/v2\/users\/1"}],"replies":[{"embeddable":true,"href":"https:\/\/sagessesjb.edu.lb\/fr\/wp-json\/wp\/v2\/comments?post=944"}],"version-history":[{"count":70,"href":"https:\/\/sagessesjb.edu.lb\/fr\/wp-json\/wp\/v2\/pages\/944\/revisions"}],"predecessor-version":[{"id":11605,"href":"https:\/\/sagessesjb.edu.lb\/fr\/wp-json\/wp\/v2\/pages\/944\/revisions\/11605"}],"wp:attachment":[{"href":"https:\/\/sagessesjb.edu.lb\/fr\/wp-json\/wp\/v2\/media?parent=944"}],"curies":[{"name":"wp","href":"https:\/\/api.w.org\/{rel}","templated":true}]}}