{"id":927,"date":"2023-05-24T10:40:25","date_gmt":"2023-05-24T10:40:25","guid":{"rendered":"https:\/\/yerehost.com\/sagesse\/?page_id=927"},"modified":"2025-09-29T08:42:07","modified_gmt":"2025-09-29T08:42:07","slug":"cycle-secondaire-directives","status":"publish","type":"page","link":"https:\/\/sagessesjb.edu.lb\/fr\/cycle-secondaire-directives\/","title":{"rendered":"Cycle Secondaire Directives"},"content":{"rendered":"\t\t<div data-elementor-type=\"wp-page\" data-elementor-id=\"927\" class=\"elementor elementor-927\" data-elementor-post-type=\"page\">\n\t\t\t\t\t\t<section class=\"elementor-section elementor-top-section elementor-element elementor-element-93c44e9 elementor-section-boxed elementor-section-height-default elementor-section-height-default\" data-id=\"93c44e9\" data-element_type=\"section\" data-e-type=\"section\">\n\t\t\t\t\t\t<div class=\"elementor-container elementor-column-gap-default\">\n\t\t\t\t\t<div class=\"elementor-column elementor-col-100 elementor-top-column elementor-element elementor-element-035de88\" data-id=\"035de88\" data-element_type=\"column\" data-e-type=\"column\">\n\t\t\t<div class=\"elementor-widget-wrap elementor-element-populated\">\n\t\t\t\t\t\t<div class=\"elementor-element elementor-element-6cd1e3f elementor-widget elementor-widget-heading\" data-id=\"6cd1e3f\" data-element_type=\"widget\" data-e-type=\"widget\" data-widget_type=\"heading.default\">\n\t\t\t\t<div class=\"elementor-widget-container\">\n\t\t\t\t\t<h2 class=\"elementor-heading-title elementor-size-default\">Directives du lyc\u00e9e<\/h2>\t\t\t\t<\/div>\n\t\t\t\t<\/div>\n\t\t\t\t\t<\/div>\n\t\t<\/div>\n\t\t\t\t\t<\/div>\n\t\t<\/section>\n\t\t\t\t<section class=\"elementor-section elementor-top-section elementor-element elementor-element-fed2f27 elementor-section-boxed elementor-section-height-default elementor-section-height-default\" data-id=\"fed2f27\" data-element_type=\"section\" data-e-type=\"section\">\n\t\t\t\t\t\t<div class=\"elementor-container elementor-column-gap-default\">\n\t\t\t\t\t<div class=\"elementor-column elementor-col-100 elementor-top-column elementor-element elementor-element-7021204\" data-id=\"7021204\" data-element_type=\"column\" data-e-type=\"column\">\n\t\t\t<div class=\"elementor-widget-wrap elementor-element-populated\">\n\t\t\t\t\t\t<div class=\"elementor-element elementor-element-f5306cf elementor-widget elementor-widget-text-editor\" data-id=\"f5306cf\" data-element_type=\"widget\" data-e-type=\"widget\" data-widget_type=\"text-editor.default\">\n\t\t\t\t<div class=\"elementor-widget-container\">\n\t\t\t\t\t\t\t\t\t<p><strong>Directives disciplinaires <\/strong><\/p><p><strong><u>Rentr\u00e9e des classes<\/u><\/strong> :<\/p><p>Mardi 16 septembre : Tles- 1<sup>\u00e8re<\/sup><\/p><p>Lundi 22 septembre\u00a0: 2<sup>nde<\/sup><\/p><p><strong>B\u00e2tisse du lyc\u00e9e: Tle\u00a0 (1<sup>er<\/sup>\u00a0 \u00e9tage) &#8211; 1<sup>\u00e8re <\/sup>(2<sup>\u00e8me\u00a0 <\/sup>\u00e9tage) &#8211; 2<sup>nde <\/sup>(3<sup>\u00e8me\u00a0 <\/sup>\u00e9tage)<\/strong><\/p><p><strong><u>Modalit\u00e9s<\/u><\/strong>\u00a0<\/p><p><strong>Entr\u00e9e\u00a0et sortie\u00a0:<\/strong> porte n\u00b0 5 de la b\u00e2tisse du lyc\u00e9e<\/p><p><strong><u>Horaire<\/u><\/strong><\/p><ul><li>Rentr\u00e9e des classes \u00e0 7h25 &#8211; Sortie des classes \u00e0 14h40.<\/li><li>Il est instamment recommand\u00e9 aux parents de respecter les horaires d\u2019ouverture et de fermeture de l\u2019\u00e9tablissement. Les retards perturbent \u00e0 la fois l\u2019\u00e9l\u00e8ve et la classe. Par cons\u00e9quent, les portes du Coll\u00e8ge seront ferm\u00e9es \u00e0 7h30. L\u2019\u00e9l\u00e8ve qui arrive en retard ne pourra donc entrer au Coll\u00e8ge, qu\u2019accompagn\u00e9 de ses parents, chez la CPE qui d\u00e9cidera de la mesure \u00e0 prendre, en fonction du motif et des circonstances.<\/li><li>Toute absence doit \u00eatre justifi\u00e9e, le jour m\u00eame, par t\u00e9l\u00e9phone directement \u00e0 la CPE ou \u00e0 l\u2019animatrice de la division.<\/li><li><strong>En cas d\u2019urgence,<\/strong> pour retirer un \u00e9l\u00e8ve avant l&rsquo;heure de la sortie, il faudra en pr\u00e9venir la CPE, qui lui d\u00e9livrera un permis de sortie.<\/li><li>Les rendez-vous chez le m\u00e9decin ne doivent pas \u00eatre pris durant les heures de l\u2019horaire Les \u00e9l\u00e8ves ne doivent pas s\u2019absenter sans raison valable, encore moins le jour d\u2019une \u00e9valuation ou d\u2019un examen. L\u2019\u00e9valuation manqu\u00e9e sera refaite seulement si un rapport m\u00e9dical justifie l\u2019absence. Les examens manqu\u00e9s ne seront pas refaits : en cas d\u2019absence, justifi\u00e9e par un rapport m\u00e9dical, la case de l\u2019examen restera vide sur le livret scolaire. Si l\u2019absence n\u2019est pas justifi\u00e9e, un z\u00e9ro sera marqu\u00e9 sur le livret scolaire.<\/li><li>Les \u00e9l\u00e8ves ne sont pas autoris\u00e9s \u00e0 s&rsquo;absenter pour faire un voyage en dehors des vacances scolaires. Dans les cas de force majeure ou de circonstances exceptionnelles, les parents devraient faire conna\u00eetre, via mail, les motifs de cette absence au chef d\u2019\u00e9tablissement et \u00e0 la responsable de cycle\/CPE.<\/li><li>Le cumul d\u2019absences non justifi\u00e9 ne devrait pas d\u00e9passer dix jours par ann\u00e9e scolaire. Si le cas se pr\u00e9sente, la Direction se r\u00e9serve le droit de remettre en question l\u2019admission de l\u2019\u00e9l\u00e8ve pour l\u2019ann\u00e9e suivante.<\/li><\/ul><p><strong><u>Uniforme<\/u><\/strong><strong>\u00a0<\/strong><\/p><p><strong>Le port de l\u2019uniforme est obligatoire pour tous les \u00e9l\u00e8ves du Coll\u00e8ge pour l\u2019ann\u00e9e 2025 &#8211; 2026<\/strong><\/p><ul><li>Pantalons bleu marine ou jeans bleu-marine (non d\u00e9chir\u00e9s &#8211; non d\u00e9lav\u00e9s- pas de gris \u2013 pas de noir)<\/li><li>Polo du Coll\u00e8ge<\/li><li>Pour les filles, le port des fuseaux, des collants de couleur et des shorts courts est interdit.<\/li><li>Chaussures en cuir, ou en toile ou baskets (espadrilles) noirs ou blancs ou autres couleurs fonc\u00e9es (pas de couleurs phosphorescentes).<\/li><li><strong>Tenue de sport :<\/strong><\/li><\/ul><p><strong>\u00c9t\u00e9 : <\/strong>short et teeshirt \u00e0 manches courtes (achet\u00e9s de l\u2019\u00e9cole)\u00a0<\/p><p><strong>Hiver :<\/strong> surv\u00eatement (achet\u00e9 de l\u2019\u00e9cole)<\/p><p><strong><u>\u00a0<\/u><\/strong><\/p><p><strong><u>Agenda<\/u><\/strong>\u00a0\u00a0<\/p><p>Les \u00e9l\u00e8ves doivent, obligatoirement, avoir leur agenda personnel, afin d\u2019y inscrire, quotidiennement, le travail \u00e0 faire pour le lendemain. Ce travail sera diffus\u00e9 quotidiennement sur la plateforme officielle du Coll\u00e8ge, \u00e0 titre consultatif, pour les parents.<\/p><p><strong><u>Mat\u00e9riel scolaire<\/u><\/strong><\/p><p>L\u2019\u00e9l\u00e8ve doit avoir dans son cartable ses livres, ses cahiers et sa trousse dans laquelle il aura rang\u00e9 tout le mat\u00e9riel n\u00e9cessaire.<\/p><p>Pour que l\u2019\u00e9l\u00e8ve soit \u00e0 l&rsquo;aise et ne perde pas son temps en classe, il devra v\u00e9rifier, chaque soir, qu\u2019il a bien rang\u00e9 tout son mat\u00e9riel dans son cartable notamment le jour d\u2019une \u00e9valuation ou d\u2019un examen. Le Coll\u00e8ge n\u2019est pas tenu de le lui assurer.<\/p><p><strong><u>Le t\u00e9l\u00e9phone portable<\/u><\/strong><\/p><p>Le t\u00e9l\u00e9phone portable doit \u00eatre \u00e9teint et rang\u00e9 dans le cartable de l\u2019\u00e9l\u00e8ve d\u00e8s l\u2019entr\u00e9e dans le b\u00e2timent.\u00a0 Il ne pourra le r\u00e9utiliser qu\u2019une fois \u00e0 l\u2019ext\u00e9rieur du b\u00e2timent.<\/p><p>En cas de force majeure, l\u2019\u00e9l\u00e8ve qui aurait besoin de joindre ses parents, pourra le faire en demandant \u00e0 appeler du bureau de la CPE ou de l\u2019animatrice<\/p><p><strong>Tout t\u00e9l\u00e9phone portable, vu par n\u2019importe quel membre de l\u2019\u00e9quipe \u00e9ducative, \u00e0 l\u2019int\u00e9rieur du b\u00e2timent, sera confisqu\u00e9 (voir clause du r\u00e8glement du Coll\u00e8ge).<\/strong><\/p><p><strong><u>\u00a0<\/u><\/strong><\/p><p><strong><u>Transport\u00a0\u00a0 <\/u><\/strong><\/p><p>Le Service de Transport Scolaire<strong>\u00a0<\/strong>assure le ramassage scolaire selon des circuits desservant\u00a0diff\u00e9rentes r\u00e9gions. L&rsquo;utilisation\u00a0des autocars du Coll\u00e8ge est fortement recommand\u00e9e puisqu\u2019elle\u00a0facilite le d\u00e9placement des \u00e9l\u00e8ves entre leur lieu de r\u00e9sidence et l\u2019\u00e9tablissement, tout en<strong>\u00a0<\/strong>r\u00e9duisant les embouteillages dans les alentours aux heures de pointe de la journ\u00e9e, lorsque de\u00a0nombreux parents d\u00e9posent leurs enfants \u00e0 l\u2019\u00e9cole en m\u00eame temps. Le transport scolaire forme\u00a0aussi les \u00e9l\u00e8ves \u00e0 une certaine forme d\u2019autonomie et leur permet \u00e9galement de faire la\u00a0connaissance d\u2019autres enfants, qui ne sont pas forc\u00e9ment dans leur classe, et ainsi enrichir leur\u00a0cercle de connaissances.<\/p><p>\u00a0Le Service de Transport Scolaire<strong>\u00a0<\/strong>est assur\u00e9 comme chaque ann\u00e9e par le Coll\u00e8ge<strong>.\u00a0<\/strong>Il s\u2019agit du\u00a0transport journalier des \u00e9l\u00e8ves de leur domicile vers le Coll\u00e8ge et vice-versa selon les heures\u00a0durant la p\u00e9riode scolaire (vacances non comprises) et des transports exceptionnels sur demande\u00a0dans le cadre des activit\u00e9s scolaires ou extra scolaires, organis\u00e9es sous la responsabilit\u00e9 du\u00a0Coll\u00e8ge.<\/p><p>Pour plus de renseignements, veuillez consulter le site du Coll\u00e8ge:\u00a0<a href=\"https:\/\/sagessesjb.edu.lb\/autocars\/\">https:\/\/sagessesjb.edu.lb\/autocars\/<\/a><\/p><p>Pour tout changement occasionnel de l\u2019autocar, une demande \u00e9crite ou orale, par les parents est requise avant 12h00, Cette demande sera adress\u00e9e \u00e0 la CPE ou \u00e0 l\u2019animatrice de la division. Il sera impossible de donner suite aux appels de derni\u00e8re minute.<\/p><p><strong><u>Assurer \u00e0 la rentr\u00e9e l\u2019envoi <\/u><\/strong>d\u2019une photo passeport (r\u00e9cente)<\/p><p><strong><u>Informations<\/u><\/strong><\/p><ul><li>Pour faire les achats relatifs \u00e0 l\u2019uniforme ou pour n\u2019importe quel autre payement, les parents sont pri\u00e9s de venir, eux-m\u00eames, au Coll\u00e8ge, accomplir cette t\u00e2che.<\/li><li>Le port des bijoux et des objets de valeur ou dangereux n\u2019est pas permis.<\/li><li>Le Coll\u00e8ge n&rsquo;est pas responsable des objets perdus.<\/li><li>Les jeunes filles doivent avoir des ongles soign\u00e9s et propres. Le vernis de couleur claire est tol\u00e9r\u00e9. Les jeunes gens doivent toujours avoir les cheveux courts et la barbe ras\u00e9e.<\/li><\/ul><p><strong>N.B\u00a0: Vous \u00eates pri\u00e9s de garder ces directives \u00e0 port\u00e9e de main tout le long de l\u2019ann\u00e9e scolaire afin de pouvoir les consulter au besoin.<\/strong><\/p><p><strong>La Direction<\/strong><\/p>\t\t\t\t\t\t\t\t<\/div>\n\t\t\t\t<\/div>\n\t\t\t\t\t<\/div>\n\t\t<\/div>\n\t\t\t\t\t<\/div>\n\t\t<\/section>\n\t\t\t\t<\/div>\n\t\t","protected":false},"excerpt":{"rendered":"<p>Directives du lyc\u00e9e Directives disciplinaires Rentr\u00e9e des classes : Mardi 16 septembre : Tles- 1\u00e8re Lundi 22 septembre\u00a0: 2nde B\u00e2tisse du lyc\u00e9e: Tle\u00a0 (1er\u00a0 \u00e9tage) &#8211; 1\u00e8re (2\u00e8me\u00a0 \u00e9tage) &#8211; 2nde (3\u00e8me\u00a0 \u00e9tage) Modalit\u00e9s\u00a0 Entr\u00e9e\u00a0et sortie\u00a0: porte n\u00b0 5 de la b\u00e2tisse du lyc\u00e9e Horaire Rentr\u00e9e des classes \u00e0 7h25 &#8211; Sortie des classes \u00e0 [&hellip;]<\/p>\n","protected":false},"author":1,"featured_media":0,"parent":0,"menu_order":0,"comment_status":"closed","ping_status":"closed","template":"","meta":{"footnotes":""},"class_list":["post-927","page","type-page","status-publish","hentry"],"_links":{"self":[{"href":"https:\/\/sagessesjb.edu.lb\/fr\/wp-json\/wp\/v2\/pages\/927","targetHints":{"allow":["GET"]}}],"collection":[{"href":"https:\/\/sagessesjb.edu.lb\/fr\/wp-json\/wp\/v2\/pages"}],"about":[{"href":"https:\/\/sagessesjb.edu.lb\/fr\/wp-json\/wp\/v2\/types\/page"}],"author":[{"embeddable":true,"href":"https:\/\/sagessesjb.edu.lb\/fr\/wp-json\/wp\/v2\/users\/1"}],"replies":[{"embeddable":true,"href":"https:\/\/sagessesjb.edu.lb\/fr\/wp-json\/wp\/v2\/comments?post=927"}],"version-history":[{"count":7,"href":"https:\/\/sagessesjb.edu.lb\/fr\/wp-json\/wp\/v2\/pages\/927\/revisions"}],"predecessor-version":[{"id":10819,"href":"https:\/\/sagessesjb.edu.lb\/fr\/wp-json\/wp\/v2\/pages\/927\/revisions\/10819"}],"wp:attachment":[{"href":"https:\/\/sagessesjb.edu.lb\/fr\/wp-json\/wp\/v2\/media?parent=927"}],"curies":[{"name":"wp","href":"https:\/\/api.w.org\/{rel}","templated":true}]}}