{"id":869,"date":"2023-05-24T10:21:07","date_gmt":"2023-05-24T10:21:07","guid":{"rendered":"https:\/\/yerehost.com\/sagesse\/?page_id=869"},"modified":"2025-11-13T11:58:45","modified_gmt":"2025-11-13T11:58:45","slug":"cycle-primaire-i-directives","status":"publish","type":"page","link":"https:\/\/sagessesjb.edu.lb\/fr\/cycle-primaire-i-directives\/","title":{"rendered":"Cycle Primaire I Directives"},"content":{"rendered":"\t\t<div data-elementor-type=\"wp-page\" data-elementor-id=\"869\" class=\"elementor elementor-869\" data-elementor-post-type=\"page\">\n\t\t\t\t\t\t<section class=\"elementor-section elementor-top-section elementor-element elementor-element-786946e elementor-section-boxed elementor-section-height-default elementor-section-height-default\" data-id=\"786946e\" data-element_type=\"section\" data-e-type=\"section\">\n\t\t\t\t\t\t<div class=\"elementor-container elementor-column-gap-default\">\n\t\t\t\t\t<div class=\"elementor-column elementor-col-100 elementor-top-column elementor-element elementor-element-71aad3d\" data-id=\"71aad3d\" data-element_type=\"column\" data-e-type=\"column\">\n\t\t\t<div class=\"elementor-widget-wrap elementor-element-populated\">\n\t\t\t\t\t\t<div class=\"elementor-element elementor-element-d909b1a elementor-widget elementor-widget-heading\" data-id=\"d909b1a\" data-element_type=\"widget\" data-e-type=\"widget\" data-widget_type=\"heading.default\">\n\t\t\t\t<div class=\"elementor-widget-container\">\n\t\t\t\t\t<h2 class=\"elementor-heading-title elementor-size-default\">Directives disciplinaires aux parents des \u00e9l\u00e8ves\ndu cycle 2<br>CP-CE1-CE2<\/h2>\t\t\t\t<\/div>\n\t\t\t\t<\/div>\n\t\t\t\t\t<\/div>\n\t\t<\/div>\n\t\t\t\t\t<\/div>\n\t\t<\/section>\n\t\t\t\t<section class=\"elementor-section elementor-top-section elementor-element elementor-element-d898f4c elementor-section-boxed elementor-section-height-default elementor-section-height-default\" data-id=\"d898f4c\" data-element_type=\"section\" data-e-type=\"section\">\n\t\t\t\t\t\t<div class=\"elementor-container elementor-column-gap-default\">\n\t\t\t\t\t<div class=\"elementor-column elementor-col-100 elementor-top-column elementor-element elementor-element-37e8f31\" data-id=\"37e8f31\" data-element_type=\"column\" data-e-type=\"column\">\n\t\t\t<div class=\"elementor-widget-wrap elementor-element-populated\">\n\t\t\t\t\t\t<div class=\"elementor-element elementor-element-c11df65 elementor-widget elementor-widget-text-editor\" data-id=\"c11df65\" data-element_type=\"widget\" data-e-type=\"widget\" data-widget_type=\"text-editor.default\">\n\t\t\t\t<div class=\"elementor-widget-container\">\n\t\t\t\t\t\t\t\t\t<p><strong><u>Rentr\u00e9e des classes<\/u><\/strong> :<\/p><p>Mardi 23 septembre \u00e0 7h25\u00a0<\/p><p><strong>B\u00e2tisse centrale\u00a0: CE1-CE2 1<sup>er<\/sup> \u00e9tage<\/strong><\/p><p><strong>Petit Coll\u00e8ge\u00a0: CP 2<sup>\u00e8me<\/sup> \u00e9tage<\/strong><\/p><p><strong><u>Modalit\u00e9s<\/u><\/strong>\u00a0<\/p><p><strong>CP<\/strong><\/p><p><strong>Entr\u00e9e\u00a0:<\/strong> <strong>porte n\u00b0 10<\/strong> (Petit coll\u00e8ge)<\/p><p><strong>Sortie :<\/strong> portes n\u00b0 2, n\u00b0 3 B\u00e2tisse centrale- <strong>pr\u00e9au des CE2<\/strong> ou porte n\u00b0.9 cour du Petit Coll\u00e8ge, avec les fr\u00e8res et s\u0153urs plus jeunes.<\/p><p>\u00a0<\/p><p><strong>CE1-CE2<\/strong><\/p><p><strong>Entr\u00e9e\u00a0:<\/strong> portes n\u00b0 2, n\u00b0 3 B\u00e2tisse centrale<\/p><p><strong>Sortie :<\/strong> portes n\u00b0 2, n\u00b0 3 B\u00e2tisse centrale <strong>&#8211;<\/strong> <strong>pr\u00e9au des CE2<\/strong>.<\/p><p>Le jour de la rentr\u00e9e, les \u00e9l\u00e8ves seront accueillis par leurs enseignantes dans les pr\u00e9aux des CE1 et CE2 (B\u00e2tisse centrale).<\/p><p><strong><u>NB\u00a0:<\/u><\/strong> Le premier\u00a0jour de la rentr\u00e9e scolaire, les \u00e9l\u00e8ves mettent dans leur cartable, une partie de leur mat\u00e9riel scolaire. Le reste sera apport\u00e9, au fur et \u00e0 mesure, les jours suivants, ce qui permet d\u2019\u00e9viter le port de cartables lourds.<\/p><p><strong><u>Horaire<\/u><\/strong><\/p><ul><li>Rentr\u00e9e des classes \u00e0 7h25 <strong>&#8211;<\/strong> Sortie des classes \u00e0 14h25.<\/li><li>Il est instamment recommand\u00e9 aux parents de respecter les horaires d\u2019ouverture et de fermeture de l\u2019\u00e9tablissement. Les retards perturbent \u00e0 la fois l\u2019\u00e9l\u00e8ve et la classe. Par cons\u00e9quent, les portes du Coll\u00e8ge seront ferm\u00e9es \u00e0 7h30. L\u2019\u00e9l\u00e8ve qui arrive en retard ne pourra donc entrer au Coll\u00e8ge, qu\u2019accompagn\u00e9 de ses parents chez la responsable du cycle qui d\u00e9cidera de la mesure \u00e0 prendre, en fonction du motif et des circonstances.<\/li><li>Pour la rentr\u00e9e et la sortie, les \u00e9l\u00e8ves seront surveill\u00e9s sous le pr\u00e9au de la B\u00e2tisse Centrale de 7h00 jusqu\u2019\u00e0 15h00.<\/li><li>Toute absence doit \u00eatre justifi\u00e9e, le jour m\u00eame, par t\u00e9l\u00e9phone ou au retour de l\u2019enfant, soit sur son agenda soit directement \u00e0 la responsable du cycle ou \u00e0 l\u2019animatrice de la division.<\/li><li>\u00c0 la fin du temps scolaire, (pour la sortie) les \u00e9l\u00e8ves non<strong>&#8211;<\/strong>inscrits au transport scolaire sont obligatoirement repris par leurs parents ou par une personne d\u00e9sign\u00e9e par eux. Toute modification concernant la prise en charge du d\u00e9part de l\u2019\u00e9l\u00e8ve de l\u2019\u00e9tablissement, doit \u00eatre notifi\u00e9e par \u00e9crit, soit dans l\u2019agenda, soit avant 12h00, par t\u00e9l\u00e9phone, \u00e0 la responsable du cycle ou \u00e0 l\u2019animatrice de la division.<\/li><li><strong>En cas d\u2019urgence,<\/strong> pour retirer un \u00e9l\u00e8ve avant l&rsquo;heure de la sortie, il faudra en pr\u00e9venir la responsable ou l\u2019animatrice du cycle, qui lui d\u00e9livrera un permis de sortie.<\/li><li>Les rendez<strong>&#8211;<\/strong>vous chez le m\u00e9decin <strong>ne doivent pas \u00eatre pris durant les heures de classe <\/strong>(dans la mesure du possible).<\/li><li>Un \u00e9l\u00e8ve qui a de la fi\u00e8vre ou qui s\u2019absente durant la matin\u00e9e pour des raisons de sant\u00e9, ne peut plus int\u00e9grer la classe pour le reste de la journ\u00e9e. Il devra se reposer ce jour-l\u00e0.<\/li><\/ul><p><strong><u>Uniforme<\/u><\/strong><strong>\u00a0<\/strong><\/p><p><strong>Le port de l\u2019uniforme est obligatoire pour tous les \u00e9l\u00e8ves du Coll\u00e8ge pour l\u2019ann\u00e9e 2025 &#8211; 2026<\/strong><\/p><ul><li>Jeans bleu marine.<\/li><li>Short jeans bleu marine.<\/li><li>Jupe short jeans bleu marine pour les filles.<\/li><\/ul><p>\u00a0<\/p><ul><li>Polo et chemise blanche du coll\u00e8ge.<\/li><li>Chaussures en cuir, ou en toile ou baskets (espadrilles) noirs ou blancs ou autres couleurs fonc\u00e9es (pas de couleurs phosphorescentes).<\/li><li><strong>Tenue de sport :<\/strong><\/li><\/ul><p><strong>\u00c9t\u00e9 : <\/strong>short et teeshirt \u00e0 manches courtes.<\/p><p><strong>Hiver :<\/strong> pantalon, teeshirt \u00e0 manches longues et veste.<\/p><p><strong><u>Cantine<\/u><\/strong><\/p><p>L\u2019inscription \u00e0 la cantine du Coll\u00e8ge est facultative pour les \u00e9l\u00e8ves des classes de<strong> CP<\/strong>.<\/p><p>La cantine propose : une collation et un repas chaud.<\/p><p>Chaque enfant aura : \u00e0 10h00, un sandwich.<\/p><p>\u00a0\u00a0\u00a0\u00a0\u00a0\u00a0\u00a0\u00a0\u00a0 \u00e0 12h00, un plat chaud et un biscuit ou un fruit.<\/p><p>Pour plus de renseignements, veuillez consulter le site du Coll\u00e8ge\u00a0:<\/p><p><a href=\"https:\/\/sagessesjb.edu.lb\/cycle-maternel-cantine\/\">https:\/\/sagessesjb.edu.lb\/cycle-maternel-cantine\/<\/a><\/p><p><strong>Pas de cantine pour les \u00e9l\u00e8ves des classes de CE1 et CE2.<\/strong><\/p><p><strong><u>Go\u00fbter <\/u><\/strong><\/p><p>Les \u00e9l\u00e8ves devront apporter un sac contenant leur go\u00fbter et une gourde d\u2019eau.<\/p><p>Les parents des \u00e9l\u00e8ves de CP sont pri\u00e9s d\u2019ajouter une bouteille d\u2019eau suppl\u00e9mentaire dans le sac de leur enfant.<\/p><p>Les \u00e9l\u00e8ves des classes de CE1 et CE2 auront la possibilit\u00e9 d\u2019acheter un snack au coll\u00e8ge.<\/p><p><strong><u>Agenda<\/u><\/strong> \u00a0\u00a0<\/p><p>Les \u00e9l\u00e8ves doivent, obligatoirement, avoir leur agenda personnel, fourni par le Coll\u00e8ge, pour y inscrire, quotidiennement, le travail \u00e0 faire pour le lendemain. Ce travail sera diffus\u00e9 quotidiennement sur la plateforme officielle du Coll\u00e8ge, \u00e0 titre consultatif, pour les parents. La strat\u00e9gie adopt\u00e9e les ann\u00e9es pr\u00e9c\u00e9dentes continue aussi cette ann\u00e9e : pas de travail du soir le mercredi.<\/p><p>En cas d\u2019absence et seulement \u00e0 la demande des parents formul\u00e9e avant <strong>10h00<\/strong>, le travail du soir pourra \u00eatre envoy\u00e9 avec les fr\u00e8res et s\u0153urs ou d\u00e9pos\u00e9 \u00e0 l\u2019accueil.<\/p><p><strong><u>Mat\u00e9riel scolaire<\/u><\/strong><\/p><p>L\u2019\u00e9l\u00e8ve doit avoir dans son cartable (sans roues) ses livres, ses cahiers et sa trousse avec 2 crayons mine, des crayons de couleur (bien taill\u00e9s), une gomme, un taille-crayon et une r\u00e8gle. D\u2019autres objets pourront \u00eatre demand\u00e9s en cours d\u2019ann\u00e9e.<\/p><p>Pour qu\u2019il soit \u00e0 l&rsquo;aise et ne pas perdre son temps en classe, il devra v\u00e9rifier, chaque soir, qu\u2019il a bien rang\u00e9 tout son mat\u00e9riel dans son cartable.<\/p><p><strong><u>Le Service de Transport Scolaire <\/u><\/strong><\/p><p>Le Service de Transport Scolaire assure le ramassage scolaire selon des circuits desservant diff\u00e9rentes r\u00e9gions. L&rsquo;utilisation des autocars du Coll\u00e8ge est fortement recommand\u00e9e puisqu\u2019elle facilite le d\u00e9placement des \u00e9l\u00e8ves entre leur lieu de r\u00e9sidence et l\u2019\u00e9tablissement, tout en r\u00e9duisant les embouteillages dans les alentours aux heures de pointe de la journ\u00e9e, lorsque de nombreux parents d\u00e9posent leurs enfants \u00e0 l\u2019\u00e9cole en m\u00eame temps. Le transport scolaire forme aussi les \u00e9l\u00e8ves \u00e0 une certaine forme d\u2019autonomie et leur permet \u00e9galement de faire la connaissance d\u2019autres enfants, qui ne sont pas forc\u00e9ment dans leur classe, et ainsi enrichir leur cercle de connaissances.<\/p><p>Le Service de Transport Scolaire est assur\u00e9 comme chaque ann\u00e9e par le Coll\u00e8ge<strong>. <\/strong>Il s\u2019agit du transport journalier des \u00e9l\u00e8ves de leur domicile vers le Coll\u00e8ge et vice-versa selon les heures durant la p\u00e9riode scolaire (vacances non comprises) et des transports exceptionnels sur demande dans le cadre des activit\u00e9s scolaires ou extra scolaires, organis\u00e9es sous la responsabilit\u00e9 du Coll\u00e8ge.<\/p><p>Pour plus de renseignements, veuillez consulter le site du Coll\u00e8ge: <a href=\"https:\/\/sagessesjb.edu.lb\/autocars\/\">https:\/\/sagessesjb.edu.lb\/autocars\/<\/a><\/p><p>Pour tout changement occasionnel de l\u2019autocar, une demande \u00e9crite ou orale, par les parents est requise avant 12h00, adress\u00e9e \u00e0 la responsable du cycle ou \u00e0 l\u2019animatrice de la division. Il serait impossible de donner suite aux appels de derni\u00e8re minute.<\/p><p>Tous les \u00e9l\u00e8ves sont tenus de respecter le r\u00e8glement affich\u00e9 sur la porte des autocars.<\/p><p><strong>\u00a0<\/strong><\/p><p><strong>\u00a0<\/strong><\/p><p><strong>\u00a0<\/strong><\/p><p><strong>\u00a0<\/strong><\/p><p><strong><u>Assurer \u00e0 la rentr\u00e9e, l\u2019envoi :<\/u><\/strong><\/p><ul><li>de deux photos passeport (<strong>r\u00e9centes<\/strong>)\u00a0;<\/li><li>d\u2019un gel hydro alcoolique ;<\/li><li>d\u2019une bo\u00eete de mouchoirs en papier (Kleenex)\u00a0;<\/li><li>d\u2019un paquet de lingettes humides (wipes)<\/li><\/ul><p><strong><u>Informations<\/u><\/strong><\/p><ul><li>Pour faire les achats relatifs \u00e0 l\u2019uniforme ou pour n\u2019importe quel autre paiement, les parents sont pri\u00e9s de venir, eux-m\u00eames, au Coll\u00e8ge, accomplir cette t\u00e2che.<\/li><li>Le port de bijoux, d\u2019objets de fantaisie, de valeur ou pr\u00e9sentant un caract\u00e8re dangereux n\u2019est pas autoris\u00e9.<\/li><li>Le Coll\u00e8ge n&rsquo;est pas responsable des objets perdus.<\/li><li>Toutes les affaires doivent \u00eatre marqu\u00e9es du nom et pr\u00e9nom de l&rsquo;\u00e9l\u00e8ve (y compris les v\u00eatements).<\/li><li>Les t\u00e9l\u00e9phones portables, les I pads ou jeux \u00e9lectroniques sont strictement interdits au Coll\u00e8ge. Au cas o\u00f9 ces appareils sont vus par n\u2019importe quel membre de l\u2019\u00e9quipe \u00e9ducative, \u00e0 l\u2019int\u00e9rieur du b\u00e2timent, ils seront confisqu\u00e9s.<\/li><li>Les \u00e9l\u00e8ves ne doivent pas s\u2019absenter sans raison valable, encore moins le jour d\u2019une \u00e9valuation.<\/li><li>Les gar\u00e7ons doivent toujours avoir les cheveux courts et le visage bien d\u00e9gag\u00e9.<\/li><li>Les filles doivent venir \u00e0 l\u2019\u00e9cole avec les cheveux nou\u00e9s ou attach\u00e9s.<\/li><li>La coloration des cheveux est strictement interdite.<\/li><\/ul><p><strong>N.B\u00a0: Vous \u00eates pri\u00e9s de garder ces directives \u00e0 port\u00e9e de main tout le long de l\u2019ann\u00e9e scolaire afin de pouvoir les consulter au besoin.<\/strong><\/p><p>\u00a0<\/p><p><strong>Bien cordialement,<\/strong><\/p><p><strong>La Direction<\/strong><\/p>\t\t\t\t\t\t\t\t<\/div>\n\t\t\t\t<\/div>\n\t\t\t\t\t<\/div>\n\t\t<\/div>\n\t\t\t\t\t<\/div>\n\t\t<\/section>\n\t\t\t\t<section class=\"elementor-section elementor-top-section elementor-element elementor-element-691f318 elementor-section-boxed elementor-section-height-default elementor-section-height-default\" data-id=\"691f318\" data-element_type=\"section\" data-e-type=\"section\">\n\t\t\t\t\t\t<div class=\"elementor-container elementor-column-gap-default\">\n\t\t\t\t\t<div class=\"elementor-column elementor-col-100 elementor-top-column elementor-element elementor-element-9a64d15\" data-id=\"9a64d15\" data-element_type=\"column\" data-e-type=\"column\">\n\t\t\t<div class=\"elementor-widget-wrap elementor-element-populated\">\n\t\t\t\t\t\t<div class=\"elementor-element elementor-element-086ee5b elementor-arrows-position-inside elementor-pagination-position-outside elementor-widget elementor-widget-image-carousel\" data-id=\"086ee5b\" data-element_type=\"widget\" data-e-type=\"widget\" data-settings=\"{&quot;navigation&quot;:&quot;both&quot;,&quot;autoplay&quot;:&quot;yes&quot;,&quot;pause_on_hover&quot;:&quot;yes&quot;,&quot;pause_on_interaction&quot;:&quot;yes&quot;,&quot;autoplay_speed&quot;:5000,&quot;infinite&quot;:&quot;yes&quot;,&quot;speed&quot;:500}\" data-widget_type=\"image-carousel.default\">\n\t\t\t\t<div class=\"elementor-widget-container\">\n\t\t\t\t\t\t\t<div class=\"elementor-image-carousel-wrapper swiper\" role=\"region\" aria-roledescription=\"carousel\" aria-label=\"Image Carousel\" dir=\"ltr\">\n\t\t\t<div class=\"elementor-image-carousel swiper-wrapper\" aria-live=\"off\">\n\t\t\t\t\t\t\t\t<div class=\"swiper-slide\" role=\"group\" aria-roledescription=\"slide\" aria-label=\"1 of 13\"><figure class=\"swiper-slide-inner\"><img decoding=\"async\" class=\"swiper-slide-image\" src=\"https:\/\/sagessesjb.edu.lb\/wp-content\/uploads\/2025\/11\/Cycles-2-et-3-reunion-parents-25-26_Page_01-scaled.jpg\" alt=\"Cycles 2 et 3 r\u00e9union parents 25-26_Page_01\" \/><\/figure><\/div><div class=\"swiper-slide\" role=\"group\" aria-roledescription=\"slide\" aria-label=\"2 of 13\"><figure class=\"swiper-slide-inner\"><img decoding=\"async\" class=\"swiper-slide-image\" src=\"https:\/\/sagessesjb.edu.lb\/wp-content\/uploads\/2025\/11\/Cycles-2-et-3-reunion-parents-25-26_Page_02-scaled.jpg\" alt=\"Cycles 2 et 3 r\u00e9union parents 25-26_Page_02\" \/><\/figure><\/div><div class=\"swiper-slide\" role=\"group\" aria-roledescription=\"slide\" aria-label=\"3 of 13\"><figure class=\"swiper-slide-inner\"><img decoding=\"async\" class=\"swiper-slide-image\" src=\"https:\/\/sagessesjb.edu.lb\/wp-content\/uploads\/2025\/11\/Cycles-2-et-3-reunion-parents-25-26_Page_03-scaled.jpg\" alt=\"Cycles 2 et 3 r\u00e9union parents 25-26_Page_03\" \/><\/figure><\/div><div class=\"swiper-slide\" role=\"group\" aria-roledescription=\"slide\" aria-label=\"4 of 13\"><figure class=\"swiper-slide-inner\"><img decoding=\"async\" class=\"swiper-slide-image\" src=\"https:\/\/sagessesjb.edu.lb\/wp-content\/uploads\/2025\/11\/Cycles-2-et-3-reunion-parents-25-26_Page_04-scaled.jpg\" alt=\"Cycles 2 et 3 r\u00e9union parents 25-26_Page_04\" \/><\/figure><\/div><div class=\"swiper-slide\" role=\"group\" aria-roledescription=\"slide\" aria-label=\"5 of 13\"><figure class=\"swiper-slide-inner\"><img decoding=\"async\" class=\"swiper-slide-image\" src=\"https:\/\/sagessesjb.edu.lb\/wp-content\/uploads\/2025\/11\/Cycles-2-et-3-reunion-parents-25-26_Page_05-scaled.jpg\" alt=\"Cycles 2 et 3 r\u00e9union parents 25-26_Page_05\" \/><\/figure><\/div><div class=\"swiper-slide\" role=\"group\" aria-roledescription=\"slide\" aria-label=\"6 of 13\"><figure class=\"swiper-slide-inner\"><img decoding=\"async\" class=\"swiper-slide-image\" src=\"https:\/\/sagessesjb.edu.lb\/wp-content\/uploads\/2025\/11\/Cycles-2-et-3-reunion-parents-25-26_Page_06-scaled.jpg\" alt=\"Cycles 2 et 3 r\u00e9union parents 25-26_Page_06\" \/><\/figure><\/div><div class=\"swiper-slide\" role=\"group\" aria-roledescription=\"slide\" aria-label=\"7 of 13\"><figure class=\"swiper-slide-inner\"><img decoding=\"async\" class=\"swiper-slide-image\" src=\"https:\/\/sagessesjb.edu.lb\/wp-content\/uploads\/2025\/11\/Cycles-2-et-3-reunion-parents-25-26_Page_07-scaled.jpg\" alt=\"Cycles 2 et 3 r\u00e9union parents 25-26_Page_07\" \/><\/figure><\/div><div class=\"swiper-slide\" role=\"group\" aria-roledescription=\"slide\" aria-label=\"8 of 13\"><figure class=\"swiper-slide-inner\"><img decoding=\"async\" class=\"swiper-slide-image\" src=\"https:\/\/sagessesjb.edu.lb\/wp-content\/uploads\/2025\/11\/Cycles-2-et-3-reunion-parents-25-26_Page_08-scaled.jpg\" alt=\"Cycles 2 et 3 r\u00e9union parents 25-26_Page_08\" \/><\/figure><\/div><div class=\"swiper-slide\" role=\"group\" aria-roledescription=\"slide\" aria-label=\"9 of 13\"><figure class=\"swiper-slide-inner\"><img decoding=\"async\" class=\"swiper-slide-image\" src=\"https:\/\/sagessesjb.edu.lb\/wp-content\/uploads\/2025\/11\/Cycles-2-et-3-reunion-parents-25-26_Page_09-scaled.jpg\" alt=\"Cycles 2 et 3 r\u00e9union parents 25-26_Page_09\" \/><\/figure><\/div><div class=\"swiper-slide\" role=\"group\" aria-roledescription=\"slide\" aria-label=\"10 of 13\"><figure class=\"swiper-slide-inner\"><img decoding=\"async\" class=\"swiper-slide-image\" src=\"https:\/\/sagessesjb.edu.lb\/wp-content\/uploads\/2025\/11\/Cycles-2-et-3-reunion-parents-25-26_Page_10-scaled.jpg\" alt=\"Cycles 2 et 3 r\u00e9union parents 25-26_Page_10\" \/><\/figure><\/div><div class=\"swiper-slide\" role=\"group\" aria-roledescription=\"slide\" aria-label=\"11 of 13\"><figure class=\"swiper-slide-inner\"><img decoding=\"async\" class=\"swiper-slide-image\" src=\"https:\/\/sagessesjb.edu.lb\/wp-content\/uploads\/2025\/11\/Cycles-2-et-3-reunion-parents-25-26_Page_11-scaled.jpg\" alt=\"Cycles 2 et 3 r\u00e9union parents 25-26_Page_11\" \/><\/figure><\/div><div class=\"swiper-slide\" role=\"group\" aria-roledescription=\"slide\" aria-label=\"12 of 13\"><figure class=\"swiper-slide-inner\"><img decoding=\"async\" class=\"swiper-slide-image\" src=\"https:\/\/sagessesjb.edu.lb\/wp-content\/uploads\/2025\/11\/Cycles-2-et-3-reunion-parents-25-26_Page_12-scaled.jpg\" alt=\"Cycles 2 et 3 r\u00e9union parents 25-26_Page_12\" \/><\/figure><\/div><div class=\"swiper-slide\" role=\"group\" aria-roledescription=\"slide\" aria-label=\"13 of 13\"><figure class=\"swiper-slide-inner\"><img decoding=\"async\" class=\"swiper-slide-image\" src=\"https:\/\/sagessesjb.edu.lb\/wp-content\/uploads\/2025\/11\/Cycles-2-et-3-reunion-parents-25-26_Page_13.jpg\" alt=\"Cycles 2 et 3 r\u00e9union parents 25-26_Page_13\" \/><\/figure><\/div>\t\t\t<\/div>\n\t\t\t\t\t\t\t\t\t\t\t\t<div class=\"elementor-swiper-button elementor-swiper-button-prev\" role=\"button\" tabindex=\"0\">\n\t\t\t\t\t\t<i aria-hidden=\"true\" class=\"eicon-chevron-left\"><\/i>\t\t\t\t\t<\/div>\n\t\t\t\t\t<div class=\"elementor-swiper-button elementor-swiper-button-next\" role=\"button\" tabindex=\"0\">\n\t\t\t\t\t\t<i aria-hidden=\"true\" class=\"eicon-chevron-right\"><\/i>\t\t\t\t\t<\/div>\n\t\t\t\t\n\t\t\t\t\t\t\t\t\t<div class=\"swiper-pagination\"><\/div>\n\t\t\t\t\t\t\t\t\t<\/div>\n\t\t\t\t\t\t<\/div>\n\t\t\t\t<\/div>\n\t\t\t\t\t<\/div>\n\t\t<\/div>\n\t\t\t\t\t<\/div>\n\t\t<\/section>\n\t\t\t\t<\/div>\n\t\t","protected":false},"excerpt":{"rendered":"<p>Cycles 2 et 3 r\u00e9union parents 25-26_Page_01Cycles 2 et 3 r\u00e9union parents 25-26_Page_02Cycles 2 et 3 r\u00e9union parents 25-26_Page_03Cycles 2 et 3 r\u00e9union parents 25-26_Page_04Cycles 2 et 3 r\u00e9union parents 25-26_Page_05Cycles 2 et 3 r\u00e9union parents 25-26_Page_06Cycles 2 et 3 r\u00e9union parents 25-26_Page_07Cycles 2 et 3 r\u00e9union parents 25-26_Page_08Cycles 2 et 3 r\u00e9union parents 25-26_Page_09Cycles [&hellip;]<\/p>\n","protected":false},"author":1,"featured_media":0,"parent":0,"menu_order":0,"comment_status":"closed","ping_status":"closed","template":"","meta":{"footnotes":""},"class_list":["post-869","page","type-page","status-publish","hentry"],"_links":{"self":[{"href":"https:\/\/sagessesjb.edu.lb\/fr\/wp-json\/wp\/v2\/pages\/869","targetHints":{"allow":["GET"]}}],"collection":[{"href":"https:\/\/sagessesjb.edu.lb\/fr\/wp-json\/wp\/v2\/pages"}],"about":[{"href":"https:\/\/sagessesjb.edu.lb\/fr\/wp-json\/wp\/v2\/types\/page"}],"author":[{"embeddable":true,"href":"https:\/\/sagessesjb.edu.lb\/fr\/wp-json\/wp\/v2\/users\/1"}],"replies":[{"embeddable":true,"href":"https:\/\/sagessesjb.edu.lb\/fr\/wp-json\/wp\/v2\/comments?post=869"}],"version-history":[{"count":28,"href":"https:\/\/sagessesjb.edu.lb\/fr\/wp-json\/wp\/v2\/pages\/869\/revisions"}],"predecessor-version":[{"id":11095,"href":"https:\/\/sagessesjb.edu.lb\/fr\/wp-json\/wp\/v2\/pages\/869\/revisions\/11095"}],"wp:attachment":[{"href":"https:\/\/sagessesjb.edu.lb\/fr\/wp-json\/wp\/v2\/media?parent=869"}],"curies":[{"name":"wp","href":"https:\/\/api.w.org\/{rel}","templated":true}]}}