{"id":845,"date":"2023-05-24T10:05:04","date_gmt":"2023-05-24T10:05:04","guid":{"rendered":"https:\/\/yerehost.com\/sagesse\/?page_id=845"},"modified":"2025-09-29T08:35:50","modified_gmt":"2025-09-29T08:35:50","slug":"garderie-directives","status":"publish","type":"page","link":"https:\/\/sagessesjb.edu.lb\/fr\/garderie-directives\/","title":{"rendered":"Garderie R\u00e8glement Interieur"},"content":{"rendered":"\t\t<div data-elementor-type=\"wp-page\" data-elementor-id=\"845\" class=\"elementor elementor-845\" data-elementor-post-type=\"page\">\n\t\t\t\t\t\t<section class=\"elementor-section elementor-top-section elementor-element elementor-element-3490646 elementor-section-boxed elementor-section-height-default elementor-section-height-default\" data-id=\"3490646\" data-element_type=\"section\" data-e-type=\"section\">\n\t\t\t\t\t\t<div class=\"elementor-container elementor-column-gap-default\">\n\t\t\t\t\t<div class=\"elementor-column elementor-col-100 elementor-top-column elementor-element elementor-element-7858c77\" data-id=\"7858c77\" data-element_type=\"column\" data-e-type=\"column\">\n\t\t\t<div class=\"elementor-widget-wrap elementor-element-populated\">\n\t\t\t\t\t\t<div class=\"elementor-element elementor-element-a5a899d elementor-widget elementor-widget-heading\" data-id=\"a5a899d\" data-element_type=\"widget\" data-e-type=\"widget\" data-widget_type=\"heading.default\">\n\t\t\t\t<div class=\"elementor-widget-container\">\n\t\t\t\t\t<h2 class=\"elementor-heading-title elementor-size-default\">R\u00e8glement int\u00e9rieur de la garderie LES MINUS<\/h2>\t\t\t\t<\/div>\n\t\t\t\t<\/div>\n\t\t\t\t\t<\/div>\n\t\t<\/div>\n\t\t\t\t\t<\/div>\n\t\t<\/section>\n\t\t\t\t<section class=\"elementor-section elementor-top-section elementor-element elementor-element-36205e3 elementor-section-boxed elementor-section-height-default elementor-section-height-default\" data-id=\"36205e3\" data-element_type=\"section\" data-e-type=\"section\">\n\t\t\t\t\t\t<div class=\"elementor-container elementor-column-gap-default\">\n\t\t\t\t\t<div class=\"elementor-column elementor-col-100 elementor-top-column elementor-element elementor-element-aa091e2\" data-id=\"aa091e2\" data-element_type=\"column\" data-e-type=\"column\">\n\t\t\t<div class=\"elementor-widget-wrap elementor-element-populated\">\n\t\t\t\t\t\t<div class=\"elementor-element elementor-element-4a122ba elementor-widget elementor-widget-text-editor\" data-id=\"4a122ba\" data-element_type=\"widget\" data-e-type=\"widget\" data-widget_type=\"text-editor.default\">\n\t\t\t\t<div class=\"elementor-widget-container\">\n\t\t\t\t\t\t\t\t\t<p>Chers parents,<\/p><p>Garder un enfant, c\u2019est \u00eatre responsable de son d\u00e9veloppement, lui offrir tous les soins et lui assurer l\u2019encadrement dont il a besoin pour qu\u2019il \u00e9volue dans un milieu sain.<\/p><p>La garderie \u00ab\u00a0Les MINUS\u00a0\u00bb a pour vocation\u00a0:<\/p><ul><li>de favoriser le d\u00e9veloppement global de l\u2019enfant (cognitif, affectif, social et physique) de 9 mois \u00e0 3 ans, tout en respectant le rythme propre \u00e0 chaque enfant.<\/li><li>d\u2019accompagner les parents dans leur fonction d\u2019\u00e9ducation et de les aider \u00e0 concilier vie familiale, vie professionnelle et vie sociale.<\/li><li>de cr\u00e9er une dynamique autour de la petite enfance, avec tous les acteurs concern\u00e9s (parents, \u00e9quipe p\u00e9dagogique, direction\u2026)<\/li><\/ul><p><strong>Dans le cadre de notre partenariat, et dans le but de nous aider \u00e0 r\u00e9ussir notre mission, veuillez lire le r\u00e8glement ci-dessous et retourner le coupon-r\u00e9ponse rempli et sign\u00e9, dans un d\u00e9lai de 24 heures suivant l\u2019inscription de votre enfant, en guise d\u2019approbation et d\u2019engagement de ses clauses.<\/strong><\/p><ol><li><strong>Les horaires<\/strong><\/li><\/ol><ul><li>La garderie est ouverte de septembre jusqu\u2019en juillet, du lundi au vendredi, de 7h15 \u00e0 17h00, except\u00e9\u00a0:<ul><li>Les jours f\u00e9ri\u00e9s officiels (fix\u00e9s par le gouvernement)<\/li><li>La f\u00eate des professeurs, le Jeudi Saint Catholique et la Saint Jean.<\/li><\/ul><\/li><li>Une ouverture au mois d\u2019ao\u00fbt serait possible en fonction du nombre d\u2019enfants inscrits.<\/li><li>En cas de fermeture ou d\u2019ouverture exceptionnelle, les parents en seront inform\u00e9s au pr\u00e9alable.<\/li><li>En cas de retard, surtout au pr\u00e9-jardin, l\u2019heure d\u2019arriv\u00e9e des enfants sera toujours \u00e9tudi\u00e9e, en partenariat avec les parents, en fonction de leurs obligations, du rythme de l\u2019enfant et de l\u2019organisation de la structure, afin de ne pas perturber les activit\u00e9s en cours.<\/li><li>Les parents s\u2019engagent \u00e0 respecter l\u2019heure qu\u2019ils ont choisie pour le d\u00e9part de leur enfant (15h,16h,17h). Tout retard peut entrainer une anxi\u00e9t\u00e9 et une perturbation chez l\u2019enfant et ses amis.<\/li><li><strong>Pour toute information concernant votre enfant, pri\u00e8re d\u2019appeler la garderie entre 7h et 17h aux num\u00e9ros suivants : 05-451500\/1 ext: 6 ou 313.<\/strong><\/li><\/ul><ol start=\"2\"><li><strong>Les assurances et la s\u00e9curit\u00e9<\/strong><\/li><\/ol><ul><li>Les enfants b\u00e9n\u00e9ficient de la l\u00e9gislation sur les accidents, si l\u2019accident a lieu dans le cadre normal de la garderie et dans les limites des horaires pr\u00e9vus.<\/li><li>Les parents sont responsables de leur enfant tant que celui-ci n\u2019a pas \u00e9t\u00e9 accueilli par un membre du personnel et d\u00e8s qu\u2019ils ont repris contact avec leur enfant au moment du d\u00e9part.<\/li><li>Les a\u00een\u00e9s qui accompagnent les parents \u00e0 la garderie sont sous la responsabilit\u00e9 des familles.<\/li><li>Les parents doivent s\u2019assurer que leur enfant n\u2019introduit pas des petits objets <strong>d\u2019objets petits, pointus ou pr\u00e9sentant potentiellement un risque ou un danger<\/strong> dans la garderie (billes, pi\u00e8ces de monnaie, perles, cailloux, bijoux \u2026) pour \u00e9viter tout risque de strangulation, \u00e9touffement \u2026 pour lui-m\u00eame et pour les plus petits.<\/li><li>Le port de bijoux (colliers, boucles d\u2019oreilles, bagues, \u2026) est formellement interdit et, le cas \u00e9ch\u00e9ant, le personnel demandera aux familles de les retirer.<\/li><li>La responsabilit\u00e9 de tout incident en liaison avec une maladie non d\u00e9clar\u00e9e lors de l\u2019inscription incombera aux parents.<\/li><li>L\u2019acc\u00e8s \u00e0 la garderie n\u2019est autoris\u00e9 qu\u2019aux parents ou personnes habilit\u00e9es \u00e0 venir chercher l\u2019enfant.<\/li><li>Les portes et les portillons doivent \u00eatre soigneusement referm\u00e9s \u00e0 chaque passage pour des raisons de s\u00e9curit\u00e9.<\/li><\/ul><ol start=\"3\"><li><strong>La sant\u00e9 physique et psychique de l\u2019enfant<\/strong><\/li><\/ol><ul><li><em><u>Au niveau m\u00e9dical :<\/u><\/em><\/li><li>La garderie est suivie et supervis\u00e9e m\u00e9dicalement par le m\u00e9decin du Coll\u00e8ge <strong> Joseph Khoury.<\/strong><\/li><li>Un certificat de vaccination \u00e0 jour doit \u00eatre transmis \u00e0 la responsable.<\/li><li>Si l\u2019enfant est porteur de handicap, de maladie chronique, de besoins n\u00e9cessitant des soins sp\u00e9cifiques, d\u2019allergies \u2026 un plan d\u2019accueil individualis\u00e9 sera fait entre la famille, l\u2019infirmi\u00e8re conventionn\u00e9e et la responsable, suite \u00e0 un rapport m\u00e9dical pr\u00e9sent\u00e9 au pr\u00e9alable.<\/li><li>Toute allergie et toute information concernant l\u2019\u00e9tat de sant\u00e9 de l\u2019enfant doivent \u00eatre signal\u00e9es \u00e0 la responsable lors de l\u2019inscription puis au personnel tout au long du parcours de l\u2019enfant \u00e0 la garderie.<\/li><li>La temp\u00e9rature des enfants est contr\u00f4l\u00e9e p\u00e9riodiquement \u00e0 la garderie avec un thermom\u00e8tre auriculaire (le matin et avant la sieste). Lorsqu\u2019une fi\u00e8vre ou tout autre sympt\u00f4me de maladie appara\u00eet pendant la journ\u00e9e, il sera demand\u00e9 aux parents, suite \u00e0 l\u2019appel de l\u2019infirmi\u00e8re, de venir r\u00e9cup\u00e9rer leur enfant dans les plus brefs d\u00e9lais<\/li><li>En cas de maladie, l\u2019enfant ne peut pas \u00eatre accueilli \u00e0 la garderie.<\/li><\/ul><p>Les r\u00e8gles d\u2019exclusion varient suivant les cas\u00a0:<\/p><ul><li>Suite \u00e0 une fi\u00e8vre\u00a0: 24 heures d\u2019exclusion, ou 24 heures apr\u00e8s la derni\u00e8re pouss\u00e9e.<\/li><li>En cas de conjonctivite purulente\u00a0: exclusion jusqu\u2019\u00e0 la disparition des sympt\u00f4mes.<\/li><li>En cas de diarrh\u00e9e\u00a0: exclusion \u00e0 la 3<sup>e<\/sup> reprise jusqu\u2019\u00e0 normalisation des selles.<\/li><\/ul><ul><li>L\u2019administration de Panadol, de Profinal, ou tout autre antipyr\u00e9tique \u00e0 l\u2019enfant avant de le ramener \u00e0 la garderie <strong>est formellement interdite<\/strong>. En cas d\u2019administration d\u2019autres m\u00e9dicaments, les parents sont pri\u00e9s d\u2019en informer la responsable.<\/li><li>La v\u00e9rification de la temp\u00e9rature de l\u2019enfant le matin est n\u00e9cessaire avant de l\u2019amener \u00e0 la garderie.<\/li><li>Le matin, en cas d\u2019apparition de sympt\u00f4mes tels que\u00a0: \u00e9coulement nasal, toux, fi\u00e8vre, diarrh\u00e9e, conjonctivite, \u00e9ruption cutan\u00e9e, mal de gorge etc\u2026 il est n\u00e9cessaire de ne pas envoyer l\u2019enfant \u00e0 la garderie.<\/li><\/ul><p>Pendant la journ\u00e9e, si l\u2019un de ces sympt\u00f4mes apparait, l\u2019enfant sera retir\u00e9 du groupe et isol\u00e9 \u00e0 la garderie. Aucun m\u00e9dicament ne lui sera administr\u00e9. Les parents seront alors contact\u00e9s afin de venir r\u00e9cup\u00e9rer leur enfant dans les plus brefs d\u00e9lais. <strong>L\u2019enfant ne sera pas re\u00e7u le lendemain et ne pourra r\u00e9int\u00e9grer sa classe que muni d\u2019un rapport sign\u00e9 par un professionnel de la sant\u00e9.<\/strong><\/p><ul><li>Tout enfant atteint du Covid ne rejoint la collectivit\u00e9 que suite \u00e0 la disparition des sympt\u00f4mes, avec un d\u00e9lai minimum de 5 jours d\u2019\u00e9viction.<\/li><li>Le mouche-b\u00e9b\u00e9 n\u2019est pas utilis\u00e9 \u00e0 la garderie.<\/li><li>Pour \u00e9viter toute \u00e9pid\u00e9mie, chaque famille doit s\u2019engager \u00e0 r\u00e9v\u00e9ler tout sympt\u00f4me susceptible de contaminer les autres enfants (notamment gastro-ent\u00e9rite, diarrh\u00e9e et maladies \u00e9ruptives contagieuses \u2026) et doit par cons\u00e9quent, s\u2019abstenir de confier son enfant \u00e0 la garderie afin de prot\u00e9ger \u00e0 la fois les b\u00e9b\u00e9s, les enfants et le personnel.<\/li><li>Les parents seront pr\u00e9venus en cas d\u2019accident ou de toute autre urgence n\u00e9cessitant ou non l\u2019hospitalisation ; les mesures d\u2019urgence \u00e9tant prises imm\u00e9diatement suite au conseil du m\u00e9decin de la garderie.<\/li><\/ul><p><em><u>\u00a0<\/u><\/em><\/p><p><em><u>Au niveau de l\u2019alimentation\u00a0:<\/u><\/em><\/p><ul><li>Des plats diversifi\u00e9s et adapt\u00e9s \u00e0 chaque \u00e2ge sont assur\u00e9s par la garderie. Les rythmes et besoins alimentaires de chaque enfant seront respect\u00e9s. Un menu mensuel sera communiqu\u00e9 aux parents.<\/li><li>En cas de r\u00e9gime particulier et exceptionnel de l\u2019enfant, les parents fournissent les repas dans un r\u00e9cipient adapt\u00e9, ferm\u00e9 et dans un sac isotherme afin de ne pas casser la cha\u00eene du froid.<\/li><li>Les familles qui d\u00e9sirent f\u00eater l\u2019anniversaire de leur enfant \u00e0 la garderie, sont pri\u00e9es d\u2019en informer la responsable 48 heures \u00e0 l\u2019avance.<\/li><li><em><u>Au niveau de la toilette et de l\u2019hygi\u00e8ne\u00a0:<\/u><\/em><\/li><li>Par mesure d\u2019hygi\u00e8ne, les enfants doivent arriver, le matin \u00e0 la garderie, propres, chang\u00e9s et habill\u00e9s, dans la mesure du possible et les cheveux longs attach\u00e9s.<\/li><li>Le lavage des mains des enfants est syst\u00e9matique avant et apr\u00e8s les repas, apr\u00e8s le passage aux toilettes, apr\u00e8s la r\u00e9cr\u00e9ation, apr\u00e8s avoir \u00e9ternu\u00e9 ou touss\u00e9.<\/li><li>Un trousseau pour l\u2019enfant sera apport\u00e9 d\u00e8s son entr\u00e9e \u00e0 la garderie. La constitution du trousseau est communiqu\u00e9e \u00e0 la rentr\u00e9e.<\/li><li><strong>Les couvertures et les draps sont envoy\u00e9s chaque vendredi pour \u00eatre lav\u00e9s et rendus le lundi.<\/strong><\/li><li><strong>Les bavoirs et les serviettes de table sont envoy\u00e9s tous les jours pour \u00eatre lav\u00e9s et rendus le lendemain.<\/strong><\/li><li><em><u>Au niveau psycho-affectif\u00a0:<\/u><\/em><\/li><li>En cas de besoin, la psychologue de la garderie vous invitera \u00e0 une rencontre ciblant le bon d\u00e9veloppement de votre enfant. Votre collaboration est primordiale.<\/li><li>La psychologue est \u00e0 votre disposition pour toute question concernant votre enfant. Elle vous accueille sur rendez-vous.<\/li><\/ul><ol start=\"4\"><li><strong>La place fondamentale des parents\u00a0<\/strong><\/li><\/ol><ul><li><u>La participation des parents s\u2019av\u00e8re primordiale surtout lors de\u00a0:<\/u><ul><li>La p\u00e9riode d\u2019adaptation au moins les 3 premiers jours.<\/li><li>Les diff\u00e9rentes f\u00eates.<\/li><li>Les ateliers parents (rencontres p\u00e9dagogiques).<\/li><li>Le spectacle de fin d\u2019ann\u00e9e.<\/li><li>Les r\u00e9unions ponctuelles.<\/li><\/ul><\/li><li>Les documents remis aux parents\u00a0:<ul><li>Le r\u00e8glement int\u00e9rieur<\/li><li>Le dossier d\u2019inscription<\/li><li>La Platforme DARS qui doit \u00eatre consult\u00e9 chaque jour.<\/li><\/ul><\/li><li><u>Les autorisations<\/u>:<ul><li>Les parents autorisent les professionnels \u00e0 amener leur enfant en promenade.<\/li><li>Autorisation \u00e0 la prise de photos<\/li><li>Autorisation de sorties r\u00e9cr\u00e9atives : une demande pr\u00e9alable d\u2019autorisation de sortie sera donn\u00e9e aux parents pour accord.<\/li><li>Autorisation d\u2019hospitalisation d\u2019urgence<\/li><li>Autorisation si une autre personne que les parents doit venir retirer l\u2019enfant.\u00a0<\/li><li>Tous les messages envoy\u00e9s de la part des parents seront transmis par t\u00e9l\u00e9phone.<\/li><\/ul><\/li><\/ul><p>\u00a0<\/p><p>\u00a0<\/p><p>\u00a0<\/p><p>\u00a0<\/p><p>\u00a0<\/p><ol start=\"5\"><li><strong>L\u2019admission des enfants\u00a0<\/strong><\/li><\/ol><p><em><u>Les modalit\u00e9s de fonctionnement\u00a0:<\/u><\/em><\/p><ul><li>L\u2019inscription\u00a0:<ul><li>La garderie Les MINUS est ouverte \u00e0 toutes les familles, quels que soient leurs origines, leur culture, leurs revenus ou leur religion.<\/li><li>L\u2019inscription d\u2019un enfant suit les \u00e9tapes suivantes\u00a0:<\/li><\/ul><\/li><\/ul><p>&#8211; Rentrer sur le site du Coll\u00e8ge (onglet rejoignez-nous, inscription) et suivre les \u00e9tapes d\u2019inscription des nouveaux \u00e9l\u00e8ves.<\/p><p>&#8211; \u00a0Un rendez-vous sera alors fix\u00e9.<\/p><p>&#8211; Suite au rendez-vous, si l\u2019enfant est admis, passer \u00e0 la caisse afin de payer les frais et valider l\u2019inscription.<\/p><p>&#8211; Les droits d\u2019inscription couvrent les fournitures et l\u2019assurance.<\/p><p>&#8211; Ils ne sont donc ni d\u00e9ductibles, ni remboursables (m\u00eame en cas de d\u00e9sistement).<\/p><p>&#8211; Tout changement concernant l\u2019horaire de l\u2019enfant devrait \u00eatre signal\u00e9 avant le d\u00e9but de chaque mois.<\/p><p>\u00a0<\/p><ul><li>Merci de transmettre rapidement toute modification des coordonn\u00e9es et situation familiale pour joindre les familles (notamment num\u00e9ro de t\u00e9l\u00e9phone) et mettre \u00e0 jour les dossiers.<\/li><\/ul><p>\u00a0<\/p><p><em><u>Le r\u00e8glement des tarifs mensuels\u00a0:<\/u><\/em><\/p><ul><li>Les frais doivent \u00eatre pay\u00e9s en esp\u00e8ces <strong><u>au d\u00e9but<\/u><\/strong> de chaque mois \u00e0 la comptabilit\u00e9 du Coll\u00e8ge. En cas de retard, apr\u00e8s le 6 du mois (d\u00e9lai de rigueur), des mesures seront prises.<\/li><li>Les frais doivent \u00eatre pay\u00e9s en entier, m\u00eame si l\u2019enfant s\u2019absente au cours du mois.<\/li><li>Les frais mensuels ainsi que l\u2019inscription ne peuvent \u00eatre rembours\u00e9s si l\u2019enfant est retir\u00e9 en cours d\u2019ann\u00e9e.<\/li><li>En cas de convalescence forc\u00e9e, les parents sont pri\u00e9s de signaler l\u2019absence de leur enfant <strong>avant le d\u00e9but du mois<\/strong>, sinon les frais du mois devraient \u00eatre pay\u00e9s en entier.<\/li><li>Tout enfant qui s\u2019absente plus de 3 mois durant l\u2019ann\u00e9e doit pr\u00e9senter le test d\u2019entr\u00e9e en maternelle ind\u00e9pendamment de la garderie.<\/li><\/ul><p><strong>Nous vous souhaitons, chers parents, une ann\u00e9e agr\u00e9able et fructueuse au sein de notre garderie. Vos enfants sont aussi les n\u00f4tres\u00a0!<\/strong><\/p><p>\u00a0\u00a0\u00a0\u00a0\u00a0\u00a0\u00a0\u00a0\u00a0\u00a0\u00a0\u00a0\u00a0\u00a0\u00a0\u00a0\u00a0\u00a0\u00a0\u00a0\u00a0\u00a0\u00a0\u00a0\u00a0\u00a0\u00a0\u00a0\u00a0\u00a0\u00a0\u00a0\u00a0\u00a0\u00a0\u00a0\u00a0\u00a0\u00a0\u00a0\u00a0\u00a0\u00a0\u00a0\u00a0\u00a0\u00a0\u00a0\u00a0<\/p><p>\u00a0\u00a0\u00a0\u00a0\u00a0\u00a0\u00a0\u00a0\u00a0\u00a0\u00a0\u00a0\u00a0\u00a0\u00a0\u00a0\u00a0\u00a0\u00a0\u00a0\u00a0\u00a0\u00a0\u00a0\u00a0\u00a0\u00a0\u00a0\u00a0\u00a0\u00a0\u00a0\u00a0\u00a0\u00a0\u00a0\u00a0\u00a0\u00a0\u00a0\u00a0\u00a0\u00a0\u00a0\u00a0\u00a0\u00a0\u00a0\u00a0\u00a0\u00a0\u00a0\u00a0\u00a0\u00a0\u00a0\u00a0\u00a0\u00a0\u00a0\u00a0\u00a0\u00a0\u00a0\u00a0\u00a0\u00a0\u00a0\u00a0\u00a0\u00a0\u00a0\u00a0\u00a0\u00a0\u00a0\u00a0\u00a0\u00a0\u00a0\u00a0 \u00a0\u00a0\u00a0\u00a0\u00a0\u00a0\u00a0\u00a0\u00a0\u00a0\u00a0\u00a0\u00a0\u00a0\u00a0\u00a0\u00a0\u00a0\u00a0\u00a0\u00a0\u00a0\u00a0\u00a0\u00a0<\/p><p>\u00a0\u00a0\u00a0\u00a0\u00a0\u00a0 Merci de votre collaboration<\/p><table width=\"100%\"><tbody><tr><td><p><strong>\u00a0<\/strong><\/p><\/td><\/tr><\/tbody><\/table><p>\u00a0<\/p><p>\u00a0<\/p><p>\u00a0<\/p><p><strong>La Direction<\/strong><\/p><p><strong>\u00a0<\/strong><\/p><p><strong>\u00a0<\/strong><\/p><p>\u00ab\u00a0<\/p><p>Nous soussign\u00e9s \u2026\u2026\u2026\u2026\u2026\u2026\u2026\u2026\u2026\u2026\u2026\u2026\u2026\u2026\u2026\u2026\u2026\u2026\u2026\u2026\u2026\u2026\u2026\u2026\u2026\u2026\u2026\u2026\u2026\u2026\u2026\u2026\u2026\u2026\u2026\u2026\u2026\u2026\u2026\u2026\u2026\u2026\u2026\u2026\u2026\u2026\u2026\u2026\u2026\u2026\u2026\u2026\u2026,<\/p><table width=\"100%\"><tbody><tr><td><p>Signature des parents<\/p><p>\u00a0<\/p><p>\u2026\u2026\u2026\u2026\u2026\u2026\u2026\u2026\u2026\u2026\u2026\u2026\u2026\u2026\u2026\u2026\u2026<\/p><p>\u00a0<\/p><\/td><\/tr><\/tbody><\/table><p>parents de l\u2019enfant \u2026\u2026\u2026\u2026\u2026\u2026\u2026\u2026\u2026\u2026\u2026\u2026\u2026\u2026\u2026\u2026\u2026\u2026\u2026\u2026\u2026\u2026\u2026\u2026\u2026\u2026\u2026\u2026\u2026\u2026\u2026\u2026\u2026\u2026\u2026\u2026\u2026\u2026\u2026\u2026\u2026\u2026\u2026\u2026\u2026\u2026\u2026\u2026\u2026\u2026\u2026.., d\u00e9clarons avoir pris connaissance du r\u00e8glement de la garderie Les Minus, et nous engageons \u00e0 nous y conformer.\u00a0\u00a0\u00a0\u00a0\u00a0\u00a0\u00a0\u00a0\u00a0\u00a0\u00a0\u00a0\u00a0\u00a0\u00a0\u00a0\u00a0\u00a0\u00a0\u00a0\u00a0\u00a0\u00a0\u00a0\u00a0\u00a0\u00a0\u00a0\u00a0\u00a0\u00a0\u00a0\u00a0\u00a0\u00a0\u00a0\u00a0\u00a0\u00a0\u00a0\u00a0\u00a0\u00a0\u00a0\u00a0\u00a0\u00a0\u00a0\u00a0\u00a0\u00a0\u00a0\u00a0\u00a0\u00a0\u00a0\u00a0\u00a0\u00a0\u00a0\u00a0\u00a0\u00a0\u00a0\u00a0\u00a0\u00a0\u00a0\u00a0\u00a0\u00a0\u00a0\u00a0\u00a0\u00a0\u00a0\u00a0\u00a0\u00a0\u00a0<\/p>\t\t\t\t\t\t\t\t<\/div>\n\t\t\t\t<\/div>\n\t\t\t\t\t<\/div>\n\t\t<\/div>\n\t\t\t\t\t<\/div>\n\t\t<\/section>\n\t\t\t\t<\/div>\n\t\t","protected":false},"excerpt":{"rendered":"<p>R\u00e8glement int\u00e9rieur de la garderie LES MINUS Chers parents, Garder un enfant, c\u2019est \u00eatre responsable de son d\u00e9veloppement, lui offrir tous les soins et lui assurer l\u2019encadrement dont il a besoin pour qu\u2019il \u00e9volue dans un milieu sain. La garderie \u00ab\u00a0Les MINUS\u00a0\u00bb a pour vocation\u00a0: de favoriser le d\u00e9veloppement global de l\u2019enfant (cognitif, affectif, social [&hellip;]<\/p>\n","protected":false},"author":1,"featured_media":0,"parent":0,"menu_order":0,"comment_status":"closed","ping_status":"closed","template":"","meta":{"footnotes":""},"class_list":["post-845","page","type-page","status-publish","hentry"],"_links":{"self":[{"href":"https:\/\/sagessesjb.edu.lb\/fr\/wp-json\/wp\/v2\/pages\/845","targetHints":{"allow":["GET"]}}],"collection":[{"href":"https:\/\/sagessesjb.edu.lb\/fr\/wp-json\/wp\/v2\/pages"}],"about":[{"href":"https:\/\/sagessesjb.edu.lb\/fr\/wp-json\/wp\/v2\/types\/page"}],"author":[{"embeddable":true,"href":"https:\/\/sagessesjb.edu.lb\/fr\/wp-json\/wp\/v2\/users\/1"}],"replies":[{"embeddable":true,"href":"https:\/\/sagessesjb.edu.lb\/fr\/wp-json\/wp\/v2\/comments?post=845"}],"version-history":[{"count":17,"href":"https:\/\/sagessesjb.edu.lb\/fr\/wp-json\/wp\/v2\/pages\/845\/revisions"}],"predecessor-version":[{"id":10812,"href":"https:\/\/sagessesjb.edu.lb\/fr\/wp-json\/wp\/v2\/pages\/845\/revisions\/10812"}],"wp:attachment":[{"href":"https:\/\/sagessesjb.edu.lb\/fr\/wp-json\/wp\/v2\/media?parent=845"}],"curies":[{"name":"wp","href":"https:\/\/api.w.org\/{rel}","templated":true}]}}