{"id":825,"date":"2023-05-24T09:46:39","date_gmt":"2023-05-24T09:46:39","guid":{"rendered":"https:\/\/yerehost.com\/sagesse\/?page_id=825"},"modified":"2025-09-29T09:06:10","modified_gmt":"2025-09-29T09:06:10","slug":"cycle-maternel-directives","status":"publish","type":"page","link":"https:\/\/sagessesjb.edu.lb\/fr\/cycle-maternel-directives\/","title":{"rendered":"Cycle Maternel Directives"},"content":{"rendered":"\t\t<div data-elementor-type=\"wp-page\" data-elementor-id=\"825\" class=\"elementor elementor-825\" data-elementor-post-type=\"page\">\n\t\t\t\t\t\t<section class=\"elementor-section elementor-top-section elementor-element elementor-element-0090e6f elementor-section-boxed elementor-section-height-default elementor-section-height-default\" data-id=\"0090e6f\" data-element_type=\"section\" data-e-type=\"section\">\n\t\t\t\t\t\t<div class=\"elementor-container elementor-column-gap-default\">\n\t\t\t\t\t<div class=\"elementor-column elementor-col-100 elementor-top-column elementor-element elementor-element-91e9afc\" data-id=\"91e9afc\" data-element_type=\"column\" data-e-type=\"column\">\n\t\t\t<div class=\"elementor-widget-wrap elementor-element-populated\">\n\t\t\t\t\t\t<div class=\"elementor-element elementor-element-cd4e9cb elementor-widget elementor-widget-heading\" data-id=\"cd4e9cb\" data-element_type=\"widget\" data-e-type=\"widget\" data-widget_type=\"heading.default\">\n\t\t\t\t<div class=\"elementor-widget-container\">\n\t\t\t\t\t<h2 class=\"elementor-heading-title elementor-size-default\">Directives disciplinaires aux parents des \u00e9l\u00e8ves \ndu cycle 1<br>PS - MS - GS\n<\/h2>\t\t\t\t<\/div>\n\t\t\t\t<\/div>\n\t\t\t\t\t<\/div>\n\t\t<\/div>\n\t\t\t\t\t<\/div>\n\t\t<\/section>\n\t\t\t\t<section class=\"elementor-section elementor-top-section elementor-element elementor-element-7847ba3 elementor-section-boxed elementor-section-height-default elementor-section-height-default\" data-id=\"7847ba3\" data-element_type=\"section\" data-e-type=\"section\">\n\t\t\t\t\t\t<div class=\"elementor-container elementor-column-gap-default\">\n\t\t\t\t\t<div class=\"elementor-column elementor-col-100 elementor-top-column elementor-element elementor-element-d293020\" data-id=\"d293020\" data-element_type=\"column\" data-e-type=\"column\">\n\t\t\t<div class=\"elementor-widget-wrap elementor-element-populated\">\n\t\t\t\t\t\t<div class=\"elementor-element elementor-element-1641d17 elementor-widget elementor-widget-text-editor\" data-id=\"1641d17\" data-element_type=\"widget\" data-e-type=\"widget\" data-widget_type=\"text-editor.default\">\n\t\t\t\t<div class=\"elementor-widget-container\">\n\t\t\t\t\t\t\t\t\t<p><strong>Rentr\u00e9e scolaire 2025 \u2013 2026<\/strong><\/p><p><strong>Date et modalit\u00e9s de la rentr\u00e9e :<\/strong><\/p><p><strong>PS\u2011MS :<\/strong> rentr\u00e9e le mercredi 24 septembre \u00e0 <strong>8h00<\/strong> par la porte <strong>n\u00b09.<\/strong><br \/><strong>GS :<\/strong> rentr\u00e9e le mercredi 24 septembre \u00e0 <strong>7h25<\/strong> par la porte <strong>n\u00b010<\/strong>.<\/p><p><strong>Organisation de la premi\u00e8re semaine<\/strong><\/p><p><strong>Rentr\u00e9e des classes de PS et MS :<\/strong><\/p><p><strong>Mercredi 24 et jeudi 25 septembre :<\/strong><br \/>L\u2019entr\u00e9e se fera <strong>avec l\u2019un des parents<\/strong> par la <strong>porte n\u00b09<\/strong>, selon les modalit\u00e9s suivantes :<\/p><ul><li><strong>De 8h00 \u00e0 10h00<\/strong> : enfants dont le nom de famille commence par <strong>A \u00e0 G<\/strong>.<\/li><li><strong>De 10h30 \u00e0 12h30<\/strong> : enfants dont le nom commence par <strong>H \u00e0 Z<\/strong>.<\/li><\/ul><p>Pendant ces deux jours, <strong>l\u2019un des deux parents<\/strong> reste en classe avec son enfant.<\/p><p><strong>Vendredi 26 septembre :<\/strong><\/p><ul><li>Horaires : <strong>8h00 \u00e0 12h30<\/strong><\/li><li>Entr\u00e9e par la <strong>porte n\u00b010<\/strong>, <strong>sans les parents<\/strong>.<\/li><li>Les enfants seront accueillis par la responsable du cycle et les animatrices, puis accompagn\u00e9s dans leurs classes o\u00f9 les \u00e9ducatrices les attendront.<\/li><li>La <strong>sortie se fera \u00e0 12h30<\/strong> par la <strong>porte n\u00b09<\/strong>.<\/li><\/ul><p>\u00a0<\/p><p><strong>Rentr\u00e9e des classes de GS :<\/strong><\/p><ul><li><strong>Mercredi 24 septembre<\/strong> :<ul><li>Entr\u00e9e <strong>sans les parents<\/strong> par la <strong>porte n\u00b010<\/strong> \u00e0 <strong>7h25<\/strong>.<\/li><li>Sortie \u00e0 <strong>12h45<\/strong> par la <strong>porte n\u00b09<\/strong>.<\/li><\/ul><\/li><li><strong>Jeudi 25 et vendredi 26 septembre<\/strong> :<ul><li>Horaire habituel : <strong>7h25 \u00e0 14h20<\/strong>.<\/li><\/ul><\/li><\/ul><p>\u00a0<\/p><p><strong>\u00c0 partir du lundi 29 septembre :<\/strong><\/p><p>Horaires ordinaires pour <strong>tous les \u00e9l\u00e8ves du cycle maternel<\/strong>.<\/p><p>\u00a0<\/p><p><strong>Horaires des classes<\/strong><\/p><table><tbody><tr><td width=\"208\"><p><strong>Classe<\/strong><\/p><\/td><td width=\"208\"><p><strong>Entr\u00e9e<\/strong><\/p><\/td><td width=\"208\"><p><strong>Sortie<\/strong><\/p><\/td><\/tr><tr><td width=\"208\"><p>PS<\/p><\/td><td width=\"208\"><p>7h25 (porte n\u00b010)<\/p><\/td><td width=\"208\"><p>14h00 (porte n\u00b09)<\/p><\/td><\/tr><tr><td width=\"208\"><p>MS<\/p><\/td><td width=\"208\"><p>7h25 (porte n\u00b010)<\/p><\/td><td width=\"208\"><p>14h10 (porte n\u00b09)<\/p><\/td><\/tr><tr><td width=\"208\"><p>GS<\/p><\/td><td width=\"208\"><p>7h25 (porte n\u00b010)<\/p><\/td><td width=\"208\"><p>14h20 (porte n\u00b012)<\/p><\/td><\/tr><\/tbody><\/table><p>\u00a0<\/p><p><strong>Accueil et s\u00e9curit\u00e9<\/strong><\/p><ul><li>Les \u00e9l\u00e8ves sont surveill\u00e9s :<ul><li>De <strong>7h00 \u00e0 14h45<\/strong> dans la cour du Petit Coll\u00e8ge.<\/li><li>De <strong>14h45 \u00e0 15h00<\/strong> sous le pr\u00e9au de la B\u00e2tisse Centrale.<br \/>En dehors de ces horaires, le Coll\u00e8ge <strong>n&rsquo;est pas responsable des \u00e9l\u00e8ves<\/strong>.<\/li><\/ul><\/li><li><strong>Respect des horaires :<\/strong><ul><li>Fermeture des portes \u00e0 <strong>7h30<\/strong>.<\/li><li>Une tol\u00e9rance jusqu\u2019\u00e0 <strong>7h45<\/strong> est accord\u00e9e aux \u00e9l\u00e8ves de la maternelle.<\/li><li>En cas de retard, l\u2019\u00e9l\u00e8ve ne pourra entrer qu\u2019<strong>accompagn\u00e9 de ses parents<\/strong>, aupr\u00e8s de la responsable du cycle qui d\u00e9cidera de la mesure \u00e0 prendre, en fonction du motif et des circonstances.<\/li><\/ul><\/li><li><strong>Absence :<\/strong><br \/>Toute absence doit \u00eatre <strong>justifi\u00e9e<\/strong> par t\u00e9l\u00e9phone le jour m\u00eame ou au retour de l\u2019enfant, aupr\u00e8s de la responsable du cycle ou de l\u2019animatrice.<\/li><\/ul><p>\u00a0<\/p><p><strong>Sortie des \u00e9l\u00e8ves<\/strong><\/p><ul><li>Les \u00e9l\u00e8ves <strong>non-inscrits au transport scolaire<\/strong> doivent obligatoirement \u00eatre r\u00e9cup\u00e9r\u00e9s par <strong>leurs parents<\/strong> ou une <strong>personne d\u00e9sign\u00e9e par \u00e9crit<\/strong>.<\/li><li>Toute modification dans la prise en charge de l\u2019enfant (transport, sortie&#8230;) doit \u00eatre notifi\u00e9e <strong>par \u00e9crit ou par t\u00e9l\u00e9phone avant 12h00<\/strong> \u00e0 la responsable du cycle ou \u00e0 l\u2019animatrice.<\/li><li>En cas d\u2019urgence, pour retirer un enfant avant la fin des cours, un <strong>permis de sortie<\/strong> d\u00e9livr\u00e9 par la responsable est obligatoire.<\/li><\/ul><p>\u00a0<\/p><p><strong>Sant\u00e9<\/strong><\/p><ul><li>Les <strong>rendez-vous m\u00e9dicaux<\/strong> doivent, dans la mesure du possible, \u00eatre pris <strong>en dehors des horaires scolaires<\/strong>.<\/li><li>Un enfant pr\u00e9sentant de la <strong>fi\u00e8vre<\/strong> ou qui <strong>s\u2019absente pour raison de sant\u00e9 durant la matin\u00e9e<\/strong> ne pourra <strong>pas r\u00e9int\u00e9grer la classe<\/strong> le m\u00eame jour.<\/li><\/ul><p>\u00a0<\/p><h3><strong>Uniforme scolaire (disponible au Coll\u00e8ge)<\/strong><\/h3><p>Le port de l\u2019uniforme est obligatoire pour tous les \u00e9l\u00e8ves du Coll\u00e8ge pour l\u2019ann\u00e9e <strong>2025-2026<\/strong>.<\/p><ul><li>Pantalon en jean bleu marine.<\/li><li>Short en jean bleu marine.<\/li><li>Jupe-short en jean bleu marine pour les filles.<\/li><li>Polo \u00e0 manches courtes ou longues.<\/li><li>Veste bleu marine.<\/li><li>Tablier brod\u00e9 au nom et au pr\u00e9nom de l\u2019\u00e9l\u00e8ve, du c\u00f4t\u00e9 droit (obligatoire d\u00e8s le premier jour).<\/li><li>Sous-pull blanc ou bleu marine (non disponible au Coll\u00e8ge).<\/li><li>Collants bleu marine ou blancs<strong>, sans motifs ni dessins<\/strong>, pour les filles.<\/li><li>Chaussures en cuir, en toile ou baskets de couleur noire, blanche ou fonc\u00e9e (pas de couleurs vives ni phosphorescentes).<\/li><li>Le port de bijoux, d\u2019objets de fantaisie, de valeur ou pr\u00e9sentant un caract\u00e8re dangereux est strictement interdit.<\/li><li>Pour les gar\u00e7ons : cheveux courts et visage d\u00e9gag\u00e9 exig\u00e9s.<\/li><\/ul><p>\u00a0<\/p><p><strong>Cantine scolaire<\/strong><\/p><p>L\u2019inscription \u00e0 la cantine est <strong>facultative<\/strong>.<br \/>Elle propose :<\/p><ul><li>\u00c0 <strong>10h00<\/strong> : une <strong>collation<\/strong> (sandwich).<\/li><li>\u00c0 <strong>12h10<\/strong> : un <strong>repas chaud<\/strong> accompagn\u00e9 d\u2019un <strong>biscuit ou fruit<\/strong>.<\/li><\/ul><p>\u00a0Pour plus d\u2019informations, veuillez consulter le site du Coll\u00e8ge :<br \/><a href=\"https:\/\/sagessesjb.edu.lb\/cycle-maternel-cantine\/\">https:\/\/sagessesjb.edu.lb\/cycle-maternel-cantine\/<\/a><\/p><p>\u00a0<\/p><p><strong>Go\u00fbter<\/strong><\/p><p>Les \u00e9l\u00e8ves doivent apporter :<\/p><ul><li>Une <strong>gourde<\/strong>.<\/li><li>Une bouteille d\u2019eau suppl\u00e9mentaire les jours de forte chaleur.<\/li><li>Un petit <strong>sac de go\u00fbter<\/strong> contenant : sandwichs, biscuits et fruits.<\/li><\/ul><p>\u00a0<\/p><p><strong>Mat\u00e9riel scolaire<\/strong><\/p><ul><li><strong>Cartable sans roulettes<\/strong>.<\/li><li><strong>Mat\u00e9riel fourni par le Coll\u00e8ge<\/strong> :<ul><li>Une trousse contenant :<ul><li>1 crayon \u00e0 papier<\/li><li>Crayons de couleur (bois)<\/li><li>Une gomme (GS)<\/li><li>Feutres (PS, MS)<\/li><li>2 pochettes plastiques \u00e0 boutons<\/li><\/ul><\/li><\/ul><\/li><\/ul><p><strong>NB :<\/strong> Les \u00e9l\u00e8ves de <strong>GS<\/strong> doivent avoir <strong>chaque jour<\/strong> dans leur cartable :<\/p><ul><li>Leurs <strong>livres<\/strong>, <strong>cahiers<\/strong> et leur <strong>trousse compl\u00e8te<\/strong>.<\/li><li>Ils doivent <strong>v\u00e9rifier chaque soir<\/strong> qu\u2019ils ont tout le mat\u00e9riel n\u00e9cessaire.<\/li><\/ul><p>\u00a0<\/p><p><strong>Transport scolaire<\/strong><\/p><p>Le service de transport scolaire est assur\u00e9 par le Coll\u00e8ge, pour le trajet <strong>domicile &#8211; Coll\u00e8ge &#8211; domicile<\/strong>. Il contribue :<\/p><ul><li>\u00c0 la <strong>r\u00e9duction des embouteillages<\/strong>.<\/li><li>Au <strong>d\u00e9veloppement de l\u2019autonomie<\/strong> des \u00e9l\u00e8ves.<\/li><li>\u00c0 l\u2019\u00e9largissement de leur cercle social.<\/li><\/ul><p>\u00a0Pour plus d&rsquo;informations :<br \/><a href=\"https:\/\/sagessesjb.edu.lb\/autocars\/\">https:\/\/sagessesjb.edu.lb\/autocars\/<\/a><\/p><p>\u00a0<strong>NB :<\/strong><br \/>Pour tout <strong>changement occasionnel<\/strong> de circuit ou d\u2019autocar :<\/p><ul><li>Une demande <strong>\u00e9crite ou orale<\/strong> doit \u00eatre adress\u00e9e <strong>avant 12h00<\/strong> \u00e0 la responsable ou \u00e0 l\u2019animatrice.<\/li><li>Les <strong>demandes de derni\u00e8re minute<\/strong> ne pourront pas \u00eatre prises en compte.<\/li><\/ul><p>\u00a0<\/p><p><strong>\u00c0 fournir \u00e0 la rentr\u00e9e<\/strong><\/p><ul><li><strong>2 photos d\u2019identit\u00e9 (r\u00e9centes)<\/strong><\/li><li><strong>1 flacon de gel hydroalcoolique<\/strong><\/li><li><strong>3 grandes bo\u00eetes de lingettes<\/strong><\/li><li><strong>3 bo\u00eetes de mouchoirs en papier<\/strong><\/li><li><strong>Des v\u00eatements de rechange<\/strong>:<ul><li>En <strong>double pour les PS<\/strong><\/li><li>En <strong>simple pour les MS et GS<\/strong><\/li><\/ul><\/li><\/ul><p>\u00a0<\/p><p><strong>Informations compl\u00e9mentaires<\/strong><\/p><ul><li>Les <strong>achats li\u00e9s \u00e0 l\u2019uniforme<\/strong> ou <strong>tout autre paiement<\/strong> doivent \u00eatre effectu\u00e9s <strong>par les parents eux-m\u00eames<\/strong>, au Coll\u00e8ge.<\/li><li>Le Coll\u00e8ge <strong>n\u2019est pas responsable des objets perdus<\/strong>.<\/li><li><strong>Toutes les affaires (v\u00eatements, objets scolaires, sacs&#8230;) doivent \u00eatre marqu\u00e9es<\/strong> au nom de l\u2019\u00e9l\u00e8ve.<\/li><li>Les <strong>t\u00e9l\u00e9phones portables<\/strong>, <strong>iPads<\/strong> et <strong>jeux \u00e9lectroniques<\/strong> sont <strong>strictement interdits<\/strong>.<\/li><\/ul><p>\u00a0<\/p><p>\u00a0<strong>NB : Veuillez conserver ce document tout au long de l\u2019ann\u00e9e scolaire pour consultation.<\/strong><\/p><p>\u00a0<\/p><p>\u00a0<\/p>\t\t\t\t\t\t\t\t<\/div>\n\t\t\t\t<\/div>\n\t\t\t\t\t<\/div>\n\t\t<\/div>\n\t\t\t\t\t<\/div>\n\t\t<\/section>\n\t\t\t\t<\/div>\n\t\t","protected":false},"excerpt":{"rendered":"<p>Directives disciplinaires aux parents des \u00e9l\u00e8ves du cycle 1PS &#8211; MS &#8211; GS Rentr\u00e9e scolaire 2025 \u2013 2026 Date et modalit\u00e9s de la rentr\u00e9e : PS\u2011MS : rentr\u00e9e le mercredi 24 septembre \u00e0 8h00 par la porte n\u00b09.GS : rentr\u00e9e le mercredi 24 septembre \u00e0 7h25 par la porte n\u00b010. Organisation de la premi\u00e8re semaine [&hellip;]<\/p>\n","protected":false},"author":1,"featured_media":0,"parent":0,"menu_order":0,"comment_status":"closed","ping_status":"closed","template":"","meta":{"footnotes":""},"class_list":["post-825","page","type-page","status-publish","hentry"],"_links":{"self":[{"href":"https:\/\/sagessesjb.edu.lb\/fr\/wp-json\/wp\/v2\/pages\/825","targetHints":{"allow":["GET"]}}],"collection":[{"href":"https:\/\/sagessesjb.edu.lb\/fr\/wp-json\/wp\/v2\/pages"}],"about":[{"href":"https:\/\/sagessesjb.edu.lb\/fr\/wp-json\/wp\/v2\/types\/page"}],"author":[{"embeddable":true,"href":"https:\/\/sagessesjb.edu.lb\/fr\/wp-json\/wp\/v2\/users\/1"}],"replies":[{"embeddable":true,"href":"https:\/\/sagessesjb.edu.lb\/fr\/wp-json\/wp\/v2\/comments?post=825"}],"version-history":[{"count":13,"href":"https:\/\/sagessesjb.edu.lb\/fr\/wp-json\/wp\/v2\/pages\/825\/revisions"}],"predecessor-version":[{"id":10831,"href":"https:\/\/sagessesjb.edu.lb\/fr\/wp-json\/wp\/v2\/pages\/825\/revisions\/10831"}],"wp:attachment":[{"href":"https:\/\/sagessesjb.edu.lb\/fr\/wp-json\/wp\/v2\/media?parent=825"}],"curies":[{"name":"wp","href":"https:\/\/api.w.org\/{rel}","templated":true}]}}