{"id":814,"date":"2023-05-24T09:25:59","date_gmt":"2023-05-24T09:25:59","guid":{"rendered":"https:\/\/yerehost.com\/sagesse\/?page_id=814"},"modified":"2025-10-10T07:56:34","modified_gmt":"2025-10-10T07:56:34","slug":"garderie-les-minus-de-la-sagesse","status":"publish","type":"page","link":"https:\/\/sagessesjb.edu.lb\/fr\/garderie-les-minus-de-la-sagesse\/","title":{"rendered":"Garderie Pr\u00e9sentation"},"content":{"rendered":"\t\t<div data-elementor-type=\"wp-page\" data-elementor-id=\"814\" class=\"elementor elementor-814\" data-elementor-post-type=\"page\">\n\t\t\t\t\t\t<section class=\"elementor-section elementor-top-section elementor-element elementor-element-ca6ad6b elementor-section-boxed elementor-section-height-default elementor-section-height-default\" data-id=\"ca6ad6b\" data-element_type=\"section\" data-e-type=\"section\">\n\t\t\t\t\t\t<div class=\"elementor-container elementor-column-gap-default\">\n\t\t\t\t\t<div class=\"elementor-column elementor-col-25 elementor-top-column elementor-element elementor-element-2cadd64\" data-id=\"2cadd64\" data-element_type=\"column\" data-e-type=\"column\">\n\t\t\t<div class=\"elementor-widget-wrap\">\n\t\t\t\t\t\t\t<\/div>\n\t\t<\/div>\n\t\t\t\t<div class=\"elementor-column elementor-col-25 elementor-top-column elementor-element elementor-element-895a2a6\" data-id=\"895a2a6\" data-element_type=\"column\" data-e-type=\"column\">\n\t\t\t<div class=\"elementor-widget-wrap elementor-element-populated\">\n\t\t\t\t\t\t<div class=\"elementor-element elementor-element-83562f8 elementor-widget elementor-widget-image\" data-id=\"83562f8\" data-element_type=\"widget\" data-e-type=\"widget\" data-widget_type=\"image.default\">\n\t\t\t\t<div class=\"elementor-widget-container\">\n\t\t\t\t\t\t\t\t\t\t\t\t\t\t\t<img fetchpriority=\"high\" decoding=\"async\" width=\"800\" height=\"804\" src=\"https:\/\/sagessesjb.edu.lb\/wp-content\/uploads\/2025\/09\/Mme-Mona-mouawad.png\" class=\"attachment-large size-large wp-image-10800\" alt=\"\" srcset=\"https:\/\/sagessesjb.edu.lb\/wp-content\/uploads\/2025\/09\/Mme-Mona-mouawad.png 821w, https:\/\/sagessesjb.edu.lb\/wp-content\/uploads\/2025\/09\/Mme-Mona-mouawad-150x150.png 150w, https:\/\/sagessesjb.edu.lb\/wp-content\/uploads\/2025\/09\/Mme-Mona-mouawad-768x772.png 768w, https:\/\/sagessesjb.edu.lb\/wp-content\/uploads\/2025\/09\/Mme-Mona-mouawad-600x603.png 600w, https:\/\/sagessesjb.edu.lb\/wp-content\/uploads\/2025\/09\/Mme-Mona-mouawad-100x100.png 100w\" sizes=\"(max-width: 800px) 100vw, 800px\" \/>\t\t\t\t\t\t\t\t\t\t\t\t\t\t\t<\/div>\n\t\t\t\t<\/div>\n\t\t\t\t\t<\/div>\n\t\t<\/div>\n\t\t\t\t<div class=\"elementor-column elementor-col-25 elementor-top-column elementor-element elementor-element-60a65ab\" data-id=\"60a65ab\" data-element_type=\"column\" data-e-type=\"column\">\n\t\t\t<div class=\"elementor-widget-wrap elementor-element-populated\">\n\t\t\t\t\t\t<div class=\"elementor-element elementor-element-6220b60 elementor-widget elementor-widget-heading\" data-id=\"6220b60\" data-element_type=\"widget\" data-e-type=\"widget\" data-widget_type=\"heading.default\">\n\t\t\t\t<div class=\"elementor-widget-container\">\n\t\t\t\t\t<h2 class=\"elementor-heading-title elementor-size-default\">Pr\u00e9sentation<\/h2>\t\t\t\t<\/div>\n\t\t\t\t<\/div>\n\t\t\t\t<section class=\"elementor-section elementor-inner-section elementor-element elementor-element-13cbf5f elementor-section-boxed elementor-section-height-default elementor-section-height-default\" data-id=\"13cbf5f\" data-element_type=\"section\" data-e-type=\"section\">\n\t\t\t\t\t\t<div class=\"elementor-container elementor-column-gap-default\">\n\t\t\t\t\t<div class=\"elementor-column elementor-col-100 elementor-inner-column elementor-element elementor-element-c0c9a33\" data-id=\"c0c9a33\" data-element_type=\"column\" data-e-type=\"column\">\n\t\t\t<div class=\"elementor-widget-wrap elementor-element-populated\">\n\t\t\t\t\t\t<div class=\"elementor-element elementor-element-35d1051 elementor-widget elementor-widget-image\" data-id=\"35d1051\" data-element_type=\"widget\" data-e-type=\"widget\" data-widget_type=\"image.default\">\n\t\t\t\t<div class=\"elementor-widget-container\">\n\t\t\t\t\t\t\t\t\t\t\t\t\t\t\t<img decoding=\"async\" width=\"800\" height=\"437\" src=\"https:\/\/sagessesjb.edu.lb\/wp-content\/uploads\/2023\/07\/new-logo-minus-rev-1024x559.png\" class=\"attachment-large size-large wp-image-2810\" alt=\"\" srcset=\"https:\/\/sagessesjb.edu.lb\/wp-content\/uploads\/2023\/07\/new-logo-minus-rev-1024x559.png 1024w, https:\/\/sagessesjb.edu.lb\/wp-content\/uploads\/2023\/07\/new-logo-minus-rev-300x164.png 300w, https:\/\/sagessesjb.edu.lb\/wp-content\/uploads\/2023\/07\/new-logo-minus-rev-768x419.png 768w, https:\/\/sagessesjb.edu.lb\/wp-content\/uploads\/2023\/07\/new-logo-minus-rev-600x327.png 600w, https:\/\/sagessesjb.edu.lb\/wp-content\/uploads\/2023\/07\/new-logo-minus-rev.png 1144w\" sizes=\"(max-width: 800px) 100vw, 800px\" \/>\t\t\t\t\t\t\t\t\t\t\t\t\t\t\t<\/div>\n\t\t\t\t<\/div>\n\t\t\t\t\t<\/div>\n\t\t<\/div>\n\t\t\t\t\t<\/div>\n\t\t<\/section>\n\t\t\t\t\t<\/div>\n\t\t<\/div>\n\t\t\t\t<div class=\"elementor-column elementor-col-25 elementor-top-column elementor-element elementor-element-5d8b697\" data-id=\"5d8b697\" data-element_type=\"column\" data-e-type=\"column\">\n\t\t\t<div class=\"elementor-widget-wrap\">\n\t\t\t\t\t\t\t<\/div>\n\t\t<\/div>\n\t\t\t\t\t<\/div>\n\t\t<\/section>\n\t\t\t\t<section class=\"elementor-section elementor-top-section elementor-element elementor-element-e3a8664 elementor-section-boxed elementor-section-height-default elementor-section-height-default\" data-id=\"e3a8664\" data-element_type=\"section\" data-e-type=\"section\">\n\t\t\t\t\t\t<div class=\"elementor-container elementor-column-gap-default\">\n\t\t\t\t\t<div class=\"elementor-column elementor-col-33 elementor-top-column elementor-element elementor-element-96fffe7\" data-id=\"96fffe7\" data-element_type=\"column\" data-e-type=\"column\">\n\t\t\t<div class=\"elementor-widget-wrap\">\n\t\t\t\t\t\t\t<\/div>\n\t\t<\/div>\n\t\t\t\t<div class=\"elementor-column elementor-col-33 elementor-top-column elementor-element elementor-element-9a99e94\" data-id=\"9a99e94\" data-element_type=\"column\" data-e-type=\"column\">\n\t\t\t<div class=\"elementor-widget-wrap elementor-element-populated\">\n\t\t\t\t\t\t<div class=\"elementor-element elementor-element-4ba08a6 elementor-widget__width-initial elementor-widget elementor-widget-text-editor\" data-id=\"4ba08a6\" data-element_type=\"widget\" data-e-type=\"widget\" data-widget_type=\"text-editor.default\">\n\t\t\t\t<div class=\"elementor-widget-container\">\n\t\t\t\t\t\t\t\t\t<p><strong>\u00ab La garderie n\u2019est pas seulement un lieu de garde, c\u2019est le berceau de l\u2019homme en devenir. \u00bb<\/strong><\/p><p>Les Minus de la Sagesse Brasilia accueille les enfants \u00e2g\u00e9s de <strong>1 \u00e0 3 ans<\/strong> dans une ambiance <strong>affective et chaleureuse<\/strong>. Puisque <strong>tout se joue avant 3 ans<\/strong>, notre garderie adopte la p\u00e9dagogie de <strong>Maria Montessori<\/strong>, fond\u00e9e sur l\u2019id\u00e9e que l\u2019enfant apprend mieux en \u00e9tant <strong>actif et autonome<\/strong>. L\u2019un des grands principes de cette p\u00e9dagogie est : <strong>\u00ab Aide-moi \u00e0 faire seul. \u00bb<\/strong><\/p><p>Cette m\u00e9thode favorise le d\u00e9veloppement de l\u2019autonomie chez l\u2019enfant et consid\u00e8re que chacun est <strong>unique<\/strong>. Dans ce cadre, nous travaillons sur plusieurs comp\u00e9tences essentielles \u00e0 leur d\u00e9veloppement : <strong>affectif, social, physique et cognitif<\/strong>.<\/p><p>Contrairement \u00e0 une approche directive, l\u2019adulte n\u2019impose pas, mais <strong>accompagne<\/strong> l\u2019enfant dans son d\u00e9veloppement. Nous lui offrons un environnement adapt\u00e9 et le temps n\u00e9cessaire pour <strong>exp\u00e9rimenter \u00e0 son rythme<\/strong>.<\/p><p>Ainsi, notre priorit\u00e9 est d\u2019offrir aux enfants les <strong>meilleures conditions d\u2019apprentissage<\/strong>, tout en <strong>pr\u00e9servant leur sant\u00e9<\/strong> et en <strong>favorisant leur bien-\u00eatre<\/strong>.<\/p><p style=\"text-align: right;\">Mona Mouawad<\/p><p style=\"text-align: right;\">Responsable de la garderie<\/p>\t\t\t\t\t\t\t\t<\/div>\n\t\t\t\t<\/div>\n\t\t\t\t\t<\/div>\n\t\t<\/div>\n\t\t\t\t<div class=\"elementor-column elementor-col-33 elementor-top-column elementor-element elementor-element-17148cc\" data-id=\"17148cc\" data-element_type=\"column\" data-e-type=\"column\">\n\t\t\t<div class=\"elementor-widget-wrap\">\n\t\t\t\t\t\t\t<\/div>\n\t\t<\/div>\n\t\t\t\t\t<\/div>\n\t\t<\/section>\n\t\t\t\t<section class=\"elementor-section elementor-top-section elementor-element elementor-element-b0875c0 elementor-section-boxed elementor-section-height-default elementor-section-height-default\" data-id=\"b0875c0\" data-element_type=\"section\" data-e-type=\"section\">\n\t\t\t\t\t\t<div class=\"elementor-container elementor-column-gap-default\">\n\t\t\t\t\t<div class=\"elementor-column elementor-col-100 elementor-top-column elementor-element elementor-element-85afce3\" data-id=\"85afce3\" data-element_type=\"column\" data-e-type=\"column\">\n\t\t\t<div class=\"elementor-widget-wrap elementor-element-populated\">\n\t\t\t\t\t\t<div class=\"elementor-element elementor-element-f769358 elementor-widget elementor-widget-heading\" data-id=\"f769358\" data-element_type=\"widget\" data-e-type=\"widget\" data-widget_type=\"heading.default\">\n\t\t\t\t<div class=\"elementor-widget-container\">\n\t\t\t\t\t<h2 class=\"elementor-heading-title elementor-size-default\">Programmation Annuelle<\/h2>\t\t\t\t<\/div>\n\t\t\t\t<\/div>\n\t\t\t\t\t<\/div>\n\t\t<\/div>\n\t\t\t\t\t<\/div>\n\t\t<\/section>\n\t\t\t\t<section class=\"elementor-section elementor-top-section elementor-element elementor-element-a3a0c5d elementor-section-boxed elementor-section-height-default elementor-section-height-default\" data-id=\"a3a0c5d\" data-element_type=\"section\" data-e-type=\"section\">\n\t\t\t\t\t\t<div class=\"elementor-container elementor-column-gap-default\">\n\t\t\t\t\t<div class=\"elementor-column elementor-col-33 elementor-top-column elementor-element elementor-element-fc5cea8\" data-id=\"fc5cea8\" data-element_type=\"column\" data-e-type=\"column\">\n\t\t\t<div class=\"elementor-widget-wrap\">\n\t\t\t\t\t\t\t<\/div>\n\t\t<\/div>\n\t\t\t\t<div class=\"elementor-column elementor-col-33 elementor-top-column elementor-element elementor-element-b745915\" data-id=\"b745915\" data-element_type=\"column\" data-e-type=\"column\">\n\t\t\t<div class=\"elementor-widget-wrap elementor-element-populated\">\n\t\t\t\t\t\t<div class=\"elementor-element elementor-element-f2dca1c elementor-widget elementor-widget-text-editor\" data-id=\"f2dca1c\" data-element_type=\"widget\" data-e-type=\"widget\" data-widget_type=\"text-editor.default\">\n\t\t\t\t<div class=\"elementor-widget-container\">\n\t\t\t\t\t\t\t\t\t<p><strong>I-<u>TOUTE PETITE SECTION (2-3 ans)<\/u><\/strong><\/p><p class=\"rtejustify\">Nous adoptons le dossier \u00ab\u00a0Petit \u00e0 Petit\u00a0\u00bb de Montessori. Nous suivons la progression et les activit\u00e9s propos\u00e9es par le dossier et le guide p\u00e9dagogique.<\/p><p class=\"rtejustify\">Voici les th\u00e8mes du dossier \u00e9tal\u00e9s sur toute l\u2019ann\u00e9e\u00a0:<\/p><ul><li class=\"rtejustify\">La Rentr\u00e9e<\/li><li class=\"rtejustify\">La propret\u00e9<\/li><li class=\"rtejustify\">Assiette sant\u00e9<\/li><li class=\"rtejustify\">L\u2019hiver<\/li><li class=\"rtejustify\">Les transports<\/li><li class=\"rtejustify\">Le printemps<\/li><li class=\"rtejustify\">La ferme<\/li><\/ul><p class=\"rtejustify\">En plus de ces th\u00e8mes nous travaillons les f\u00eates\u00a0et l\u2019\u00e9t\u00e9:<\/p><p class=\"rtejustify\">Ind\u00e9pendance, Sainte barbe, No\u00ebl, f\u00eate des m\u00e8res, P\u00e2ques, la f\u00eate des p\u00e8res, l\u2019\u00e9t\u00e9 et les animaux marins.<\/p><p class=\"rtejustify\"><strong><u>Les moyens utilis\u00e9s<\/u><\/strong><\/p><ul><li class=\"rtejustify\">Observations concr\u00e8tes et manipulations<\/li><li class=\"rtejustify\">Observations de gravures<\/li><li class=\"rtejustify\">Langage et discussion<\/li><li class=\"rtejustify\">Fiches d\u2019applications<\/li><li class=\"rtejustify\">Chants et comptines<\/li><li class=\"rtejustify\">Travaux pratiques et sorties<\/li><\/ul><p class=\"rtejustify\"><strong><u><br \/>Les techniques utilis\u00e9es<\/u><\/strong><\/p><p><strong>Peinture<\/strong><\/p><ul><li>Au doigt<\/li><li>A l\u2019\u00e9ponge<\/li><li>Au pinceau<\/li><\/ul><p class=\"rtejustify\"><strong>Coloriage<\/strong><\/p><ul><li class=\"rtejustify\">Gros feutres<\/li><li class=\"rtejustify\">Gros crayons de couleur\u00a0\u00a0\u00a0\u00a0\u00a0\u00a0<\/li><\/ul><p class=\"rtejustify\"><strong>Au pochoir Libre<\/strong><\/p><ul><li class=\"rtejustify\">Froissage<\/li><li class=\"rtejustify\">D\u00e9chiquetage<\/li><li class=\"rtejustify\">Collage<\/li><\/ul><p class=\"rtejustify\"><strong><u>Consignes travaill\u00e9es<\/u><\/strong><\/p><ul><li class=\"rtejustify\">Rep\u00e9rer et montrer du doigt<\/li><li class=\"rtejustify\">Rep\u00e9rer et coller une gommette<\/li><li class=\"rtejustify\">Rep\u00e9rer et relier<\/li><li class=\"rtejustify\">Rep\u00e9rer et colorier<\/li><\/ul><p class=\"rtejustify\"><strong><u>Activit\u00e9s psychomotrices<\/u><\/strong><\/p><ul><li class=\"rtejustify\">Marcher- Courir- S\u2019arr\u00eater- Ramper<\/li><li class=\"rtejustify\">Debout- Assis- Accroupi- A genoux<\/li><li class=\"rtejustify\">Au-dessus- Au-dessous- Sur- Sous- Devant- Derri\u00e8re- Dedans- Dehors- En haut- En bas<\/li><li class=\"rtejustify\">Rep\u00e9rer et reconna\u00eetre les parties essentielles du corps<\/li><li class=\"rtejustify\">Sauter sur les 2 pieds, au galop, pas-chass\u00e9s.<\/li><li class=\"rtejustify\">Apprendre \u00e0 faire un cercle, un train<\/li><li class=\"rtejustify\">Marcher sur une ligne, sur un pont (\u00e9quilibre)<\/li><li class=\"rtejustify\">Se limiter aux rep\u00e8res mis par terre<\/li><li class=\"rtejustify\">Lancer et attraper un ballon<\/li><li class=\"rtejustify\">Motricit\u00e9 faciale\u00a0: les grimaces<\/li><\/ul><p class=\"rtejustify\"><strong><u>Travaux manuels<\/u><\/strong><\/p><ul><li class=\"rtejustify\">Couronne de l\u2019ind\u00e9pendance<\/li><li class=\"rtejustify\">Masque pour la sainte barbe<\/li><li class=\"rtejustify\">Cadeau de No\u00ebl<\/li><li class=\"rtejustify\">Cadeau pour la f\u00eate des m\u00e8res<\/li><li class=\"rtejustify\">Coloration des \u0153ufs de p\u00e2ques<\/li><li class=\"rtejustify\">Activit\u00e9 culinaire (1 fois\/trimestre)<\/li><li class=\"rtejustify\">Cadeau pour la f\u00eate des p\u00e8res<\/li><\/ul><p class=\"rtejustify\"><u><strong>Adaptation<\/strong><\/u><\/p><ul><li class=\"rtejustify\">Respecter les autres et le mat\u00e9riel<\/li><li class=\"rtejustify\">Devenir autonome<\/li><li class=\"rtejustify\">Savoir exprimer ses besoins<\/li><li class=\"rtejustify\">Savoir se rep\u00e9rer dans le cadre<\/li><li class=\"rtejustify\">Apprendre \u00e0 \u00e9couter<\/li><li class=\"rtejustify\">Respecter les consignes et les r\u00e8gles de jeux<\/li><li class=\"rtejustify\">Apprendre \u00e0 manger seul<\/li><li class=\"rtejustify\">Apprendre \u00e0 partager<\/li><li class=\"rtejustify\">Ranger le mat\u00e9riel\u00a0<\/li><li class=\"rtejustify\">Rep\u00e9rer son casier et ses affaires<\/li><li class=\"rtejustify\">\u00catre propre<\/li><\/ul><p class=\"rtejustify\"><strong>II-<u>\u00a0LES TOUS-PETITS (<\/u><\/strong><strong><u>1-2 ans)<\/u><\/strong><\/p><p class=\"rtejustify\">Nous adoptons le dossier \u00ab Bambins en \u00e9veil \u00bb de Montessori. Nous suivons la progression et les activit\u00e9s propos\u00e9es par le dossier et le guide p\u00e9dagogique.<br \/>Voici les th\u00e8mes du dossier \u00e9tal\u00e9s sur toute l\u2019ann\u00e9e :<\/p><ul><li class=\"rtejustify\">Ma garderie<\/li><li class=\"rtejustify\">Ma maison<\/li><li class=\"rtejustify\">A la neige<\/li><li class=\"rtejustify\">Bon voyage<\/li><li class=\"rtejustify\">Le jardin de Papi<\/li><li class=\"rtejustify\">La ferme de tante Isabelle<\/li><li class=\"rtejustify\">A la plage<\/li><\/ul><p class=\"rtejustify\">En plus de ces th\u00e8mes nous travaillons les f\u00eates :<\/p><p class=\"rtejustify\">Ind\u00e9pendance, Sainte barbe, No\u00ebl, f\u00eate des m\u00e8res, P\u00e2ques, la f\u00eate des p\u00e8res.<\/p><p class=\"rtejustify\"><strong><u>Les moyens utilis\u00e9s<\/u><\/strong><\/p><ul><li class=\"rtejustify\">Observations concr\u00e8tes et manipulations<\/li><li class=\"rtejustify\">Observations de gravures<\/li><li class=\"rtejustify\">Langage et discussion<\/li><li class=\"rtejustify\">Fiches d\u2019applications<\/li><li class=\"rtejustify\">Chants et comptines<\/li><li class=\"rtejustify\">Travaux pratiques<\/li><\/ul><p class=\"rtejustify\"><strong><u>Les techniques utilis\u00e9es<\/u><\/strong><\/p><p class=\"rtejustify\"><strong>Peinture<\/strong>\u00a0<\/p><ul><li class=\"rtejustify\">Au doigt<\/li><li class=\"rtejustify\">A l\u2019\u00e9ponge<\/li><li class=\"rtejustify\">Au pinceau<\/li><li class=\"rtejustify\">Au coton-tige<\/li><\/ul><p class=\"rtejustify\"><strong>Froissage<\/strong><\/p><p class=\"rtejustify\"><strong>D\u00e9chiquetage<\/strong><\/p><p class=\"rtejustify\"><strong>Collage<\/strong><\/p><p class=\"rtejustify\"><strong><u>Consignes travaill\u00e9es<\/u><\/strong><\/p><ul><li class=\"rtejustify\">Rep\u00e9rer et montrer du doigt<\/li><li class=\"rtejustify\">Rep\u00e9rer et coller une gommette<\/li><\/ul><p class=\"rtejustify\"><strong><u>Activit\u00e9s psychomotrices<\/u><\/strong><\/p><ul><li class=\"rtejustify\">Marcher &#8211; S\u2019arr\u00eater &#8211; Sauter<\/li><li class=\"rtejustify\">Debout- Assis<\/li><li class=\"rtejustify\">Sur- Sous- Dedans- Dehors- En haut- En bas-<\/li><li class=\"rtejustify\">Rep\u00e9rer et reconna\u00eetre les parties essentielles du corps<\/li><li class=\"rtejustify\">Apprendre \u00e0 faire une ronde, un train<\/li><li class=\"rtejustify\">Lancer et attraper un ballon<\/li><li class=\"rtejustify\">Se tenir les mains<\/li><li class=\"rtejustify\">Mettre les mains sur les hanches et bouger<\/li><\/ul><p class=\"rtejustify\"><strong><u>Travaux manuels<\/u><\/strong><\/p><ul><li class=\"rtejustify\">Couronne de l\u2019ind\u00e9pendance<\/li><li class=\"rtejustify\">Cadeau de No\u00ebl<\/li><li class=\"rtejustify\">Cadeau pour la f\u00eate des m\u00e8res<\/li><li class=\"rtejustify\">Coloration des \u0153ufs de P\u00e2ques<\/li><li class=\"rtejustify\">Cadeau pour la f\u00eate des p\u00e8res<\/li><\/ul><p class=\"rtejustify\"><u><strong>Adaptation<\/strong><\/u><\/p><ul><li class=\"rtejustify\">Respecter les autres et le mat\u00e9riel<\/li><li class=\"rtejustify\">Devenir autonome<\/li><li class=\"rtejustify\">Apprendre \u00e0 \u00e9couter<\/li><li class=\"rtejustify\">Respecter les consignes et les r\u00e8gles de jeux<\/li><li class=\"rtejustify\">Apprendre \u00e0 manger seul (troisi\u00e8me trimestre)<\/li><li class=\"rtejustify\">Apprendre \u00e0 partager<\/li><li class=\"rtejustify\">Ranger le mat\u00e9riel\u00a0<\/li><li class=\"rtejustify\">Rep\u00e9rer son casier et ses affaires<\/li><\/ul>\t\t\t\t\t\t\t\t<\/div>\n\t\t\t\t<\/div>\n\t\t\t\t\t<\/div>\n\t\t<\/div>\n\t\t\t\t<div class=\"elementor-column elementor-col-33 elementor-top-column elementor-element elementor-element-0c41166\" data-id=\"0c41166\" data-element_type=\"column\" data-e-type=\"column\">\n\t\t\t<div class=\"elementor-widget-wrap\">\n\t\t\t\t\t\t\t<\/div>\n\t\t<\/div>\n\t\t\t\t\t<\/div>\n\t\t<\/section>\n\t\t\t\t<section class=\"elementor-section elementor-top-section elementor-element elementor-element-5b1f79c elementor-section-boxed elementor-section-height-default elementor-section-height-default\" data-id=\"5b1f79c\" data-element_type=\"section\" data-e-type=\"section\">\n\t\t\t\t\t\t<div class=\"elementor-container elementor-column-gap-default\">\n\t\t\t\t\t<div class=\"elementor-column elementor-col-100 elementor-top-column elementor-element elementor-element-6079cba\" data-id=\"6079cba\" data-element_type=\"column\" data-e-type=\"column\">\n\t\t\t<div class=\"elementor-widget-wrap elementor-element-populated\">\n\t\t\t\t\t\t<div class=\"elementor-element elementor-element-87e14b7 elementor-widget elementor-widget-heading\" data-id=\"87e14b7\" data-element_type=\"widget\" data-e-type=\"widget\" data-widget_type=\"heading.default\">\n\t\t\t\t<div class=\"elementor-widget-container\">\n\t\t\t\t\t<h2 class=\"elementor-heading-title elementor-size-default\">Equipe de Travail<\/h2>\t\t\t\t<\/div>\n\t\t\t\t<\/div>\n\t\t\t\t\t<\/div>\n\t\t<\/div>\n\t\t\t\t\t<\/div>\n\t\t<\/section>\n\t\t\t\t<section class=\"elementor-section elementor-top-section elementor-element elementor-element-d130631 elementor-section-boxed elementor-section-height-default elementor-section-height-default\" data-id=\"d130631\" data-element_type=\"section\" data-e-type=\"section\">\n\t\t\t\t\t\t<div class=\"elementor-container elementor-column-gap-default\">\n\t\t\t\t\t<div class=\"elementor-column elementor-col-100 elementor-top-column elementor-element elementor-element-803e091\" data-id=\"803e091\" data-element_type=\"column\" data-e-type=\"column\">\n\t\t\t<div class=\"elementor-widget-wrap elementor-element-populated\">\n\t\t\t\t\t\t<div class=\"elementor-element elementor-element-035480a elementor-widget elementor-widget-text-editor\" data-id=\"035480a\" data-element_type=\"widget\" data-e-type=\"widget\" data-widget_type=\"text-editor.default\">\n\t\t\t\t<div class=\"elementor-widget-container\">\n\t\t\t\t\t\t\t\t\t<p>En cours d&rsquo;\u00e9laboration<\/p>\t\t\t\t\t\t\t\t<\/div>\n\t\t\t\t<\/div>\n\t\t\t\t\t<\/div>\n\t\t<\/div>\n\t\t\t\t\t<\/div>\n\t\t<\/section>\n\t\t\t\t<\/div>\n\t\t","protected":false},"excerpt":{"rendered":"<p>Pr\u00e9sentation \u00ab La garderie n\u2019est pas seulement un lieu de garde, c\u2019est le berceau de l\u2019homme en devenir. \u00bb Les Minus de la Sagesse Brasilia accueille les enfants \u00e2g\u00e9s de 1 \u00e0 3 ans dans une ambiance affective et chaleureuse. Puisque tout se joue avant 3 ans, notre garderie adopte la p\u00e9dagogie de Maria Montessori, [&hellip;]<\/p>\n","protected":false},"author":1,"featured_media":0,"parent":0,"menu_order":0,"comment_status":"closed","ping_status":"closed","template":"","meta":{"footnotes":""},"class_list":["post-814","page","type-page","status-publish","hentry"],"_links":{"self":[{"href":"https:\/\/sagessesjb.edu.lb\/fr\/wp-json\/wp\/v2\/pages\/814","targetHints":{"allow":["GET"]}}],"collection":[{"href":"https:\/\/sagessesjb.edu.lb\/fr\/wp-json\/wp\/v2\/pages"}],"about":[{"href":"https:\/\/sagessesjb.edu.lb\/fr\/wp-json\/wp\/v2\/types\/page"}],"author":[{"embeddable":true,"href":"https:\/\/sagessesjb.edu.lb\/fr\/wp-json\/wp\/v2\/users\/1"}],"replies":[{"embeddable":true,"href":"https:\/\/sagessesjb.edu.lb\/fr\/wp-json\/wp\/v2\/comments?post=814"}],"version-history":[{"count":47,"href":"https:\/\/sagessesjb.edu.lb\/fr\/wp-json\/wp\/v2\/pages\/814\/revisions"}],"predecessor-version":[{"id":10936,"href":"https:\/\/sagessesjb.edu.lb\/fr\/wp-json\/wp\/v2\/pages\/814\/revisions\/10936"}],"wp:attachment":[{"href":"https:\/\/sagessesjb.edu.lb\/fr\/wp-json\/wp\/v2\/media?parent=814"}],"curies":[{"name":"wp","href":"https:\/\/api.w.org\/{rel}","templated":true}]}}