{"id":806,"date":"2023-05-24T09:20:10","date_gmt":"2023-05-24T09:20:10","guid":{"rendered":"https:\/\/yerehost.com\/sagesse\/?page_id=806"},"modified":"2025-10-10T07:22:11","modified_gmt":"2025-10-10T07:22:11","slug":"cycle-secondaire","status":"publish","type":"page","link":"https:\/\/sagessesjb.edu.lb\/fr\/cycle-secondaire\/","title":{"rendered":"Cycle Secondaire Pr\u00e9sentation"},"content":{"rendered":"\t\t<div data-elementor-type=\"wp-page\" data-elementor-id=\"806\" class=\"elementor elementor-806\" data-elementor-post-type=\"page\">\n\t\t\t\t\t\t<section class=\"elementor-section elementor-top-section elementor-element elementor-element-856e1a2 elementor-section-boxed elementor-section-height-default elementor-section-height-default\" data-id=\"856e1a2\" data-element_type=\"section\" data-e-type=\"section\">\n\t\t\t\t\t\t<div class=\"elementor-container elementor-column-gap-default\">\n\t\t\t\t\t<div class=\"elementor-column elementor-col-50 elementor-top-column elementor-element elementor-element-e9e56be\" data-id=\"e9e56be\" data-element_type=\"column\" data-e-type=\"column\">\n\t\t\t<div class=\"elementor-widget-wrap elementor-element-populated\">\n\t\t\t\t\t\t<div class=\"elementor-element elementor-element-ff368d1 elementor-widget elementor-widget-image\" data-id=\"ff368d1\" data-element_type=\"widget\" data-e-type=\"widget\" data-widget_type=\"image.default\">\n\t\t\t\t<div class=\"elementor-widget-container\">\n\t\t\t\t\t\t\t\t\t\t\t\t\t\t\t<img fetchpriority=\"high\" decoding=\"async\" width=\"1134\" height=\"1140\" src=\"https:\/\/sagessesjb.edu.lb\/wp-content\/uploads\/2025\/10\/COMP-01.png\" class=\"attachment-full size-full wp-image-10925\" alt=\"\" srcset=\"https:\/\/sagessesjb.edu.lb\/wp-content\/uploads\/2025\/10\/COMP-01.png 1134w, https:\/\/sagessesjb.edu.lb\/wp-content\/uploads\/2025\/10\/COMP-01-298x300.png 298w, https:\/\/sagessesjb.edu.lb\/wp-content\/uploads\/2025\/10\/COMP-01-1019x1024.png 1019w, https:\/\/sagessesjb.edu.lb\/wp-content\/uploads\/2025\/10\/COMP-01-150x150.png 150w, https:\/\/sagessesjb.edu.lb\/wp-content\/uploads\/2025\/10\/COMP-01-768x772.png 768w, https:\/\/sagessesjb.edu.lb\/wp-content\/uploads\/2025\/10\/COMP-01-600x603.png 600w, https:\/\/sagessesjb.edu.lb\/wp-content\/uploads\/2025\/10\/COMP-01-100x100.png 100w\" sizes=\"(max-width: 1134px) 100vw, 1134px\" \/>\t\t\t\t\t\t\t\t\t\t\t\t\t\t\t<\/div>\n\t\t\t\t<\/div>\n\t\t\t\t\t<\/div>\n\t\t<\/div>\n\t\t\t\t<div class=\"elementor-column elementor-col-50 elementor-top-column elementor-element elementor-element-04a320d\" data-id=\"04a320d\" data-element_type=\"column\" data-e-type=\"column\">\n\t\t\t<div class=\"elementor-widget-wrap elementor-element-populated\">\n\t\t\t\t\t\t<div class=\"elementor-element elementor-element-aadb214 elementor-widget elementor-widget-heading\" data-id=\"aadb214\" data-element_type=\"widget\" data-e-type=\"widget\" data-widget_type=\"heading.default\">\n\t\t\t\t<div class=\"elementor-widget-container\">\n\t\t\t\t\t<h2 class=\"elementor-heading-title elementor-size-default\">Pr\u00e9sentation du Cycle Secondaire<\/h2>\t\t\t\t<\/div>\n\t\t\t\t<\/div>\n\t\t\t\t\t<\/div>\n\t\t<\/div>\n\t\t\t\t\t<\/div>\n\t\t<\/section>\n\t\t\t\t<section class=\"elementor-section elementor-top-section elementor-element elementor-element-647de93 elementor-section-boxed elementor-section-height-default elementor-section-height-default\" data-id=\"647de93\" data-element_type=\"section\" data-e-type=\"section\">\n\t\t\t\t\t\t<div class=\"elementor-container elementor-column-gap-default\">\n\t\t\t\t\t<div class=\"elementor-column elementor-col-100 elementor-top-column elementor-element elementor-element-e8690bd\" data-id=\"e8690bd\" data-element_type=\"column\" data-e-type=\"column\">\n\t\t\t<div class=\"elementor-widget-wrap elementor-element-populated\">\n\t\t\t\t\t\t<div class=\"elementor-element elementor-element-544ba1b elementor-widget elementor-widget-text-editor\" data-id=\"544ba1b\" data-element_type=\"widget\" data-e-type=\"widget\" data-widget_type=\"text-editor.default\">\n\t\t\t\t<div class=\"elementor-widget-container\">\n\t\t\t\t\t\t\t\t\t<p><strong>L\u2019intelligence artificielle n\u2019a pas de c\u0153ur ; la\u00a0sagesse humaine doit donc \u00eatre sa boussole&#8230;<\/strong><\/p><p>Le lyc\u00e9e accorde une attention particuli\u00e8re \u00e0 l\u2019accompagnement de chaque \u00e9l\u00e8ve dans son parcours acad\u00e9mique et personnel. Cette ann\u00e9e, le th\u00e8me \u00ab La sagesse en projet entre l\u2019Intelligence Humaine et l\u2019Intelligence Artificielle\u00bb oriente notre d\u00e9marche \u00e9ducative. Il nous invite \u00e0 r\u00e9fl\u00e9chir \u00e0 la place de la sagesse dans un monde o\u00f9 la technologie \u00e9volue \u00e0 une vitesse in\u00e9dite, et o\u00f9 l\u2019intelligence artificielle s\u2019impose comme un outil incontournable.<\/p><p>\u00c0 travers ce th\u00e8me, nous cherchons \u00e0 amener nos \u00e9l\u00e8ves \u00e0 comprendre que la v\u00e9ritable intelligence ne se mesure pas seulement \u00e0 la performance technologique, mais aussi \u00e0 la capacit\u00e9 de penser avec discernement, d\u2019agir avec humanit\u00e9 et de communiquer avec bienveillance. L\u2019intelligence humaine et l\u2019intelligence artificielle ne s\u2019opposent pas ; elles se compl\u00e8tent lorsqu\u2019elles sont mises au service du bien, de la connaissance et du progr\u00e8s collectif.<\/p><p>Dans cet esprit, le lyc\u00e9e encourage les \u00e9l\u00e8ves \u00e0 d\u00e9velopper leur esprit critique, leur cr\u00e9ativit\u00e9 et leur sens \u00e9thique, tout en leur donnant les outils n\u00e9cessaires pour naviguer dans un monde en pleine transformation num\u00e9rique. Nous visons \u00e0 renforcer la communication responsable et \u00e9clair\u00e9e, indispensable pour b\u00e2tir une soci\u00e9t\u00e9 o\u00f9 la technologie reste au service de l\u2019homme, et non l\u2019inverse.<\/p><p>Le lyc\u00e9e s\u2019attache \u00e0 former de jeunes adultes \u00e9quilibr\u00e9s et \u00e9panouis dans toutes les dimensions de leur vie : spirituelle, intellectuelle, \u00e9motionnelle, physique et acad\u00e9mique. Gr\u00e2ce \u00e0 un corps professoral d\u00e9vou\u00e9 et \u00e0 un programme p\u00e9dagogique dynamique, nous mettons tout en \u0153uvre pour assurer la r\u00e9ussite de nos \u00e9l\u00e8ves, tant aux examens officiels qu\u2019aux concours\u00a0d\u2019entr\u00e9e \u00e0 l\u2019universit\u00e9.<\/p><p>En parall\u00e8le de cet accompagnement global, le lyc\u00e9e veille \u00e0 offrir un suivi individualis\u00e9 \u00e0 chacun de ses \u00e9l\u00e8ves, r\u00e9partis selon les fili\u00e8res suivantes :<\/p><p>Terminales : 102 \u00e9l\u00e8ves r\u00e9partis entre le baccalaur\u00e9at libanais (SV, SG, SE) et le baccalaur\u00e9at fran\u00e7ais.\u00a0<\/p><p>Les \u00e9l\u00e8ves du Bac fran\u00e7ais suivent le programme fran\u00e7ais, tout en b\u00e9n\u00e9ficiant d\u2019heures suppl\u00e9mentaires en math\u00e9matiques et en physique issues du programme libanais, afin de renforcer leurs comp\u00e9tences et de mieux les pr\u00e9parer aux concours universitaires.<\/p><p>Premi\u00e8res : 128 \u00e9l\u00e8ves r\u00e9partis entre le Bac libanais et le Bac fran\u00e7ais.<\/p><p>Secondes : 103 \u00e9l\u00e8ves suivant le double programme libanais et fran\u00e7ais, r\u00e9partis sur 3 sections<\/p><p>Ainsi, le cycle secondaire regroupe 333 \u00e9l\u00e8ves, plac\u00e9s sous ma responsabilit\u00e9, assist\u00e9e de Mme Marie Karam pour les Terminales, de Mme Zeina Bassil pour les Premi\u00e8res, et de Mme Mirna Stephan pour les Secondes, soutenues par une \u00e9quipe \u00e9ducative engag\u00e9e et bienveillante.<\/p><p>En plus de l\u2019accompagnement acad\u00e9mique, l\u2019engagement citoyen et \u00e9thique reste au c\u0153ur de notre mission. Nous invitons nos \u00e9l\u00e8ves \u00e0 r\u00e9fl\u00e9chir aux enjeux humains, sociaux et environnementaux de leur \u00e9poque, \u00e0 travers des projets citoyens, des actions de b\u00e9n\u00e9volat et des initiatives \u00e9coresponsables. Cette approche vise \u00e0 les aider \u00e0 devenir des acteurs lucides et responsables, capables d\u2019utiliser les outils de l\u2019intelligence , qu\u2019elle soit humaine ou artificielle avec sagesse.<\/p><p>En cette nouvelle ann\u00e9e scolaire, nous souhaitons \u00e0 tous nos \u00e9l\u00e8ves et \u00e0 leurs familles une ann\u00e9e plac\u00e9e sous le signe de la r\u00e9flexion, de la cr\u00e9ativit\u00e9 et de la sagesse.<\/p><p>Que cette ann\u00e9e soit pour chacun un chemin de d\u00e9couverte, de progr\u00e8s et de croissance int\u00e9rieure, o\u00f9 l\u2019intelligence humaine et l\u2019intelligence artificielle s\u2019unissent pour servir le bien commun.<\/p><p>Toute l\u2019\u00e9quipe \u00e9ducative se joint \u00e0 moi pour souhaiter \u00e0 nos \u00e9l\u00e8ves une excellente ann\u00e9e scolaire.<\/p><p style=\"text-align: right;\">Marie-Louise Chaaya<\/p><p style=\"text-align: right;\">CPE du Lyc\u00e9e<\/p><p>\u00a0<\/p>\t\t\t\t\t\t\t\t<\/div>\n\t\t\t\t<\/div>\n\t\t\t\t\t<\/div>\n\t\t<\/div>\n\t\t\t\t\t<\/div>\n\t\t<\/section>\n\t\t\t\t<section class=\"elementor-section elementor-top-section elementor-element elementor-element-a3c3e5c elementor-section-boxed elementor-section-height-default elementor-section-height-default\" data-id=\"a3c3e5c\" data-element_type=\"section\" data-e-type=\"section\">\n\t\t\t\t\t\t<div class=\"elementor-container elementor-column-gap-default\">\n\t\t\t\t\t<div class=\"elementor-column elementor-col-100 elementor-top-column elementor-element elementor-element-ff5752b\" data-id=\"ff5752b\" data-element_type=\"column\" data-e-type=\"column\">\n\t\t\t<div class=\"elementor-widget-wrap elementor-element-populated\">\n\t\t\t\t\t\t<div class=\"elementor-element elementor-element-38cbc92 elementor-widget elementor-widget-heading\" data-id=\"38cbc92\" data-element_type=\"widget\" data-e-type=\"widget\" data-widget_type=\"heading.default\">\n\t\t\t\t<div class=\"elementor-widget-container\">\n\t\t\t\t\t<h2 class=\"elementor-heading-title elementor-size-default\">Equipe de Travail<\/h2>\t\t\t\t<\/div>\n\t\t\t\t<\/div>\n\t\t\t\t\t<\/div>\n\t\t<\/div>\n\t\t\t\t\t<\/div>\n\t\t<\/section>\n\t\t\t\t<section class=\"elementor-section elementor-top-section elementor-element elementor-element-15670d5 elementor-section-boxed elementor-section-height-default elementor-section-height-default\" data-id=\"15670d5\" data-element_type=\"section\" data-e-type=\"section\">\n\t\t\t\t\t\t<div class=\"elementor-container elementor-column-gap-default\">\n\t\t\t\t\t<div class=\"elementor-column elementor-col-100 elementor-top-column elementor-element elementor-element-c9435eb\" data-id=\"c9435eb\" data-element_type=\"column\" data-e-type=\"column\">\n\t\t\t<div class=\"elementor-widget-wrap elementor-element-populated\">\n\t\t\t\t\t\t<div class=\"elementor-element elementor-element-26639c8 elementor-widget elementor-widget-text-editor\" data-id=\"26639c8\" data-element_type=\"widget\" data-e-type=\"widget\" data-widget_type=\"text-editor.default\">\n\t\t\t\t<div class=\"elementor-widget-container\">\n\t\t\t\t\t\t\t\t\t<p><strong>Responsable:<\/strong> Rania KHOUEIRY<\/p><p><strong>Enseignants:<\/strong><\/p><ul><li><strong>Arabe:<\/strong> Mme Ghada FEGHALI et Mme Chantale JAMOUS<\/li><li><strong>Francais:<\/strong> Mme Ghada KHACHAN (Tle), Mme Zeina NASRALLAH (1ere), Mme Julie HOYEK (1ere), Mme Ghada MASSOUD (2nde) et Mme Odile MAAZ (2nde)<\/li><li><strong>Anglais:<\/strong> Mme Claire KHOURY (Tle), Mme Nadine LTEIF (1ere-Tle) et Mme Elyse NASSIF (2nde)<\/li><li><strong>Maths:<\/strong> Mme Marie HELOU (Tle), Mme Clara KARAM (1ere-Tle), Mme Jessica DIB (2nde-1ere-Tle) et Mme Joelle LAHOUD (2nde-1ere)<\/li><li><strong>Physique:<\/strong> Mme Carina COSTA (Tle), Mme Valentina BEJJANI (1ere-Tle), M. Mark BOU ZEID (1ere-Tle), Mme Joelle SALIBA (2nde) et Mme Lara CHAYBAN (2nde)<\/li><li><strong>Chimie:<\/strong> Mme Rita SAFI (2nde-1ere-Tle) et Mme Rita ABI KHALIL (1ere-Tle)<\/li><li><strong>SVT:<\/strong> Mme Roula SAYYAH (Tle), Mme Lara SLEIMAN (1ere-Tle) et Mme Pamela NASR (2nde-1ere)<\/li><li><strong>Hist-Geo FR:<\/strong> Mme Nada KHAIRALLAH (Tle), Mme Maya CHKEIR (1ere-Tle) et Mme Amal ANTOUN (2nde)<\/li><li><strong>Hist-Geo AR:<\/strong> Mme Hiam HABCHY et M. Gilbert BOU BOUTROS<\/li><li><strong>Informatique:<\/strong> Mme Helene MATAR et M. Georges KARA,<\/li><li><strong>Danse:<\/strong> Mme Nathalie BOU KHATER<\/li><li><strong>Theatre:<\/strong> Mme Nathalie IBRAHIM<\/li><li><strong>Musique:<\/strong> Mme Myriam SEMAAN<\/li><li><strong>Photographie:<\/strong> Mme Cynthia ZACCOUR<\/li><li><strong>CineClub:<\/strong> Mme Nadine NAOUM<\/li><li><strong>EPS:<\/strong> Mme Sylvana MANSOUR, Mme Andrea JAD, M. Richard NOHRA et M. Hovig<\/li><\/ul><p><strong><br \/>Animatrices:<\/strong><\/p><ul><li><strong>Tle:<\/strong> Mme Marie KARAM<\/li><li><strong>1ere:<\/strong> Mme Suzanne SFEIR<\/li><li><strong>2nde:<\/strong> Mme Violette NADER<\/li><\/ul>\t\t\t\t\t\t\t\t<\/div>\n\t\t\t\t<\/div>\n\t\t\t\t\t<\/div>\n\t\t<\/div>\n\t\t\t\t\t<\/div>\n\t\t<\/section>\n\t\t\t\t<\/div>\n\t\t","protected":false},"excerpt":{"rendered":"<p>Pr\u00e9sentation du Cycle Secondaire L\u2019intelligence artificielle n\u2019a pas de c\u0153ur ; la\u00a0sagesse humaine doit donc \u00eatre sa boussole&#8230; Le lyc\u00e9e accorde une attention particuli\u00e8re \u00e0 l\u2019accompagnement de chaque \u00e9l\u00e8ve dans son parcours acad\u00e9mique et personnel. Cette ann\u00e9e, le th\u00e8me \u00ab La sagesse en projet entre l\u2019Intelligence Humaine et l\u2019Intelligence Artificielle\u00bb oriente notre d\u00e9marche \u00e9ducative. Il [&hellip;]<\/p>\n","protected":false},"author":1,"featured_media":0,"parent":0,"menu_order":0,"comment_status":"closed","ping_status":"closed","template":"","meta":{"footnotes":""},"class_list":["post-806","page","type-page","status-publish","hentry"],"_links":{"self":[{"href":"https:\/\/sagessesjb.edu.lb\/fr\/wp-json\/wp\/v2\/pages\/806","targetHints":{"allow":["GET"]}}],"collection":[{"href":"https:\/\/sagessesjb.edu.lb\/fr\/wp-json\/wp\/v2\/pages"}],"about":[{"href":"https:\/\/sagessesjb.edu.lb\/fr\/wp-json\/wp\/v2\/types\/page"}],"author":[{"embeddable":true,"href":"https:\/\/sagessesjb.edu.lb\/fr\/wp-json\/wp\/v2\/users\/1"}],"replies":[{"embeddable":true,"href":"https:\/\/sagessesjb.edu.lb\/fr\/wp-json\/wp\/v2\/comments?post=806"}],"version-history":[{"count":47,"href":"https:\/\/sagessesjb.edu.lb\/fr\/wp-json\/wp\/v2\/pages\/806\/revisions"}],"predecessor-version":[{"id":10928,"href":"https:\/\/sagessesjb.edu.lb\/fr\/wp-json\/wp\/v2\/pages\/806\/revisions\/10928"}],"wp:attachment":[{"href":"https:\/\/sagessesjb.edu.lb\/fr\/wp-json\/wp\/v2\/media?parent=806"}],"curies":[{"name":"wp","href":"https:\/\/api.w.org\/{rel}","templated":true}]}}