{"id":777,"date":"2023-05-24T07:31:28","date_gmt":"2023-05-24T07:31:28","guid":{"rendered":"https:\/\/yerehost.com\/sagesse\/?page_id=777"},"modified":"2026-04-15T08:10:25","modified_gmt":"2026-04-15T08:10:25","slug":"cycle-complementaire","status":"publish","type":"page","link":"https:\/\/sagessesjb.edu.lb\/fr\/cycle-complementaire\/","title":{"rendered":"Cycle Compl\u00e9mentaire Pr\u00e9sentation"},"content":{"rendered":"\t\t<div data-elementor-type=\"wp-page\" data-elementor-id=\"777\" class=\"elementor elementor-777\" data-elementor-post-type=\"page\">\n\t\t\t\t\t\t<section class=\"elementor-section elementor-top-section elementor-element elementor-element-a9707ba elementor-section-boxed elementor-section-height-default elementor-section-height-default\" data-id=\"a9707ba\" data-element_type=\"section\" data-e-type=\"section\">\n\t\t\t\t\t\t<div class=\"elementor-container elementor-column-gap-default\">\n\t\t\t\t\t<div class=\"elementor-column elementor-col-50 elementor-top-column elementor-element elementor-element-92c49c8\" data-id=\"92c49c8\" data-element_type=\"column\" data-e-type=\"column\">\n\t\t\t<div class=\"elementor-widget-wrap elementor-element-populated\">\n\t\t\t\t\t\t<div class=\"elementor-element elementor-element-2c51bd7 elementor-widget elementor-widget-image\" data-id=\"2c51bd7\" data-element_type=\"widget\" data-e-type=\"widget\" data-widget_type=\"image.default\">\n\t\t\t\t<div class=\"elementor-widget-container\">\n\t\t\t\t\t\t\t\t\t\t\t\t\t\t\t<img fetchpriority=\"high\" decoding=\"async\" width=\"421\" height=\"418\" src=\"https:\/\/sagessesjb.edu.lb\/wp-content\/uploads\/2025\/01\/joumana-chemaly-1.png\" class=\"attachment-large size-large wp-image-10332\" alt=\"\" srcset=\"https:\/\/sagessesjb.edu.lb\/wp-content\/uploads\/2025\/01\/joumana-chemaly-1.png 421w, https:\/\/sagessesjb.edu.lb\/wp-content\/uploads\/2025\/01\/joumana-chemaly-1-300x298.png 300w, https:\/\/sagessesjb.edu.lb\/wp-content\/uploads\/2025\/01\/joumana-chemaly-1-150x150.png 150w, https:\/\/sagessesjb.edu.lb\/wp-content\/uploads\/2025\/01\/joumana-chemaly-1-100x100.png 100w\" sizes=\"(max-width: 421px) 100vw, 421px\" \/>\t\t\t\t\t\t\t\t\t\t\t\t\t\t\t<\/div>\n\t\t\t\t<\/div>\n\t\t\t\t\t<\/div>\n\t\t<\/div>\n\t\t\t\t<div class=\"elementor-column elementor-col-50 elementor-top-column elementor-element elementor-element-70457c9\" data-id=\"70457c9\" data-element_type=\"column\" data-e-type=\"column\">\n\t\t\t<div class=\"elementor-widget-wrap elementor-element-populated\">\n\t\t\t\t\t\t<div class=\"elementor-element elementor-element-7313165 elementor-widget elementor-widget-heading\" data-id=\"7313165\" data-element_type=\"widget\" data-e-type=\"widget\" data-widget_type=\"heading.default\">\n\t\t\t\t<div class=\"elementor-widget-container\">\n\t\t\t\t\t<h2 class=\"elementor-heading-title elementor-size-default\">Pr\u00e9sentation du Cycle 4<br> \nLe coll\u00e8ge<\/h2>\t\t\t\t<\/div>\n\t\t\t\t<\/div>\n\t\t\t\t\t<\/div>\n\t\t<\/div>\n\t\t\t\t\t<\/div>\n\t\t<\/section>\n\t\t\t\t<section class=\"elementor-section elementor-top-section elementor-element elementor-element-c406e4f elementor-section-boxed elementor-section-height-default elementor-section-height-default\" data-id=\"c406e4f\" data-element_type=\"section\" data-e-type=\"section\">\n\t\t\t\t\t\t<div class=\"elementor-container elementor-column-gap-default\">\n\t\t\t\t\t<div class=\"elementor-column elementor-col-100 elementor-top-column elementor-element elementor-element-0aa2d5c\" data-id=\"0aa2d5c\" data-element_type=\"column\" data-e-type=\"column\">\n\t\t\t<div class=\"elementor-widget-wrap elementor-element-populated\">\n\t\t\t\t\t\t<div class=\"elementor-element elementor-element-8622069 elementor-widget elementor-widget-text-editor\" data-id=\"8622069\" data-element_type=\"widget\" data-e-type=\"widget\" data-widget_type=\"text-editor.default\">\n\t\t\t\t<div class=\"elementor-widget-container\">\n\t\t\t\t\t\t\t\t\t<p>Le Cycle 4 : accompagner l\u2019adolescent dans ses apprentissages et ses d\u00e9fis<\/p><p>Le cycle 4 (coll\u00e8ge), qui regroupe les classes de 5e, 4e et 3e, constitue une \u00e9tape charni\u00e8re dans le parcours scolaire. \u00c0 cet \u00e2ge, les \u00e9l\u00e8ves traversent une p\u00e9riode de profonds bouleversements physiques, \u00e9motionnels et cognitifs. C\u2019est une phase de transition o\u00f9 les rep\u00e8res sont parfois remis en question, et o\u00f9 les besoins de compr\u00e9hension, d\u2019autonomie et de reconnaissance sont particuli\u00e8rement marqu\u00e9s.<\/p><p>Face \u00e0 ces d\u00e9fis, le cycle 4 propose un accompagnement structur\u00e9, exigeant mais bienveillant. Les apprentissages se densifient et s\u2019approfondissent: les \u00e9l\u00e8ves d\u00e9veloppent leur esprit critique, apprennent \u00e0 structurer leur pens\u00e9e, \u00e0 argumenter, \u00e0 coop\u00e9rer et \u00e0 s\u2019exprimer avec rigueur et cr\u00e9ativit\u00e9. Les langues, les sciences, les humanit\u00e9s, les arts et l\u2019\u00e9ducation aux m\u00e9dias sont autant de domaines qui nourrissent leur curiosit\u00e9 et leur ouverture au monde.<\/p><p>Le th\u00e8me de l\u2019ann\u00e9e, \u00ab La Sagesse en projet: entre l\u2019IH et l\u2019IA \u00bb, invite \u00e9l\u00e8ves et enseignants \u00e0 r\u00e9fl\u00e9chir \u00e0 la place de l\u2019humain et de la technologie dans notre soci\u00e9t\u00e9. Comment concilier innovation et responsabilit\u00e9? Comment rester humain dans un monde de plus en plus num\u00e9rique? Autant de questions qui enrichissent les d\u00e9bats et les apprentissages tout au long de l\u2019ann\u00e9e.Un accompagnement engag\u00e9 et bienveillant<\/p><p>Le cycle 4 ne saurait remplir pleinement sa mission sans l&rsquo;engagement quotidien de l\u2019\u00e9quipe p\u00e9dagogique et \u00e9ducative. Professeurs, animateurs et intervenants travaillent en \u00e9troite collaboration pour offrir aux \u00e9l\u00e8ves un environnement \u00e0 la fois exigeant et rassurant. Leur r\u00f4le va bien au-del\u00e0 de la transmission des savoirs : ils accompagnent les adolescents dans leur d\u00e9veloppement personnel, les soutiennent dans leurs d\u00e9fis et les encouragent \u00e0 faire preuve de discernement, d\u2019autonomie et de responsabilit\u00e9.<\/p><p>Autour de la CPE (Conseill\u00e8re Principale d\u2019\u00c9ducation) , une \u00e9quipe d\u2019animatrices engag\u00e9es veille au bien-\u00eatre des \u00e9l\u00e8ves au quotidien:\u00a0<\/p><p>&#8211; Mme Suzanne Sfeir accompagne les \u00e9l\u00e8ves de 3e\u00a0<\/p><p>&#8211; Mme Violette Nader suit les classes de 4e\u00a0<\/p><p>&#8211; Mme Maya Maroun est pr\u00e9sente aupr\u00e8s des \u00e9l\u00e8ves de 5e\u00a0<\/p><p>Chaque membre de cette \u00e9quipe joue un r\u00f4le essentiel dans l\u2019encadrement et l\u2019accompagnement des coll\u00e9giens tout au long de l\u2019ann\u00e9e.<\/p><p>\u00ab\u00a0Avec le soutien de l\u2019\u00e9quipe \u00e9ducative, les \u00e9l\u00e8ves du cycle 4 avancent avec confiance, guid\u00e9s par le th\u00e8me de l\u2019ann\u00e9e : *\u00ab La Sagesse en projet : entre l\u2019IH et l\u2019IA \u00bb. Nous leur souhaitons une ann\u00e9e riche en d\u00e9couvertes et en r\u00e9ussites.\u00a0\u00bb<\/p><p style=\"text-align: right;\"><em><strong>EL CHEMALI Joumana<\/strong><\/em><\/p><p style=\"text-align: right;\"><em><strong>CPE du coll\u00e8ge<\/strong><\/em><\/p>\t\t\t\t\t\t\t\t<\/div>\n\t\t\t\t<\/div>\n\t\t\t\t\t<\/div>\n\t\t<\/div>\n\t\t\t\t\t<\/div>\n\t\t<\/section>\n\t\t\t\t<section class=\"elementor-section elementor-top-section elementor-element elementor-element-2a44cca elementor-section-boxed elementor-section-height-default elementor-section-height-default\" data-id=\"2a44cca\" data-element_type=\"section\" data-e-type=\"section\">\n\t\t\t\t\t\t<div class=\"elementor-container elementor-column-gap-default\">\n\t\t\t\t\t<div class=\"elementor-column elementor-col-100 elementor-top-column elementor-element elementor-element-ca5517f\" data-id=\"ca5517f\" data-element_type=\"column\" data-e-type=\"column\">\n\t\t\t<div class=\"elementor-widget-wrap elementor-element-populated\">\n\t\t\t\t\t\t<div class=\"elementor-element elementor-element-14d76de elementor-widget elementor-widget-heading\" data-id=\"14d76de\" data-element_type=\"widget\" data-e-type=\"widget\" data-widget_type=\"heading.default\">\n\t\t\t\t<div class=\"elementor-widget-container\">\n\t\t\t\t\t<h2 class=\"elementor-heading-title elementor-size-default\">Equipe de Travail<\/h2>\t\t\t\t<\/div>\n\t\t\t\t<\/div>\n\t\t\t\t\t<\/div>\n\t\t<\/div>\n\t\t\t\t\t<\/div>\n\t\t<\/section>\n\t\t\t\t<\/div>\n\t\t","protected":false},"excerpt":{"rendered":"<p>Pr\u00e9sentation du Cycle 4 Le coll\u00e8ge Le Cycle 4 : accompagner l\u2019adolescent dans ses apprentissages et ses d\u00e9fis Le cycle 4 (coll\u00e8ge), qui regroupe les classes de 5e, 4e et 3e, constitue une \u00e9tape charni\u00e8re dans le parcours scolaire. \u00c0 cet \u00e2ge, les \u00e9l\u00e8ves traversent une p\u00e9riode de profonds bouleversements physiques, \u00e9motionnels et cognitifs. C\u2019est [&hellip;]<\/p>\n","protected":false},"author":1,"featured_media":0,"parent":0,"menu_order":0,"comment_status":"closed","ping_status":"closed","template":"","meta":{"footnotes":""},"class_list":["post-777","page","type-page","status-publish","hentry"],"_links":{"self":[{"href":"https:\/\/sagessesjb.edu.lb\/fr\/wp-json\/wp\/v2\/pages\/777","targetHints":{"allow":["GET"]}}],"collection":[{"href":"https:\/\/sagessesjb.edu.lb\/fr\/wp-json\/wp\/v2\/pages"}],"about":[{"href":"https:\/\/sagessesjb.edu.lb\/fr\/wp-json\/wp\/v2\/types\/page"}],"author":[{"embeddable":true,"href":"https:\/\/sagessesjb.edu.lb\/fr\/wp-json\/wp\/v2\/users\/1"}],"replies":[{"embeddable":true,"href":"https:\/\/sagessesjb.edu.lb\/fr\/wp-json\/wp\/v2\/comments?post=777"}],"version-history":[{"count":104,"href":"https:\/\/sagessesjb.edu.lb\/fr\/wp-json\/wp\/v2\/pages\/777\/revisions"}],"predecessor-version":[{"id":11588,"href":"https:\/\/sagessesjb.edu.lb\/fr\/wp-json\/wp\/v2\/pages\/777\/revisions\/11588"}],"wp:attachment":[{"href":"https:\/\/sagessesjb.edu.lb\/fr\/wp-json\/wp\/v2\/media?parent=777"}],"curies":[{"name":"wp","href":"https:\/\/api.w.org\/{rel}","templated":true}]}}