{"id":772,"date":"2023-05-24T07:23:06","date_gmt":"2023-05-24T07:23:06","guid":{"rendered":"https:\/\/yerehost.com\/sagesse\/?page_id=772"},"modified":"2025-10-10T05:16:07","modified_gmt":"2025-10-10T05:16:07","slug":"cycle-primaire-ii","status":"publish","type":"page","link":"https:\/\/sagessesjb.edu.lb\/fr\/cycle-primaire-ii\/","title":{"rendered":"Cycle Primaire II Pr\u00e9sentation"},"content":{"rendered":"\t\t<div data-elementor-type=\"wp-page\" data-elementor-id=\"772\" class=\"elementor elementor-772\" data-elementor-post-type=\"page\">\n\t\t\t\t\t\t<section class=\"elementor-section elementor-top-section elementor-element elementor-element-eae80c7 elementor-section-boxed elementor-section-height-default elementor-section-height-default\" data-id=\"eae80c7\" data-element_type=\"section\" data-e-type=\"section\">\n\t\t\t\t\t\t<div class=\"elementor-container elementor-column-gap-default\">\n\t\t\t\t\t<div class=\"elementor-column elementor-col-50 elementor-top-column elementor-element elementor-element-210ae60\" data-id=\"210ae60\" data-element_type=\"column\" data-e-type=\"column\">\n\t\t\t<div class=\"elementor-widget-wrap elementor-element-populated\">\n\t\t\t\t\t\t<div class=\"elementor-element elementor-element-7cd0ff3 elementor-widget elementor-widget-image\" data-id=\"7cd0ff3\" data-element_type=\"widget\" data-e-type=\"widget\" data-widget_type=\"image.default\">\n\t\t\t\t<div class=\"elementor-widget-container\">\n\t\t\t\t\t\t\t\t\t\t\t\t\t\t\t<img fetchpriority=\"high\" decoding=\"async\" width=\"411\" height=\"413\" src=\"https:\/\/sagessesjb.edu.lb\/wp-content\/uploads\/2023\/07\/p2.png\" class=\"attachment-large size-large wp-image-1969\" alt=\"\" srcset=\"https:\/\/sagessesjb.edu.lb\/wp-content\/uploads\/2023\/07\/p2.png 411w, https:\/\/sagessesjb.edu.lb\/wp-content\/uploads\/2023\/07\/p2-300x300.png 300w, https:\/\/sagessesjb.edu.lb\/wp-content\/uploads\/2023\/07\/p2-150x150.png 150w, https:\/\/sagessesjb.edu.lb\/wp-content\/uploads\/2023\/07\/p2-100x100.png 100w\" sizes=\"(max-width: 411px) 100vw, 411px\" \/>\t\t\t\t\t\t\t\t\t\t\t\t\t\t\t<\/div>\n\t\t\t\t<\/div>\n\t\t\t\t\t<\/div>\n\t\t<\/div>\n\t\t\t\t<div class=\"elementor-column elementor-col-50 elementor-top-column elementor-element elementor-element-167703b\" data-id=\"167703b\" data-element_type=\"column\" data-e-type=\"column\">\n\t\t\t<div class=\"elementor-widget-wrap elementor-element-populated\">\n\t\t\t\t\t\t<div class=\"elementor-element elementor-element-4426a01 elementor-widget elementor-widget-heading\" data-id=\"4426a01\" data-element_type=\"widget\" data-e-type=\"widget\" data-widget_type=\"heading.default\">\n\t\t\t\t<div class=\"elementor-widget-container\">\n\t\t\t\t\t<h2 class=\"elementor-heading-title elementor-size-default\">Pr\u00e9sentation du Cycle Primaire II<\/h2>\t\t\t\t<\/div>\n\t\t\t\t<\/div>\n\t\t\t\t\t<\/div>\n\t\t<\/div>\n\t\t\t\t\t<\/div>\n\t\t<\/section>\n\t\t\t\t<section class=\"elementor-section elementor-top-section elementor-element elementor-element-8afa4a6 elementor-section-boxed elementor-section-height-default elementor-section-height-default\" data-id=\"8afa4a6\" data-element_type=\"section\" data-e-type=\"section\">\n\t\t\t\t\t\t<div class=\"elementor-container elementor-column-gap-default\">\n\t\t\t\t\t<div class=\"elementor-column elementor-col-100 elementor-top-column elementor-element elementor-element-1ba0653\" data-id=\"1ba0653\" data-element_type=\"column\" data-e-type=\"column\">\n\t\t\t<div class=\"elementor-widget-wrap elementor-element-populated\">\n\t\t\t\t\t\t<div class=\"elementor-element elementor-element-37b8cd4 elementor-widget elementor-widget-text-editor\" data-id=\"37b8cd4\" data-element_type=\"widget\" data-e-type=\"widget\" data-widget_type=\"text-editor.default\">\n\t\t\t\t<div class=\"elementor-widget-container\">\n\t\t\t\t\t\t\t\t\t<p style=\"text-align: center;\"><strong>La Sagesse en projet : entre l\u2019Intelligence Humaine et l\u2019Intelligence artificielle<\/strong><\/p><p>Cette ann\u00e9e, le <strong>cycle 3<\/strong> s\u2019inscrit pleinement dans le th\u00e8me de l\u2019\u00e9tablissement en explorant <strong>l\u2019\u00e9quilibre entre l\u2019intelligence artificielle et l\u2019intelligence humaine<\/strong>. \u00c0 travers ce fil conducteur, les \u00e9l\u00e8ves sont invit\u00e9s \u00e0 cultiver leur <strong>curiosit\u00e9, leur cr\u00e9ativit\u00e9, leur esprit critique et leur discernement<\/strong> face aux innovations num\u00e9riques.<\/p><p>Comme le soulignait Albert Einstein : <em>\u00ab La technologie est une chose merveilleuse, mais elle ne doit pas remplacer la pens\u00e9e humaine. \u00bb<\/em> Fid\u00e8les \u00e0 cette vision, nous pla\u00e7ons l\u2019IA <strong>au service de l\u2019apprentissage<\/strong> : un outil de soutien qui stimule l\u2019autonomie, la r\u00e9flexion et la construction d\u2019un savoir <strong>solide et durable<\/strong>.<\/p><p>Au cycle 3, <strong>communication et collaboration<\/strong> occupent une place centrale. \u00c9l\u00e8ves, enseignants et technologies avancent ensemble pour b\u00e2tir un savoir <strong>partag\u00e9 et profond\u00e9ment humain<\/strong>, dans une dynamique qui valorise le potentiel individuel et renforce le <strong>vivre-ensemble<\/strong>.<\/p><p><strong>Un cycle de transition et de consolidation<\/strong><\/p><p>Relais essentiel entre l\u2019\u00e9cole \u00e9l\u00e9mentaire et le coll\u00e8ge, le cycle 3 permet de <strong>consolider les savoirs fondamentaux<\/strong> en lecture, \u00e9criture et math\u00e9matiques, tout en accompagnant les \u00e9l\u00e8ves vers une <strong>autonomie intellectuelle et organisationnelle<\/strong> plus affirm\u00e9e. Les apprentissages encouragent la <strong>coop\u00e9ration, l\u2019argumentation, la r\u00e9solution de probl\u00e8mes et l\u2019esprit critique<\/strong>, tout en int\u00e9grant des dimensions <strong>artistiques et culturelles<\/strong> qui enrichissent l\u2019exp\u00e9rience scolaire, ouvrent \u00e0 la diversit\u00e9 et stimulent la cr\u00e9ativit\u00e9. La <strong>gestion du temps et des t\u00e2ches<\/strong> fait \u00e9galement partie int\u00e9grante du parcours, afin de pr\u00e9parer les \u00e9l\u00e8ves aux exigences des niveaux sup\u00e9rieurs.<\/p><p><strong>Une \u00e9quipe \u00e9ducative engag\u00e9e<\/strong><\/p><p>Le Cycle 3 accueille cette ann\u00e9e <strong>354 \u00e9l\u00e8ves<\/strong>, encadr\u00e9s avec bienveillance par :<\/p><ul><li><strong>Mme Marie Khalif\u00e9<\/strong> pour les classes de <strong>CM1<\/strong> ;<\/li><li><strong>Mme Hala Irani<\/strong> pour les classes de <strong>CM2<\/strong> ;<\/li><li><strong>Mme Nada Bou Khalil<\/strong> pour les classes de <strong>6<\/strong><strong>\u1d49<\/strong>.<\/li><\/ul><p><strong>V\u0153ux pour l\u2019ann\u00e9e scolaire 2025-2026<\/strong><\/p><p>Chers parents, chers \u00e9l\u00e8ves,<\/p><p>Toute l\u2019\u00e9quipe \u00e9ducative vous adresse ses <strong>v\u0153ux les plus sinc\u00e8res<\/strong> pour une ann\u00e9e scolaire plac\u00e9e sous le signe de la <strong>r\u00e9ussite, de l\u2019innovation et de l\u2019\u00e9panouissement partag\u00e9<\/strong>. Puissent le <strong>progr\u00e8s technologique<\/strong> et les <strong>valeurs humaines<\/strong> avancer ensemble, dans un \u00e9quilibre <strong>harmonieux et inspirant<\/strong>.<\/p><p style=\"text-align: right;\"><em>Rita Ward<\/em><\/p><p style=\"text-align: right;\"><em>Responsable du Cycle Primaire II<\/em><\/p>\t\t\t\t\t\t\t\t<\/div>\n\t\t\t\t<\/div>\n\t\t\t\t\t<\/div>\n\t\t<\/div>\n\t\t\t\t\t<\/div>\n\t\t<\/section>\n\t\t\t\t<section class=\"elementor-section elementor-top-section elementor-element elementor-element-27d253e elementor-section-boxed elementor-section-height-default elementor-section-height-default\" data-id=\"27d253e\" data-element_type=\"section\" data-e-type=\"section\">\n\t\t\t\t\t\t<div class=\"elementor-container elementor-column-gap-default\">\n\t\t\t\t\t<div class=\"elementor-column elementor-col-100 elementor-top-column elementor-element elementor-element-eff1291\" data-id=\"eff1291\" data-element_type=\"column\" data-e-type=\"column\">\n\t\t\t<div class=\"elementor-widget-wrap elementor-element-populated\">\n\t\t\t\t\t\t<div class=\"elementor-element elementor-element-0151939 elementor-widget elementor-widget-heading\" data-id=\"0151939\" data-element_type=\"widget\" data-e-type=\"widget\" data-widget_type=\"heading.default\">\n\t\t\t\t<div class=\"elementor-widget-container\">\n\t\t\t\t\t<h2 class=\"elementor-heading-title elementor-size-default\">Equipe de Travail<\/h2>\t\t\t\t<\/div>\n\t\t\t\t<\/div>\n\t\t\t\t\t<\/div>\n\t\t<\/div>\n\t\t\t\t\t<\/div>\n\t\t<\/section>\n\t\t\t\t<section class=\"elementor-section elementor-top-section elementor-element elementor-element-8bf414f elementor-section-boxed elementor-section-height-default elementor-section-height-default\" data-id=\"8bf414f\" data-element_type=\"section\" data-e-type=\"section\">\n\t\t\t\t\t\t<div class=\"elementor-container elementor-column-gap-default\">\n\t\t\t\t\t<div class=\"elementor-column elementor-col-100 elementor-top-column elementor-element elementor-element-b47fe36\" data-id=\"b47fe36\" data-element_type=\"column\" data-e-type=\"column\">\n\t\t\t<div class=\"elementor-widget-wrap elementor-element-populated\">\n\t\t\t\t\t\t<div class=\"elementor-element elementor-element-513e5d8 elementor-widget elementor-widget-text-editor\" data-id=\"513e5d8\" data-element_type=\"widget\" data-e-type=\"widget\" data-widget_type=\"text-editor.default\">\n\t\t\t\t<div class=\"elementor-widget-container\">\n\t\t\t\t\t\t\t\t\t<p><strong>Cycle 3\u00a0: Equipes p\u00e9dagogiques<\/strong><\/p><p><strong>Responsable du cycle\u00a0:<\/strong><\/p><p>Mme Rita Ward<strong>\u00a0<\/strong><\/p><p><strong>Animatrices\u00a0:<\/strong><\/p><p>Mme Marie Khalif\u00e9\u00a0: CM1<\/p><p>Mme Hala Irani\u00a0: CM2<\/p><p>Mme Nada Bou Khalil\u00a0: 6<sup>e<\/sup><\/p><p><strong>Cat\u00e9ch\u00e8se\u00a0<\/strong><\/p><p>Mme Edith Zoghbi : CM1 C-D\u00a0; CM2 A-B<\/p><p>Mme Rita Jabre\u00a0:\u00a0CM1 A-B\u00a0; CM2 C-D\u00a0; 6<sup>e<\/sup> A-B-C-D<\/p><p><strong>Arabe\u00a0<\/strong><\/p><p>Mme Sandra Nammour\u00a0: CM1C\u00a0;\u00a0CM2 B-D<\/p><p>Mme Ren\u00e9e Costa\u00a0: CM1 A-B<\/p><p>Mme Mira Ghazal\u00a0: CM1D<\/p><p>Mme Carla Bou Khalil\u00a0: CM2 A-C\u00a0; 6<sup>e<\/sup>\u00a0A-C<\/p><p>Mme Grace Abi Nader\u00a0: 6<sup>e<\/sup>\u00a0B<\/p><p>Mme Hanine Abou Rjeily\u00a0: 6<sup>e<\/sup> D<\/p><p>Mme St\u00e9phanie Badr\u00a0: Dispens\u00e9s\u00a0: CM1 A\u00a0; CM2 A\u00a0; 6<sup>e<\/sup>\u00a0A<\/p><p><strong>Fran\u00e7ais<\/strong><\/p><p>Mme Randa Farhat\u00a0: CM1 B-C<\/p><p>Mme Rita Bou Rjeily\u00a0: CM1D\u00a0; CM2 A-B<\/p><p>Mme Th\u00e9r\u00e8se Faddoul\u00a0: CM1A\u00a0; CM2 C-D<\/p><p>Mme Jo\u00eblle Abi Nader : 6<sup>e<\/sup>\u00a0A<\/p><p>Mme C\u00e9line Berberi\u00a0: 6<sup>e<\/sup>\u00a0B<\/p><p>Mme Patricia Helou\u00a0: 6<sup>e<\/sup>\u00a0C-D<\/p><p><strong>Math\u00e9matiques<\/strong><\/p><p>Mme Marie Haddad\u00a0: CM1B\u00a0; CM2 A-D<\/p><p>Mme Rana Antoun\u00a0: CM1A\u00a0; CM2 B-C<\/p><p>Mme Nohad Francis\u00a0: CM1C-D\u00a0; 6<sup>e<\/sup>\u00a0D<\/p><p>Mme Sabine Samarani\u00a0: 6<sup>e<\/sup>\u00a0A-B<\/p><p>Mme Rouba Azzi : 6<sup>e<\/sup> C<\/p><p><strong>SVT<\/strong><\/p><p>Mme Rana Antoun\u00a0: CM1 A-B<\/p><p>Mme Nohad Francis: CM1 C-D\u00a0\u00a0\u00a0<\/p><p>Mme Micheline Eliane\u00a0: CM2 A-B-C-D\u00a0; 6<sup>e<\/sup>\u00a0B-C<\/p><p>Mme Marion Afif : 6<sup>e<\/sup>\u00a0A-D<\/p><p><strong>Anglais<\/strong><\/p><p>Mme Aline Kmeid: CM1 A-B-C-D ; CM2 B-C-D<\/p><p>Mme Dina Asfour: CM2 A ; 6<sup>e<\/sup>\u00a0A-B-C-D<\/p><p><strong>Histoire g\u00e9ographie prog. fr-EMC\u00a0<\/strong><\/p><p>Mme Th\u00e9r\u00e8se Faddoul\u00a0: CM1 A<\/p><p>Mme Randa Farhat\u00a0: CM1 B-C<\/p><p>Mme Rita Bou Rjeily\u00a0: CM1D<\/p><p>Mme Daniella Hannouch\u00a0: CM2 A-B-C-D\u00a0; 6<sup>e<\/sup>\u00a0A-B-C-D<\/p><p><strong>Histoire prog. ar.<\/strong><\/p><ol><li>Rachid Abi Aad : 6<sup>e<\/sup>A-B-C-D<\/li><\/ol><p><strong>Protect-ED\u00a0<\/strong><\/p><p>Mme Micheline Eliane\u00a0: CM1 A-B-C-D ; CM2 A-B-C-D<\/p><p>Mme Jo\u00eblle Abi Nader\u00a0: 6<sup>e<\/sup>\u00a0A-B-C-D<\/p><p><strong>Informatique <\/strong><\/p><p>Mme H\u00e9l\u00e8ne Matar\u00a0: CM2 B-C-D<\/p><p>Mme Mireille Abou Rjeily\u00a0:\u00a0 CM1 A-B-C-D\u00a0; CM2 A<\/p><p><strong>Coding <\/strong><\/p><p>Mme H\u00e9l\u00e8ne Matar\u00a0: CM1 A-B\u00a0; CM2 D<\/p><p>Mme Mireille Feghali\u00a0: CM1 C-D\u00a0; CM2 A-B-C\u00a0; 6<sup>e<\/sup> A-B-C-D<\/p><p><strong>EPS<\/strong><\/p><ol><li>Ohannes Kohilian\u00a0:\u00a0 CM1 A-B-C-D<\/li><li>Jeff Gemayel : CM2 A-B-C-D<\/li><\/ol><p>Mme Rachel Ghossein\u00a0: 6<sup>e<\/sup> A-B-C<\/p><ol><li>Richard Nohra\u00a0\u00a0: 6<sup>e <\/sup>D<\/li><\/ol><p><strong>Activit\u00e9s artistiques<\/strong><\/p><p>Mme Amal Younes\u00a0: Danse\u00a0: CM1\u00a0; CM2\u00a0; 6<sup>e<\/sup><\/p><p>Mme Jessy Baaklini\u00a0: Th\u00e9\u00e2tre\u00a0: CM1\u00a0; CM2\u00a0; 6<sup>e<\/sup><\/p><p>Mme Micheline Raad\u00a0: Arts plastiques\u00a0: CM1\u00a0; CM2\u00a0; 6<sup>e<\/sup><\/p><p>Mme Rosy Issa\u00a0: Musique\u00a0: CM1 A-B-C-D\u00a0; CM2 C-D<\/p><p>Mme Mary Moussallem\u00a0: Musique\u00a0: CM2 A-B\u00a0; 6<sup>e <\/sup>A-B-C-D<\/p><p><strong>Langues vivantes\u00a0<\/strong><\/p><p>Mme Nari-Karina Chehayeb\u00a0: Espagnol\u00a0: 6<sup>e<\/sup>\u00a0A<\/p><p>Mme Nour Feghali : Italien\u00a0: 6<sup>e<\/sup>\u00a0A<\/p>\t\t\t\t\t\t\t\t<\/div>\n\t\t\t\t<\/div>\n\t\t\t\t\t<\/div>\n\t\t<\/div>\n\t\t\t\t\t<\/div>\n\t\t<\/section>\n\t\t\t\t<\/div>\n\t\t","protected":false},"excerpt":{"rendered":"<p>Pr\u00e9sentation du Cycle Primaire II La Sagesse en projet : entre l\u2019Intelligence Humaine et l\u2019Intelligence artificielle Cette ann\u00e9e, le cycle 3 s\u2019inscrit pleinement dans le th\u00e8me de l\u2019\u00e9tablissement en explorant l\u2019\u00e9quilibre entre l\u2019intelligence artificielle et l\u2019intelligence humaine. \u00c0 travers ce fil conducteur, les \u00e9l\u00e8ves sont invit\u00e9s \u00e0 cultiver leur curiosit\u00e9, leur cr\u00e9ativit\u00e9, leur esprit critique [&hellip;]<\/p>\n","protected":false},"author":1,"featured_media":0,"parent":0,"menu_order":0,"comment_status":"closed","ping_status":"closed","template":"","meta":{"footnotes":""},"class_list":["post-772","page","type-page","status-publish","hentry"],"_links":{"self":[{"href":"https:\/\/sagessesjb.edu.lb\/fr\/wp-json\/wp\/v2\/pages\/772","targetHints":{"allow":["GET"]}}],"collection":[{"href":"https:\/\/sagessesjb.edu.lb\/fr\/wp-json\/wp\/v2\/pages"}],"about":[{"href":"https:\/\/sagessesjb.edu.lb\/fr\/wp-json\/wp\/v2\/types\/page"}],"author":[{"embeddable":true,"href":"https:\/\/sagessesjb.edu.lb\/fr\/wp-json\/wp\/v2\/users\/1"}],"replies":[{"embeddable":true,"href":"https:\/\/sagessesjb.edu.lb\/fr\/wp-json\/wp\/v2\/comments?post=772"}],"version-history":[{"count":83,"href":"https:\/\/sagessesjb.edu.lb\/fr\/wp-json\/wp\/v2\/pages\/772\/revisions"}],"predecessor-version":[{"id":10915,"href":"https:\/\/sagessesjb.edu.lb\/fr\/wp-json\/wp\/v2\/pages\/772\/revisions\/10915"}],"wp:attachment":[{"href":"https:\/\/sagessesjb.edu.lb\/fr\/wp-json\/wp\/v2\/media?parent=772"}],"curies":[{"name":"wp","href":"https:\/\/api.w.org\/{rel}","templated":true}]}}