{"id":766,"date":"2023-05-24T07:14:34","date_gmt":"2023-05-24T07:14:34","guid":{"rendered":"https:\/\/yerehost.com\/sagesse\/?page_id=766"},"modified":"2025-10-10T05:06:09","modified_gmt":"2025-10-10T05:06:09","slug":"cycle-primaire-i","status":"publish","type":"page","link":"https:\/\/sagessesjb.edu.lb\/fr\/cycle-primaire-i\/","title":{"rendered":"Cycle Primaire I Pr\u00e9sentation"},"content":{"rendered":"\t\t<div data-elementor-type=\"wp-page\" data-elementor-id=\"766\" class=\"elementor elementor-766\" data-elementor-post-type=\"page\">\n\t\t\t\t\t\t<section class=\"elementor-section elementor-top-section elementor-element elementor-element-ca62c76 elementor-section-boxed elementor-section-height-default elementor-section-height-default\" data-id=\"ca62c76\" data-element_type=\"section\" data-e-type=\"section\">\n\t\t\t\t\t\t<div class=\"elementor-container elementor-column-gap-default\">\n\t\t\t\t\t<div class=\"elementor-column elementor-col-50 elementor-top-column elementor-element elementor-element-5777a4b\" data-id=\"5777a4b\" data-element_type=\"column\" data-e-type=\"column\">\n\t\t\t<div class=\"elementor-widget-wrap elementor-element-populated\">\n\t\t\t\t\t\t<div class=\"elementor-element elementor-element-43049d3 elementor-widget elementor-widget-image\" data-id=\"43049d3\" data-element_type=\"widget\" data-e-type=\"widget\" data-widget_type=\"image.default\">\n\t\t\t\t<div class=\"elementor-widget-container\">\n\t\t\t\t\t\t\t\t\t\t\t\t\t\t\t<img fetchpriority=\"high\" decoding=\"async\" width=\"411\" height=\"413\" src=\"https:\/\/sagessesjb.edu.lb\/wp-content\/uploads\/2023\/07\/p1.png\" class=\"attachment-large size-large wp-image-1957\" alt=\"\" srcset=\"https:\/\/sagessesjb.edu.lb\/wp-content\/uploads\/2023\/07\/p1.png 411w, https:\/\/sagessesjb.edu.lb\/wp-content\/uploads\/2023\/07\/p1-300x300.png 300w, https:\/\/sagessesjb.edu.lb\/wp-content\/uploads\/2023\/07\/p1-150x150.png 150w, https:\/\/sagessesjb.edu.lb\/wp-content\/uploads\/2023\/07\/p1-100x100.png 100w\" sizes=\"(max-width: 411px) 100vw, 411px\" \/>\t\t\t\t\t\t\t\t\t\t\t\t\t\t\t<\/div>\n\t\t\t\t<\/div>\n\t\t\t\t\t<\/div>\n\t\t<\/div>\n\t\t\t\t<div class=\"elementor-column elementor-col-50 elementor-top-column elementor-element elementor-element-2a95e96\" data-id=\"2a95e96\" data-element_type=\"column\" data-e-type=\"column\">\n\t\t\t<div class=\"elementor-widget-wrap elementor-element-populated\">\n\t\t\t\t\t\t<div class=\"elementor-element elementor-element-682a25d elementor-widget elementor-widget-heading\" data-id=\"682a25d\" data-element_type=\"widget\" data-e-type=\"widget\" data-widget_type=\"heading.default\">\n\t\t\t\t<div class=\"elementor-widget-container\">\n\t\t\t\t\t<h2 class=\"elementor-heading-title elementor-size-default\">Pr\u00e9sentation du Cycle 2<\/h2>\t\t\t\t<\/div>\n\t\t\t\t<\/div>\n\t\t\t\t\t<\/div>\n\t\t<\/div>\n\t\t\t\t\t<\/div>\n\t\t<\/section>\n\t\t\t\t<section class=\"elementor-section elementor-top-section elementor-element elementor-element-b6f2647 elementor-section-boxed elementor-section-height-default elementor-section-height-default\" data-id=\"b6f2647\" data-element_type=\"section\" data-e-type=\"section\">\n\t\t\t\t\t\t<div class=\"elementor-container elementor-column-gap-default\">\n\t\t\t\t\t<div class=\"elementor-column elementor-col-100 elementor-top-column elementor-element elementor-element-3b3bc19\" data-id=\"3b3bc19\" data-element_type=\"column\" data-e-type=\"column\">\n\t\t\t<div class=\"elementor-widget-wrap elementor-element-populated\">\n\t\t\t\t\t\t<div class=\"elementor-element elementor-element-3db4416 elementor-widget elementor-widget-text-editor\" data-id=\"3db4416\" data-element_type=\"widget\" data-e-type=\"widget\" data-widget_type=\"text-editor.default\">\n\t\t\t\t<div class=\"elementor-widget-container\">\n\t\t\t\t\t\t\t\t\t<p><strong>\u00ab La science peut nous dire comment faire certaines choses, mais elle ne peut pas nous dire si nous devons les faire. \u00bb \u2013 Joseph Rotblat<\/strong><\/p><p>Cette citation rappelle combien la sagesse et les valeurs humaines doivent accompagner le d\u00e9veloppement des technologies. Entre Intelligence Humaine (IH) et Intelligence Artificielle (IA), l\u2019\u00e9ducation a pour mission d\u2019apprendre aux enfants \u00e0 tirer parti des outils num\u00e9riques sans jamais perdre de vue le sens moral, l\u2019esprit critique et le respect de l\u2019autre. D\u2019o\u00f9 le choix du th\u00e8me : \u00ab La Sagesse en projet, entre l\u2019Intelligence Humaine et l\u2019Intelligence Artificielle \u00bb.<\/p><p>Tout au long de l\u2019ann\u00e9e, une dynamique de projets donnera du sens aux apprentissages, nourrira la cr\u00e9ativit\u00e9 et l\u2019esprit d\u2019\u00e9quipe, et am\u00e8nera les \u00e9l\u00e8ves \u00e0 utiliser les outils num\u00e9riques avec discernement.<\/p><p>L\u2019\u00e9cole \u00e9l\u00e9mentaire (cycle 2), d\u00e9di\u00e9e aux apprentissages fondamentaux, constitue une \u00e9tape essentielle dans le parcours scolaire des \u00e9l\u00e8ves. Elle accueille les enfants de 6 \u00e0 9 ans, r\u00e9partis en CP (cours pr\u00e9paratoire), CE1 (cours \u00e9l\u00e9mentaire 1) et CE2 (cours \u00e9l\u00e9mentaire 2).<\/p><p>Les objectifs du cycle 2 s\u2019articulent autour des fondamentaux : ma\u00eetriser la langue, consolider les bases en math\u00e9matiques, questionner le monde, d\u00e9velopper l\u2019autonomie et la coop\u00e9ration, former le citoyen, et stimuler la cr\u00e9ativit\u00e9 ainsi que l\u2019esprit critique.<\/p><p>L\u2019\u00e9quipe \u00e9ducative est soutenue par Mme L\u00e9na Karam, adjointe, ainsi que par des animatrices d\u00e9di\u00e9es : Mme Perla Karam pour les classes de CP, Mme Rachelle Kalakesh pour les CE1 et Mme Denise Feghali pour les CE2.<\/p><p>Nous souhaitons \u00e0 tous nos \u00e9l\u00e8ves et \u00e0 leurs familles une excellente ann\u00e9e 2025-2026, riche en apprentissages, en d\u00e9couvertes et en projets porteurs de sens.<\/p><p style=\"text-align: right;\"><strong>Responsable de l\u2019\u00e9cole \u00e9l\u00e9mentaire cycle 2<\/strong><\/p><p style=\"text-align: right;\"><strong>Jo\u00eblle El Khoury<\/strong><\/p>\t\t\t\t\t\t\t\t<\/div>\n\t\t\t\t<\/div>\n\t\t\t\t\t<\/div>\n\t\t<\/div>\n\t\t\t\t\t<\/div>\n\t\t<\/section>\n\t\t\t\t<\/div>\n\t\t","protected":false},"excerpt":{"rendered":"<p>Pr\u00e9sentation du Cycle 2 \u00ab La science peut nous dire comment faire certaines choses, mais elle ne peut pas nous dire si nous devons les faire. \u00bb \u2013 Joseph Rotblat Cette citation rappelle combien la sagesse et les valeurs humaines doivent accompagner le d\u00e9veloppement des technologies. Entre Intelligence Humaine (IH) et Intelligence Artificielle (IA), l\u2019\u00e9ducation [&hellip;]<\/p>\n","protected":false},"author":1,"featured_media":0,"parent":0,"menu_order":0,"comment_status":"closed","ping_status":"closed","template":"","meta":{"footnotes":""},"class_list":["post-766","page","type-page","status-publish","hentry"],"_links":{"self":[{"href":"https:\/\/sagessesjb.edu.lb\/fr\/wp-json\/wp\/v2\/pages\/766","targetHints":{"allow":["GET"]}}],"collection":[{"href":"https:\/\/sagessesjb.edu.lb\/fr\/wp-json\/wp\/v2\/pages"}],"about":[{"href":"https:\/\/sagessesjb.edu.lb\/fr\/wp-json\/wp\/v2\/types\/page"}],"author":[{"embeddable":true,"href":"https:\/\/sagessesjb.edu.lb\/fr\/wp-json\/wp\/v2\/users\/1"}],"replies":[{"embeddable":true,"href":"https:\/\/sagessesjb.edu.lb\/fr\/wp-json\/wp\/v2\/comments?post=766"}],"version-history":[{"count":86,"href":"https:\/\/sagessesjb.edu.lb\/fr\/wp-json\/wp\/v2\/pages\/766\/revisions"}],"predecessor-version":[{"id":10912,"href":"https:\/\/sagessesjb.edu.lb\/fr\/wp-json\/wp\/v2\/pages\/766\/revisions\/10912"}],"wp:attachment":[{"href":"https:\/\/sagessesjb.edu.lb\/fr\/wp-json\/wp\/v2\/media?parent=766"}],"curies":[{"name":"wp","href":"https:\/\/api.w.org\/{rel}","templated":true}]}}