{"id":759,"date":"2023-05-24T06:19:48","date_gmt":"2023-05-24T06:19:48","guid":{"rendered":"https:\/\/yerehost.com\/sagesse\/?page_id=759"},"modified":"2025-10-09T11:31:29","modified_gmt":"2025-10-09T11:31:29","slug":"cycle-maternel","status":"publish","type":"page","link":"https:\/\/sagessesjb.edu.lb\/fr\/cycle-maternel\/","title":{"rendered":"Cycle Maternel Pr\u00e9sentation"},"content":{"rendered":"\t\t<div data-elementor-type=\"wp-page\" data-elementor-id=\"759\" class=\"elementor elementor-759\" data-elementor-post-type=\"page\">\n\t\t\t\t\t\t<section class=\"elementor-section elementor-top-section elementor-element elementor-element-b426676 elementor-section-boxed elementor-section-height-default elementor-section-height-default\" data-id=\"b426676\" data-element_type=\"section\" data-e-type=\"section\">\n\t\t\t\t\t\t<div class=\"elementor-container elementor-column-gap-default\">\n\t\t\t\t\t<div class=\"elementor-column elementor-col-50 elementor-top-column elementor-element elementor-element-bc0a6b4\" data-id=\"bc0a6b4\" data-element_type=\"column\" data-e-type=\"column\">\n\t\t\t<div class=\"elementor-widget-wrap elementor-element-populated\">\n\t\t\t\t\t\t<div class=\"elementor-element elementor-element-e2210fd elementor-widget elementor-widget-image\" data-id=\"e2210fd\" data-element_type=\"widget\" data-e-type=\"widget\" data-widget_type=\"image.default\">\n\t\t\t\t<div class=\"elementor-widget-container\">\n\t\t\t\t\t\t\t\t\t\t\t\t\t\t\t<img fetchpriority=\"high\" decoding=\"async\" width=\"411\" height=\"413\" src=\"https:\/\/sagessesjb.edu.lb\/wp-content\/uploads\/2023\/07\/maternel.png\" class=\"attachment-large size-large wp-image-1944\" alt=\"\" srcset=\"https:\/\/sagessesjb.edu.lb\/wp-content\/uploads\/2023\/07\/maternel.png 411w, https:\/\/sagessesjb.edu.lb\/wp-content\/uploads\/2023\/07\/maternel-300x300.png 300w, https:\/\/sagessesjb.edu.lb\/wp-content\/uploads\/2023\/07\/maternel-150x150.png 150w, https:\/\/sagessesjb.edu.lb\/wp-content\/uploads\/2023\/07\/maternel-100x100.png 100w\" sizes=\"(max-width: 411px) 100vw, 411px\" \/>\t\t\t\t\t\t\t\t\t\t\t\t\t\t\t<\/div>\n\t\t\t\t<\/div>\n\t\t\t\t\t<\/div>\n\t\t<\/div>\n\t\t\t\t<div class=\"elementor-column elementor-col-50 elementor-top-column elementor-element elementor-element-d3b3b5b\" data-id=\"d3b3b5b\" data-element_type=\"column\" data-e-type=\"column\">\n\t\t\t<div class=\"elementor-widget-wrap elementor-element-populated\">\n\t\t\t\t\t\t<div class=\"elementor-element elementor-element-281d53e elementor-widget elementor-widget-heading\" data-id=\"281d53e\" data-element_type=\"widget\" data-e-type=\"widget\" data-widget_type=\"heading.default\">\n\t\t\t\t<div class=\"elementor-widget-container\">\n\t\t\t\t\t<h2 class=\"elementor-heading-title elementor-size-default\">Pr\u00e9sentation du Cycle 1<\/h2>\t\t\t\t<\/div>\n\t\t\t\t<\/div>\n\t\t\t\t\t<\/div>\n\t\t<\/div>\n\t\t\t\t\t<\/div>\n\t\t<\/section>\n\t\t\t\t<section class=\"elementor-section elementor-top-section elementor-element elementor-element-7b04f83 elementor-section-boxed elementor-section-height-default elementor-section-height-default\" data-id=\"7b04f83\" data-element_type=\"section\" data-e-type=\"section\">\n\t\t\t\t\t\t<div class=\"elementor-container elementor-column-gap-default\">\n\t\t\t\t\t<div class=\"elementor-column elementor-col-100 elementor-top-column elementor-element elementor-element-91999c7\" data-id=\"91999c7\" data-element_type=\"column\" data-e-type=\"column\">\n\t\t\t<div class=\"elementor-widget-wrap elementor-element-populated\">\n\t\t\t\t\t\t<div class=\"elementor-element elementor-element-f063768 elementor-widget elementor-widget-text-editor\" data-id=\"f063768\" data-element_type=\"widget\" data-e-type=\"widget\" data-widget_type=\"text-editor.default\">\n\t\t\t\t<div class=\"elementor-widget-container\">\n\t\t\t\t\t\t\t\t\t<p><strong>\u00a0\u00ab La technologie ne suffit pas. Il faut encore que le c\u0153ur, l\u2019imagination et l\u2019intuition des gens s\u2019en emparent. \u00bb<\/strong> \u2013 <em>Steve Jobs<\/em><\/p><p>L\u2019\u00e9cole maternelle est un lieu de premi\u00e8res d\u00e9couvertes, de socialisation, et de structuration de la pens\u00e9e. C\u2019est l\u00e0 que s\u2019\u00e9veille le go\u00fbt d\u2019apprendre, que se forment les premi\u00e8res bases du langage, du raisonnement et de la vie en communaut\u00e9.<br \/>C\u2019est aussi un espace o\u00f9 l\u2019enfant explore, manipule, exp\u00e9rimente, et commence \u00e0 comprendre le monde qui l\u2019entoure. Il y d\u00e9veloppe sa motricit\u00e9, affine ses perceptions sensorielles, apprend \u00e0 vivre avec les autres, \u00e0 \u00e9couter, \u00e0 s\u2019exprimer et \u00e0 respecter des r\u00e8gles communes. Chaque journ\u00e9e est une aventure riche de stimulations, o\u00f9 se construisent la confiance en soi, l\u2019autonomie, la cr\u00e9ativit\u00e9 et la pens\u00e9e logique.<\/p><p>A l\u2019\u00e9cole maternelle de La Sagesse, chaque jour est une invitation \u00e0 grandir, \u00e0 s\u2019\u00e9veiller au monde et \u00e0 poser les premi\u00e8res pierres du savoir. Cette ann\u00e9e, notre th\u00e8me \u00ab La Sagesse en projet, entre l\u2019Intelligence Humaine et l\u2019Intelligence Artificielle \u00bb nous am\u00e8ne \u00e0 explorer un monde en pleine \u00e9volution, avec des mots simples, des gestes concrets, et surtout, \u00e0 hauteur d\u2019enfant.<\/p><p>Loin des \u00e9crans omnipr\u00e9sents, notre ambition est d\u2019initier les plus jeunes \u00e0 ce qui fait la richesse de l\u2019intelligence humaine : <strong>l\u2019\u00e9motion, l\u2019imagination, l\u2019empathie, la parole, la coop\u00e9ration.<\/strong> En d\u00e9couvrant les diff\u00e9rences entre ce que peut faire une machine et ce que seul un \u00eatre humain peut ressentir, imaginer, cr\u00e9er ou \u00e9prouver comme \u00e9motion, les enfants apprendront \u00e0 faire confiance \u00e0 leur pens\u00e9e, \u00e0 exprimer leur point de vue, \u00e0 d\u00e9velopper leur esprit critique, tout en s\u2019ouvrant au monde num\u00e9rique de mani\u00e8re encadr\u00e9e et r\u00e9fl\u00e9chie.<\/p><p>Tout au long de l\u2019ann\u00e9e, des projets ludiques, sensoriels et cr\u00e9atifs viendront rythmer les apprentissages. Histoires, jeux symboliques, construction, codage d\u00e9branch\u00e9, observation, \u00e9changes\u2026 autant d\u2019activit\u00e9s qui nourrissent une compr\u00e9hension intuitive et vivante du monde.<\/p><p>L\u2019\u00e9cole maternelle accueille les enfants de 3 \u00e0 6 ans, r\u00e9partis en :<\/p><ul><li>Petite Section (PS), encadr\u00e9e par Mme Grace Saliby et Mme Joumana Armado<br \/>\u2022 Moyenne Section (MS), encadr\u00e9e par Mme Zeina Farhat<br \/>\u2022 Grande Section (GS), encadr\u00e9e par Mme St\u00e9phanie Barhouche<\/li><\/ul><p>L\u2019\u00e9quipe \u00e9ducative, passionn\u00e9e et attentive, veille \u00e0 offrir \u00e0 chaque enfant un cadre s\u00e9curisant et stimulant, o\u00f9 l\u2019on apprend avec joie, curiosit\u00e9 et bienveillance.<\/p><p>Nous souhaitons \u00e0 nos petits \u00e9l\u00e8ves et \u00e0 leurs familles une tr\u00e8s belle ann\u00e9e scolaire 2025-2026.<br \/>Qu\u2019elle soit pour chaque enfant et chaque famille une \u00e9tape pr\u00e9cieuse, nourrie d\u2019apprentissages solides, de progr\u00e8s constants et d\u2019une ouverture \u00e9clair\u00e9e sur le monde de demain.<\/p><p style=\"text-align: right;\"><strong>Chistiane Jamous<\/strong><\/p><p style=\"text-align: right;\"><strong>Responsable de l\u2019\u00e9cole maternelle (cycle 1)<\/strong><\/p>\t\t\t\t\t\t\t\t<\/div>\n\t\t\t\t<\/div>\n\t\t\t\t\t<\/div>\n\t\t<\/div>\n\t\t\t\t\t<\/div>\n\t\t<\/section>\n\t\t\t\t<\/div>\n\t\t","protected":false},"excerpt":{"rendered":"<p>Pr\u00e9sentation du Cycle 1 \u00a0\u00ab La technologie ne suffit pas. Il faut encore que le c\u0153ur, l\u2019imagination et l\u2019intuition des gens s\u2019en emparent. \u00bb \u2013 Steve Jobs L\u2019\u00e9cole maternelle est un lieu de premi\u00e8res d\u00e9couvertes, de socialisation, et de structuration de la pens\u00e9e. C\u2019est l\u00e0 que s\u2019\u00e9veille le go\u00fbt d\u2019apprendre, que se forment les premi\u00e8res [&hellip;]<\/p>\n","protected":false},"author":1,"featured_media":0,"parent":0,"menu_order":0,"comment_status":"closed","ping_status":"closed","template":"","meta":{"footnotes":""},"class_list":["post-759","page","type-page","status-publish","hentry"],"_links":{"self":[{"href":"https:\/\/sagessesjb.edu.lb\/fr\/wp-json\/wp\/v2\/pages\/759","targetHints":{"allow":["GET"]}}],"collection":[{"href":"https:\/\/sagessesjb.edu.lb\/fr\/wp-json\/wp\/v2\/pages"}],"about":[{"href":"https:\/\/sagessesjb.edu.lb\/fr\/wp-json\/wp\/v2\/types\/page"}],"author":[{"embeddable":true,"href":"https:\/\/sagessesjb.edu.lb\/fr\/wp-json\/wp\/v2\/users\/1"}],"replies":[{"embeddable":true,"href":"https:\/\/sagessesjb.edu.lb\/fr\/wp-json\/wp\/v2\/comments?post=759"}],"version-history":[{"count":122,"href":"https:\/\/sagessesjb.edu.lb\/fr\/wp-json\/wp\/v2\/pages\/759\/revisions"}],"predecessor-version":[{"id":10909,"href":"https:\/\/sagessesjb.edu.lb\/fr\/wp-json\/wp\/v2\/pages\/759\/revisions\/10909"}],"wp:attachment":[{"href":"https:\/\/sagessesjb.edu.lb\/fr\/wp-json\/wp\/v2\/media?parent=759"}],"curies":[{"name":"wp","href":"https:\/\/api.w.org\/{rel}","templated":true}]}}