{"id":7515,"date":"2024-01-23T09:16:05","date_gmt":"2024-01-23T09:16:05","guid":{"rendered":"https:\/\/sagessesjb.edu.lb\/?page_id=7515"},"modified":"2026-02-24T06:05:57","modified_gmt":"2026-02-24T06:05:57","slug":"chs","status":"publish","type":"page","link":"https:\/\/sagessesjb.edu.lb\/fr\/chs\/","title":{"rendered":"CHS"},"content":{"rendered":"\t\t<div data-elementor-type=\"wp-page\" data-elementor-id=\"7515\" class=\"elementor elementor-7515\" data-elementor-post-type=\"page\">\n\t\t\t\t\t\t<section class=\"elementor-section elementor-top-section elementor-element elementor-element-f90faab elementor-section-boxed elementor-section-height-default elementor-section-height-default\" data-id=\"f90faab\" data-element_type=\"section\" data-e-type=\"section\">\n\t\t\t\t\t\t<div class=\"elementor-container elementor-column-gap-default\">\n\t\t\t\t\t<div class=\"elementor-column elementor-col-100 elementor-top-column elementor-element elementor-element-8c08101\" data-id=\"8c08101\" data-element_type=\"column\" data-e-type=\"column\">\n\t\t\t<div class=\"elementor-widget-wrap elementor-element-populated\">\n\t\t\t\t\t\t<div class=\"elementor-element elementor-element-0c1cc2f elementor-widget elementor-widget-heading\" data-id=\"0c1cc2f\" data-element_type=\"widget\" data-e-type=\"widget\" data-widget_type=\"heading.default\">\n\t\t\t\t<div class=\"elementor-widget-container\">\n\t\t\t\t\t<h2 class=\"elementor-heading-title elementor-size-default\">Commission d'Hygi\u00e8ne et de S\u00e9curit\u00e9 - CHS<\/h2>\t\t\t\t<\/div>\n\t\t\t\t<\/div>\n\t\t\t\t\t<\/div>\n\t\t<\/div>\n\t\t\t\t\t<\/div>\n\t\t<\/section>\n\t\t\t\t<section class=\"elementor-section elementor-top-section elementor-element elementor-element-fff6428 elementor-section-boxed elementor-section-height-default elementor-section-height-default\" data-id=\"fff6428\" data-element_type=\"section\" data-e-type=\"section\">\n\t\t\t\t\t\t<div class=\"elementor-container elementor-column-gap-default\">\n\t\t\t\t\t<div class=\"elementor-column elementor-col-100 elementor-top-column elementor-element elementor-element-4c45637\" data-id=\"4c45637\" data-element_type=\"column\" data-e-type=\"column\">\n\t\t\t<div class=\"elementor-widget-wrap elementor-element-populated\">\n\t\t\t\t\t\t<div class=\"elementor-element elementor-element-337fa03 elementor-widget elementor-widget-text-editor\" data-id=\"337fa03\" data-element_type=\"widget\" data-e-type=\"widget\" data-widget_type=\"text-editor.default\">\n\t\t\t\t<div class=\"elementor-widget-container\">\n\t\t\t\t\t\t\t\t\t<p><strong>Pr\u00e9sid\u00e9 par le chef d\u2019\u00e9tablissement Mgr Pierre Abi Saleh et form\u00e9 des membres :<\/strong><\/p><ul><li>Econome: Mme Claudia Tanios<\/li><li>M\u00e9decin du Coll\u00e8ge: Dr Joseph Khoury<\/li><li>Infirmi\u00e8re du Coll\u00e8ge et r\u00e9f\u00e9rente du parcours sant\u00e9: Mme Lara Abi Younes.<\/li><li>RPP: Mme Jo\u00eblle El Khoury<\/li><li>Chef du service de s\u00e9curit\u00e9 : M. Bachir Aneid<\/li><li>Repr\u00e9sentante des parents et membre du conseil d\u2019\u00e9tablissement : Mme Nadine Abla.<\/li><li>Repr\u00e9sentantes des enseignants : Mmes Marie-Joelle Abinader et Samar Mahouli<\/li><\/ul>\t\t\t\t\t\t\t\t<\/div>\n\t\t\t\t<\/div>\n\t\t\t\t\t<\/div>\n\t\t<\/div>\n\t\t\t\t\t<\/div>\n\t\t<\/section>\n\t\t\t\t<\/div>\n\t\t","protected":false},"excerpt":{"rendered":"<p>Commission d&rsquo;Hygi\u00e8ne et de S\u00e9curit\u00e9 &#8211; CHS Pr\u00e9sid\u00e9 par le chef d\u2019\u00e9tablissement Mgr Pierre Abi Saleh et form\u00e9 des membres : Econome: Mme Claudia Tanios M\u00e9decin du Coll\u00e8ge: Dr Joseph Khoury Infirmi\u00e8re du Coll\u00e8ge et r\u00e9f\u00e9rente du parcours sant\u00e9: Mme Lara Abi Younes. RPP: Mme Jo\u00eblle El Khoury Chef du service de s\u00e9curit\u00e9 : M. [&hellip;]<\/p>\n","protected":false},"author":1,"featured_media":0,"parent":0,"menu_order":0,"comment_status":"closed","ping_status":"closed","template":"","meta":{"footnotes":""},"class_list":["post-7515","page","type-page","status-publish","hentry"],"_links":{"self":[{"href":"https:\/\/sagessesjb.edu.lb\/fr\/wp-json\/wp\/v2\/pages\/7515","targetHints":{"allow":["GET"]}}],"collection":[{"href":"https:\/\/sagessesjb.edu.lb\/fr\/wp-json\/wp\/v2\/pages"}],"about":[{"href":"https:\/\/sagessesjb.edu.lb\/fr\/wp-json\/wp\/v2\/types\/page"}],"author":[{"embeddable":true,"href":"https:\/\/sagessesjb.edu.lb\/fr\/wp-json\/wp\/v2\/users\/1"}],"replies":[{"embeddable":true,"href":"https:\/\/sagessesjb.edu.lb\/fr\/wp-json\/wp\/v2\/comments?post=7515"}],"version-history":[{"count":19,"href":"https:\/\/sagessesjb.edu.lb\/fr\/wp-json\/wp\/v2\/pages\/7515\/revisions"}],"predecessor-version":[{"id":11449,"href":"https:\/\/sagessesjb.edu.lb\/fr\/wp-json\/wp\/v2\/pages\/7515\/revisions\/11449"}],"wp:attachment":[{"href":"https:\/\/sagessesjb.edu.lb\/fr\/wp-json\/wp\/v2\/media?parent=7515"}],"curies":[{"name":"wp","href":"https:\/\/api.w.org\/{rel}","templated":true}]}}