{"id":708,"date":"2023-05-12T13:06:42","date_gmt":"2023-05-12T13:06:42","guid":{"rendered":"https:\/\/yerehost.com\/sagesse\/?page_id=708"},"modified":"2024-09-20T10:02:19","modified_gmt":"2024-09-20T10:02:19","slug":"le-college","status":"publish","type":"page","link":"https:\/\/sagessesjb.edu.lb\/fr\/le-college\/","title":{"rendered":"Dans l&rsquo;Histoire"},"content":{"rendered":"\t\t<div data-elementor-type=\"wp-page\" data-elementor-id=\"708\" class=\"elementor elementor-708\" data-elementor-post-type=\"page\">\n\t\t\t\t\t\t<section class=\"elementor-section elementor-top-section elementor-element elementor-element-0b97011 elementor-hidden-tablet elementor-hidden-mobile elementor-section-boxed elementor-section-height-default elementor-section-height-default\" data-id=\"0b97011\" data-element_type=\"section\" data-e-type=\"section\">\n\t\t\t\t\t\t<div class=\"elementor-container elementor-column-gap-default\">\n\t\t\t\t\t<div class=\"elementor-column elementor-col-100 elementor-top-column elementor-element elementor-element-7cff93c\" data-id=\"7cff93c\" data-element_type=\"column\" data-e-type=\"column\">\n\t\t\t<div class=\"elementor-widget-wrap elementor-element-populated\">\n\t\t\t\t\t\t<div class=\"elementor-element elementor-element-0be86af elementor-widget elementor-widget-heading\" data-id=\"0be86af\" data-element_type=\"widget\" data-e-type=\"widget\" data-widget_type=\"heading.default\">\n\t\t\t\t<div class=\"elementor-widget-container\">\n\t\t\t\t\t<h2 class=\"elementor-heading-title elementor-size-default\">Historique du Coll\u00e8ge<\/h2>\t\t\t\t<\/div>\n\t\t\t\t<\/div>\n\t\t\t\t\t<\/div>\n\t\t<\/div>\n\t\t\t\t\t<\/div>\n\t\t<\/section>\n\t\t\t\t<section class=\"elementor-section elementor-top-section elementor-element elementor-element-689a0ae elementor-hidden-desktop elementor-section-boxed elementor-section-height-default elementor-section-height-default\" data-id=\"689a0ae\" data-element_type=\"section\" data-e-type=\"section\">\n\t\t\t\t\t\t<div class=\"elementor-container elementor-column-gap-default\">\n\t\t\t\t\t<div class=\"elementor-column elementor-col-100 elementor-top-column elementor-element elementor-element-9f84395\" data-id=\"9f84395\" data-element_type=\"column\" data-e-type=\"column\">\n\t\t\t<div class=\"elementor-widget-wrap elementor-element-populated\">\n\t\t\t\t\t\t<div class=\"elementor-element elementor-element-6b83693 elementor-widget elementor-widget-heading\" data-id=\"6b83693\" data-element_type=\"widget\" data-e-type=\"widget\" data-widget_type=\"heading.default\">\n\t\t\t\t<div class=\"elementor-widget-container\">\n\t\t\t\t\t<h2 class=\"elementor-heading-title elementor-size-default\">Historique du Coll\u00e8ge<\/h2>\t\t\t\t<\/div>\n\t\t\t\t<\/div>\n\t\t\t\t\t<\/div>\n\t\t<\/div>\n\t\t\t\t\t<\/div>\n\t\t<\/section>\n\t\t\t\t<section class=\"elementor-section elementor-top-section elementor-element elementor-element-fc5582e elementor-hidden-tablet elementor-hidden-mobile elementor-section-boxed elementor-section-height-default elementor-section-height-default\" data-id=\"fc5582e\" data-element_type=\"section\" data-e-type=\"section\">\n\t\t\t\t\t\t<div class=\"elementor-container elementor-column-gap-default\">\n\t\t\t\t\t<div class=\"elementor-column elementor-col-100 elementor-top-column elementor-element elementor-element-ca867f6\" data-id=\"ca867f6\" data-element_type=\"column\" data-e-type=\"column\">\n\t\t\t<div class=\"elementor-widget-wrap elementor-element-populated\">\n\t\t\t\t\t\t<div class=\"elementor-element elementor-element-b4e5b10 elementor-widget elementor-widget-text-editor\" data-id=\"b4e5b10\" data-element_type=\"widget\" data-e-type=\"widget\" data-widget_type=\"text-editor.default\">\n\t\t\t\t<div class=\"elementor-widget-container\">\n\t\t\t\t\t\t\t\t\t<p>En 1960, les ailes du Coll\u00e8ge de la Sagesse de Beyrouth \u00e9taient devenues trop \u00e9troites, devant l&rsquo;afflux croissant des \u00e9l\u00e8ves, d\u00fb au d\u00e9veloppement de la banlieue. Avec la b\u00e9n\u00e9diction de Mgr. Ignace Ziad\u00e9, archev\u00eaque maronite de Beyrouth, l&rsquo;archev\u00each\u00e9 a tent\u00e9 une aventure pionni\u00e8re en \u00e9largissant la mission \u00e9ducative sagessienne vers d\u2019autres collines un peu plus \u00e9lev\u00e9es et silencieuses que celles d\u2019Achrafieh. Cette initiative devait combler un vide et satisfaire les besoins d&rsquo;une r\u00e9gion. C\u2019est ainsi que l\u2019archev\u00each\u00e9 a d\u00e9cid\u00e9 de construire une \u00e9cole \u00e0 Brasilia, \u00e0 mi-chemin entre Hazmieh et le palais pr\u00e9sidentiel au milieu des oliviers, \u00e0 170 m\u00e8tres d\u2019altitude.<\/p><p>Ce projet a vu le jour d\u2019une mani\u00e8re providentielle. Vers la fin des ann\u00e9es 1950, lors d\u2019un congr\u00e8s eucharistique au Br\u00e9sil, Mgr Ignace Ziad\u00e9 a rencontr\u00e9 M. Hanna El Hage, \u00e9migr\u00e9, originaire de Hadeth, qui lui a fait part de sa volont\u00e9 de construire une \u00e9glise au vocable de Saint Jean. Mais l\u2019archev\u00eaque lui a propos\u00e9 de construire une \u00e9cole. Il a accept\u00e9 et M. Hanna El Hage a fait don \u00e0 l\u2019archev\u00each\u00e9 d\u2019une parcelle de terrain qu\u2019il avait choisie lui-m\u00eame \u00e0 la limite de ses propri\u00e9t\u00e9s et qui avait une superficie de 4600m2, et a promis \u00e0 l\u2019archev\u00eaque de financer 1000 m2 de construction. Il avait aussi mis comme condition, la prise en charge par le Coll\u00e8ge de la scolarit\u00e9 de 22 \u00e9l\u00e8ves sans fixer de date quant \u00e0 la dur\u00e9e de cette condition. En m\u00e9moire de son acte de bienfaisance, il avait aussi demand\u00e9 qu\u2019on installe son buste avec une plaque comm\u00e9morative \u00e0 l\u2019entr\u00e9e du Coll\u00e8ge.<\/p><p>Avec le temps, l\u2019\u00e9tablissement a regroup\u00e9 trois autres parcelles, sur lesquelles s&rsquo;est \u00e9lev\u00e9 le terrain couvert du Petit Coll\u00e8ge et le Nouveau B\u00e2timent (abritant aujourd&rsquo;hui le cycle secondaire). La congr\u00e9gation religieuse de Notre-Dame de Sion, repr\u00e9sent\u00e9e par M\u00e8re Aline de Sion et le premier Sup\u00e9rieur du Coll\u00e8ge, Mgr Louis H\u00e9lou, ont pris en charge la direction de l\u2019\u00e9tablissement. Le Coll\u00e8ge a \u00e9t\u00e9 innovateur en adoptant le syst\u00e8me d\u2019\u00e9ducation personnalis\u00e9e. On a envoy\u00e9 alors deux religieuses s\u2019installer \u00e0 Brasilia : Soeur Odette (sp\u00e9cialiste de la m\u00e9thode Montessori puisque form\u00e9e \u00e0 l\u2019\u00e9cole du P. Faure) et Soeur Marie-Louis (licenci\u00e9e en litt\u00e9rature fran\u00e7aise) qui, en Octobre 1960, se sont occup\u00e9es des 19 premiers \u00e9l\u00e8ves du Coll\u00e8ge qui \u00e9taient r\u00e9partis en trois classes allant de la premi\u00e8re ann\u00e9e du jardin d\u2019enfants \u00e0 la 12e. Soeur Odette avait, avec Mme Lubienska de Lenval, collaboratrice de Mme Montessori, appliqu\u00e9 pour la premi\u00e8re fois la m\u00e9thode montessorienne \u00e0 l\u2019\u00e9cole de Grandbourg. Cette m\u00e9thode a comme but l\u2019enseignement individualis\u00e9.<\/p><p>Cinq ans apr\u00e8s leur installation au Liban, les soeurs de Sion ne parvenaient plus \u00e0 assurer le personnel qu\u2019il fallait. Elles ont contact\u00e9 les soeurs de Notre-Dame de l\u2019Assomption qui, apr\u00e8s des n\u00e9gociations avec l\u2019archev\u00each\u00e9, sont venues prendre la rel\u00e8ve. Elles sont rest\u00e9es au Coll\u00e8ge jusqu\u2019en 1981 o\u00f9 elles ont \u00e9t\u00e9 rapatri\u00e9es \u00e0 cause de la guerre. Entre temps, trois d\u2019entre elles \u00e9taient d\u00e9c\u00e9d\u00e9es de mort naturelle au Liban.<\/p><p>Jusqu&rsquo;en 1971, le Coll\u00e8ge \u00e9tant mixte du jardin \u00e0 la 7e, les gar\u00e7ons \u00e9taient envoy\u00e9s \u00e0 la Sagesse de Beyrouth pour continuer leur scolarisation. C&rsquo;est au cours de l&rsquo;ann\u00e9e 1972 -1973 que les gar\u00e7ons passaient en 6e pour la premi\u00e8re fois et que le Coll\u00e8ge envoyait dans le monde sa premi\u00e8re promotion.<br \/>Comme tous les \u00e9tablissements scolaires du Liban, la Sagesse section Saint-Jean a souffert de la guerre \u00e0 plusieurs reprises. Mais c&rsquo;\u00e9tait surtout le 9 mai 1981 que le Coll\u00e8ge a \u00e9t\u00e9 le plus touch\u00e9 par des obus et les d\u00e9g\u00e2ts y ont \u00e9t\u00e9 importants. Jusqu\u2019au 24 mai 1981, les bombardements continuaient sur la r\u00e9gion, et le Coll\u00e8ge abritait en permanence 70 personnes du quartier qui n\u2019avaient fort heureusement pas \u00e9t\u00e9 atteintes. Le m\u00eame sc\u00e9nario s\u2019est r\u00e9p\u00e9t\u00e9 en 1990 et les d\u00e9g\u00e2ts ont \u00e9t\u00e9 de nouveau consid\u00e9rables.<\/p><p>Nous esp\u00e9rons toujours la prosp\u00e9rit\u00e9 \u00e0 notre Coll\u00e8ge au service de la jeunesse, et souhaitons \u00e0 sa communaut\u00e9 la m\u00eame empathie, l\u2019appartenance et le d\u00e9vouement de ses fondateurs.<\/p><p style=\"text-align: right;\"><em>Christian Helou<\/em><\/p>\t\t\t\t\t\t\t\t<\/div>\n\t\t\t\t<\/div>\n\t\t\t\t\t<\/div>\n\t\t<\/div>\n\t\t\t\t\t<\/div>\n\t\t<\/section>\n\t\t\t\t<section class=\"elementor-section elementor-top-section elementor-element elementor-element-2bcd687 elementor-hidden-desktop elementor-section-boxed elementor-section-height-default elementor-section-height-default\" data-id=\"2bcd687\" data-element_type=\"section\" data-e-type=\"section\">\n\t\t\t\t\t\t<div class=\"elementor-container elementor-column-gap-default\">\n\t\t\t\t\t<div class=\"elementor-column elementor-col-100 elementor-top-column elementor-element elementor-element-9db464a\" data-id=\"9db464a\" data-element_type=\"column\" data-e-type=\"column\">\n\t\t\t<div class=\"elementor-widget-wrap elementor-element-populated\">\n\t\t\t\t\t\t<div class=\"elementor-element elementor-element-1cc8635 elementor-widget elementor-widget-text-editor\" data-id=\"1cc8635\" data-element_type=\"widget\" data-e-type=\"widget\" data-widget_type=\"text-editor.default\">\n\t\t\t\t<div class=\"elementor-widget-container\">\n\t\t\t\t\t\t\t\t\t<p>En 1960, les ailes du Coll\u00e8ge de la Sagesse de Beyrouth \u00e9taient devenues trop \u00e9troites, devant l&rsquo;afflux croissant des \u00e9l\u00e8ves, d\u00fb au d\u00e9veloppement de la banlieue. Avec la b\u00e9n\u00e9diction de Mgr. Ignace Ziad\u00e9, archev\u00eaque maronite de Beyrouth, l&rsquo;archev\u00each\u00e9 a tent\u00e9 une aventure pionni\u00e8re en \u00e9largissant la mission \u00e9ducative sagessienne vers d\u2019autres collines un peu plus \u00e9lev\u00e9es et silencieuses que celles d\u2019Achrafieh. Cette initiative devait combler un vide et satisfaire les besoins d&rsquo;une r\u00e9gion. C\u2019est ainsi que l\u2019archev\u00each\u00e9 a d\u00e9cid\u00e9 de construire une \u00e9cole \u00e0 Brasilia, \u00e0 mi-chemin entre Hazmieh et le palais pr\u00e9sidentiel au milieu des oliviers, \u00e0 170 m\u00e8tres d\u2019altitude.<\/p><p>Ce projet a vu le jour d\u2019une mani\u00e8re providentielle. Vers la fin des ann\u00e9es 1950, lors d\u2019un congr\u00e8s eucharistique au Br\u00e9sil, Mgr Ignace Ziad\u00e9 a rencontr\u00e9 M. Hanna El Hage, \u00e9migr\u00e9, originaire de Hadeth, qui lui a fait part de sa volont\u00e9 de construire une \u00e9glise au vocable de Saint Jean. Mais l\u2019archev\u00eaque lui a propos\u00e9 de construire une \u00e9cole. Il a accept\u00e9 et M. Hanna El Hage a fait don \u00e0 l\u2019archev\u00each\u00e9 d\u2019une parcelle de terrain qu\u2019il avait choisie lui-m\u00eame \u00e0 la limite de ses propri\u00e9t\u00e9s et qui avait une superficie de 4600m2, et a promis \u00e0 l\u2019archev\u00eaque de financer 1000 m2 de construction. Il avait aussi mis comme condition, la prise en charge par le Coll\u00e8ge de la scolarit\u00e9 de 22 \u00e9l\u00e8ves sans fixer de date quant \u00e0 la dur\u00e9e de cette condition. En m\u00e9moire de son acte de bienfaisance, il avait aussi demand\u00e9 qu\u2019on installe son buste avec une plaque comm\u00e9morative \u00e0 l\u2019entr\u00e9e du Coll\u00e8ge.<\/p><p>Avec le temps, l\u2019\u00e9tablissement a regroup\u00e9 trois autres parcelles, sur lesquelles s&rsquo;est \u00e9lev\u00e9 le terrain couvert du Petit Coll\u00e8ge et le Nouveau B\u00e2timent (abritant aujourd&rsquo;hui le cycle secondaire). La congr\u00e9gation religieuse de Notre-Dame de Sion, repr\u00e9sent\u00e9e par M\u00e8re Aline de Sion et le premier Sup\u00e9rieur du Coll\u00e8ge, Mgr Louis H\u00e9lou, ont pris en charge la direction de l\u2019\u00e9tablissement. Le Coll\u00e8ge a \u00e9t\u00e9 innovateur en adoptant le syst\u00e8me d\u2019\u00e9ducation personnalis\u00e9e. On a envoy\u00e9 alors deux religieuses s\u2019installer \u00e0 Brasilia : Soeur Odette (sp\u00e9cialiste de la m\u00e9thode Montessori puisque form\u00e9e \u00e0 l\u2019\u00e9cole du P. Faure) et Soeur Marie-Louis (licenci\u00e9e en litt\u00e9rature fran\u00e7aise) qui, en Octobre 1960, se sont occup\u00e9es des 19 premiers \u00e9l\u00e8ves du Coll\u00e8ge qui \u00e9taient r\u00e9partis en trois classes allant de la premi\u00e8re ann\u00e9e du jardin d\u2019enfants \u00e0 la 12e. Soeur Odette avait, avec Mme Lubienska de Lenval, collaboratrice de Mme Montessori, appliqu\u00e9 pour la premi\u00e8re fois la m\u00e9thode montessorienne \u00e0 l\u2019\u00e9cole de Grandbourg. Cette m\u00e9thode a comme but l\u2019enseignement individualis\u00e9.<\/p><p>Cinq ans apr\u00e8s leur installation au Liban, les soeurs de Sion ne parvenaient plus \u00e0 assurer le personnel qu\u2019il fallait. Elles ont contact\u00e9 les soeurs de Notre-Dame de l\u2019Assomption qui, apr\u00e8s des n\u00e9gociations avec l\u2019archev\u00each\u00e9, sont venues prendre la rel\u00e8ve. Elles sont rest\u00e9es au Coll\u00e8ge jusqu\u2019en 1981 o\u00f9 elles ont \u00e9t\u00e9 rapatri\u00e9es \u00e0 cause de la guerre. Entre temps, trois d\u2019entre elles \u00e9taient d\u00e9c\u00e9d\u00e9es de mort naturelle au Liban.<\/p><p>Jusqu&rsquo;en 1971, le Coll\u00e8ge \u00e9tant mixte du jardin \u00e0 la 7e, les gar\u00e7ons \u00e9taient envoy\u00e9s \u00e0 la Sagesse de Beyrouth pour continuer leur scolarisation. C&rsquo;est au cours de l&rsquo;ann\u00e9e 1972 -1973 que les gar\u00e7ons passaient en 6e pour la premi\u00e8re fois et que le Coll\u00e8ge envoyait dans le monde sa premi\u00e8re promotion.<br \/>Comme tous les \u00e9tablissements scolaires du Liban, la Sagesse section Saint-Jean a souffert de la guerre \u00e0 plusieurs reprises. Mais c&rsquo;\u00e9tait surtout le 9 mai 1981 que le Coll\u00e8ge a \u00e9t\u00e9 le plus touch\u00e9 par des obus et les d\u00e9g\u00e2ts y ont \u00e9t\u00e9 importants. Jusqu\u2019au 24 mai 1981, les bombardements continuaient sur la r\u00e9gion, et le Coll\u00e8ge abritait en permanence 70 personnes du quartier qui n\u2019avaient fort heureusement pas \u00e9t\u00e9 atteintes. Le m\u00eame sc\u00e9nario s\u2019est r\u00e9p\u00e9t\u00e9 en 1990 et les d\u00e9g\u00e2ts ont \u00e9t\u00e9 de nouveau consid\u00e9rables.<\/p><p>Nous esp\u00e9rons toujours la prosp\u00e9rit\u00e9 \u00e0 notre Coll\u00e8ge au service de la jeunesse, et souhaitons \u00e0 sa communaut\u00e9 la m\u00eame empathie, l\u2019appartenance et le d\u00e9vouement de ses fondateurs.<\/p><p style=\"text-align: right;\"><em>Christian Helou<\/em><\/p>\t\t\t\t\t\t\t\t<\/div>\n\t\t\t\t<\/div>\n\t\t\t\t\t<\/div>\n\t\t<\/div>\n\t\t\t\t\t<\/div>\n\t\t<\/section>\n\t\t\t\t<section class=\"elementor-section elementor-top-section elementor-element elementor-element-696a80f elementor-hidden-tablet elementor-hidden-mobile elementor-section-boxed elementor-section-height-default elementor-section-height-default\" data-id=\"696a80f\" data-element_type=\"section\" data-e-type=\"section\">\n\t\t\t\t\t\t<div class=\"elementor-container elementor-column-gap-default\">\n\t\t\t\t\t<div class=\"elementor-column elementor-col-100 elementor-top-column elementor-element elementor-element-6c668b4\" data-id=\"6c668b4\" data-element_type=\"column\" data-e-type=\"column\">\n\t\t\t<div class=\"elementor-widget-wrap elementor-element-populated\">\n\t\t\t\t\t\t<div class=\"elementor-element elementor-element-fe81c7f elementor-widget elementor-widget-heading\" data-id=\"fe81c7f\" data-element_type=\"widget\" data-e-type=\"widget\" data-widget_type=\"heading.default\">\n\t\t\t\t<div class=\"elementor-widget-container\">\n\t\t\t\t\t<h2 class=\"elementor-heading-title elementor-size-default\">Chefs de l'\u00e9tablissement<\/h2>\t\t\t\t<\/div>\n\t\t\t\t<\/div>\n\t\t\t\t\t<\/div>\n\t\t<\/div>\n\t\t\t\t\t<\/div>\n\t\t<\/section>\n\t\t\t\t<section class=\"elementor-section elementor-top-section elementor-element elementor-element-6e0ee17 elementor-hidden-desktop elementor-section-boxed elementor-section-height-default elementor-section-height-default\" data-id=\"6e0ee17\" data-element_type=\"section\" data-e-type=\"section\">\n\t\t\t\t\t\t<div class=\"elementor-container elementor-column-gap-default\">\n\t\t\t\t\t<div class=\"elementor-column elementor-col-100 elementor-top-column elementor-element elementor-element-bc7347c\" data-id=\"bc7347c\" data-element_type=\"column\" data-e-type=\"column\">\n\t\t\t<div class=\"elementor-widget-wrap elementor-element-populated\">\n\t\t\t\t\t\t<div class=\"elementor-element elementor-element-c6705a2 elementor-widget elementor-widget-heading\" data-id=\"c6705a2\" data-element_type=\"widget\" data-e-type=\"widget\" data-widget_type=\"heading.default\">\n\t\t\t\t<div class=\"elementor-widget-container\">\n\t\t\t\t\t<h2 class=\"elementor-heading-title elementor-size-default\">Sup\u00e9rieurs du Coll\u00e8ge<\/h2>\t\t\t\t<\/div>\n\t\t\t\t<\/div>\n\t\t\t\t\t<\/div>\n\t\t<\/div>\n\t\t\t\t\t<\/div>\n\t\t<\/section>\n\t\t\t\t<section class=\"elementor-section elementor-top-section elementor-element elementor-element-76aa8d0 elementor-hidden-tablet elementor-hidden-mobile elementor-section-boxed elementor-section-height-default elementor-section-height-default\" data-id=\"76aa8d0\" data-element_type=\"section\" data-e-type=\"section\">\n\t\t\t\t\t\t<div class=\"elementor-container elementor-column-gap-default\">\n\t\t\t\t\t<div class=\"elementor-column elementor-col-100 elementor-top-column elementor-element elementor-element-2951eca\" data-id=\"2951eca\" data-element_type=\"column\" data-e-type=\"column\">\n\t\t\t<div class=\"elementor-widget-wrap elementor-element-populated\">\n\t\t\t\t\t\t<div class=\"elementor-element elementor-element-1ff78a8 elementor-widget elementor-widget-text-editor\" data-id=\"1ff78a8\" data-element_type=\"widget\" data-e-type=\"widget\" data-widget_type=\"text-editor.default\">\n\t\t\t\t<div class=\"elementor-widget-container\">\n\t\t\t\t\t\t\t\t\t<p>Les Sup\u00e9rieurs qui se sont relay\u00e9s \u00e0 la direction du Coll\u00e8ge :<\/p><ul><li>Mgr Louis H\u00e9lou (1960 &#8211; 1985)<\/li><li>Mgr Marcel H\u00e9lou (1985 &#8211; 1996)<\/li><li>P\u00e8re Gabriel Tabet (1996 &#8211; 2007)<\/li><li>P\u00e8re Issam Ibrahim (2007 &#8211; 2012)<\/li><li>P\u00e8re Pierre Abi Saleh (2012 &#8211; 2020)<\/li><li>Mgr Antonio Wakim (2020 &#8211; 2021)<\/li><li>P\u00e8re Jad Chlouk (2021-2024).<\/li><li>Mgr Pierre Abi Saleh (au pr\u00e9sent)<\/li><\/ul>\t\t\t\t\t\t\t\t<\/div>\n\t\t\t\t<\/div>\n\t\t\t\t\t<\/div>\n\t\t<\/div>\n\t\t\t\t\t<\/div>\n\t\t<\/section>\n\t\t\t\t<section class=\"elementor-section elementor-top-section elementor-element elementor-element-519aa1a elementor-hidden-desktop elementor-section-boxed elementor-section-height-default elementor-section-height-default\" data-id=\"519aa1a\" data-element_type=\"section\" data-e-type=\"section\">\n\t\t\t\t\t\t<div class=\"elementor-container elementor-column-gap-default\">\n\t\t\t\t\t<div class=\"elementor-column elementor-col-100 elementor-top-column elementor-element elementor-element-bcdc295\" data-id=\"bcdc295\" data-element_type=\"column\" data-e-type=\"column\">\n\t\t\t<div class=\"elementor-widget-wrap elementor-element-populated\">\n\t\t\t\t\t\t<div class=\"elementor-element elementor-element-264fdd9 elementor-widget elementor-widget-text-editor\" data-id=\"264fdd9\" data-element_type=\"widget\" data-e-type=\"widget\" data-widget_type=\"text-editor.default\">\n\t\t\t\t<div class=\"elementor-widget-container\">\n\t\t\t\t\t\t\t\t\t<p>Les Sup\u00e9rieurs qui se sont relay\u00e9s \u00e0 la direction du Coll\u00e8ge :<\/p><p>Mgr Louis H\u00e9lou (1960 &#8211; 1985)<br \/>Mgr Marcel H\u00e9lou (1985 &#8211; 1996)<br \/>P\u00e8re Gabriel Tabet (1996 &#8211; 2007)<br \/>P\u00e8re Issam Ibrahim (2007 &#8211; 2012)<br \/>P\u00e8re Pierre Abi Saleh (2012 &#8211; 2020)<br \/>Mgr Antonio Wakim (2020 &#8211; 2021)<br \/>P\u00e8re Jad Chlouk <em>(Ancien Promo 2000) <\/em>(2021-Pr\u00e9sent).<\/p>\t\t\t\t\t\t\t\t<\/div>\n\t\t\t\t<\/div>\n\t\t\t\t\t<\/div>\n\t\t<\/div>\n\t\t\t\t\t<\/div>\n\t\t<\/section>\n\t\t\t\t<\/div>\n\t\t","protected":false},"excerpt":{"rendered":"<p>Historique du Coll\u00e8ge Historique du Coll\u00e8ge En 1960, les ailes du Coll\u00e8ge de la Sagesse de Beyrouth \u00e9taient devenues trop \u00e9troites, devant l&rsquo;afflux croissant des \u00e9l\u00e8ves, d\u00fb au d\u00e9veloppement de la banlieue. Avec la b\u00e9n\u00e9diction de Mgr. Ignace Ziad\u00e9, archev\u00eaque maronite de Beyrouth, l&rsquo;archev\u00each\u00e9 a tent\u00e9 une aventure pionni\u00e8re en \u00e9largissant la mission \u00e9ducative sagessienne [&hellip;]<\/p>\n","protected":false},"author":1,"featured_media":0,"parent":0,"menu_order":0,"comment_status":"closed","ping_status":"closed","template":"","meta":{"footnotes":""},"class_list":["post-708","page","type-page","status-publish","hentry"],"_links":{"self":[{"href":"https:\/\/sagessesjb.edu.lb\/fr\/wp-json\/wp\/v2\/pages\/708","targetHints":{"allow":["GET"]}}],"collection":[{"href":"https:\/\/sagessesjb.edu.lb\/fr\/wp-json\/wp\/v2\/pages"}],"about":[{"href":"https:\/\/sagessesjb.edu.lb\/fr\/wp-json\/wp\/v2\/types\/page"}],"author":[{"embeddable":true,"href":"https:\/\/sagessesjb.edu.lb\/fr\/wp-json\/wp\/v2\/users\/1"}],"replies":[{"embeddable":true,"href":"https:\/\/sagessesjb.edu.lb\/fr\/wp-json\/wp\/v2\/comments?post=708"}],"version-history":[{"count":50,"href":"https:\/\/sagessesjb.edu.lb\/fr\/wp-json\/wp\/v2\/pages\/708\/revisions"}],"predecessor-version":[{"id":9814,"href":"https:\/\/sagessesjb.edu.lb\/fr\/wp-json\/wp\/v2\/pages\/708\/revisions\/9814"}],"wp:attachment":[{"href":"https:\/\/sagessesjb.edu.lb\/fr\/wp-json\/wp\/v2\/media?parent=708"}],"curies":[{"name":"wp","href":"https:\/\/api.w.org\/{rel}","templated":true}]}}