{"id":6811,"date":"2023-10-25T06:11:16","date_gmt":"2023-10-25T06:11:16","guid":{"rendered":"https:\/\/sagessesjb.edu.lb\/?page_id=6811"},"modified":"2023-10-25T06:13:16","modified_gmt":"2023-10-25T06:13:16","slug":"strategie-en-cas-de-crise","status":"publish","type":"page","link":"https:\/\/sagessesjb.edu.lb\/fr\/strategie-en-cas-de-crise\/","title":{"rendered":"Strat\u00e9gie en cas de crise"},"content":{"rendered":"\t\t<div data-elementor-type=\"wp-page\" data-elementor-id=\"6811\" class=\"elementor elementor-6811\" data-elementor-post-type=\"page\">\n\t\t\t\t\t\t<section class=\"elementor-section elementor-top-section elementor-element elementor-element-26db1f3 elementor-section-boxed elementor-section-height-default elementor-section-height-default\" data-id=\"26db1f3\" data-element_type=\"section\" data-e-type=\"section\">\n\t\t\t\t\t\t<div class=\"elementor-container elementor-column-gap-default\">\n\t\t\t\t\t<div class=\"elementor-column elementor-col-100 elementor-top-column elementor-element elementor-element-60f8f13\" data-id=\"60f8f13\" data-element_type=\"column\" data-e-type=\"column\">\n\t\t\t<div class=\"elementor-widget-wrap elementor-element-populated\">\n\t\t\t\t\t\t<div class=\"elementor-element elementor-element-57abac0 elementor-widget elementor-widget-heading\" data-id=\"57abac0\" data-element_type=\"widget\" data-e-type=\"widget\" data-widget_type=\"heading.default\">\n\t\t\t\t<div class=\"elementor-widget-container\">\n\t\t\t\t\t<h2 class=\"elementor-heading-title elementor-size-default\">Strat\u00e9gie en cas de crise<\/h2>\t\t\t\t<\/div>\n\t\t\t\t<\/div>\n\t\t\t\t\t<\/div>\n\t\t<\/div>\n\t\t\t\t\t<\/div>\n\t\t<\/section>\n\t\t\t\t<section class=\"elementor-section elementor-top-section elementor-element elementor-element-a5139a6 elementor-section-boxed elementor-section-height-default elementor-section-height-default\" data-id=\"a5139a6\" data-element_type=\"section\" data-e-type=\"section\">\n\t\t\t\t\t\t<div class=\"elementor-container elementor-column-gap-default\">\n\t\t\t\t\t<div class=\"elementor-column elementor-col-100 elementor-top-column elementor-element elementor-element-46ed6b7\" data-id=\"46ed6b7\" data-element_type=\"column\" data-e-type=\"column\">\n\t\t\t<div class=\"elementor-widget-wrap elementor-element-populated\">\n\t\t\t\t\t\t<div class=\"elementor-element elementor-element-d7c4f60 elementor-widget elementor-widget-text-editor\" data-id=\"d7c4f60\" data-element_type=\"widget\" data-e-type=\"widget\" data-widget_type=\"text-editor.default\">\n\t\t\t\t<div class=\"elementor-widget-container\">\n\t\t\t\t\t\t\t\t\t<p>Chers Parents,<\/p><p>\u00a0\u00a0\u00a0\u00a0 Face aux \u00e9v\u00e8nements dramatiques qui secouent la r\u00e9gion, le Coll\u00e8ge se doit de pr\u00e9voir un plan d\u2019action pour assurer une continuit\u00e9 p\u00e9dagogique en cas de crise qui entrainerait la fermeture des \u00e9tablissements scolaires.<\/p><p>\u00a0\u00a0\u00a0 Suite \u00e0 la concertation avec le Conseil p\u00e9dagogique et \u00e9ducatif, la strat\u00e9gie suivante va \u00eatre appliqu\u00e9e:<\/p><ul><li>Passage \u00e0 l\u2019enseignement en ligne selon un horaire \u00e9tabli qui vous sera communiqu\u00e9 d\u00e8s qu\u2019il le faut. Cette modalit\u00e9 sera appliqu\u00e9e au cas o\u00f9 la connexion internet sera disponible au niveau du pays.<\/li><li>Pr\u00e9paration de dossiers de travail post\u00e9s que vous pourrez t\u00e9l\u00e9charger et imprimer afin que vos enfants puissent les ex\u00e9cuter en mode asynchrone.<\/li><\/ul><p>Toutes les mesures d\u00e9cid\u00e9es vous seront communiqu\u00e9es au fur et \u00e0 mesure.<\/p><p>\u00a0\u00a0\u00a0\u00a0\u00a0\u00a0\u00a0 Nous esp\u00e9rons ne pas avoir recours \u00e0 cette strat\u00e9gie d\u2019urgence et que l\u2019ann\u00e9e scolaire continue dans des conditions calmes et propices au travail.<\/p><p>Nous invoquons la Vierge Marie pour la paix au Liban et dans le monde!<\/p>\t\t\t\t\t\t\t\t<\/div>\n\t\t\t\t<\/div>\n\t\t\t\t\t<\/div>\n\t\t<\/div>\n\t\t\t\t\t<\/div>\n\t\t<\/section>\n\t\t\t\t<\/div>\n\t\t","protected":false},"excerpt":{"rendered":"<p>Strat\u00e9gie en cas de crise Chers Parents, \u00a0\u00a0\u00a0\u00a0 Face aux \u00e9v\u00e8nements dramatiques qui secouent la r\u00e9gion, le Coll\u00e8ge se doit de pr\u00e9voir un plan d\u2019action pour assurer une continuit\u00e9 p\u00e9dagogique en cas de crise qui entrainerait la fermeture des \u00e9tablissements scolaires. \u00a0\u00a0\u00a0 Suite \u00e0 la concertation avec le Conseil p\u00e9dagogique et \u00e9ducatif, la strat\u00e9gie suivante [&hellip;]<\/p>\n","protected":false},"author":1,"featured_media":0,"parent":0,"menu_order":0,"comment_status":"closed","ping_status":"closed","template":"","meta":{"footnotes":""},"class_list":["post-6811","page","type-page","status-publish","hentry"],"_links":{"self":[{"href":"https:\/\/sagessesjb.edu.lb\/fr\/wp-json\/wp\/v2\/pages\/6811","targetHints":{"allow":["GET"]}}],"collection":[{"href":"https:\/\/sagessesjb.edu.lb\/fr\/wp-json\/wp\/v2\/pages"}],"about":[{"href":"https:\/\/sagessesjb.edu.lb\/fr\/wp-json\/wp\/v2\/types\/page"}],"author":[{"embeddable":true,"href":"https:\/\/sagessesjb.edu.lb\/fr\/wp-json\/wp\/v2\/users\/1"}],"replies":[{"embeddable":true,"href":"https:\/\/sagessesjb.edu.lb\/fr\/wp-json\/wp\/v2\/comments?post=6811"}],"version-history":[{"count":4,"href":"https:\/\/sagessesjb.edu.lb\/fr\/wp-json\/wp\/v2\/pages\/6811\/revisions"}],"predecessor-version":[{"id":6816,"href":"https:\/\/sagessesjb.edu.lb\/fr\/wp-json\/wp\/v2\/pages\/6811\/revisions\/6816"}],"wp:attachment":[{"href":"https:\/\/sagessesjb.edu.lb\/fr\/wp-json\/wp\/v2\/media?parent=6811"}],"curies":[{"name":"wp","href":"https:\/\/api.w.org\/{rel}","templated":true}]}}