{"id":6687,"date":"2023-10-20T13:46:43","date_gmt":"2023-10-20T13:46:43","guid":{"rendered":"https:\/\/sagessesjb.edu.lb\/?page_id=6687"},"modified":"2023-10-20T13:49:50","modified_gmt":"2023-10-20T13:49:50","slug":"verification-de-linstallation-de-microsoft-teams","status":"publish","type":"page","link":"https:\/\/sagessesjb.edu.lb\/fr\/verification-de-linstallation-de-microsoft-teams\/","title":{"rendered":"V\u00e9rification de l&rsquo;installation de Microsoft Teams"},"content":{"rendered":"\t\t<div data-elementor-type=\"wp-page\" data-elementor-id=\"6687\" class=\"elementor elementor-6687\" data-elementor-post-type=\"page\">\n\t\t\t\t\t\t<section class=\"elementor-section elementor-top-section elementor-element elementor-element-429361f elementor-section-boxed elementor-section-height-default elementor-section-height-default\" data-id=\"429361f\" data-element_type=\"section\" data-e-type=\"section\">\n\t\t\t\t\t\t<div class=\"elementor-container elementor-column-gap-default\">\n\t\t\t\t\t<div class=\"elementor-column elementor-col-100 elementor-top-column elementor-element elementor-element-59537bd\" data-id=\"59537bd\" data-element_type=\"column\" data-e-type=\"column\">\n\t\t\t<div class=\"elementor-widget-wrap elementor-element-populated\">\n\t\t\t\t\t\t<div class=\"elementor-element elementor-element-5c43483 elementor-widget elementor-widget-heading\" data-id=\"5c43483\" data-element_type=\"widget\" data-e-type=\"widget\" data-widget_type=\"heading.default\">\n\t\t\t\t<div class=\"elementor-widget-container\">\n\t\t\t\t\t<h2 class=\"elementor-heading-title elementor-size-default\">V\u00e9rification de l'installation de Microsoft Teams-<br>Action requise<\/h2>\t\t\t\t<\/div>\n\t\t\t\t<\/div>\n\t\t\t\t\t<\/div>\n\t\t<\/div>\n\t\t\t\t\t<\/div>\n\t\t<\/section>\n\t\t\t\t<section class=\"elementor-section elementor-top-section elementor-element elementor-element-5efae83 elementor-section-boxed elementor-section-height-default elementor-section-height-default\" data-id=\"5efae83\" data-element_type=\"section\" data-e-type=\"section\">\n\t\t\t\t\t\t<div class=\"elementor-container elementor-column-gap-default\">\n\t\t\t\t\t<div class=\"elementor-column elementor-col-100 elementor-top-column elementor-element elementor-element-1bfc3c3\" data-id=\"1bfc3c3\" data-element_type=\"column\" data-e-type=\"column\">\n\t\t\t<div class=\"elementor-widget-wrap elementor-element-populated\">\n\t\t\t\t\t\t<div class=\"elementor-element elementor-element-f58d118 elementor-widget elementor-widget-text-editor\" data-id=\"f58d118\" data-element_type=\"widget\" data-e-type=\"widget\" data-widget_type=\"text-editor.default\">\n\t\t\t\t<div class=\"elementor-widget-container\">\n\t\t\t\t\t\t\t\t\t<p><strong>Chers parents,<\/strong><\/p><p>L&rsquo;acc\u00e8s \u00e0 Microsoft Teams permet \u00e0 nos \u00e9l\u00e8ves de b\u00e9n\u00e9ficier de l&rsquo;apprentissage en ligne. Dans l&rsquo;\u00e9ventualit\u00e9 d&rsquo;un impr\u00e9vu qui n\u00e9cessiterait un passage \u00e0 l&rsquo;enseignement \u00e0 distance, il est donc imp\u00e9ratif que cette plateforme soit install\u00e9e et fonctionnelle sur les appareils de vos enfants.<\/p><p>Nous sollicitons donc votre collaboration pour v\u00e9rifier que Microsoft Teams est correctement install\u00e9. Si l&rsquo;application a \u00e9t\u00e9 d\u00e9sinstall\u00e9e, nous vous demandons \u00e0 la r\u00e9installer d\u00e8s que possible.<\/p><p>Pour nous assurer que vous disposez de toutes les informations n\u00e9cessaires, nous vous prions de bien vouloir remplir le formulaire, <strong>avant le mardi 24 octobre 2023<\/strong> en cliquant sur le lien ci-dessous :<\/p><p><a href=\"https:\/\/forms.office.com\/r\/9ZBQMFe963\">https:\/\/forms.office.com\/r\/9ZBQMFe963<\/a><\/p><p>En cas d&rsquo;oubli des informations d&rsquo;identification de vos enfants, notamment l\u2019identifiant (username) et le mot de passe (password), notre service d&rsquo;assistance sera \u00e0 votre disposition, \u00e0 cette \u00e9tape-l\u00e0, pour vous aider \u00e0 les r\u00e9cup\u00e9rer. Il vous les communiquera dans les plus brefs d\u00e9lais.<\/p><p>Nous vous remercions pour votre coop\u00e9ration et votre compr\u00e9hension de l&rsquo;importance de cette v\u00e9rification.<\/p><p style=\"text-align: right;\"><strong>La Direction<\/strong><\/p>\t\t\t\t\t\t\t\t<\/div>\n\t\t\t\t<\/div>\n\t\t\t\t\t<\/div>\n\t\t<\/div>\n\t\t\t\t\t<\/div>\n\t\t<\/section>\n\t\t\t\t<\/div>\n\t\t","protected":false},"excerpt":{"rendered":"<p>V\u00e9rification de l&rsquo;installation de Microsoft Teams-Action requise Chers parents, L&rsquo;acc\u00e8s \u00e0 Microsoft Teams permet \u00e0 nos \u00e9l\u00e8ves de b\u00e9n\u00e9ficier de l&rsquo;apprentissage en ligne. Dans l&rsquo;\u00e9ventualit\u00e9 d&rsquo;un impr\u00e9vu qui n\u00e9cessiterait un passage \u00e0 l&rsquo;enseignement \u00e0 distance, il est donc imp\u00e9ratif que cette plateforme soit install\u00e9e et fonctionnelle sur les appareils de vos enfants. Nous sollicitons donc [&hellip;]<\/p>\n","protected":false},"author":1,"featured_media":0,"parent":0,"menu_order":0,"comment_status":"closed","ping_status":"closed","template":"","meta":{"footnotes":""},"class_list":["post-6687","page","type-page","status-publish","hentry"],"_links":{"self":[{"href":"https:\/\/sagessesjb.edu.lb\/fr\/wp-json\/wp\/v2\/pages\/6687","targetHints":{"allow":["GET"]}}],"collection":[{"href":"https:\/\/sagessesjb.edu.lb\/fr\/wp-json\/wp\/v2\/pages"}],"about":[{"href":"https:\/\/sagessesjb.edu.lb\/fr\/wp-json\/wp\/v2\/types\/page"}],"author":[{"embeddable":true,"href":"https:\/\/sagessesjb.edu.lb\/fr\/wp-json\/wp\/v2\/users\/1"}],"replies":[{"embeddable":true,"href":"https:\/\/sagessesjb.edu.lb\/fr\/wp-json\/wp\/v2\/comments?post=6687"}],"version-history":[{"count":4,"href":"https:\/\/sagessesjb.edu.lb\/fr\/wp-json\/wp\/v2\/pages\/6687\/revisions"}],"predecessor-version":[{"id":6691,"href":"https:\/\/sagessesjb.edu.lb\/fr\/wp-json\/wp\/v2\/pages\/6687\/revisions\/6691"}],"wp:attachment":[{"href":"https:\/\/sagessesjb.edu.lb\/fr\/wp-json\/wp\/v2\/media?parent=6687"}],"curies":[{"name":"wp","href":"https:\/\/api.w.org\/{rel}","templated":true}]}}