{"id":600,"date":"2023-05-10T10:55:31","date_gmt":"2023-05-10T10:55:31","guid":{"rendered":"https:\/\/yerehost.com\/sagesse\/?page_id=600"},"modified":"2026-02-12T09:44:44","modified_gmt":"2026-02-12T09:44:44","slug":"contactez-nous","status":"publish","type":"page","link":"https:\/\/sagessesjb.edu.lb\/fr\/contactez-nous\/","title":{"rendered":"Contactez &#8211; nous"},"content":{"rendered":"\t\t<div data-elementor-type=\"wp-page\" data-elementor-id=\"600\" class=\"elementor elementor-600\" data-elementor-post-type=\"page\">\n\t\t\t\t\t\t<section class=\"elementor-section elementor-top-section elementor-element elementor-element-ca5cd7a elementor-hidden-tablet elementor-hidden-mobile elementor-section-boxed elementor-section-height-default elementor-section-height-default\" data-id=\"ca5cd7a\" data-element_type=\"section\" data-e-type=\"section\">\n\t\t\t\t\t\t<div class=\"elementor-container elementor-column-gap-default\">\n\t\t\t\t\t<div class=\"elementor-column elementor-col-100 elementor-top-column elementor-element elementor-element-1eac6af shapedividers_com-7666\" data-id=\"1eac6af\" data-element_type=\"column\" data-e-type=\"column\" data-settings=\"{&quot;background_background&quot;:&quot;classic&quot;}\">\n\t\t\t<div class=\"elementor-widget-wrap elementor-element-populated\">\n\t\t\t\t\t\t<div class=\"elementor-element elementor-element-765b0f9 elementor-widget elementor-widget-text-editor\" data-id=\"765b0f9\" data-element_type=\"widget\" data-e-type=\"widget\" data-widget_type=\"text-editor.default\">\n\t\t\t\t<div class=\"elementor-widget-container\">\n\t\t\t\t\t\t\t\t\t<h5 style=\"text-align: center;\"><span style=\"color: #ffffff;\">Num\u00e9ros de T\u00e9l\u00e9phone :<\/span><\/h5><h5 style=\"text-align: center;\"><span style=\"color: #ffffff;\">+961 5 451500<\/span><\/h5><h5 style=\"text-align: center;\"><span style=\"color: #ffffff;\">+961 5 451501<\/span><\/h5><h5 style=\"text-align: center;\"><span style=\"color: #ffffff;\">+961 5 950926<\/span><\/h5><h5 style=\"text-align: center;\"><span style=\"color: #ffffff;\">+961 5 459704<\/span><\/h5><h5 style=\"text-align: center;\"><span style=\"color: #ffffff;\">+961 5 950928 (Fax)<\/span><\/h5>\t\t\t\t\t\t\t\t<\/div>\n\t\t\t\t<\/div>\n\t\t\t\t\t<\/div>\n\t\t<\/div>\n\t\t\t\t\t<\/div>\n\t\t<\/section>\n\t\t\t\t<section class=\"elementor-section elementor-top-section elementor-element elementor-element-95f4685 elementor-hidden-mobile elementor-hidden-desktop elementor-section-boxed elementor-section-height-default elementor-section-height-default\" data-id=\"95f4685\" data-element_type=\"section\" data-e-type=\"section\">\n\t\t\t\t\t\t<div class=\"elementor-container elementor-column-gap-default\">\n\t\t\t\t\t<div class=\"elementor-column elementor-col-100 elementor-top-column elementor-element elementor-element-18c971a shapedividers_com-4505\" data-id=\"18c971a\" data-element_type=\"column\" data-e-type=\"column\" data-settings=\"{&quot;background_background&quot;:&quot;classic&quot;}\">\n\t\t\t<div class=\"elementor-widget-wrap elementor-element-populated\">\n\t\t\t\t\t\t<div class=\"elementor-element elementor-element-42fcb39 elementor-widget elementor-widget-text-editor\" data-id=\"42fcb39\" data-element_type=\"widget\" data-e-type=\"widget\" data-widget_type=\"text-editor.default\">\n\t\t\t\t<div class=\"elementor-widget-container\">\n\t\t\t\t\t\t\t\t\t<h5 style=\"text-align: center;\"><span style=\"color: #ffffff;\">Num\u00e9ros de T\u00e9l\u00e9phone :<\/span><\/h5><h5 style=\"text-align: center;\"><span style=\"color: #ffffff;\">+961 5 451500<\/span><\/h5><h5 style=\"text-align: center;\"><span style=\"color: #ffffff;\">+961 5 451501<\/span><\/h5><h5 style=\"text-align: center;\"><span style=\"color: #ffffff;\">+961 5 950926<\/span><\/h5><h5 style=\"text-align: center;\"><span style=\"color: #ffffff;\">+961 5 459704<\/span><\/h5><h5 style=\"text-align: center;\"><span style=\"color: #ffffff;\">+961 5 950928 (Fax)<\/span><\/h5>\t\t\t\t\t\t\t\t<\/div>\n\t\t\t\t<\/div>\n\t\t\t\t\t<\/div>\n\t\t<\/div>\n\t\t\t\t\t<\/div>\n\t\t<\/section>\n\t\t\t\t<section class=\"elementor-section elementor-top-section elementor-element elementor-element-acf72eb elementor-hidden-desktop elementor-hidden-tablet elementor-section-boxed elementor-section-height-default elementor-section-height-default\" data-id=\"acf72eb\" data-element_type=\"section\" data-e-type=\"section\">\n\t\t\t\t\t\t<div class=\"elementor-container elementor-column-gap-default\">\n\t\t\t\t\t<div class=\"elementor-column elementor-col-33 elementor-top-column elementor-element elementor-element-21c8060\" data-id=\"21c8060\" data-element_type=\"column\" data-e-type=\"column\" data-settings=\"{&quot;background_background&quot;:&quot;classic&quot;}\">\n\t\t\t<div class=\"elementor-widget-wrap\">\n\t\t\t\t\t\t\t<\/div>\n\t\t<\/div>\n\t\t\t\t<div class=\"elementor-column elementor-col-33 elementor-top-column elementor-element elementor-element-ea542eb shapedividers_com-7666\" data-id=\"ea542eb\" data-element_type=\"column\" data-e-type=\"column\" data-settings=\"{&quot;background_background&quot;:&quot;classic&quot;}\">\n\t\t\t<div class=\"elementor-widget-wrap elementor-element-populated\">\n\t\t\t\t\t\t<div class=\"elementor-element elementor-element-7b0e294 elementor-widget elementor-widget-text-editor\" data-id=\"7b0e294\" data-element_type=\"widget\" data-e-type=\"widget\" data-widget_type=\"text-editor.default\">\n\t\t\t\t<div class=\"elementor-widget-container\">\n\t\t\t\t\t\t\t\t\t<p style=\"text-align: center;\"><strong>05- 451 500<\/strong><\/p><p style=\"text-align: center;\"><strong>05-451501<\/strong><\/p><p style=\"text-align: center;\"><strong>05-950920<\/strong><\/p><p style=\"text-align: center;\"><strong>05-459704<\/strong><\/p><p style=\"text-align: center;\"><strong>05-950928 (Fax)<\/strong><\/p><p>\u00a0<\/p>\t\t\t\t\t\t\t\t<\/div>\n\t\t\t\t<\/div>\n\t\t\t\t\t<\/div>\n\t\t<\/div>\n\t\t\t\t<div class=\"elementor-column elementor-col-33 elementor-top-column elementor-element elementor-element-fd54961\" data-id=\"fd54961\" data-element_type=\"column\" data-e-type=\"column\" data-settings=\"{&quot;background_background&quot;:&quot;classic&quot;}\">\n\t\t\t<div class=\"elementor-widget-wrap\">\n\t\t\t\t\t\t\t<\/div>\n\t\t<\/div>\n\t\t\t\t\t<\/div>\n\t\t<\/section>\n\t\t\t\t<section class=\"elementor-section elementor-top-section elementor-element elementor-element-34b9839 elementor-section-boxed elementor-section-height-default elementor-section-height-default\" data-id=\"34b9839\" data-element_type=\"section\" data-e-type=\"section\">\n\t\t\t\t\t\t<div class=\"elementor-container elementor-column-gap-default\">\n\t\t\t\t\t<div class=\"elementor-column elementor-col-100 elementor-top-column elementor-element elementor-element-9ade8be shapedividers_com-3457\" data-id=\"9ade8be\" data-element_type=\"column\" data-e-type=\"column\" data-settings=\"{&quot;background_background&quot;:&quot;classic&quot;}\">\n\t\t\t<div class=\"elementor-widget-wrap elementor-element-populated\">\n\t\t\t\t\t\t<div class=\"elementor-element elementor-element-7626f85 elementor-widget elementor-widget-text-editor\" data-id=\"7626f85\" data-element_type=\"widget\" data-e-type=\"widget\" data-widget_type=\"text-editor.default\">\n\t\t\t\t<div class=\"elementor-widget-container\">\n\t\t\t\t\t\t\t\t\t<p style=\"text-align: center;\"><strong>Bienvenue sur notre page de contact !<\/strong><\/p><p style=\"text-align: center;\">Nous croyons fermement \u00e0 l&rsquo;importance de rester connect\u00e9s avec les <strong>parents<\/strong>. Cette page d\u00e9di\u00e9e \u00e0 la communication avec vous est une occasion pour nous de mieux vous conna\u00eetre, de r\u00e9pondre \u00e0 vos questions et de vous offrir notre <strong>assistance<\/strong> de la mani\u00e8re la plus personnalis\u00e9e possible.<\/p>\t\t\t\t\t\t\t\t<\/div>\n\t\t\t\t<\/div>\n\t\t\t\t<div class=\"elementor-element elementor-element-c2daa6d shapedividers_com-1454 elementor-widget elementor-widget-heading\" data-id=\"c2daa6d\" data-element_type=\"widget\" data-e-type=\"widget\" data-widget_type=\"heading.default\">\n\t\t\t\t<div class=\"elementor-widget-container\">\n\t\t\t\t\t<h2 class=\"elementor-heading-title elementor-size-default\">Les Responsables<\/h2>\t\t\t\t<\/div>\n\t\t\t\t<\/div>\n\t\t\t\t\t<\/div>\n\t\t<\/div>\n\t\t\t\t\t<\/div>\n\t\t<\/section>\n\t\t\t\t<section class=\"elementor-section elementor-top-section elementor-element elementor-element-fc24d0b elementor-section-boxed elementor-section-height-default elementor-section-height-default\" data-id=\"fc24d0b\" data-element_type=\"section\" data-e-type=\"section\">\n\t\t\t\t\t\t<div class=\"elementor-container elementor-column-gap-default\">\n\t\t\t\t\t<div class=\"elementor-column elementor-col-100 elementor-top-column elementor-element elementor-element-c09cbe5\" data-id=\"c09cbe5\" data-element_type=\"column\" data-e-type=\"column\" data-settings=\"{&quot;background_background&quot;:&quot;classic&quot;}\">\n\t\t\t<div class=\"elementor-widget-wrap elementor-element-populated\">\n\t\t\t\t\t\t<div class=\"elementor-element elementor-element-792f039 elementor-widget elementor-widget-text-editor\" data-id=\"792f039\" data-element_type=\"widget\" data-e-type=\"widget\" data-widget_type=\"text-editor.default\">\n\t\t\t\t<div class=\"elementor-widget-container\">\n\t\t\t\t\t\t\t\t\t<p style=\"text-align: center;\">Responsable du cycle Secondaire :\u00a0<a href=\"mailto:resp.sec@sagessesjb.edu.lb\" target=\"_blank\" rel=\"noopener\">resp.sec@sagessesjb.edu.lb<\/a><\/p><p style=\"text-align: center;\">Responsable du cycle Compl\u00e9mentaire : <a href=\"mailto:resp.comp@sagessesjb.edu.lb\" target=\"_blank\" rel=\"noopener\">resp.comp@sagessesjb.edu.lb<\/a><\/p><p style=\"text-align: center;\">Responsable du cycle Primaire II :\u00a0<a href=\"mailto:resp.prim2@sagessesjb.edu.lb\" target=\"_blank\" rel=\"noopener\">resp.prim2@sagessesjb.edu.lb<\/a><\/p><p style=\"text-align: center;\">Responsable du cycle Primaire I :\u00a0<a href=\"mailto:resp.prim1@sagessesjb.edu.lb\" target=\"_blank\" rel=\"noopener\">resp.prim1@sagessesjb.edu.lb<\/a><\/p><p style=\"text-align: center;\">Responsable du cycle Maternel : <a href=\"mailto:resp.mater@sagessesjb.edu.lb\" target=\"_blank\" rel=\"noopener\">resp.mater@sagessesjb.edu.lb<\/a><\/p><p style=\"text-align: center;\">Responsable de l&rsquo;Inclusion Scolaire : <a href=\"mailto:dpsp@sagessesjb.edu.lb\" target=\"_blank\" rel=\"noopener\">dpsp@sagessesjb.edu.lb<\/a><\/p><p style=\"text-align: center;\">Responsable de la Garderie \u00ab\u00a0Les Minus\u00a0\u00bb : <a href=\"mailto:lesminus@sagessesjb.edu.lb\" target=\"_blank\" rel=\"noopener\">lesminus@sagessesjb.edu.lb<\/a><\/p>\t\t\t\t\t\t\t\t<\/div>\n\t\t\t\t<\/div>\n\t\t\t\t\t<\/div>\n\t\t<\/div>\n\t\t\t\t\t<\/div>\n\t\t<\/section>\n\t\t\t\t<section class=\"elementor-section elementor-top-section elementor-element elementor-element-a9f7cd5 elementor-section-boxed elementor-section-height-default elementor-section-height-default\" data-id=\"a9f7cd5\" data-element_type=\"section\" data-e-type=\"section\">\n\t\t\t\t\t\t<div class=\"elementor-container elementor-column-gap-default\">\n\t\t\t\t\t<div class=\"elementor-column elementor-col-100 elementor-top-column elementor-element elementor-element-36ae8bc shapedividers_com-8898\" data-id=\"36ae8bc\" data-element_type=\"column\" data-e-type=\"column\" data-settings=\"{&quot;background_background&quot;:&quot;classic&quot;}\">\n\t\t\t<div class=\"elementor-widget-wrap elementor-element-populated\">\n\t\t\t\t\t\t<div class=\"elementor-element elementor-element-db36174 elementor-widget elementor-widget-heading\" data-id=\"db36174\" data-element_type=\"widget\" data-e-type=\"widget\" data-widget_type=\"heading.default\">\n\t\t\t\t<div class=\"elementor-widget-container\">\n\t\t\t\t\t<h2 class=\"elementor-heading-title elementor-size-default\">Les Services<\/h2>\t\t\t\t<\/div>\n\t\t\t\t<\/div>\n\t\t\t\t<div class=\"elementor-element elementor-element-90f7b61 elementor-widget elementor-widget-text-editor\" data-id=\"90f7b61\" data-element_type=\"widget\" data-e-type=\"widget\" data-widget_type=\"text-editor.default\">\n\t\t\t\t<div class=\"elementor-widget-container\">\n\t\t\t\t\t\t\t\t\t<p style=\"text-align: center;\">\u00c9conome : <a href=\"mailto:pere.econome@sagessesjb.edu.lb\" target=\"_blank\" rel=\"noopener\">econome@sagessesjb.edu.lb<\/a><\/p><p style=\"text-align: center;\">Secr\u00e9taire du P\u00e8re Superieur : <a href=\"mailto:sps@sagessesjb.edu.lb\">sps@sagessesjb.edu.lb<\/a><\/p><p style=\"text-align: center;\">Secr\u00e9tariat : <a href=\"mailto:secretariat@sagessesjb.edu.lb\">secretariat@sagessesjb.edu.lb<\/a><\/p><p style=\"text-align: center;\">\u00a0<\/p><p style=\"text-align: center;\">\u00a0<\/p>\t\t\t\t\t\t\t\t<\/div>\n\t\t\t\t<\/div>\n\t\t\t\t\t<\/div>\n\t\t<\/div>\n\t\t\t\t\t<\/div>\n\t\t<\/section>\n\t\t\t\t<section class=\"elementor-section elementor-top-section elementor-element elementor-element-53d8e0d elementor-section-boxed elementor-section-height-default elementor-section-height-default\" data-id=\"53d8e0d\" data-element_type=\"section\" data-e-type=\"section\">\n\t\t\t\t\t\t<div class=\"elementor-container elementor-column-gap-default\">\n\t\t\t\t\t<div class=\"elementor-column elementor-col-100 elementor-top-column elementor-element elementor-element-b2da4d1\" data-id=\"b2da4d1\" data-element_type=\"column\" data-e-type=\"column\" data-settings=\"{&quot;background_background&quot;:&quot;classic&quot;}\">\n\t\t\t<div class=\"elementor-widget-wrap elementor-element-populated\">\n\t\t\t\t\t\t<div class=\"elementor-element elementor-element-00d9c59 elementor-widget elementor-widget-text-editor\" data-id=\"00d9c59\" data-element_type=\"widget\" data-e-type=\"widget\" data-widget_type=\"text-editor.default\">\n\t\t\t\t<div class=\"elementor-widget-container\">\n\t\t\t\t\t\t\t\t\t<p style=\"text-align: center;\">N&rsquo;h\u00e9sitez pas \u00e0 utiliser les\u00a0<strong>coordonn\u00e9es fournies<\/strong>\u00a0pour entrer en contact direct avec nous. Votre message sera pris en charge avec la plus grande attention, et nous nous efforcerons de vous r\u00e9pondre dans les meilleurs d\u00e9lais.<\/p><p style=\"text-align: center;\"><strong>Si vous avez des suggestions ou des plaintes, vous \u00eates pri\u00e9s de nous contacter sur l&rsquo;adresse E-mail suivante :\u00a0<a href=\"sps@sagessesjb.edu.lb\">sps@sagessesjb.edu.lb<\/a><\/strong><\/p>\t\t\t\t\t\t\t\t<\/div>\n\t\t\t\t<\/div>\n\t\t\t\t\t<\/div>\n\t\t<\/div>\n\t\t\t\t\t<\/div>\n\t\t<\/section>\n\t\t\t\t<\/div>\n\t\t","protected":false},"excerpt":{"rendered":"<p>Num\u00e9ros de T\u00e9l\u00e9phone : +961 5 451500 +961 5 451501 +961 5 950926 +961 5 459704 +961 5 950928 (Fax) Num\u00e9ros de T\u00e9l\u00e9phone : +961 5 451500 +961 5 451501 +961 5 950926 +961 5 459704 +961 5 950928 (Fax) 05- 451 500 05-451501 05-950920 05-459704 05-950928 (Fax) \u00a0 Bienvenue sur notre page de contact [&hellip;]<\/p>\n","protected":false},"author":1,"featured_media":0,"parent":0,"menu_order":0,"comment_status":"closed","ping_status":"closed","template":"","meta":{"footnotes":""},"class_list":["post-600","page","type-page","status-publish","hentry"],"_links":{"self":[{"href":"https:\/\/sagessesjb.edu.lb\/fr\/wp-json\/wp\/v2\/pages\/600","targetHints":{"allow":["GET"]}}],"collection":[{"href":"https:\/\/sagessesjb.edu.lb\/fr\/wp-json\/wp\/v2\/pages"}],"about":[{"href":"https:\/\/sagessesjb.edu.lb\/fr\/wp-json\/wp\/v2\/types\/page"}],"author":[{"embeddable":true,"href":"https:\/\/sagessesjb.edu.lb\/fr\/wp-json\/wp\/v2\/users\/1"}],"replies":[{"embeddable":true,"href":"https:\/\/sagessesjb.edu.lb\/fr\/wp-json\/wp\/v2\/comments?post=600"}],"version-history":[{"count":91,"href":"https:\/\/sagessesjb.edu.lb\/fr\/wp-json\/wp\/v2\/pages\/600\/revisions"}],"predecessor-version":[{"id":11423,"href":"https:\/\/sagessesjb.edu.lb\/fr\/wp-json\/wp\/v2\/pages\/600\/revisions\/11423"}],"wp:attachment":[{"href":"https:\/\/sagessesjb.edu.lb\/fr\/wp-json\/wp\/v2\/media?parent=600"}],"curies":[{"name":"wp","href":"https:\/\/api.w.org\/{rel}","templated":true}]}}