{"id":5558,"date":"2023-09-13T10:09:34","date_gmt":"2023-09-13T10:09:34","guid":{"rendered":"https:\/\/sagessesjb.edu.lb\/?page_id=5558"},"modified":"2023-09-13T10:42:05","modified_gmt":"2023-09-13T10:42:05","slug":"directives-disciplinaires-des-classes-speciales","status":"publish","type":"page","link":"https:\/\/sagessesjb.edu.lb\/fr\/directives-disciplinaires-des-classes-speciales\/","title":{"rendered":"Directives Disciplinaires des classes sp\u00e9ciales"},"content":{"rendered":"\t\t<div data-elementor-type=\"wp-page\" data-elementor-id=\"5558\" class=\"elementor elementor-5558\" data-elementor-post-type=\"page\">\n\t\t\t\t\t\t<section class=\"elementor-section elementor-top-section elementor-element elementor-element-e00c8f8 elementor-section-boxed elementor-section-height-default elementor-section-height-default\" data-id=\"e00c8f8\" data-element_type=\"section\" data-e-type=\"section\">\n\t\t\t\t\t\t<div class=\"elementor-container elementor-column-gap-default\">\n\t\t\t\t\t<div class=\"elementor-column elementor-col-100 elementor-top-column elementor-element elementor-element-8661642\" data-id=\"8661642\" data-element_type=\"column\" data-e-type=\"column\">\n\t\t\t<div class=\"elementor-widget-wrap elementor-element-populated\">\n\t\t\t\t\t\t<div class=\"elementor-element elementor-element-799cd63 elementor-widget elementor-widget-heading\" data-id=\"799cd63\" data-element_type=\"widget\" data-e-type=\"widget\" data-widget_type=\"heading.default\">\n\t\t\t\t<div class=\"elementor-widget-container\">\n\t\t\t\t\t<h2 class=\"elementor-heading-title elementor-size-default\">Directives disciplinaires aux parents des \u00e9l\u00e8ves \ndes classes sp\u00e9ciales (Ressources et EBS)\n\n<\/h2>\t\t\t\t<\/div>\n\t\t\t\t<\/div>\n\t\t\t\t\t<\/div>\n\t\t<\/div>\n\t\t\t\t\t<\/div>\n\t\t<\/section>\n\t\t\t\t<section class=\"elementor-section elementor-top-section elementor-element elementor-element-5e14aca elementor-section-boxed elementor-section-height-default elementor-section-height-default\" data-id=\"5e14aca\" data-element_type=\"section\" data-e-type=\"section\" data-settings=\"{&quot;shape_divider_top&quot;:&quot;mountains&quot;}\">\n\t\t\t\t\t<div class=\"elementor-shape elementor-shape-top\" aria-hidden=\"true\" data-negative=\"false\">\n\t\t\t<svg xmlns=\"http:\/\/www.w3.org\/2000\/svg\" viewBox=\"0 0 1000 100\" preserveAspectRatio=\"none\">\n\t<path class=\"elementor-shape-fill\" opacity=\"0.33\" d=\"M473,67.3c-203.9,88.3-263.1-34-320.3,0C66,119.1,0,59.7,0,59.7V0h1000v59.7 c0,0-62.1,26.1-94.9,29.3c-32.8,3.3-62.8-12.3-75.8-22.1C806,49.6,745.3,8.7,694.9,4.7S492.4,59,473,67.3z\"\/>\n\t<path class=\"elementor-shape-fill\" opacity=\"0.66\" d=\"M734,67.3c-45.5,0-77.2-23.2-129.1-39.1c-28.6-8.7-150.3-10.1-254,39.1 s-91.7-34.4-149.2,0C115.7,118.3,0,39.8,0,39.8V0h1000v36.5c0,0-28.2-18.5-92.1-18.5C810.2,18.1,775.7,67.3,734,67.3z\"\/>\n\t<path class=\"elementor-shape-fill\" d=\"M766.1,28.9c-200-57.5-266,65.5-395.1,19.5C242,1.8,242,5.4,184.8,20.6C128,35.8,132.3,44.9,89.9,52.5C28.6,63.7,0,0,0,0 h1000c0,0-9.9,40.9-83.6,48.1S829.6,47,766.1,28.9z\"\/>\n<\/svg>\t\t<\/div>\n\t\t\t\t\t<div class=\"elementor-container elementor-column-gap-default\">\n\t\t\t\t\t<div class=\"elementor-column elementor-col-100 elementor-top-column elementor-element elementor-element-8a68ed4\" data-id=\"8a68ed4\" data-element_type=\"column\" data-e-type=\"column\">\n\t\t\t<div class=\"elementor-widget-wrap elementor-element-populated\">\n\t\t\t\t\t\t<div class=\"elementor-element elementor-element-cdf3203 elementor-widget elementor-widget-image\" data-id=\"cdf3203\" data-element_type=\"widget\" data-e-type=\"widget\" data-widget_type=\"image.default\">\n\t\t\t\t<div class=\"elementor-widget-container\">\n\t\t\t\t\t\t\t\t\t\t\t\t\t\t\t<img fetchpriority=\"high\" decoding=\"async\" width=\"300\" height=\"298\" src=\"https:\/\/sagessesjb.edu.lb\/wp-content\/uploads\/2023\/09\/side-view-child-learning-from-tutor-home-300x298.jpg\" class=\"attachment-medium size-medium wp-image-5562\" alt=\"\" srcset=\"https:\/\/sagessesjb.edu.lb\/wp-content\/uploads\/2023\/09\/side-view-child-learning-from-tutor-home-300x298.jpg 300w, https:\/\/sagessesjb.edu.lb\/wp-content\/uploads\/2023\/09\/side-view-child-learning-from-tutor-home-1024x1018.jpg 1024w, https:\/\/sagessesjb.edu.lb\/wp-content\/uploads\/2023\/09\/side-view-child-learning-from-tutor-home-150x150.jpg 150w, https:\/\/sagessesjb.edu.lb\/wp-content\/uploads\/2023\/09\/side-view-child-learning-from-tutor-home-768x764.jpg 768w, https:\/\/sagessesjb.edu.lb\/wp-content\/uploads\/2023\/09\/side-view-child-learning-from-tutor-home-600x597.jpg 600w, https:\/\/sagessesjb.edu.lb\/wp-content\/uploads\/2023\/09\/side-view-child-learning-from-tutor-home-100x100.jpg 100w, https:\/\/sagessesjb.edu.lb\/wp-content\/uploads\/2023\/09\/side-view-child-learning-from-tutor-home.jpg 1080w\" sizes=\"(max-width: 300px) 100vw, 300px\" \/>\t\t\t\t\t\t\t\t\t\t\t\t\t\t\t<\/div>\n\t\t\t\t<\/div>\n\t\t\t\t\t<\/div>\n\t\t<\/div>\n\t\t\t\t\t<\/div>\n\t\t<\/section>\n\t\t\t\t<section class=\"elementor-section elementor-top-section elementor-element elementor-element-3ae8e89 elementor-section-boxed elementor-section-height-default elementor-section-height-default\" data-id=\"3ae8e89\" data-element_type=\"section\" data-e-type=\"section\">\n\t\t\t\t\t\t<div class=\"elementor-container elementor-column-gap-default\">\n\t\t\t\t\t<div class=\"elementor-column elementor-col-33 elementor-top-column elementor-element elementor-element-3a062d7\" data-id=\"3a062d7\" data-element_type=\"column\" data-e-type=\"column\">\n\t\t\t<div class=\"elementor-widget-wrap\">\n\t\t\t\t\t\t\t<\/div>\n\t\t<\/div>\n\t\t\t\t<div class=\"elementor-column elementor-col-33 elementor-top-column elementor-element elementor-element-af71d35\" data-id=\"af71d35\" data-element_type=\"column\" data-e-type=\"column\">\n\t\t\t<div class=\"elementor-widget-wrap elementor-element-populated\">\n\t\t\t\t\t\t<div class=\"elementor-element elementor-element-f2d59cc elementor-widget elementor-widget-text-editor\" data-id=\"f2d59cc\" data-element_type=\"widget\" data-e-type=\"widget\" data-widget_type=\"text-editor.default\">\n\t\t\t\t<div class=\"elementor-widget-container\">\n\t\t\t\t\t\t\t\t\t<p><strong><u>Rentr\u00e9e des classes <\/u><\/strong><\/p><p>Mercredi 13 septembre<\/p><p>D\u00e9partement d\u2019Inclusion Scolaire\u00a0: Porte No 14<\/p><p><strong><u>Modalit\u00e9s<\/u><\/strong>\u00a0<\/p><p><strong>D\u00e8s le premier<\/strong>\u00a0<strong>jour de la rentr\u00e9e scolaire, <\/strong>les \u00e9l\u00e8ves rentrent seuls, sans leurs parents. Ils seront accueillis par les animatrices et la responsable qui se chargeront de leur indiquer leur classe o\u00f9 les enseignantes les attendent.<\/p><p><strong>NB\u00a0:<\/strong> <strong>Le premier<\/strong>\u00a0<strong>jour de la rentr\u00e9e scolaire, <\/strong><strong>les \u00e9l\u00e8ves mettent dans leur cartable, une partie de leur mat\u00e9riel scolaire. Le reste sera apport\u00e9, au fur et \u00e0 mesure, les jours suivants ce qui permet d\u2019\u00e9viter le port de cartables lourds. <\/strong><\/p><p>En cours d\u2019ann\u00e9e, tous les \u00e9l\u00e8ves doivent consulter l\u2019horaire de leur classe et apporter, uniquement, les livres scolaires dont ils ont besoin, pour la journ\u00e9e\u00a0; ils gardent le reste des livres \u00e0 la maison. Pour tout \u00e9ventuel changement au niveau de l\u2019horaire, les \u00e9l\u00e8ves seront avis\u00e9s par les enseignantes. \u00a0<\/p><p><strong><u>Horaire<\/u><\/strong><\/p><p>\u00a0<\/p><table><tbody><tr><td width=\"198\"><p><strong>Rentr\u00e9e des classes<\/strong><\/p><\/td><td width=\"198\"><p><strong>Sortie des classes<\/strong><\/p><\/td><\/tr><tr><td width=\"198\"><p>\u00a07h25<\/p><\/td><td width=\"198\"><p>\u00a0\u00a0\u00a0\u00a0\u00a0\u00a0\u00a0\u00a0\u00a0\u00a0\u00a0\u00a0\u00a0\u00a0\u00a0 \u00a0\u00a014h15<\/p><\/td><\/tr><\/tbody><\/table><p>\u00a0<\/p><ul><li>Il est instamment recommand\u00e9 aux parents de respecter les horaires d\u2019ouverture et de fermeture de l\u2019\u00e9tablissement. Les retards perturbent \u00e0 la fois l\u2019\u00e9l\u00e8ve et la classe. Par cons\u00e9quent, les portes du Coll\u00e8ge seront ferm\u00e9es \u00e0 7h30. L\u2019\u00e9l\u00e8ve qui arrive en retard ne pourra donc entrer au Coll\u00e8ge, qu\u2019accompagn\u00e9e de ses parents chez la responsable du cycle qui d\u00e9cidera de la mesure \u00e0 prendre, en fonction du motif et des circonstances.<\/li><\/ul><p>Pour la rentr\u00e9e et la sortie, les \u00e9l\u00e8ves seront surveill\u00e9s de 7h00 jusqu\u2019\u00e0 14h30. <strong>En dehors de ces heures-l\u00e0, le Coll\u00e8ge n&rsquo;est pas responsable des \u00e9l\u00e8ves, qui attendront alors dans le pr\u00e9au de la b\u00e2tisse centrale.<\/strong><\/p><ul><li>Toute absence doit \u00eatre justifi\u00e9e, le jour m\u00eame, par t\u00e9l\u00e9phone ou au retour de l\u2019enfant, soit sur son agenda soit directement \u00e0 la responsable du cycle ou \u00e0 l\u2019animatrice de la division.<\/li><li>\u00c0 la fin du temps scolaire, (pour la sortie) les \u00e9l\u00e8ves non-inscrits au transport scolaire sont obligatoirement repris par leurs parents ou par une personne d\u00e9sign\u00e9e par eux. Toute modification concernant la prise en charge du d\u00e9part de l\u2019\u00e9l\u00e8ve de l\u2019\u00e9tablissement, doit \u00eatre notifi\u00e9e par \u00e9crit, soit dans l\u2019agenda, soit avant 12h00, par t\u00e9l\u00e9phone, \u00e0 la responsable ou \u00e0 l\u2019animatrice.<\/li><li><strong>En cas d\u2019urgence,<\/strong> pour retirer un \u00e9l\u00e8ve avant l&rsquo;heure de la sortie, il faudra en pr\u00e9venir la responsable du cycle, qui lui d\u00e9livrera un permis de sortie.<\/li><li>Les rendez-vous chez le m\u00e9decin <strong>ne doivent pas \u00eatre pris durant l\u2019horaire scolaire<\/strong> (dans la mesure du possible).<\/li><li>Les \u00e9l\u00e8ves ne doivent pas s\u2019absenter sans raison valable, encore moins le jour d\u2019une \u00e9valuation.<\/li><\/ul><p><strong><u>Uniforme<\/u><\/strong><strong>\u00a0<\/strong><\/p><p><strong>Le port de l\u2019uniforme est obligatoire pour tous les \u00e9l\u00e8ves du Coll\u00e8ge, pour l\u2019ann\u00e9e 2023 &#8211; 2024<\/strong><\/p><ul><li>Pantalons bleu marine ou jeans bleu-marine (<strong>non d\u00e9chir\u00e9s-non d\u00e9lav\u00e9s, pas de jeans noir ou gris).<\/strong><\/li><li>Polo ou chemise du Coll\u00e8ge. Au cas o\u00f9 le polo <strong>est en rupture de stock, <\/strong>un haut blanc ou de couleur fonc\u00e9e (noir, bleu-marine, gris fonc\u00e9 : sans garnitures.)<\/li><\/ul><p>Pour les filles, le port des fuseaux, des collants de couleur et des shorts courts est interdit.<\/p><ul><li>Sous-pull blanc ou bleu marine.<\/li><li>Veste couleur fonc\u00e9e.<\/li><li>Chaussures en cuir, ou en toile ou baskets (espadrilles) noirs ou blancs ou autres couleurs fonc\u00e9es (pas de couleurs phosphorescentes).<\/li><\/ul><p><strong>&#8211; Tenue de sport :<\/strong><\/p><p><strong>\u00c9t\u00e9 : <\/strong>short et teeshirt \u00e0 manches courtes (achet\u00e9s de l\u2019\u00e9cole).<\/p><p><strong>Hiver :<\/strong> surv\u00eatement (achet\u00e9 de l\u2019\u00e9cole ult\u00e9rieurement).<\/p><p><strong><u>Go\u00fbter <\/u><\/strong><\/p><p>Les \u00e9l\u00e8ves devront avoir un sac, dans lequel ils mettront leur go\u00fbter : sandwichs, biscuits et fruits. Sachant que l\u2019eau au Coll\u00e8ge n\u2019est pas encore potable, chaque \u00e9l\u00e8ve doit avoir sa propre gourde.<\/p><p>S\u2019ils le d\u00e9sirent, ils pourront acheter du snack du Coll\u00e8ge.<\/p><p><strong><u>Agenda \u00a0\u00a0<\/u><\/strong><\/p><p>Les \u00e9l\u00e8ves doivent, obligatoirement, avoir leur agenda personnel, fourni par le coll\u00e8ge, pour y inscrire, quotidiennement, le travail \u00e0 faire pour le lendemain. \u00a0Ce travail sera diffus\u00e9 quotidiennement sur la plateforme officielle du Coll\u00e8ge, \u00e0 titre consultatif, pour les parents. La strat\u00e9gie adopt\u00e9e les ann\u00e9es pr\u00e9c\u00e9dentes continue aussi cette ann\u00e9e\u00a0: pas de travail du soir le mercredi.<\/p><p><strong>En cas d\u2019absence et seulement \u00e0 la demande des parents formul\u00e9e, avant 10 h00, le travail du soir pourra \u00eatre envoy\u00e9 avec les fr\u00e8res et s\u0153urs ou d\u00e9pos\u00e9 \u00e0 l\u2019accueil.<\/strong><\/p><p><strong><u>Mat\u00e9riel scolaire<\/u><\/strong><\/p><p>L\u2019\u00e9l\u00e8ve doit avoir dans son cartable ses livres, ses cahiers et sa trousse dans laquelle il aura rang\u00e9 tout le mat\u00e9riel n\u00e9cessaire (stylo obligatoire, tipp ex interdit).<\/p><p>Pour que l\u2019\u00e9l\u00e8ve soit \u00e0 l&rsquo;aise et ne perde pas son temps en classe, il devra v\u00e9rifier, chaque soir, qu\u2019il a bien rang\u00e9 tout son mat\u00e9riel dans son cartable notamment le jour d\u2019une \u00e9valuation. Le Coll\u00e8ge n\u2019est pas tenu de le lui assurer.<\/p><p><strong>Assurer \u00e0 la rentr\u00e9e l\u2019envoi\u00a0d\u2019une<\/strong> photo passeport r\u00e9cente.<\/p><p><strong><u>Transport <\/u><\/strong><\/p><p>Le Service de Transport Scolaire assure le ramassage scolaire selon des circuits desservant diff\u00e9rentes r\u00e9gions. L&rsquo;utilisation des autocars du Coll\u00e8ge est fortement recommand\u00e9e puisqu\u2019elle facilite le d\u00e9placement des \u00e9l\u00e8ves entre leur lieu de r\u00e9sidence et l\u2019\u00e9tablissement, tout en r\u00e9duisant les embouteillages dans les alentours aux heures de pointe de la journ\u00e9e, lorsque de nombreux parents d\u00e9posent leurs enfants \u00e0 l\u2019\u00e9cole en m\u00eame temps. Le transport scolaire forme aussi les \u00e9l\u00e8ves \u00e0 une certaine forme d\u2019autonomie et leur permet \u00e9galement de faire la connaissance d\u2019autres enfants, qui ne sont pas forc\u00e9ment dans leur classe, et ainsi enrichir leur cercle de connaissances.<\/p><p>\u00a0\u00a0\u00a0\u00a0\u00a0\u00a0\u00a0 Le Service de Transport Scolaire est assur\u00e9 comme chaque ann\u00e9e par le Coll\u00e8ge<strong>. <\/strong>Il s\u2019agit du transport journalier des \u00e9l\u00e8ves de leur domicile vers le Coll\u00e8ge et vice-versa selon les heures durant la p\u00e9riode scolaire (vacances non comprises) et des transports exceptionnels sur demande dans le cadre des activit\u00e9s scolaires ou extra scolaires, organis\u00e9es sous la responsabilit\u00e9 du Coll\u00e8ge.<\/p><p>Pour plus de renseignements, veuillez consulter le site du Coll\u00e8ge : <a href=\"https:\/\/sagessesjb.edu.lb\/autocars\/\">https:\/\/sagessesjb.edu.lb\/autocars\/<\/a><\/p><p><strong><u>Informations<\/u><\/strong><\/p><ul><li>Pour faire les achats relatifs \u00e0 l\u2019uniforme ou pour n\u2019importe quel autre paiement, les parents sont pri\u00e9s de venir, eux-m\u00eames, au Coll\u00e8ge, accomplir cette t\u00e2che.<\/li><li>Le vernis, le port des bijoux et des objets de fantaisie ou des objets de valeur ou dangereux ne sont pas permis.<\/li><li>Le Coll\u00e8ge n&rsquo;est pas responsable des objets perdus.<\/li><li>Les gar\u00e7ons doivent toujours avoir les cheveux courts et un visage bien d\u00e9gag\u00e9.<\/li><li>Les filles viennent \u00e0 l\u2019\u00e9cole bien coiff\u00e9es (cheveux longs nou\u00e9s ou attach\u00e9s.)<\/li><li>Toutes les affaires doivent \u00eatre marqu\u00e9es des nom et pr\u00e9nom de l&rsquo;\u00e9l\u00e8ve (y compris les v\u00eatements).<\/li><li>Les t\u00e9l\u00e9phones portables, les I pads ou jeux \u00e9lectroniques sont strictement interdits au Coll\u00e8ge.<\/li><\/ul><p>Ces appareils seront confisqu\u00e9s par n\u2019importe quel membre de l\u2019\u00e9quipe \u00e9ducative, au cas o\u00f9 les \u00e9l\u00e8ves en font usage \u00e0 l\u2019int\u00e9rieur du Coll\u00e8ge.<\/p><p><strong>N.B\u00a0: Vous \u00eates pri\u00e9s de garder ces directives \u00e0 port\u00e9e de main tout le long de l\u2019ann\u00e9e scolaire afin de pouvoir les consulter au besoin.<\/strong><\/p><p>\u00a0<\/p><table width=\"100%\"><tbody><tr><td><p><strong>Responsable du CIM-Dp.Sp<\/strong><\/p><p><strong>Ramona TABET<\/strong><\/p><\/td><\/tr><\/tbody><\/table><p><strong>\u00a0\u00a0\u00a0 <\/strong><\/p><p>\u00a0<\/p><p>\u00a0<\/p><p><br \/><br \/><\/p>\t\t\t\t\t\t\t\t<\/div>\n\t\t\t\t<\/div>\n\t\t\t\t\t<\/div>\n\t\t<\/div>\n\t\t\t\t<div class=\"elementor-column elementor-col-33 elementor-top-column elementor-element elementor-element-a8f3f3e\" data-id=\"a8f3f3e\" data-element_type=\"column\" data-e-type=\"column\">\n\t\t\t<div class=\"elementor-widget-wrap\">\n\t\t\t\t\t\t\t<\/div>\n\t\t<\/div>\n\t\t\t\t\t<\/div>\n\t\t<\/section>\n\t\t\t\t<\/div>\n\t\t","protected":false},"excerpt":{"rendered":"<p>Directives disciplinaires aux parents des \u00e9l\u00e8ves des classes sp\u00e9ciales (Ressources et EBS) Rentr\u00e9e des classes Mercredi 13 septembre D\u00e9partement d\u2019Inclusion Scolaire\u00a0: Porte No 14 Modalit\u00e9s\u00a0 D\u00e8s le premier\u00a0jour de la rentr\u00e9e scolaire, les \u00e9l\u00e8ves rentrent seuls, sans leurs parents. Ils seront accueillis par les animatrices et la responsable qui se chargeront de leur indiquer leur [&hellip;]<\/p>\n","protected":false},"author":1,"featured_media":0,"parent":0,"menu_order":0,"comment_status":"closed","ping_status":"closed","template":"","meta":{"footnotes":""},"class_list":["post-5558","page","type-page","status-publish","hentry"],"_links":{"self":[{"href":"https:\/\/sagessesjb.edu.lb\/fr\/wp-json\/wp\/v2\/pages\/5558","targetHints":{"allow":["GET"]}}],"collection":[{"href":"https:\/\/sagessesjb.edu.lb\/fr\/wp-json\/wp\/v2\/pages"}],"about":[{"href":"https:\/\/sagessesjb.edu.lb\/fr\/wp-json\/wp\/v2\/types\/page"}],"author":[{"embeddable":true,"href":"https:\/\/sagessesjb.edu.lb\/fr\/wp-json\/wp\/v2\/users\/1"}],"replies":[{"embeddable":true,"href":"https:\/\/sagessesjb.edu.lb\/fr\/wp-json\/wp\/v2\/comments?post=5558"}],"version-history":[{"count":4,"href":"https:\/\/sagessesjb.edu.lb\/fr\/wp-json\/wp\/v2\/pages\/5558\/revisions"}],"predecessor-version":[{"id":5565,"href":"https:\/\/sagessesjb.edu.lb\/fr\/wp-json\/wp\/v2\/pages\/5558\/revisions\/5565"}],"wp:attachment":[{"href":"https:\/\/sagessesjb.edu.lb\/fr\/wp-json\/wp\/v2\/media?parent=5558"}],"curies":[{"name":"wp","href":"https:\/\/api.w.org\/{rel}","templated":true}]}}