{"id":5481,"date":"2023-09-10T17:24:43","date_gmt":"2023-09-10T17:24:43","guid":{"rendered":"https:\/\/sagessesjb.edu.lb\/?page_id=5481"},"modified":"2023-09-10T21:01:02","modified_gmt":"2023-09-10T21:01:02","slug":"directives-disciplinaires-complementaire-23-24","status":"publish","type":"page","link":"https:\/\/sagessesjb.edu.lb\/fr\/directives-disciplinaires-complementaire-23-24\/","title":{"rendered":"Directives disciplinaires Compl\u00e9mentaire 23-24"},"content":{"rendered":"\t\t<div data-elementor-type=\"wp-page\" data-elementor-id=\"5481\" class=\"elementor elementor-5481\" data-elementor-post-type=\"page\">\n\t\t\t\t\t\t<section class=\"elementor-section elementor-top-section elementor-element elementor-element-7112696 elementor-section-boxed elementor-section-height-default elementor-section-height-default\" data-id=\"7112696\" data-element_type=\"section\" data-e-type=\"section\">\n\t\t\t\t\t\t<div class=\"elementor-container elementor-column-gap-default\">\n\t\t\t\t\t<div class=\"elementor-column elementor-col-100 elementor-top-column elementor-element elementor-element-aba0179\" data-id=\"aba0179\" data-element_type=\"column\" data-e-type=\"column\">\n\t\t\t<div class=\"elementor-widget-wrap elementor-element-populated\">\n\t\t\t\t\t\t<div class=\"elementor-element elementor-element-4cb6392 elementor-widget elementor-widget-heading\" data-id=\"4cb6392\" data-element_type=\"widget\" data-e-type=\"widget\" data-widget_type=\"heading.default\">\n\t\t\t\t<div class=\"elementor-widget-container\">\n\t\t\t\t\t<h2 class=\"elementor-heading-title elementor-size-default\">Directives disciplinaires aux parents des \u00e9l\u00e8ves \ndu Cycle Compl\u00e9mentaire 5\u00e8me \u2013 4\u00e8me \u2013 3\u00e8me \n\n\n\n<\/h2>\t\t\t\t<\/div>\n\t\t\t\t<\/div>\n\t\t\t\t\t<\/div>\n\t\t<\/div>\n\t\t\t\t\t<\/div>\n\t\t<\/section>\n\t\t\t\t<section class=\"elementor-section elementor-top-section elementor-element elementor-element-23a1f8c elementor-section-boxed elementor-section-height-default elementor-section-height-default\" data-id=\"23a1f8c\" data-element_type=\"section\" data-e-type=\"section\" data-settings=\"{&quot;shape_divider_top&quot;:&quot;mountains&quot;}\">\n\t\t\t\t\t<div class=\"elementor-shape elementor-shape-top\" aria-hidden=\"true\" data-negative=\"false\">\n\t\t\t<svg xmlns=\"http:\/\/www.w3.org\/2000\/svg\" viewBox=\"0 0 1000 100\" preserveAspectRatio=\"none\">\n\t<path class=\"elementor-shape-fill\" opacity=\"0.33\" d=\"M473,67.3c-203.9,88.3-263.1-34-320.3,0C66,119.1,0,59.7,0,59.7V0h1000v59.7 c0,0-62.1,26.1-94.9,29.3c-32.8,3.3-62.8-12.3-75.8-22.1C806,49.6,745.3,8.7,694.9,4.7S492.4,59,473,67.3z\"\/>\n\t<path class=\"elementor-shape-fill\" opacity=\"0.66\" d=\"M734,67.3c-45.5,0-77.2-23.2-129.1-39.1c-28.6-8.7-150.3-10.1-254,39.1 s-91.7-34.4-149.2,0C115.7,118.3,0,39.8,0,39.8V0h1000v36.5c0,0-28.2-18.5-92.1-18.5C810.2,18.1,775.7,67.3,734,67.3z\"\/>\n\t<path class=\"elementor-shape-fill\" d=\"M766.1,28.9c-200-57.5-266,65.5-395.1,19.5C242,1.8,242,5.4,184.8,20.6C128,35.8,132.3,44.9,89.9,52.5C28.6,63.7,0,0,0,0 h1000c0,0-9.9,40.9-83.6,48.1S829.6,47,766.1,28.9z\"\/>\n<\/svg>\t\t<\/div>\n\t\t\t\t\t<div class=\"elementor-container elementor-column-gap-default\">\n\t\t\t\t\t<div class=\"elementor-column elementor-col-100 elementor-top-column elementor-element elementor-element-c49dc5d\" data-id=\"c49dc5d\" data-element_type=\"column\" data-e-type=\"column\">\n\t\t\t<div class=\"elementor-widget-wrap elementor-element-populated\">\n\t\t\t\t\t\t<div class=\"elementor-element elementor-element-b77212a elementor-widget elementor-widget-image\" data-id=\"b77212a\" data-element_type=\"widget\" data-e-type=\"widget\" data-widget_type=\"image.default\">\n\t\t\t\t<div class=\"elementor-widget-container\">\n\t\t\t\t\t\t\t\t\t\t\t\t\t\t\t<img fetchpriority=\"high\" decoding=\"async\" width=\"300\" height=\"289\" src=\"https:\/\/sagessesjb.edu.lb\/wp-content\/uploads\/2023\/09\/smiling-students-with-backpacks-300x289.jpg\" class=\"attachment-medium size-medium wp-image-5483\" alt=\"\" srcset=\"https:\/\/sagessesjb.edu.lb\/wp-content\/uploads\/2023\/09\/smiling-students-with-backpacks-300x289.jpg 300w, https:\/\/sagessesjb.edu.lb\/wp-content\/uploads\/2023\/09\/smiling-students-with-backpacks-1024x986.jpg 1024w, https:\/\/sagessesjb.edu.lb\/wp-content\/uploads\/2023\/09\/smiling-students-with-backpacks-768x739.jpg 768w, https:\/\/sagessesjb.edu.lb\/wp-content\/uploads\/2023\/09\/smiling-students-with-backpacks-1536x1479.jpg 1536w, https:\/\/sagessesjb.edu.lb\/wp-content\/uploads\/2023\/09\/smiling-students-with-backpacks-2048x1972.jpg 2048w, https:\/\/sagessesjb.edu.lb\/wp-content\/uploads\/2023\/09\/smiling-students-with-backpacks-600x578.jpg 600w\" sizes=\"(max-width: 300px) 100vw, 300px\" \/>\t\t\t\t\t\t\t\t\t\t\t\t\t\t\t<\/div>\n\t\t\t\t<\/div>\n\t\t\t\t\t<\/div>\n\t\t<\/div>\n\t\t\t\t\t<\/div>\n\t\t<\/section>\n\t\t\t\t<section class=\"elementor-section elementor-top-section elementor-element elementor-element-364ab32 elementor-section-boxed elementor-section-height-default elementor-section-height-default\" data-id=\"364ab32\" data-element_type=\"section\" data-e-type=\"section\">\n\t\t\t\t\t\t<div class=\"elementor-container elementor-column-gap-default\">\n\t\t\t\t\t<div class=\"elementor-column elementor-col-33 elementor-top-column elementor-element elementor-element-83950d4\" data-id=\"83950d4\" data-element_type=\"column\" data-e-type=\"column\">\n\t\t\t<div class=\"elementor-widget-wrap\">\n\t\t\t\t\t\t\t<\/div>\n\t\t<\/div>\n\t\t\t\t<div class=\"elementor-column elementor-col-33 elementor-top-column elementor-element elementor-element-50ecf3c\" data-id=\"50ecf3c\" data-element_type=\"column\" data-e-type=\"column\">\n\t\t\t<div class=\"elementor-widget-wrap elementor-element-populated\">\n\t\t\t\t\t\t<div class=\"elementor-element elementor-element-2b467bf elementor-widget elementor-widget-text-editor\" data-id=\"2b467bf\" data-element_type=\"widget\" data-e-type=\"widget\" data-widget_type=\"text-editor.default\">\n\t\t\t\t<div class=\"elementor-widget-container\">\n\t\t\t\t\t\t\t\t\t<p><strong><u>Rentr\u00e9e des classes<\/u><\/strong> :<\/p><p>Mercredi 13 septembre<\/p><p><strong>B\u00e2tisse centrale\u00a0: \u00a0\u00a0\u00a0\u00a0\u00a0 5<sup>\u00e8me<\/sup> &#8211; 4<sup>\u00e8me<\/sup> <\/strong><strong>A \u2013 B &#8211; C (3<sup>e<\/sup> \u00e9tage)<\/strong><\/p><p><strong>\u00a0\u00a0\u00a0\u00a0\u00a0\u00a0\u00a0\u00a0\u00a0\u00a0\u00a0\u00a0\u00a0\u00a0\u00a0\u00a0\u00a0\u00a0\u00a0\u00a0\u00a0\u00a0\u00a0\u00a0\u00a0\u00a0\u00a0\u00a0\u00a0 \u00a0\u00a0\u00a0\u00a0\u00a0 4<sup>\u00e8me<\/sup> D &#8211; 3<sup>\u00e8me<\/sup> (4<sup>e <\/sup>\u00e9tage) <\/strong><\/p><p><strong><u>Modalit\u00e9s<\/u><\/strong>\u00a0<\/p><p><strong>Entr\u00e9e\u00a0et sortie\u00a0:<\/strong> portes n\u00b0 2 et n\u00b0 3 de la B\u00e2tisse Centrale<\/p><p>D\u00e8s le premier\u00a0jour de la rentr\u00e9e scolaire, les \u00e9l\u00e8ves montent seuls, sans leurs parents. Ils seront accueillis, dans les galeries (les couloirs), par les animatrices et la responsable du cycle qui se chargeront de leur indiquer leur classe o\u00f9 les enseignantes les attendent.<\/p><p><strong><u>NB\u00a0<\/u><\/strong><strong>:<\/strong> Le premier\u00a0jour de la rentr\u00e9e scolaire, les \u00e9l\u00e8ves mettent dans leur cartable, une partie de leur mat\u00e9riel scolaire. Le reste sera apport\u00e9, au fur et \u00e0 mesure, les jours suivants, ce qui permet d\u2019\u00e9viter le port de cartables lourds.<\/p><p>En cours d\u2019ann\u00e9e, tous les \u00e9l\u00e8ves doivent consulter l\u2019horaire de leur classe et apporter, uniquement, les livres scolaires dont ils ont besoin, pour la journ\u00e9e\u00a0; ils gardent le reste des livres \u00e0 la maison. Pour tout \u00e9ventuel changement, ils seront avis\u00e9s par les enseignants.\u00a0<\/p><p><strong><u>Horaire<\/u><\/strong><\/p><ul><li>Rentr\u00e9e des classes \u00e0 7h25 &#8211; Sortie des classes \u00e0 14h40.<\/li><li>Il est instamment recommand\u00e9 aux parents de respecter les horaires d\u2019ouverture et de fermeture de l\u2019\u00e9tablissement. Les retards perturbent \u00e0 la fois l\u2019\u00e9l\u00e8ve et la classe. Par cons\u00e9quent, les portes du Coll\u00e8ge seront ferm\u00e9es \u00e0 7h30. L\u2019\u00e9l\u00e8ve qui arrive en retard ne pourra donc entrer au Coll\u00e8ge, qu\u2019accompagn\u00e9 de ses parents, chez la responsable du cycle qui d\u00e9cidera de la mesure \u00e0 prendre, en fonction du motif et des circonstances.<\/li><\/ul><p>Pour la rentr\u00e9e et la sortie, les \u00e9l\u00e8ves seront surveill\u00e9s sous le pr\u00e9au de la B\u00e2tisse Centrale de 7h00 jusqu\u2019\u00e0 15h00.<\/p><ul><li>Toute absence doit \u00eatre justifi\u00e9e, le jour m\u00eame, par t\u00e9l\u00e9phone ou au retour de l\u2019enfant, soit sur son agenda soit directement \u00e0 la responsable du cycle ou \u00e0 l\u2019animatrice de la division.<\/li><li>\u00c0 la fin du temps scolaire, (pour la sortie) les \u00e9l\u00e8ves non-inscrits au transport scolaire sont obligatoirement repris par leurs parents ou par une personne d\u00e9sign\u00e9e par eux. Toute modification concernant la prise en charge du d\u00e9part de l\u2019\u00e9l\u00e8ve de l\u2019\u00e9tablissement, doit \u00eatre notifi\u00e9e par \u00e9crit, soit dans l\u2019agenda, soit avant 12h00, par t\u00e9l\u00e9phone, \u00e0 la responsable du cycle ou \u00e0 l\u2019animatrice de la division.<\/li><li><strong>En cas d\u2019urgence,<\/strong> pour retirer un \u00e9l\u00e8ve avant l&rsquo;heure de la sortie, il faudra en pr\u00e9venir la responsable du cycle ou l\u2019animatrice de la division qui lui d\u00e9livrera un permis de sortie.<\/li><li>Les rendez-vous chez le m\u00e9decin ne doivent pas \u00eatre pris durant les heures de l\u2019horaire scolaire (dans la mesure du possible.)<\/li><li>Les \u00e9l\u00e8ves ne doivent pas s\u2019absenter sans raison valable, encore moins le jour d\u2019une \u00e9valuation ou d\u2019un examen. L\u2019\u00e9valuation manqu\u00e9e sera refaite seulement si un rapport m\u00e9dical justifie l\u2019absence. Les examens manqu\u00e9s ne seront pas refaits.<\/li><li>Les jours d\u2019examens, les \u00e9l\u00e8ves doivent se trouver dans les salles, pr\u00e9vues \u00e0 cet effet, \u00e0 7h30 au plus tard ou \u00e0 l\u2019heure qui leur a \u00e9t\u00e9 d\u00e9sign\u00e9e, si leur examen commence plus tard.<\/li><\/ul><p>Les retards ne sont nullement tol\u00e9r\u00e9s.<\/p><p><strong><u>Uniforme<\/u><\/strong><strong>\u00a0<\/strong><\/p><p><strong>Le port de l\u2019uniforme est obligatoire pour tous les \u00e9l\u00e8ves du Coll\u00e8ge pour l\u2019ann\u00e9e 2023 &#8211; 2024<\/strong><\/p><ul><li>Pantalons bleu marine ou jeans bleu-marine (non d\u00e9chir\u00e9s &#8211; non d\u00e9lav\u00e9s- pas de gris \u2013 pas de noir)<\/li><li>Polo du Coll\u00e8ge. Au cas o\u00f9 le polo est en rupture de stock, un haut blanc ou de couleur fonc\u00e9e (noire, bleu-marine, gris fonc\u00e9\u00a0: sans garnitures.)<\/li><\/ul><p>Pour les filles, le port des fuseaux, des collants de couleur et des shorts courts est interdit.<\/p><ul><li>Chaussures en cuir, ou en toile ou baskets (espadrilles) noirs ou blancs ou autres couleurs fonc\u00e9es (pas de couleurs phosphorescentes).<\/li><li><strong>Tenue de sport :<\/strong><\/li><\/ul><p><strong>\u00c9t\u00e9 : <\/strong>short et teeshirt \u00e0 manches courtes (achet\u00e9s de l\u2019\u00e9cole)\u00a0<\/p><p><strong>Hiver :<\/strong> surv\u00eatement (achet\u00e9 de l\u2019\u00e9cole ult\u00e9rieurement).<\/p><p><strong><u>Go\u00fbter <\/u><\/strong><\/p><p>Les \u00e9l\u00e8ves devront avoir un sac dans lequel ils mettront leur go\u00fbter et une gourde d\u2019eau. S\u2019ils le d\u00e9sirent, ils pourraient acheter du snack du Coll\u00e8ge.<\/p><p><strong><u>Agenda<\/u><\/strong>\u00a0\u00a0<\/p><p>Les \u00e9l\u00e8ves doivent, obligatoirement, avoir leur agenda personnel, fourni par le Coll\u00e8ge, afin d\u2019y inscrire, quotidiennement, le travail \u00e0 faire pour le lendemain. Ce travail sera diffus\u00e9 quotidiennement sur la plateforme officielle du Coll\u00e8ge, \u00e0 titre consultatif, pour les parents. La strat\u00e9gie adopt\u00e9e les ann\u00e9es pr\u00e9c\u00e9dentes continue aussi cette ann\u00e9e\u00a0: pas de travail du soir le mercredi.<\/p><p>En cas d\u2019absence et seulement \u00e0 la demande des parents formul\u00e9e avant 10 h00, le travail du soir pourra \u00eatre envoy\u00e9 avec les fr\u00e8res et s\u0153urs ou d\u00e9pos\u00e9 \u00e0 l\u2019accueil.<\/p><p><strong><u>Mat\u00e9riel scolaire<\/u><\/strong><\/p><p>L\u2019\u00e9l\u00e8ve doit avoir dans son cartable ses livres, ses cahiers et sa trousse dans laquelle il aura rang\u00e9 tout le mat\u00e9riel n\u00e9cessaire (stylo obligatoire, tipp ex interdit)<\/p><p>Pour que l\u2019\u00e9l\u00e8ve soit \u00e0 l&rsquo;aise et ne perde pas son temps en classe, il devra v\u00e9rifier, chaque soir, qu\u2019il a bien rang\u00e9 tout son mat\u00e9riel dans son cartable notamment le jour d\u2019une \u00e9valuation ou d\u2019un examen. Le Coll\u00e8ge n\u2019est pas tenu de le lui assurer.<\/p><p><strong><u>Le t\u00e9l\u00e9phone portable<\/u><\/strong><\/p><p>Le t\u00e9l\u00e9phone portable doit \u00eatre \u00e9teint d\u00e8s l\u2019entr\u00e9e dans le b\u00e2timent. L\u2019\u00e9l\u00e8ve devra le d\u00e9poser chez l\u2019animatrice pour la journ\u00e9e avant de rentrer en classe. Il ne pourra le r\u00e9utiliser qu\u2019une fois \u00e0 l\u2019ext\u00e9rieur du b\u00e2timent.<\/p><p>En cas de force majeure, l\u2019\u00e9l\u00e8ve qui aurait besoin de joindre ses parents, pourra le faire en demandant \u00e0 appeler du bureau de la responsable du cycle ou de l\u2019animatrice.<\/p><p><strong>Tout t\u00e9l\u00e9phone portable, vu par n\u2019importe quel membre de l\u2019\u00e9quipe \u00e9ducative, \u00e0 l\u2019int\u00e9rieur du b\u00e2timent, sera confisqu\u00e9 (voir clause du r\u00e8glement du Coll\u00e8ge).<\/strong><\/p><p><strong><u>Transport\u00a0 <\/u><\/strong><\/p><p>Le Service de Transport Scolaire assure le ramassage scolaire selon des circuits desservant diff\u00e9rentes r\u00e9gions. L&rsquo;utilisation des autocars du Coll\u00e8ge est fortement recommand\u00e9e puisqu\u2019elle facilite\u00a0 le d\u00e9placement des \u00e9l\u00e8ves entre leur lieu de r\u00e9sidence et l\u2019\u00e9tablissement, tout en r\u00e9duisant les embouteillages dans les alentours aux heures de pointe de la journ\u00e9e, lorsque de nombreux parents d\u00e9posent leurs enfants \u00e0 l\u2019\u00e9cole en m\u00eame temps. Le transport scolaire forme aussi les \u00e9l\u00e8ves \u00e0 une certaine forme d\u2019autonomie et leur permet \u00e9galement de faire la connaissance d\u2019autres enfants, qui ne sont pas forc\u00e9ment dans leur classe, et ainsi enrichir leur cercle de connaissances.<\/p><p>\u00a0\u00a0\u00a0\u00a0\u00a0\u00a0\u00a0 Le Service de Transport Scolaire est assur\u00e9 comme chaque ann\u00e9e par le Coll\u00e8ge<strong>. <\/strong>Il s\u2019agit du transport journalier des \u00e9l\u00e8ves de leur domicile vers le Coll\u00e8ge et vice-versa selon les heures durant la p\u00e9riode scolaire (vacances non comprises) et des transports exceptionnels sur demande dans le cadre des activit\u00e9s scolaires ou extra scolaires, organis\u00e9es sous la responsabilit\u00e9 du Coll\u00e8ge.<\/p><p>Pour plus de renseignements,veuillez consulter le site du Coll\u00e8ge: <a href=\"https:\/\/sagessesjb.edu.lb\/autocars\/\">https:\/\/sagessesjb.edu.lb\/autocars\/<\/a><\/p><p>Pour tout changement occasionnel de l\u2019autocar, une demande \u00e9crite ou orale, par les parents est requise avant 12h00. Cette demande sera adress\u00e9e \u00e0 la responsable du cycle ou \u00e0 l\u2019animatrice de la division. Il sera impossible de donner suite aux appels de derni\u00e8re minute.<\/p><p><strong>\u00a0<\/strong><\/p><p><strong><u>Informations<\/u><\/strong><\/p><ul><li>Pour faire les achats relatifs \u00e0 l\u2019uniforme ou pour n\u2019importe quel autre payement, les parents sont pri\u00e9s de venir, eux-m\u00eames, au Coll\u00e8ge, accomplir cette t\u00e2che.<\/li><li>Le port des bijoux et des objets de valeur ou dangereux n\u2019est pas permis.<\/li><li>Le Coll\u00e8ge n&rsquo;est pas responsable des objets perdus.<\/li><li>Les jeunes filles doivent avoir des ongles soign\u00e9s et propres avec vernis de couleur claire. Les jeunes gens doivent toujours avoir les cheveux courts et la barbe ras\u00e9e.<\/li><li><strong>Assurer \u00e0 la rentr\u00e9e l\u2019envoi <\/strong>d\u2019une photo passeport (r\u00e9cente)<\/li><\/ul><table width=\"100%\"><tbody><tr><td><p><strong>Responsable du Cycle Compl\u00e9mentaire<\/strong><\/p><p><strong>Marie-Louise Chaaya<\/strong><\/p><\/td><\/tr><\/tbody><\/table><p><strong>N.B\u00a0: Vous \u00eates pri\u00e9s de garder ces directives \u00e0 port\u00e9e de main tout le long de l\u2019ann\u00e9e scolaire afin de pouvoir les consulter au besoin.<\/strong><\/p>\t\t\t\t\t\t\t\t<\/div>\n\t\t\t\t<\/div>\n\t\t\t\t\t<\/div>\n\t\t<\/div>\n\t\t\t\t<div class=\"elementor-column elementor-col-33 elementor-top-column elementor-element elementor-element-5872b84\" data-id=\"5872b84\" data-element_type=\"column\" data-e-type=\"column\">\n\t\t\t<div class=\"elementor-widget-wrap\">\n\t\t\t\t\t\t\t<\/div>\n\t\t<\/div>\n\t\t\t\t\t<\/div>\n\t\t<\/section>\n\t\t\t\t<\/div>\n\t\t","protected":false},"excerpt":{"rendered":"<p>Directives disciplinaires aux parents des \u00e9l\u00e8ves du Cycle Compl\u00e9mentaire 5\u00e8me \u2013 4\u00e8me \u2013 3\u00e8me Rentr\u00e9e des classes : Mercredi 13 septembre B\u00e2tisse centrale\u00a0: \u00a0\u00a0\u00a0\u00a0\u00a0 5\u00e8me &#8211; 4\u00e8me A \u2013 B &#8211; C (3e \u00e9tage) \u00a0\u00a0\u00a0\u00a0\u00a0\u00a0\u00a0\u00a0\u00a0\u00a0\u00a0\u00a0\u00a0\u00a0\u00a0\u00a0\u00a0\u00a0\u00a0\u00a0\u00a0\u00a0\u00a0\u00a0\u00a0\u00a0\u00a0\u00a0\u00a0 \u00a0\u00a0\u00a0\u00a0\u00a0 4\u00e8me D &#8211; 3\u00e8me (4e \u00e9tage) Modalit\u00e9s\u00a0 Entr\u00e9e\u00a0et sortie\u00a0: portes n\u00b0 2 et n\u00b0 3 de la B\u00e2tisse Centrale [&hellip;]<\/p>\n","protected":false},"author":1,"featured_media":0,"parent":0,"menu_order":0,"comment_status":"closed","ping_status":"closed","template":"","meta":{"footnotes":""},"class_list":["post-5481","page","type-page","status-publish","hentry"],"_links":{"self":[{"href":"https:\/\/sagessesjb.edu.lb\/fr\/wp-json\/wp\/v2\/pages\/5481","targetHints":{"allow":["GET"]}}],"collection":[{"href":"https:\/\/sagessesjb.edu.lb\/fr\/wp-json\/wp\/v2\/pages"}],"about":[{"href":"https:\/\/sagessesjb.edu.lb\/fr\/wp-json\/wp\/v2\/types\/page"}],"author":[{"embeddable":true,"href":"https:\/\/sagessesjb.edu.lb\/fr\/wp-json\/wp\/v2\/users\/1"}],"replies":[{"embeddable":true,"href":"https:\/\/sagessesjb.edu.lb\/fr\/wp-json\/wp\/v2\/comments?post=5481"}],"version-history":[{"count":7,"href":"https:\/\/sagessesjb.edu.lb\/fr\/wp-json\/wp\/v2\/pages\/5481\/revisions"}],"predecessor-version":[{"id":5533,"href":"https:\/\/sagessesjb.edu.lb\/fr\/wp-json\/wp\/v2\/pages\/5481\/revisions\/5533"}],"wp:attachment":[{"href":"https:\/\/sagessesjb.edu.lb\/fr\/wp-json\/wp\/v2\/media?parent=5481"}],"curies":[{"name":"wp","href":"https:\/\/api.w.org\/{rel}","templated":true}]}}