{"id":5469,"date":"2023-09-10T17:18:18","date_gmt":"2023-09-10T17:18:18","guid":{"rendered":"https:\/\/sagessesjb.edu.lb\/?page_id=5469"},"modified":"2024-09-17T05:36:51","modified_gmt":"2024-09-17T05:36:51","slug":"directives-disciplinaires-maternel-23-24","status":"publish","type":"page","link":"https:\/\/sagessesjb.edu.lb\/fr\/directives-disciplinaires-maternel-23-24\/","title":{"rendered":"Directives disciplinaires Maternel 23-24"},"content":{"rendered":"\t\t<div data-elementor-type=\"wp-page\" data-elementor-id=\"5469\" class=\"elementor elementor-5469\" data-elementor-post-type=\"page\">\n\t\t\t\t\t\t<section class=\"elementor-section elementor-top-section elementor-element elementor-element-747fadd elementor-section-boxed elementor-section-height-default elementor-section-height-default\" data-id=\"747fadd\" data-element_type=\"section\" data-e-type=\"section\">\n\t\t\t\t\t\t<div class=\"elementor-container elementor-column-gap-default\">\n\t\t\t\t\t<div class=\"elementor-column elementor-col-100 elementor-top-column elementor-element elementor-element-e9bfebe\" data-id=\"e9bfebe\" data-element_type=\"column\" data-e-type=\"column\">\n\t\t\t<div class=\"elementor-widget-wrap elementor-element-populated\">\n\t\t\t\t\t\t<div class=\"elementor-element elementor-element-1935ab0 elementor-widget elementor-widget-heading\" data-id=\"1935ab0\" data-element_type=\"widget\" data-e-type=\"widget\" data-widget_type=\"heading.default\">\n\t\t\t\t<div class=\"elementor-widget-container\">\n\t\t\t\t\t<h2 class=\"elementor-heading-title elementor-size-default\">Directives disciplinaires aux parents des \u00e9l\u00e8ves\ndes classes de PS - MS - GS\n\n<\/h2>\t\t\t\t<\/div>\n\t\t\t\t<\/div>\n\t\t\t\t\t<\/div>\n\t\t<\/div>\n\t\t\t\t\t<\/div>\n\t\t<\/section>\n\t\t\t\t<section class=\"elementor-section elementor-top-section elementor-element elementor-element-5d9ad1c elementor-section-boxed elementor-section-height-default elementor-section-height-default\" data-id=\"5d9ad1c\" data-element_type=\"section\" data-e-type=\"section\" data-settings=\"{&quot;shape_divider_top&quot;:&quot;mountains&quot;}\">\n\t\t\t\t\t<div class=\"elementor-shape elementor-shape-top\" aria-hidden=\"true\" data-negative=\"false\">\n\t\t\t<svg xmlns=\"http:\/\/www.w3.org\/2000\/svg\" viewBox=\"0 0 1000 100\" preserveAspectRatio=\"none\">\n\t<path class=\"elementor-shape-fill\" opacity=\"0.33\" d=\"M473,67.3c-203.9,88.3-263.1-34-320.3,0C66,119.1,0,59.7,0,59.7V0h1000v59.7 c0,0-62.1,26.1-94.9,29.3c-32.8,3.3-62.8-12.3-75.8-22.1C806,49.6,745.3,8.7,694.9,4.7S492.4,59,473,67.3z\"\/>\n\t<path class=\"elementor-shape-fill\" opacity=\"0.66\" d=\"M734,67.3c-45.5,0-77.2-23.2-129.1-39.1c-28.6-8.7-150.3-10.1-254,39.1 s-91.7-34.4-149.2,0C115.7,118.3,0,39.8,0,39.8V0h1000v36.5c0,0-28.2-18.5-92.1-18.5C810.2,18.1,775.7,67.3,734,67.3z\"\/>\n\t<path class=\"elementor-shape-fill\" d=\"M766.1,28.9c-200-57.5-266,65.5-395.1,19.5C242,1.8,242,5.4,184.8,20.6C128,35.8,132.3,44.9,89.9,52.5C28.6,63.7,0,0,0,0 h1000c0,0-9.9,40.9-83.6,48.1S829.6,47,766.1,28.9z\"\/>\n<\/svg>\t\t<\/div>\n\t\t\t\t\t<div class=\"elementor-container elementor-column-gap-default\">\n\t\t\t\t\t<div class=\"elementor-column elementor-col-100 elementor-top-column elementor-element elementor-element-6c01d52\" data-id=\"6c01d52\" data-element_type=\"column\" data-e-type=\"column\">\n\t\t\t<div class=\"elementor-widget-wrap elementor-element-populated\">\n\t\t\t\t\t\t<div class=\"elementor-element elementor-element-c4ddf5e elementor-widget elementor-widget-image\" data-id=\"c4ddf5e\" data-element_type=\"widget\" data-e-type=\"widget\" data-widget_type=\"image.default\">\n\t\t\t\t<div class=\"elementor-widget-container\">\n\t\t\t\t\t\t\t\t\t\t\t\t\t\t\t<img fetchpriority=\"high\" decoding=\"async\" width=\"300\" height=\"300\" src=\"https:\/\/sagessesjb.edu.lb\/wp-content\/uploads\/2023\/09\/maternel-directives-300x300.jpg\" class=\"attachment-medium size-medium wp-image-5471\" alt=\"\" srcset=\"https:\/\/sagessesjb.edu.lb\/wp-content\/uploads\/2023\/09\/maternel-directives-300x300.jpg 300w, https:\/\/sagessesjb.edu.lb\/wp-content\/uploads\/2023\/09\/maternel-directives-1024x1024.jpg 1024w, https:\/\/sagessesjb.edu.lb\/wp-content\/uploads\/2023\/09\/maternel-directives-150x150.jpg 150w, https:\/\/sagessesjb.edu.lb\/wp-content\/uploads\/2023\/09\/maternel-directives-768x768.jpg 768w, https:\/\/sagessesjb.edu.lb\/wp-content\/uploads\/2023\/09\/maternel-directives-600x600.jpg 600w, https:\/\/sagessesjb.edu.lb\/wp-content\/uploads\/2023\/09\/maternel-directives-100x100.jpg 100w, https:\/\/sagessesjb.edu.lb\/wp-content\/uploads\/2023\/09\/maternel-directives.jpg 1303w\" sizes=\"(max-width: 300px) 100vw, 300px\" \/>\t\t\t\t\t\t\t\t\t\t\t\t\t\t\t<\/div>\n\t\t\t\t<\/div>\n\t\t\t\t\t<\/div>\n\t\t<\/div>\n\t\t\t\t\t<\/div>\n\t\t<\/section>\n\t\t\t\t<section class=\"elementor-section elementor-top-section elementor-element elementor-element-221bf25 elementor-section-boxed elementor-section-height-default elementor-section-height-default\" data-id=\"221bf25\" data-element_type=\"section\" data-e-type=\"section\">\n\t\t\t\t\t\t<div class=\"elementor-container elementor-column-gap-default\">\n\t\t\t\t\t<div class=\"elementor-column elementor-col-33 elementor-top-column elementor-element elementor-element-7073113\" data-id=\"7073113\" data-element_type=\"column\" data-e-type=\"column\">\n\t\t\t<div class=\"elementor-widget-wrap\">\n\t\t\t\t\t\t\t<\/div>\n\t\t<\/div>\n\t\t\t\t<div class=\"elementor-column elementor-col-33 elementor-top-column elementor-element elementor-element-86a0afa\" data-id=\"86a0afa\" data-element_type=\"column\" data-e-type=\"column\">\n\t\t\t<div class=\"elementor-widget-wrap elementor-element-populated\">\n\t\t\t\t\t\t<div class=\"elementor-element elementor-element-e521e22 elementor-widget elementor-widget-text-editor\" data-id=\"e521e22\" data-element_type=\"widget\" data-e-type=\"widget\" data-widget_type=\"text-editor.default\">\n\t\t\t\t<div class=\"elementor-widget-container\">\n\t\t\t\t\t\t\t\t\t<p><strong><u>Rentr\u00e9e des classes<\/u><\/strong>\u00a0: PS &#8211; MS le mercredi 18 septembre \u00e0 8h00 par la porte <strong>N\u00b09.<\/strong><\/p><p>\u00a0\u00a0\u00a0\u00a0\u00a0\u00a0\u00a0\u00a0\u00a0\u00a0\u00a0\u00a0\u00a0\u00a0\u00a0\u00a0\u00a0\u00a0\u00a0\u00a0\u00a0\u00a0\u00a0\u00a0\u00a0\u00a0\u00a0\u00a0\u00a0 \u00a0\u00a0\u00a0\u00a0\u00a0 GS le mercredi 18 septembre \u00e0 7h25 par la porte <strong>N\u00b010.<\/strong><\/p><p><strong><u>Modalit\u00e9s de la premi\u00e8re semaine<\/u><\/strong><\/p><p><strong><u>Rentr\u00e9e des PS et MS<\/u><\/strong><\/p><p><strong>Mercredi 18 et jeudi 19 septembre<\/strong>\u00a0: La rentr\u00e9e se fera avec l\u2019un des parents par la porte <strong>N\u00b09<\/strong> selon les modalit\u00e9s suivantes\u00a0:<\/p><ul><li>Les \u00e9l\u00e8ves dont le nom de famille commence par <strong><u>la lettre A jusqu\u2019\u00e0 la lettre H<\/u><\/strong> viennent <strong><u>uniquement<\/u><\/strong> de <strong>8h00 \u00e0 10h00.<\/strong><\/li><li>Les \u00e9l\u00e8ves dont le nom de famille commence par <strong><u>la lettre I jusqu\u2019\u00e0 la lettre Z<\/u><\/strong> viennent <strong><u>uniquement<\/u><\/strong> de <strong>10h30 \u00e0 12h30.<\/strong><\/li><\/ul><p><strong>Ces deux jours, <u>l\u2019un<\/u> des deux parents reste en classe avec son enfant.<\/strong><\/p><p><strong>Vendredi 20 septembre\u00a0: \u00a0horaire de 8h jusqu\u2019\u00e0 12h30.<\/strong> Les \u00e9l\u00e8ves rentrent seuls, sans leurs parents par la porte <strong>N\u00b0 10<\/strong>. Ils seront accueillis, par la responsable du cycle et les animatrices qui se chargeront de les accompagner dans leurs classes o\u00f9 leurs \u00e9ducatrices les attendent.<\/p><p>La sortie se fera \u00e0 <strong>12h30<\/strong> par la porte <strong>N\u00b09<\/strong>.<\/p><p><strong><u>Rentr\u00e9e des GS<\/u><\/strong><\/p><p><strong>Mercredi 18 septembre\u00a0: <\/strong>La rentr\u00e9e se fera <strong>sans les parents<\/strong> par la porte <strong>N\u00b0 10<\/strong> \u00e0 7h25.<\/p><p>La sortie se fera par la porte <strong>N\u00b012<\/strong> \u00e0 12h45.<\/p><p><strong>Jeudi 19 septembre et vendredi 20 septembre\u00a0: horaire ordinaire de 7h25 jusqu\u2019\u00e0 14h20.<\/strong><\/p><p><strong>A partir du lundi 23 septembre\u00a0: horaire ordinaire pour tous les \u00e9l\u00e8ves du cycle maternel. <\/strong><\/p><p><strong><u>Horaire<\/u><\/strong><\/p><table><tbody><tr><td width=\"77\"><p><strong>Classes<\/strong><\/p><\/td><td width=\"182\"><p><strong>Rentr\u00e9e des classes<\/strong><\/p><\/td><td width=\"182\"><p><strong>Sortie des classes<\/strong><\/p><\/td><\/tr><tr><td width=\"77\"><p>PS<\/p><\/td><td width=\"182\"><p>7h 25 porte N\u00b0 10<\/p><\/td><td width=\"182\"><p>14h00 porte N\u00b0 9<\/p><\/td><\/tr><tr><td width=\"77\"><p>MS<\/p><\/td><td width=\"182\"><p>7h 25 porte N\u00b0 10<\/p><\/td><td width=\"182\"><p>14h10 porte N\u00b0 9<\/p><\/td><\/tr><tr><td width=\"77\"><p>GS<\/p><\/td><td width=\"182\"><p>7h 25 porte N\u00b0 10<\/p><\/td><td width=\"182\"><p>14h20 porte N\u00b0 12\u00a0<\/p><\/td><\/tr><\/tbody><\/table><p>\u00a0<\/p><ul><li><strong>Pour la rentr\u00e9e et la sortie, les \u00e9l\u00e8ves seront surveill\u00e9s de 7h00 jusqu\u2019\u00e0 14h45 dans la cour du Petit Coll\u00e8ge et de 14h45 jusqu\u2019\u00e0 15h00 sous le pr\u00e9au de la B\u00e2tisse Centrale<\/strong>. <strong>En dehors de ces heures-l\u00e0, le Coll\u00e8ge n&rsquo;est pas responsable des \u00e9l\u00e8ves.<\/strong><\/li><\/ul><p>Il est instamment recommand\u00e9 aux parents de respecter les horaires d\u2019ouverture et de fermeture de l\u2019\u00e9tablissement. Les retards perturbent \u00e0 la fois l\u2019\u00e9l\u00e8ve et la classe. Par cons\u00e9quent, les portes du Coll\u00e8ge seront ferm\u00e9es \u00e0 7h30. L\u2019\u00e9l\u00e8ve qui arrive en retard ne pourra donc entrer au Coll\u00e8ge, qu\u2019accompagn\u00e9 de ses parents chez la responsable du cycle qui d\u00e9cidera de la mesure \u00e0 prendre, en fonction du motif et des circonstances.<\/p><ul><li>Toute absence doit \u00eatre justifi\u00e9e, le jour m\u00eame, par t\u00e9l\u00e9phone ou au retour de l\u2019enfant, \u00e0 la responsable du cycle ou \u00e0 l\u2019animatrice de la division.<\/li><li>\u00c0 la fin du temps scolaire, (pour la sortie) les \u00e9l\u00e8ves non-inscrits au transport scolaire sont obligatoirement repris par leurs parents ou par une personne d\u00e9sign\u00e9e par eux et par \u00e9crit. Toute modification concernant la prise en charge du d\u00e9part de l\u2019\u00e9l\u00e8ve de l\u2019\u00e9tablissement, doit \u00eatre notifi\u00e9e, soit par \u00e9crit, soit par t\u00e9l\u00e9phone (avant<strong> 12h00<\/strong>) \u00e0 la responsable du cycle ou \u00e0 l\u2019animatrice de la division.<\/li><li><strong>En cas d\u2019urgence,<\/strong> pour retirer un \u00e9l\u00e8ve avant l&rsquo;heure de la sortie, il faudra en pr\u00e9venir l\u2019animatrice de la division ou la responsable du cycle qui lui d\u00e9livre alors un permis de sortie sans lequel il ne pourra pas quitter le Coll\u00e8ge.<\/li><li>Les rendez-vous chez le m\u00e9decin <strong>ne doivent pas \u00eatre pris durant l\u2019horaire<\/strong> scolaire (dans la mesure du possible.)<\/li><li>Un \u00e9l\u00e8ve qui a de la fi\u00e8vre ou qui s\u2019absente durant la matin\u00e9e pour des raisons de sant\u00e9, ne peut plus int\u00e9grer la classe pour le reste de la journ\u00e9e. Il devra se reposer ce jour-l\u00e0.<\/li><\/ul><p>\u00a0<\/p><p><strong><u>Uniforme<\/u><\/strong><strong>\u00a0<\/strong><\/p><p><strong>Le port de l\u2019uniforme est obligatoire pour tous les \u00e9l\u00e8ves du Coll\u00e8ge pour l\u2019ann\u00e9e 2024 \u2013 2025\u00a0:<\/strong><\/p><ul><li>Pantalon bleu marine ou jeans bleu marine (avec \u00e9lastique &#8211; non d\u00e9chir\u00e9 &#8211; non d\u00e9lav\u00e9).<\/li><li>Short bleu marine (disponible au coll\u00e8ge).<\/li><li>Jupe short bleu marine pour les filles (disponible au coll\u00e8ge).<\/li><li>Polo ou chemise du Coll\u00e8ge.<\/li><li>Sous-pull blanc ou bleu marine.<\/li><li>Veste bleu marine (disponible au coll\u00e8ge).<\/li><\/ul><p><strong>Pour les filles,<\/strong> <strong>le port des fuseaux et des collants de couleur est interdit. <\/strong><\/p><ul><li>Chaussures en cuir ou en toile ou baskets (espadrilles) noirs ou blancs ou autres couleurs fonc\u00e9es (pas de couleurs phosphorescentes).<\/li><li>Tablier marqu\u00e9 des nom et pr\u00e9nom de l\u2019\u00e9l\u00e8ve brod\u00e9s \u00e0 droite (obligatoire d\u00e8s le premier jour).<\/li><\/ul><p>\u00a0<\/p><p><strong><u>Cantine <\/u><\/strong><\/p><p>L\u2019inscription \u00e0 la cantine du Coll\u00e8ge est facultative.<\/p><p>La cantine propose\u00a0: une collation et un repas chaud.<\/p><p>Chaque enfant aura\u00a0: \u00e0 10h00 un sandwich.<\/p><p>\u00a0\u00a0\u00a0\u00a0\u00a0\u00a0\u00a0\u00a0\u00a0\u00a0\u00a0\u00a0\u00a0\u00a0\u00a0\u00a0\u00a0\u00a0\u00a0\u00a0\u00a0\u00a0\u00a0\u00a0\u00a0\u00a0\u00a0\u00a0\u00a0\u00a0\u00a0\u00a0\u00a0 \u00e0 12h00 un plat chaud et un biscuit ou un fruit.<\/p><p>Pour plus de renseignements, veuillez consulter le site du Coll\u00e8ge :<\/p><p><a href=\"https:\/\/sagessesjb.edu.lb\/cycle-maternel-cantine\/\">https:\/\/sagessesjb.edu.lb\/cycle-maternel-cantine\/<\/a><\/p><p>\u00a0<\/p><p><strong><u>Go\u00fbter <\/u><\/strong><\/p><p>Les \u00e9l\u00e8ves devront avoir une gourde et un sac dans lequel ils mettront leur go\u00fbter : sandwichs, biscuits et fruits.<\/p><p><strong><u>Mat\u00e9riel scolaire<\/u><\/strong><\/p><p>Un petit cartable (<strong>sans roues<\/strong>).<\/p><p><strong><u>Mat\u00e9riel fourni par le coll\u00e8ge<\/u><\/strong>\u00a0:<\/p><p>Une trousse dans\u00a0laquelle il y aura un crayon \u00e0 papier, une boite de crayons de couleur en bois, une gomme (GS) une boite de crayons feutres (MS) une boite de crayons de cire (PS), deux pochettes en plastique \u00e0 boutons.<\/p><p><strong>NB\u00a0:<\/strong> Durant l\u2019ann\u00e9e scolaire, les \u00e9l\u00e8ves des classes de GS doivent avoir dans leur cartable : leurs livres, leurs cahiers et leur trousse dans laquelle ils rangent tout le mat\u00e9riel n\u00e9cessaire.<\/p><p>Pour qu\u2019ils soient \u00e0 l&rsquo;aise et ne pas perdre leur temps en classe, ils devront v\u00e9rifier, chaque soir, qu\u2019ils ont bien rang\u00e9 tout leur mat\u00e9riel dans leur cartable.<\/p><p><strong><u>Service de Transport Scolaire<\/u><\/strong><\/p><p>Le Service de Transport Scolaire assure le ramassage scolaire selon des circuits desservant diff\u00e9rentes r\u00e9gions. L&rsquo;utilisation des autocars du Coll\u00e8ge est fortement recommand\u00e9e puisqu\u2019elle facilite le d\u00e9placement des \u00e9l\u00e8ves entre leur lieu de r\u00e9sidence et l\u2019\u00e9tablissement, tout en r\u00e9duisant les embouteillages dans les alentours aux heures de pointe de la journ\u00e9e, lorsque de nombreux parents d\u00e9posent leurs enfants \u00e0 l\u2019\u00e9cole en m\u00eame temps. Le transport scolaire forme aussi les \u00e9l\u00e8ves \u00e0 une certaine forme d\u2019autonomie et leur permet \u00e9galement de faire la connaissance d\u2019autres enfants, qui ne sont pas forc\u00e9ment dans leur classe, et ainsi enrichir leur cercle de connaissances.<\/p><p>Le Service de Transport Scolaire est assur\u00e9 comme chaque ann\u00e9e par le Coll\u00e8ge. Il s\u2019agit du transport journalier des \u00e9l\u00e8ves de leur domicile vers le Coll\u00e8ge et vice-versa selon les heures durant la p\u00e9riode scolaire (vacances non comprises) et des transports exceptionnels sur demande dans le cadre des activit\u00e9s scolaires ou extra scolaires, organis\u00e9es sous la responsabilit\u00e9 du Coll\u00e8ge.<\/p><p>Pour plus de renseignements, veuillez consulter le site du Coll\u00e8ge : <a href=\"https:\/\/sagessesjb.edu.lb\/autocars\/\">https:\/\/sagessesjb.edu.lb\/autocars\/<\/a><\/p><p>\u00a0<\/p><p><strong><u>NB<\/u><\/strong>\u00a0: Pour tout changement occasionnel de l\u2019autocar, une demande \u00e9crite ou orale, par les parents est requise avant 12h00. Cette demande est adress\u00e9e \u00e0 la responsable du cycle ou \u00e0 l\u2019animatrice de la division. Il serait impossible de donner suite aux appels de derni\u00e8re minute.<\/p><p><strong>Assurer \u00e0 la rentr\u00e9e l\u2019envoi de\u00a0:<\/strong><\/p><ul><li>deux photos passeport (r\u00e9centes)\u00a0;<\/li><li>un gel hydro alcoolique ;<\/li><li>trois grandes boites de lingettes (wipes) ;<\/li><li>trois bo\u00eetes de mouchoirs en papier (kleenex)\u00a0;<\/li><li>des v\u00eatements de rechange (MS \u2013 GS), en double pour les PS.<\/li><\/ul><p><strong><u>Informations<\/u><\/strong><\/p><ul><li>Pour faire les achats relatifs \u00e0 l\u2019uniforme ou pour n\u2019importe quel autre paiement, les parents sont pri\u00e9s de venir, eux-m\u00eames, au Coll\u00e8ge, accomplir cette t\u00e2che.<\/li><li>Le port des bijoux et des objets de valeur ou dangereux n\u2019est pas permis.<\/li><li>Le Coll\u00e8ge n&rsquo;est pas responsable des objets perdus.<\/li><li><strong>Toutes les affaires doivent \u00eatre marqu\u00e9es du nom et du pr\u00e9nom de l&rsquo;\u00e9l\u00e8ve<\/strong> (y compris les v\u00eatements).<\/li><li>Les t\u00e9l\u00e9phones portables, les iPads ou jeux \u00e9lectroniques sont strictement interdits au Coll\u00e8ge.<\/li><li>Les gar\u00e7ons doivent toujours avoir les cheveux courts et un visage bien d\u00e9gag\u00e9.<\/li><\/ul><p><strong>N.B\u00a0: Vous \u00eates pri\u00e9s de garder ces directives \u00e0 port\u00e9e de main tout le long de l\u2019ann\u00e9e scolaire afin de pouvoir les consulter au besoin.<\/strong><\/p><p style=\"text-align: right;\"><strong>Responsable de l\u2019\u00e9cole maternelle (cycle 1)<\/strong><\/p><p style=\"text-align: right;\"><strong>Christiane Jamous<\/strong><\/p>\t\t\t\t\t\t\t\t<\/div>\n\t\t\t\t<\/div>\n\t\t\t\t\t<\/div>\n\t\t<\/div>\n\t\t\t\t<div class=\"elementor-column elementor-col-33 elementor-top-column elementor-element elementor-element-87355fc\" data-id=\"87355fc\" data-element_type=\"column\" data-e-type=\"column\">\n\t\t\t<div class=\"elementor-widget-wrap\">\n\t\t\t\t\t\t\t<\/div>\n\t\t<\/div>\n\t\t\t\t\t<\/div>\n\t\t<\/section>\n\t\t\t\t<\/div>\n\t\t","protected":false},"excerpt":{"rendered":"<p>Directives disciplinaires aux parents des \u00e9l\u00e8ves des classes de PS &#8211; MS &#8211; GS Rentr\u00e9e des classes\u00a0: PS &#8211; MS le mercredi 18 septembre \u00e0 8h00 par la porte N\u00b09. \u00a0\u00a0\u00a0\u00a0\u00a0\u00a0\u00a0\u00a0\u00a0\u00a0\u00a0\u00a0\u00a0\u00a0\u00a0\u00a0\u00a0\u00a0\u00a0\u00a0\u00a0\u00a0\u00a0\u00a0\u00a0\u00a0\u00a0\u00a0\u00a0 \u00a0\u00a0\u00a0\u00a0\u00a0 GS le mercredi 18 septembre \u00e0 7h25 par la porte N\u00b010. Modalit\u00e9s de la premi\u00e8re semaine Rentr\u00e9e des PS et MS Mercredi 18 [&hellip;]<\/p>\n","protected":false},"author":1,"featured_media":0,"parent":0,"menu_order":0,"comment_status":"closed","ping_status":"closed","template":"","meta":{"footnotes":""},"class_list":["post-5469","page","type-page","status-publish","hentry"],"_links":{"self":[{"href":"https:\/\/sagessesjb.edu.lb\/fr\/wp-json\/wp\/v2\/pages\/5469","targetHints":{"allow":["GET"]}}],"collection":[{"href":"https:\/\/sagessesjb.edu.lb\/fr\/wp-json\/wp\/v2\/pages"}],"about":[{"href":"https:\/\/sagessesjb.edu.lb\/fr\/wp-json\/wp\/v2\/types\/page"}],"author":[{"embeddable":true,"href":"https:\/\/sagessesjb.edu.lb\/fr\/wp-json\/wp\/v2\/users\/1"}],"replies":[{"embeddable":true,"href":"https:\/\/sagessesjb.edu.lb\/fr\/wp-json\/wp\/v2\/comments?post=5469"}],"version-history":[{"count":13,"href":"https:\/\/sagessesjb.edu.lb\/fr\/wp-json\/wp\/v2\/pages\/5469\/revisions"}],"predecessor-version":[{"id":9729,"href":"https:\/\/sagessesjb.edu.lb\/fr\/wp-json\/wp\/v2\/pages\/5469\/revisions\/9729"}],"wp:attachment":[{"href":"https:\/\/sagessesjb.edu.lb\/fr\/wp-json\/wp\/v2\/media?parent=5469"}],"curies":[{"name":"wp","href":"https:\/\/api.w.org\/{rel}","templated":true}]}}