{"id":5211,"date":"2023-08-18T08:12:26","date_gmt":"2023-08-18T08:12:26","guid":{"rendered":"https:\/\/sagessesjb.edu.lb\/?page_id=5211"},"modified":"2023-09-14T09:47:40","modified_gmt":"2023-09-14T09:47:40","slug":"service-medical","status":"publish","type":"page","link":"https:\/\/sagessesjb.edu.lb\/fr\/service-medical\/","title":{"rendered":"Service m\u00e9dical"},"content":{"rendered":"\t\t<div data-elementor-type=\"wp-page\" data-elementor-id=\"5211\" class=\"elementor elementor-5211\" data-elementor-post-type=\"page\">\n\t\t\t\t\t\t<section class=\"elementor-section elementor-top-section elementor-element elementor-element-75e09cf elementor-section-boxed elementor-section-height-default elementor-section-height-default\" data-id=\"75e09cf\" data-element_type=\"section\" data-e-type=\"section\">\n\t\t\t\t\t\t<div class=\"elementor-container elementor-column-gap-default\">\n\t\t\t\t\t<div class=\"elementor-column elementor-col-100 elementor-top-column elementor-element elementor-element-87628b1\" data-id=\"87628b1\" data-element_type=\"column\" data-e-type=\"column\">\n\t\t\t<div class=\"elementor-widget-wrap elementor-element-populated\">\n\t\t\t\t\t\t<div class=\"elementor-element elementor-element-3e97555 elementor-widget elementor-widget-heading\" data-id=\"3e97555\" data-element_type=\"widget\" data-e-type=\"widget\" data-widget_type=\"heading.default\">\n\t\t\t\t<div class=\"elementor-widget-container\">\n\t\t\t\t\t<h2 class=\"elementor-heading-title elementor-size-default\">Service M\u00e9dical<\/h2>\t\t\t\t<\/div>\n\t\t\t\t<\/div>\n\t\t\t\t\t<\/div>\n\t\t<\/div>\n\t\t\t\t\t<\/div>\n\t\t<\/section>\n\t\t\t\t<section class=\"elementor-section elementor-top-section elementor-element elementor-element-f9db17a elementor-section-boxed elementor-section-height-default elementor-section-height-default\" data-id=\"f9db17a\" data-element_type=\"section\" data-e-type=\"section\">\n\t\t\t\t\t\t<div class=\"elementor-container elementor-column-gap-default\">\n\t\t\t\t\t<div class=\"elementor-column elementor-col-100 elementor-top-column elementor-element elementor-element-8d471a9\" data-id=\"8d471a9\" data-element_type=\"column\" data-e-type=\"column\">\n\t\t\t<div class=\"elementor-widget-wrap elementor-element-populated\">\n\t\t\t\t\t\t<div class=\"elementor-element elementor-element-08421d9 elementor-widget elementor-widget-text-editor\" data-id=\"08421d9\" data-element_type=\"widget\" data-e-type=\"widget\" data-widget_type=\"text-editor.default\">\n\t\t\t\t<div class=\"elementor-widget-container\">\n\t\t\t\t\t\t\t\t\t<p>Le service m\u00e9dical du Coll\u00e8ge se compose d&rsquo;un m\u00e9decin et de trois infirmi\u00e8res.<\/p>\n<p>Le m\u00e9decin, assist\u00e9 par les infirmi\u00e8res, accomplit une visite m\u00e9dicale annuelle.<\/p>\n<p>Les infirmi\u00e8res accueillent et accompagnent les \u00e9l\u00e8ves de la Garderie jusqu&rsquo;\u00e0 la classe de Terminale. Elles apportent \u00e9coute, aide et soutien \u00e0 tous les \u00e9l\u00e8ves. Elles conduisent des actions d&rsquo;\u00e9ducation \u00e0 la sant\u00e9 et organisent les urgences et les soins et&nbsp;r\u00e9pondant \u00e9galement aux besoins des \u00e9l\u00e8ves pr\u00e9sentant des maladies chroniques.<\/p>\n<p>De ce fait, le sevice m\u00e9dical prend en compte le bien-\u00eatre de tous et participe ainsi \u00e0 la construction d&rsquo;une \u00e9cole bienveillante envers les \u00e9l\u00e8ves et leurs familles.<\/p>\t\t\t\t\t\t\t\t<\/div>\n\t\t\t\t<\/div>\n\t\t\t\t\t<\/div>\n\t\t<\/div>\n\t\t\t\t\t<\/div>\n\t\t<\/section>\n\t\t\t\t<section class=\"elementor-section elementor-top-section elementor-element elementor-element-e30538e elementor-section-boxed elementor-section-height-default elementor-section-height-default\" data-id=\"e30538e\" data-element_type=\"section\" data-e-type=\"section\">\n\t\t\t\t\t\t<div class=\"elementor-container elementor-column-gap-default\">\n\t\t\t\t\t<div class=\"elementor-column elementor-col-100 elementor-top-column elementor-element elementor-element-f088fcf\" data-id=\"f088fcf\" data-element_type=\"column\" data-e-type=\"column\">\n\t\t\t<div class=\"elementor-widget-wrap elementor-element-populated\">\n\t\t\t\t\t\t<div class=\"elementor-element elementor-element-15a36b6 elementor-widget elementor-widget-button\" data-id=\"15a36b6\" data-element_type=\"widget\" data-e-type=\"widget\" data-widget_type=\"button.default\">\n\t\t\t\t<div class=\"elementor-widget-container\">\n\t\t\t\t\t\t\t\t\t<div class=\"elementor-button-wrapper\">\n\t\t\t\t\t<a class=\"elementor-button elementor-button-link elementor-size-sm\" href=\"https:\/\/sagessesjb.edu.lb\/directives-medicales\/\">\n\t\t\t\t\t\t<span class=\"elementor-button-content-wrapper\">\n\t\t\t\t\t\t\t\t\t<span class=\"elementor-button-text\">Directives<\/span>\n\t\t\t\t\t<\/span>\n\t\t\t\t\t<\/a>\n\t\t\t\t<\/div>\n\t\t\t\t\t\t\t\t<\/div>\n\t\t\t\t<\/div>\n\t\t\t\t\t<\/div>\n\t\t<\/div>\n\t\t\t\t\t<\/div>\n\t\t<\/section>\n\t\t\t\t<\/div>\n\t\t","protected":false},"excerpt":{"rendered":"<p>Service M\u00e9dical Le service m\u00e9dical du Coll\u00e8ge se compose d&rsquo;un m\u00e9decin et de trois infirmi\u00e8res. Le m\u00e9decin, assist\u00e9 par les infirmi\u00e8res, accomplit une visite m\u00e9dicale annuelle. Les infirmi\u00e8res accueillent et accompagnent les \u00e9l\u00e8ves de la Garderie jusqu&rsquo;\u00e0 la classe de Terminale. Elles apportent \u00e9coute, aide et soutien \u00e0 tous les \u00e9l\u00e8ves. Elles conduisent des actions [&hellip;]<\/p>\n","protected":false},"author":1,"featured_media":0,"parent":0,"menu_order":0,"comment_status":"closed","ping_status":"closed","template":"","meta":{"footnotes":""},"class_list":["post-5211","page","type-page","status-publish","hentry"],"_links":{"self":[{"href":"https:\/\/sagessesjb.edu.lb\/fr\/wp-json\/wp\/v2\/pages\/5211","targetHints":{"allow":["GET"]}}],"collection":[{"href":"https:\/\/sagessesjb.edu.lb\/fr\/wp-json\/wp\/v2\/pages"}],"about":[{"href":"https:\/\/sagessesjb.edu.lb\/fr\/wp-json\/wp\/v2\/types\/page"}],"author":[{"embeddable":true,"href":"https:\/\/sagessesjb.edu.lb\/fr\/wp-json\/wp\/v2\/users\/1"}],"replies":[{"embeddable":true,"href":"https:\/\/sagessesjb.edu.lb\/fr\/wp-json\/wp\/v2\/comments?post=5211"}],"version-history":[{"count":10,"href":"https:\/\/sagessesjb.edu.lb\/fr\/wp-json\/wp\/v2\/pages\/5211\/revisions"}],"predecessor-version":[{"id":5603,"href":"https:\/\/sagessesjb.edu.lb\/fr\/wp-json\/wp\/v2\/pages\/5211\/revisions\/5603"}],"wp:attachment":[{"href":"https:\/\/sagessesjb.edu.lb\/fr\/wp-json\/wp\/v2\/media?parent=5211"}],"curies":[{"name":"wp","href":"https:\/\/api.w.org\/{rel}","templated":true}]}}