{"id":5163,"date":"2023-08-16T09:38:48","date_gmt":"2023-08-16T09:38:48","guid":{"rendered":"https:\/\/sagessesjb.edu.lb\/?page_id=5163"},"modified":"2026-02-25T12:18:57","modified_gmt":"2026-02-25T12:18:57","slug":"cfc","status":"publish","type":"page","link":"https:\/\/sagessesjb.edu.lb\/fr\/cfc\/","title":{"rendered":""},"content":{"rendered":"\t\t<div data-elementor-type=\"wp-page\" data-elementor-id=\"5163\" class=\"elementor elementor-5163\" data-elementor-post-type=\"page\">\n\t\t\t\t\t\t<section class=\"elementor-section elementor-top-section elementor-element elementor-element-7639cdd elementor-section-boxed elementor-section-height-default elementor-section-height-default\" data-id=\"7639cdd\" data-element_type=\"section\" data-e-type=\"section\">\n\t\t\t\t\t\t<div class=\"elementor-container elementor-column-gap-default\">\n\t\t\t\t\t<div class=\"elementor-column elementor-col-100 elementor-top-column elementor-element elementor-element-311bfb3\" data-id=\"311bfb3\" data-element_type=\"column\" data-e-type=\"column\">\n\t\t\t<div class=\"elementor-widget-wrap elementor-element-populated\">\n\t\t\t\t\t\t<div class=\"elementor-element elementor-element-db12241 elementor-widget elementor-widget-heading\" data-id=\"db12241\" data-element_type=\"widget\" data-e-type=\"widget\" data-widget_type=\"heading.default\">\n\t\t\t\t<div class=\"elementor-widget-container\">\n\t\t\t\t\t<h2 class=\"elementor-heading-title elementor-size-default\">Cellule de Formation continue (CFC) <\/h2>\t\t\t\t<\/div>\n\t\t\t\t<\/div>\n\t\t\t\t\t<\/div>\n\t\t<\/div>\n\t\t\t\t\t<\/div>\n\t\t<\/section>\n\t\t\t\t<section class=\"elementor-section elementor-top-section elementor-element elementor-element-92ef8d7 elementor-section-boxed elementor-section-height-default elementor-section-height-default\" data-id=\"92ef8d7\" data-element_type=\"section\" data-e-type=\"section\">\n\t\t\t\t\t\t<div class=\"elementor-container elementor-column-gap-default\">\n\t\t\t\t\t<div class=\"elementor-column elementor-col-100 elementor-top-column elementor-element elementor-element-957e6fc\" data-id=\"957e6fc\" data-element_type=\"column\" data-e-type=\"column\">\n\t\t\t<div class=\"elementor-widget-wrap elementor-element-populated\">\n\t\t\t\t\t\t<div class=\"elementor-element elementor-element-dc79a21 elementor-widget elementor-widget-text-editor\" data-id=\"dc79a21\" data-element_type=\"widget\" data-e-type=\"widget\" data-widget_type=\"text-editor.default\">\n\t\t\t\t<div class=\"elementor-widget-container\">\n\t\t\t\t\t\t\t\t\t<p><strong>pr\u00e9sid\u00e9 par le chef d\u2019\u00e9tablissement Mgr Pierre Abi Saleh et form\u00e9 des membres :<\/strong><\/p><ul><li>de la responsable de l\u2019homologation : Mme Ghada Khachan<\/li><li>de la RPP : Mme Jo\u00eblle El Khoury<\/li><li>de deux repr\u00e9sentants des personnels du premier degr\u00e9 : Mmes Shalimar Aneid et Pauline Mikhael<\/li><li>de deux repr\u00e9sentants des personnels du second degr\u00e9 : Mmes Marie Jalkh et Carine Costa<\/li><li>de deux repr\u00e9sentants des autres cat\u00e9gories du personnel : Mmes Lina H\u00e9lou et Marie-Louise Chaaya<\/li><li>du Bureau d\u2019Orientation : Mme Ghada Selwan<\/li><\/ul>\t\t\t\t\t\t\t\t<\/div>\n\t\t\t\t<\/div>\n\t\t\t\t\t<\/div>\n\t\t<\/div>\n\t\t\t\t\t<\/div>\n\t\t<\/section>\n\t\t\t\t<\/div>\n\t\t","protected":false},"excerpt":{"rendered":"<p>Cellule de Formation continue (CFC) pr\u00e9sid\u00e9 par le chef d\u2019\u00e9tablissement Mgr Pierre Abi Saleh et form\u00e9 des membres : de la responsable de l\u2019homologation : Mme Ghada Khachan de la RPP : Mme Jo\u00eblle El Khoury de deux repr\u00e9sentants des personnels du premier degr\u00e9 : Mmes Shalimar Aneid et Pauline Mikhael de deux repr\u00e9sentants des [&hellip;]<\/p>\n","protected":false},"author":1,"featured_media":0,"parent":0,"menu_order":0,"comment_status":"closed","ping_status":"closed","template":"","meta":{"footnotes":""},"class_list":["post-5163","page","type-page","status-publish","hentry"],"_links":{"self":[{"href":"https:\/\/sagessesjb.edu.lb\/fr\/wp-json\/wp\/v2\/pages\/5163","targetHints":{"allow":["GET"]}}],"collection":[{"href":"https:\/\/sagessesjb.edu.lb\/fr\/wp-json\/wp\/v2\/pages"}],"about":[{"href":"https:\/\/sagessesjb.edu.lb\/fr\/wp-json\/wp\/v2\/types\/page"}],"author":[{"embeddable":true,"href":"https:\/\/sagessesjb.edu.lb\/fr\/wp-json\/wp\/v2\/users\/1"}],"replies":[{"embeddable":true,"href":"https:\/\/sagessesjb.edu.lb\/fr\/wp-json\/wp\/v2\/comments?post=5163"}],"version-history":[{"count":32,"href":"https:\/\/sagessesjb.edu.lb\/fr\/wp-json\/wp\/v2\/pages\/5163\/revisions"}],"predecessor-version":[{"id":11501,"href":"https:\/\/sagessesjb.edu.lb\/fr\/wp-json\/wp\/v2\/pages\/5163\/revisions\/11501"}],"wp:attachment":[{"href":"https:\/\/sagessesjb.edu.lb\/fr\/wp-json\/wp\/v2\/media?parent=5163"}],"curies":[{"name":"wp","href":"https:\/\/api.w.org\/{rel}","templated":true}]}}