{"id":4770,"date":"2023-08-09T11:45:50","date_gmt":"2023-08-09T11:45:50","guid":{"rendered":"https:\/\/sagessesjb.edu.lb\/?page_id=4770"},"modified":"2026-02-24T06:12:22","modified_gmt":"2026-02-24T06:12:22","slug":"conseil-de-discipline","status":"publish","type":"page","link":"https:\/\/sagessesjb.edu.lb\/fr\/conseil-de-discipline\/","title":{"rendered":"Conseil de discipline"},"content":{"rendered":"\t\t<div data-elementor-type=\"wp-page\" data-elementor-id=\"4770\" class=\"elementor elementor-4770\" data-elementor-post-type=\"page\">\n\t\t\t\t\t\t<section class=\"elementor-section elementor-top-section elementor-element elementor-element-88ab0c7 elementor-section-boxed elementor-section-height-default elementor-section-height-default\" data-id=\"88ab0c7\" data-element_type=\"section\" data-e-type=\"section\">\n\t\t\t\t\t\t<div class=\"elementor-container elementor-column-gap-default\">\n\t\t\t\t\t<div class=\"elementor-column elementor-col-100 elementor-top-column elementor-element elementor-element-45f94cc\" data-id=\"45f94cc\" data-element_type=\"column\" data-e-type=\"column\">\n\t\t\t<div class=\"elementor-widget-wrap elementor-element-populated\">\n\t\t\t\t\t\t<div class=\"elementor-element elementor-element-effb094 elementor-widget elementor-widget-heading\" data-id=\"effb094\" data-element_type=\"widget\" data-e-type=\"widget\" data-widget_type=\"heading.default\">\n\t\t\t\t<div class=\"elementor-widget-container\">\n\t\t\t\t\t<h2 class=\"elementor-heading-title elementor-size-default\">Conseil de discipline<\/h2>\t\t\t\t<\/div>\n\t\t\t\t<\/div>\n\t\t\t\t\t<\/div>\n\t\t<\/div>\n\t\t\t\t\t<\/div>\n\t\t<\/section>\n\t\t\t\t<section class=\"elementor-section elementor-top-section elementor-element elementor-element-a36b138 elementor-section-boxed elementor-section-height-default elementor-section-height-default\" data-id=\"a36b138\" data-element_type=\"section\" data-e-type=\"section\">\n\t\t\t\t\t\t<div class=\"elementor-container elementor-column-gap-default\">\n\t\t\t\t\t<div class=\"elementor-column elementor-col-100 elementor-top-column elementor-element elementor-element-a18b271\" data-id=\"a18b271\" data-element_type=\"column\" data-e-type=\"column\">\n\t\t\t<div class=\"elementor-widget-wrap elementor-element-populated\">\n\t\t\t\t\t\t<div class=\"elementor-element elementor-element-0974e81 elementor-widget elementor-widget-text-editor\" data-id=\"0974e81\" data-element_type=\"widget\" data-e-type=\"widget\" data-widget_type=\"text-editor.default\">\n\t\t\t\t<div class=\"elementor-widget-container\">\n\t\t\t\t\t\t\t\t\t<p>Le r\u00e8glement int\u00e9rieur du Coll\u00e8ge, communiqu\u00e9 et sign\u00e9 par les parents d\u2019\u00e9l\u00e8ves, signale dans le paragraphe 2 \u00ab Les sanctions \u00e9labor\u00e9es \u00bb de la partie \u00ab DIMENSION CORRECTIVE \u00bb que l\u2019une des sanctions implique la constitution d\u2019un conseil de discipline, convoqu\u00e9 et pr\u00e9sid\u00e9 par le chef d\u2019\u00e9tablissement. Ce conseil statuera sur les mesures \u00e0 prendre pouvant aller jusqu\u2019\u00e0 l\u2019exclusion d\u00e9finitive de l\u2019\u00e9l\u00e8ve en question, m\u00eame en cours d\u2019ann\u00e9e.<\/p><p>L\u2019\u00e9l\u00e8ve et ses parents (ou ses repr\u00e9sentants l\u00e9gaux) sont convoqu\u00e9s \u00e0 ce Conseil par le chef d\u2019\u00e9tablissement qui d\u00e9signe lui-m\u00eame le jour ou l\u2019heure.<\/p><p>Les membres de ce conseil sont :<\/p><ul><li><ul><li>La consultante p\u00e9dagogique : Mme Lina H\u00e9lou<\/li><li>La responsable du cycle concern\u00e9<\/li><li>Un repr\u00e9sentant des parents, membre du conseil d\u2019\u00e9tablissement<\/li><li>Un repr\u00e9sentant du corps enseignant, membre du conseil d\u2019\u00e9tablissement<\/li><li>La psychologue scolaire du cycle concern\u00e9<\/li><li>Un repr\u00e9sentant du conseil p\u00e9dagogique<\/li><li>Les d\u00e9l\u00e9gu\u00e9s de la classe concern\u00e9e<\/li><li>Le professeur ou le membre du personnel touch\u00e9 par l\u2019infraction.<\/li><\/ul><p>\u00c0 l\u2019issue des \u00e9changes, l\u2019\u00e9l\u00e8ve en question et ses parents de m\u00eame que le professeur ou le membre du personnel touch\u00e9 par l\u2019infraction quittent le conseil. Les membres du conseil de discipline discutent alors entre eux puis prennent une d\u00e9cision. Celle-ci est enfin annonc\u00e9e \u00e0 l\u2019\u00e9l\u00e8ve et \u00e0 sa famille.<\/p><\/li><\/ul>\t\t\t\t\t\t\t\t<\/div>\n\t\t\t\t<\/div>\n\t\t\t\t\t<\/div>\n\t\t<\/div>\n\t\t\t\t\t<\/div>\n\t\t<\/section>\n\t\t\t\t<\/div>\n\t\t","protected":false},"excerpt":{"rendered":"<p>Conseil de discipline Le r\u00e8glement int\u00e9rieur du Coll\u00e8ge, communiqu\u00e9 et sign\u00e9 par les parents d\u2019\u00e9l\u00e8ves, signale dans le paragraphe 2 \u00ab Les sanctions \u00e9labor\u00e9es \u00bb de la partie \u00ab DIMENSION CORRECTIVE \u00bb que l\u2019une des sanctions implique la constitution d\u2019un conseil de discipline, convoqu\u00e9 et pr\u00e9sid\u00e9 par le chef d\u2019\u00e9tablissement. Ce conseil statuera sur les [&hellip;]<\/p>\n","protected":false},"author":1,"featured_media":0,"parent":0,"menu_order":0,"comment_status":"closed","ping_status":"closed","template":"","meta":{"footnotes":""},"class_list":["post-4770","page","type-page","status-publish","hentry"],"_links":{"self":[{"href":"https:\/\/sagessesjb.edu.lb\/fr\/wp-json\/wp\/v2\/pages\/4770","targetHints":{"allow":["GET"]}}],"collection":[{"href":"https:\/\/sagessesjb.edu.lb\/fr\/wp-json\/wp\/v2\/pages"}],"about":[{"href":"https:\/\/sagessesjb.edu.lb\/fr\/wp-json\/wp\/v2\/types\/page"}],"author":[{"embeddable":true,"href":"https:\/\/sagessesjb.edu.lb\/fr\/wp-json\/wp\/v2\/users\/1"}],"replies":[{"embeddable":true,"href":"https:\/\/sagessesjb.edu.lb\/fr\/wp-json\/wp\/v2\/comments?post=4770"}],"version-history":[{"count":19,"href":"https:\/\/sagessesjb.edu.lb\/fr\/wp-json\/wp\/v2\/pages\/4770\/revisions"}],"predecessor-version":[{"id":11458,"href":"https:\/\/sagessesjb.edu.lb\/fr\/wp-json\/wp\/v2\/pages\/4770\/revisions\/11458"}],"wp:attachment":[{"href":"https:\/\/sagessesjb.edu.lb\/fr\/wp-json\/wp\/v2\/media?parent=4770"}],"curies":[{"name":"wp","href":"https:\/\/api.w.org\/{rel}","templated":true}]}}