{"id":4765,"date":"2023-08-09T11:44:19","date_gmt":"2023-08-09T11:44:19","guid":{"rendered":"https:\/\/sagessesjb.edu.lb\/?page_id=4765"},"modified":"2026-02-25T11:16:01","modified_gmt":"2026-02-25T11:16:01","slug":"conseil-detablissement","status":"publish","type":"page","link":"https:\/\/sagessesjb.edu.lb\/fr\/conseil-detablissement\/","title":{"rendered":"Conseil d&rsquo;etablissement"},"content":{"rendered":"\t\t<div data-elementor-type=\"wp-page\" data-elementor-id=\"4765\" class=\"elementor elementor-4765\" data-elementor-post-type=\"page\">\n\t\t\t\t\t\t<section class=\"elementor-section elementor-top-section elementor-element elementor-element-0bab387 elementor-section-boxed elementor-section-height-default elementor-section-height-default\" data-id=\"0bab387\" data-element_type=\"section\" data-e-type=\"section\">\n\t\t\t\t\t\t<div class=\"elementor-container elementor-column-gap-default\">\n\t\t\t\t\t<div class=\"elementor-column elementor-col-100 elementor-top-column elementor-element elementor-element-0f5b038\" data-id=\"0f5b038\" data-element_type=\"column\" data-e-type=\"column\">\n\t\t\t<div class=\"elementor-widget-wrap elementor-element-populated\">\n\t\t\t\t\t\t<div class=\"elementor-element elementor-element-6d7c6ad elementor-widget elementor-widget-heading\" data-id=\"6d7c6ad\" data-element_type=\"widget\" data-e-type=\"widget\" data-widget_type=\"heading.default\">\n\t\t\t\t<div class=\"elementor-widget-container\">\n\t\t\t\t\t<h2 class=\"elementor-heading-title elementor-size-default\">Conseil d\u2019\u00e9tablissement <\/h2>\t\t\t\t<\/div>\n\t\t\t\t<\/div>\n\t\t\t\t\t<\/div>\n\t\t<\/div>\n\t\t\t\t\t<\/div>\n\t\t<\/section>\n\t\t\t\t<section class=\"elementor-section elementor-top-section elementor-element elementor-element-f24e4eb elementor-section-boxed elementor-section-height-default elementor-section-height-default\" data-id=\"f24e4eb\" data-element_type=\"section\" data-e-type=\"section\">\n\t\t\t\t\t\t<div class=\"elementor-container elementor-column-gap-default\">\n\t\t\t\t\t<div class=\"elementor-column elementor-col-100 elementor-top-column elementor-element elementor-element-9f11935\" data-id=\"9f11935\" data-element_type=\"column\" data-e-type=\"column\">\n\t\t\t<div class=\"elementor-widget-wrap elementor-element-populated\">\n\t\t\t\t\t\t<div class=\"elementor-element elementor-element-7bf3f42 elementor-widget elementor-widget-text-editor\" data-id=\"7bf3f42\" data-element_type=\"widget\" data-e-type=\"widget\" data-widget_type=\"text-editor.default\">\n\t\t\t\t<div class=\"elementor-widget-container\">\n\t\t\t\t\t\t\t\t\t<p><strong>pr\u00e9sid\u00e9 par le chef d\u2019\u00e9tablissement Mgr Pierre Abi Saleh et form\u00e9 des membres permanents :<\/strong><\/p><ul><li>\u00c9conome : Mme Claudia Tanios<\/li><li>Aum\u00f4nier : P\u00e8re \u00c9mile Rami<\/li><li>Responsable de l\u2019Homologation : Mme Ghada Khachan<\/li><li>Consultante P\u00e9dagogique et Responsable du Bureau de Presse : Mme Lina H\u00e9lou<\/li><li>Psychologue scolaire : Mme Samar Andraos<\/li><li>CPE du lyc\u00e9e : Mme Marie-Louise Chaaya<\/li><li>CPE du coll\u00e8ge : Mme Joumana El Ch\u00e9mali<\/li><li>Responsable du cycle 3 (PII) : Mme Rita Ward<\/li><li>RPP et responsable de l\u2019\u00e9cole \u00e9l\u00e9mentaire (cycle 2)\u00a0: Mme Jo\u00eblle El Khoury<\/li><li>Pr\u00e9sidente du Comit\u00e9 des Professeurs : Mme Mathilde Hallit<\/li><li>Enseignante du second degr\u00e9 : Mme C\u00e9line Berberi<\/li><li>Enseignante du premier degr\u00e9 : Mme Ren\u00e9e Costa<\/li><li>Repr\u00e9sentante du personnel administratif, technique, social et de sant\u00e9 : Mme Laudy Abdallah.<\/li><\/ul><p><strong>et des membres si\u00e9geant \u00e0 titre consultatif :<\/strong><\/p><ul><li>Pr\u00e9sidente du comit\u00e9 des Parents : Mme Nadine Abla<\/li><li>Pr\u00e9sidente du comit\u00e9 des Anciens : Dr. C\u00e9line Baaklini<\/li><li>Chef Scouts : Jean Paul Sfeir<\/li><li>Parent d\u2019\u00e9l\u00e8ves du second degr\u00e9 : Mme Diana Gebrael<\/li><li>Parent d\u2019\u00e9l\u00e8ves du premier degr\u00e9 : Mme Nayla Haddad<\/li><li>Repr\u00e9sentante des anciens professeurs : Mme Olga Daou<\/li><li>Repr\u00e9sentante du conseil des d\u00e9l\u00e9gu\u00e9s : Mlle Lynn Far\u00e8s et Elie Hayek.<\/li><li>Repr\u00e9sentant des anciens \u00e9l\u00e8ves : Joe Youssef<\/li><\/ul>\t\t\t\t\t\t\t\t<\/div>\n\t\t\t\t<\/div>\n\t\t\t\t\t<\/div>\n\t\t<\/div>\n\t\t\t\t\t<\/div>\n\t\t<\/section>\n\t\t\t\t<\/div>\n\t\t","protected":false},"excerpt":{"rendered":"<p>Conseil d\u2019\u00e9tablissement pr\u00e9sid\u00e9 par le chef d\u2019\u00e9tablissement Mgr Pierre Abi Saleh et form\u00e9 des membres permanents : \u00c9conome : Mme Claudia Tanios Aum\u00f4nier : P\u00e8re \u00c9mile Rami Responsable de l\u2019Homologation : Mme Ghada Khachan Consultante P\u00e9dagogique et Responsable du Bureau de Presse : Mme Lina H\u00e9lou Psychologue scolaire : Mme Samar Andraos CPE du lyc\u00e9e [&hellip;]<\/p>\n","protected":false},"author":1,"featured_media":0,"parent":0,"menu_order":0,"comment_status":"closed","ping_status":"closed","template":"","meta":{"footnotes":""},"class_list":["post-4765","page","type-page","status-publish","hentry"],"_links":{"self":[{"href":"https:\/\/sagessesjb.edu.lb\/fr\/wp-json\/wp\/v2\/pages\/4765","targetHints":{"allow":["GET"]}}],"collection":[{"href":"https:\/\/sagessesjb.edu.lb\/fr\/wp-json\/wp\/v2\/pages"}],"about":[{"href":"https:\/\/sagessesjb.edu.lb\/fr\/wp-json\/wp\/v2\/types\/page"}],"author":[{"embeddable":true,"href":"https:\/\/sagessesjb.edu.lb\/fr\/wp-json\/wp\/v2\/users\/1"}],"replies":[{"embeddable":true,"href":"https:\/\/sagessesjb.edu.lb\/fr\/wp-json\/wp\/v2\/comments?post=4765"}],"version-history":[{"count":25,"href":"https:\/\/sagessesjb.edu.lb\/fr\/wp-json\/wp\/v2\/pages\/4765\/revisions"}],"predecessor-version":[{"id":11490,"href":"https:\/\/sagessesjb.edu.lb\/fr\/wp-json\/wp\/v2\/pages\/4765\/revisions\/11490"}],"wp:attachment":[{"href":"https:\/\/sagessesjb.edu.lb\/fr\/wp-json\/wp\/v2\/media?parent=4765"}],"curies":[{"name":"wp","href":"https:\/\/api.w.org\/{rel}","templated":true}]}}