{"id":4760,"date":"2023-08-09T11:42:20","date_gmt":"2023-08-09T11:42:20","guid":{"rendered":"https:\/\/sagessesjb.edu.lb\/?page_id=4760"},"modified":"2026-02-24T06:00:29","modified_gmt":"2026-02-24T06:00:29","slug":"conseil-educatif","status":"publish","type":"page","link":"https:\/\/sagessesjb.edu.lb\/fr\/conseil-educatif\/","title":{"rendered":"Conseil educatif"},"content":{"rendered":"\t\t<div data-elementor-type=\"wp-page\" data-elementor-id=\"4760\" class=\"elementor elementor-4760\" data-elementor-post-type=\"page\">\n\t\t\t\t\t\t<section class=\"elementor-section elementor-top-section elementor-element elementor-element-406dda1 elementor-section-boxed elementor-section-height-default elementor-section-height-default\" data-id=\"406dda1\" data-element_type=\"section\" data-e-type=\"section\">\n\t\t\t\t\t\t<div class=\"elementor-container elementor-column-gap-default\">\n\t\t\t\t\t<div class=\"elementor-column elementor-col-100 elementor-top-column elementor-element elementor-element-db66df8\" data-id=\"db66df8\" data-element_type=\"column\" data-e-type=\"column\">\n\t\t\t<div class=\"elementor-widget-wrap elementor-element-populated\">\n\t\t\t\t\t\t<div class=\"elementor-element elementor-element-438a7fb elementor-widget elementor-widget-heading\" data-id=\"438a7fb\" data-element_type=\"widget\" data-e-type=\"widget\" data-widget_type=\"heading.default\">\n\t\t\t\t<div class=\"elementor-widget-container\">\n\t\t\t\t\t<h2 class=\"elementor-heading-title elementor-size-default\">Conseil Educatif<\/h2>\t\t\t\t<\/div>\n\t\t\t\t<\/div>\n\t\t\t\t\t<\/div>\n\t\t<\/div>\n\t\t\t\t\t<\/div>\n\t\t<\/section>\n\t\t\t\t<section class=\"elementor-section elementor-top-section elementor-element elementor-element-6b47a4b elementor-section-boxed elementor-section-height-default elementor-section-height-default\" data-id=\"6b47a4b\" data-element_type=\"section\" data-e-type=\"section\">\n\t\t\t\t\t\t<div class=\"elementor-container elementor-column-gap-default\">\n\t\t\t\t\t<div class=\"elementor-column elementor-col-100 elementor-top-column elementor-element elementor-element-2d926a6\" data-id=\"2d926a6\" data-element_type=\"column\" data-e-type=\"column\">\n\t\t\t<div class=\"elementor-widget-wrap elementor-element-populated\">\n\t\t\t\t\t\t<div class=\"elementor-element elementor-element-56cece2 elementor-widget elementor-widget-text-editor\" data-id=\"56cece2\" data-element_type=\"widget\" data-e-type=\"widget\" data-widget_type=\"text-editor.default\">\n\t\t\t\t<div class=\"elementor-widget-container\">\n\t\t\t\t\t\t\t\t\t<p><strong>Pr\u00e9sid\u00e9 par le chef d\u2019\u00e9tablissement Mgr Pierre Abi Saleh et form\u00e9 de :<\/strong><\/p><ul><li>\u00c9conome : Mme Claudia Tanios<\/li><li>Aum\u00f4nier : P\u00e8re \u00c9mile Rami<\/li><li>Responsable de l\u2019Homologation : Mme Ghada Khachan<\/li><li>Consultante P\u00e9dagogique et Responsable du Bureau de Presse : Mme Lina H\u00e9lou<\/li><li>CPE du lyc\u00e9e : Mme Marie-Louise Chaaya<\/li><li>CPE du coll\u00e8ge : Mme Joumana El Ch\u00e9mali<\/li><li>Responsable du cycle 3 (P II) : Mme Rita Ward<\/li><li>RPP et responsable de l\u2019\u00e9cole \u00e9l\u00e9mentaire (cycle 2) (PI) : Mme Jo\u00eblle El Khoury<\/li><li>Responsable de l\u2019\u00e9cole maternelle (cycle 1) : Mme Christiane Jamous<\/li><li>Responsable du D\u00e9partement d\u2019Inclusion Scolaire : Mme Ramona Tabet<\/li><li>Assistante du chef d\u2019\u00e9tablissement : Mme Lara Barouky<\/li><\/ul><p><strong>Membre occasionnel\u00a0:<\/strong><\/p><ul><li>Responsable de la garderie : Mme Mona Moawad<\/li><\/ul>\t\t\t\t\t\t\t\t<\/div>\n\t\t\t\t<\/div>\n\t\t\t\t\t<\/div>\n\t\t<\/div>\n\t\t\t\t\t<\/div>\n\t\t<\/section>\n\t\t\t\t<\/div>\n\t\t","protected":false},"excerpt":{"rendered":"<p>Conseil Educatif Pr\u00e9sid\u00e9 par le chef d\u2019\u00e9tablissement Mgr Pierre Abi Saleh et form\u00e9 de : \u00c9conome : Mme Claudia Tanios Aum\u00f4nier : P\u00e8re \u00c9mile Rami Responsable de l\u2019Homologation : Mme Ghada Khachan Consultante P\u00e9dagogique et Responsable du Bureau de Presse : Mme Lina H\u00e9lou CPE du lyc\u00e9e : Mme Marie-Louise Chaaya CPE du coll\u00e8ge : [&hellip;]<\/p>\n","protected":false},"author":1,"featured_media":0,"parent":0,"menu_order":0,"comment_status":"closed","ping_status":"closed","template":"","meta":{"footnotes":""},"class_list":["post-4760","page","type-page","status-publish","hentry"],"_links":{"self":[{"href":"https:\/\/sagessesjb.edu.lb\/fr\/wp-json\/wp\/v2\/pages\/4760","targetHints":{"allow":["GET"]}}],"collection":[{"href":"https:\/\/sagessesjb.edu.lb\/fr\/wp-json\/wp\/v2\/pages"}],"about":[{"href":"https:\/\/sagessesjb.edu.lb\/fr\/wp-json\/wp\/v2\/types\/page"}],"author":[{"embeddable":true,"href":"https:\/\/sagessesjb.edu.lb\/fr\/wp-json\/wp\/v2\/users\/1"}],"replies":[{"embeddable":true,"href":"https:\/\/sagessesjb.edu.lb\/fr\/wp-json\/wp\/v2\/comments?post=4760"}],"version-history":[{"count":25,"href":"https:\/\/sagessesjb.edu.lb\/fr\/wp-json\/wp\/v2\/pages\/4760\/revisions"}],"predecessor-version":[{"id":11440,"href":"https:\/\/sagessesjb.edu.lb\/fr\/wp-json\/wp\/v2\/pages\/4760\/revisions\/11440"}],"wp:attachment":[{"href":"https:\/\/sagessesjb.edu.lb\/fr\/wp-json\/wp\/v2\/media?parent=4760"}],"curies":[{"name":"wp","href":"https:\/\/api.w.org\/{rel}","templated":true}]}}