{"id":4755,"date":"2023-08-09T11:39:29","date_gmt":"2023-08-09T11:39:29","guid":{"rendered":"https:\/\/sagessesjb.edu.lb\/?page_id=4755"},"modified":"2026-02-24T06:02:57","modified_gmt":"2026-02-24T06:02:57","slug":"conseil-pedagogique","status":"publish","type":"page","link":"https:\/\/sagessesjb.edu.lb\/fr\/conseil-pedagogique\/","title":{"rendered":"Conseil p\u00e9dagogique"},"content":{"rendered":"\t\t<div data-elementor-type=\"wp-page\" data-elementor-id=\"4755\" class=\"elementor elementor-4755\" data-elementor-post-type=\"page\">\n\t\t\t\t\t\t<section class=\"elementor-section elementor-top-section elementor-element elementor-element-2267795 elementor-section-boxed elementor-section-height-default elementor-section-height-default\" data-id=\"2267795\" data-element_type=\"section\" data-e-type=\"section\">\n\t\t\t\t\t\t<div class=\"elementor-container elementor-column-gap-default\">\n\t\t\t\t\t<div class=\"elementor-column elementor-col-100 elementor-top-column elementor-element elementor-element-dae5fb2\" data-id=\"dae5fb2\" data-element_type=\"column\" data-e-type=\"column\">\n\t\t\t<div class=\"elementor-widget-wrap elementor-element-populated\">\n\t\t\t\t\t\t<div class=\"elementor-element elementor-element-40abab7 elementor-widget elementor-widget-heading\" data-id=\"40abab7\" data-element_type=\"widget\" data-e-type=\"widget\" data-widget_type=\"heading.default\">\n\t\t\t\t<div class=\"elementor-widget-container\">\n\t\t\t\t\t<h2 class=\"elementor-heading-title elementor-size-default\">Conseil P\u00e9dagogique<\/h2>\t\t\t\t<\/div>\n\t\t\t\t<\/div>\n\t\t\t\t\t<\/div>\n\t\t<\/div>\n\t\t\t\t\t<\/div>\n\t\t<\/section>\n\t\t\t\t<section class=\"elementor-section elementor-top-section elementor-element elementor-element-e48b809 elementor-section-boxed elementor-section-height-default elementor-section-height-default\" data-id=\"e48b809\" data-element_type=\"section\" data-e-type=\"section\">\n\t\t\t\t\t\t<div class=\"elementor-container elementor-column-gap-default\">\n\t\t\t\t\t<div class=\"elementor-column elementor-col-100 elementor-top-column elementor-element elementor-element-30123e7\" data-id=\"30123e7\" data-element_type=\"column\" data-e-type=\"column\">\n\t\t\t<div class=\"elementor-widget-wrap elementor-element-populated\">\n\t\t\t\t\t\t<div class=\"elementor-element elementor-element-dd75fc1 elementor-widget elementor-widget-text-editor\" data-id=\"dd75fc1\" data-element_type=\"widget\" data-e-type=\"widget\" data-widget_type=\"text-editor.default\">\n\t\t\t\t<div class=\"elementor-widget-container\">\n\t\t\t\t\t\t\t\t\t<p><strong>Pr\u00e9sid\u00e9 par le chef d\u2019\u00e9tablissement Mgr Pierre Abi Saleh et form\u00e9 des membres permanents :<\/strong><\/p><ul><li>Aum\u00f4nier du Coll\u00e8ge : P\u00e8re \u00c9mile Rami<\/li><li>Aum\u00f4nier du Petit Coll\u00e8ge : S\u0153ur Mona Bejjani<\/li><li>Responsable de l\u2019Homologation, Coordinatrice de fran\u00e7ais pour le 2<sup>d<\/sup> degr\u00e9 et Secr\u00e9taire du Conseil: Mme Ghada Khachan<\/li><li>Consultante P\u00e9dagogique et Responsable du Bureau de Presse : Mme Lina H\u00e9lou<\/li><li>Psychologue scolaire : Mme Karen Frem<\/li><li>Coordinatrice de fran\u00e7ais pour le 1er degr\u00e9 : Mme Shalimar Aneid<\/li><li>Coordinatrice d\u2019arabe : Mme Pauline Tabet<\/li><li>Coordinatrice d\u2019anglais : Mme Claire ElKhoury<\/li><li>Coordinatrice d\u2019histoire et g\u00e9ographie (programme fran\u00e7ais) : Mme Nada Khairallah<\/li><li>Coordinatrice d\u2019histoire et g\u00e9ographie (programme libanais) : Mlle Hyam Habchi<\/li><li>Coordinatrice de maths : Mme Marie Jalkh<\/li><li>Coordinatrice de physique : Mme Carine Costa<\/li><li>Coordinatrice de SVT : Mme Roula Aziz<\/li><li>Coordonnateur de chimie : Elie Hachem<\/li><li>Coordinatrice des activit\u00e9s artistiques et r\u00e9f\u00e9rente du PEAC: Mme Nathalie Ibrahim<\/li><li>Coordinatrice du service d\u2019orientation et de d\u00e9veloppement personnel: Mme Ghada Selwan<\/li><li>Coordonnateur d\u2019EPS : M. Jihad Tabet<\/li><\/ul><p>\u00a0<\/p><p><strong>et des membres occasionnels :<\/strong><\/p><ul><li>Coordinatrice des sciences du num\u00e9rique : Mme H\u00e9l\u00e8ne Matar<\/li><li>Coordinatrice de sciences \u00e9conomiques et sociales : Mme Ga\u00ealle Hanna<\/li><li>Infirmi\u00e8re scolaire et r\u00e9f\u00e9rente du parcours sant\u00e9 : Mme Lara Abi Younes.<\/li><li>Assistante sociale : Mme Roula Chami<\/li><li>Documentaliste : Mme Mireille Asmar<\/li><li>Responsable du Club social et r\u00e9f\u00e9rente du parcours citoyen : Mme Diala Khoury<\/li><li>Administrateur IT : Peter Bitar<\/li><li>Responsable de l\u2019application DARS : M. Simon Mansour<\/li><\/ul>\t\t\t\t\t\t\t\t<\/div>\n\t\t\t\t<\/div>\n\t\t\t\t\t<\/div>\n\t\t<\/div>\n\t\t\t\t\t<\/div>\n\t\t<\/section>\n\t\t\t\t<\/div>\n\t\t","protected":false},"excerpt":{"rendered":"<p>Conseil P\u00e9dagogique Pr\u00e9sid\u00e9 par le chef d\u2019\u00e9tablissement Mgr Pierre Abi Saleh et form\u00e9 des membres permanents : Aum\u00f4nier du Coll\u00e8ge : P\u00e8re \u00c9mile Rami Aum\u00f4nier du Petit Coll\u00e8ge : S\u0153ur Mona Bejjani Responsable de l\u2019Homologation, Coordinatrice de fran\u00e7ais pour le 2d degr\u00e9 et Secr\u00e9taire du Conseil: Mme Ghada Khachan Consultante P\u00e9dagogique et Responsable du Bureau [&hellip;]<\/p>\n","protected":false},"author":1,"featured_media":0,"parent":0,"menu_order":0,"comment_status":"closed","ping_status":"closed","template":"","meta":{"footnotes":""},"class_list":["post-4755","page","type-page","status-publish","hentry"],"_links":{"self":[{"href":"https:\/\/sagessesjb.edu.lb\/fr\/wp-json\/wp\/v2\/pages\/4755","targetHints":{"allow":["GET"]}}],"collection":[{"href":"https:\/\/sagessesjb.edu.lb\/fr\/wp-json\/wp\/v2\/pages"}],"about":[{"href":"https:\/\/sagessesjb.edu.lb\/fr\/wp-json\/wp\/v2\/types\/page"}],"author":[{"embeddable":true,"href":"https:\/\/sagessesjb.edu.lb\/fr\/wp-json\/wp\/v2\/users\/1"}],"replies":[{"embeddable":true,"href":"https:\/\/sagessesjb.edu.lb\/fr\/wp-json\/wp\/v2\/comments?post=4755"}],"version-history":[{"count":22,"href":"https:\/\/sagessesjb.edu.lb\/fr\/wp-json\/wp\/v2\/pages\/4755\/revisions"}],"predecessor-version":[{"id":11443,"href":"https:\/\/sagessesjb.edu.lb\/fr\/wp-json\/wp\/v2\/pages\/4755\/revisions\/11443"}],"wp:attachment":[{"href":"https:\/\/sagessesjb.edu.lb\/fr\/wp-json\/wp\/v2\/media?parent=4755"}],"curies":[{"name":"wp","href":"https:\/\/api.w.org\/{rel}","templated":true}]}}