{"id":4737,"date":"2023-08-09T09:11:33","date_gmt":"2023-08-09T09:11:33","guid":{"rendered":"https:\/\/sagessesjb.edu.lb\/?page_id=4737"},"modified":"2026-02-24T06:09:11","modified_gmt":"2026-02-24T06:09:11","slug":"cvl","status":"publish","type":"page","link":"https:\/\/sagessesjb.edu.lb\/fr\/cvl\/","title":{"rendered":"CVL"},"content":{"rendered":"\t\t<div data-elementor-type=\"wp-page\" data-elementor-id=\"4737\" class=\"elementor elementor-4737\" data-elementor-post-type=\"page\">\n\t\t\t\t\t\t<section class=\"elementor-section elementor-top-section elementor-element elementor-element-4e1bcaf elementor-section-boxed elementor-section-height-default elementor-section-height-default\" data-id=\"4e1bcaf\" data-element_type=\"section\" data-e-type=\"section\">\n\t\t\t\t\t\t<div class=\"elementor-container elementor-column-gap-default\">\n\t\t\t\t\t<div class=\"elementor-column elementor-col-100 elementor-top-column elementor-element elementor-element-2b2af32\" data-id=\"2b2af32\" data-element_type=\"column\" data-e-type=\"column\">\n\t\t\t<div class=\"elementor-widget-wrap elementor-element-populated\">\n\t\t\t\t\t\t<div class=\"elementor-element elementor-element-3049627 elementor-widget elementor-widget-heading\" data-id=\"3049627\" data-element_type=\"widget\" data-e-type=\"widget\" data-widget_type=\"heading.default\">\n\t\t\t\t<div class=\"elementor-widget-container\">\n\t\t\t\t\t<h2 class=\"elementor-heading-title elementor-size-default\">Conseil de la Vie Lyc\u00e9enne - CVL<\/h2>\t\t\t\t<\/div>\n\t\t\t\t<\/div>\n\t\t\t\t\t<\/div>\n\t\t<\/div>\n\t\t\t\t\t<\/div>\n\t\t<\/section>\n\t\t\t\t<section class=\"elementor-section elementor-top-section elementor-element elementor-element-22e3c99 elementor-section-boxed elementor-section-height-default elementor-section-height-default\" data-id=\"22e3c99\" data-element_type=\"section\" data-e-type=\"section\">\n\t\t\t\t\t\t<div class=\"elementor-container elementor-column-gap-default\">\n\t\t\t\t\t<div class=\"elementor-column elementor-col-100 elementor-top-column elementor-element elementor-element-d36cddf\" data-id=\"d36cddf\" data-element_type=\"column\" data-e-type=\"column\">\n\t\t\t<div class=\"elementor-widget-wrap elementor-element-populated\">\n\t\t\t\t\t\t<div class=\"elementor-element elementor-element-216b334 elementor-widget elementor-widget-text-editor\" data-id=\"216b334\" data-element_type=\"widget\" data-e-type=\"widget\" data-widget_type=\"text-editor.default\">\n\t\t\t\t<div class=\"elementor-widget-container\">\n\t\t\t\t\t\t\t\t\t<p><strong>Pr\u00e9sid\u00e9 par le chef d\u2019\u00e9tablissement Mgr Pierre Abi Saleh et form\u00e9 des membres suivants :<\/strong><\/p><ul><li><ul><li>Consultante p\u00e9dagogique : Mme Lina H\u00e9lou<\/li><li>CPE du lyc\u00e9e : Mme Marie Louise Chaaya<\/li><li>Repr\u00e9sentantes de la communaut\u00e9 \u00e9ducative : Mme Diala Khoury &#8211; Mme Marie Karam<\/li><li>Repr\u00e9sentante des parents d\u2019\u00e9l\u00e8ves : Mme Nadine Abla<\/li><li>Les d\u00e9l\u00e9gu\u00e9s des classes du lyc\u00e9e<\/li><\/ul><p>&#8211;<strong>2<sup>de<\/sup> <\/strong>: Sera Nawar, Carla Gebra\u00ebl et Elia Asmar<\/p><p><strong>-1<sup>re<\/sup><\/strong>: Nicolas Abla, Chlo\u00e9 Selwan, Jason Jamous et Steven Bou Eid<\/p><p><strong>-Tle <\/strong>: Adam Safa, Elie Hayeck, Joy Barakat et Fran\u00e7ois Karam<\/p><\/li><\/ul>\t\t\t\t\t\t\t\t<\/div>\n\t\t\t\t<\/div>\n\t\t\t\t\t<\/div>\n\t\t<\/div>\n\t\t\t\t\t<\/div>\n\t\t<\/section>\n\t\t\t\t<\/div>\n\t\t","protected":false},"excerpt":{"rendered":"<p>Conseil de la Vie Lyc\u00e9enne &#8211; CVL Pr\u00e9sid\u00e9 par le chef d\u2019\u00e9tablissement Mgr Pierre Abi Saleh et form\u00e9 des membres suivants : Consultante p\u00e9dagogique : Mme Lina H\u00e9lou CPE du lyc\u00e9e : Mme Marie Louise Chaaya Repr\u00e9sentantes de la communaut\u00e9 \u00e9ducative : Mme Diala Khoury &#8211; Mme Marie Karam Repr\u00e9sentante des parents d\u2019\u00e9l\u00e8ves : Mme [&hellip;]<\/p>\n","protected":false},"author":1,"featured_media":0,"parent":0,"menu_order":0,"comment_status":"closed","ping_status":"closed","template":"","meta":{"footnotes":""},"class_list":["post-4737","page","type-page","status-publish","hentry"],"_links":{"self":[{"href":"https:\/\/sagessesjb.edu.lb\/fr\/wp-json\/wp\/v2\/pages\/4737","targetHints":{"allow":["GET"]}}],"collection":[{"href":"https:\/\/sagessesjb.edu.lb\/fr\/wp-json\/wp\/v2\/pages"}],"about":[{"href":"https:\/\/sagessesjb.edu.lb\/fr\/wp-json\/wp\/v2\/types\/page"}],"author":[{"embeddable":true,"href":"https:\/\/sagessesjb.edu.lb\/fr\/wp-json\/wp\/v2\/users\/1"}],"replies":[{"embeddable":true,"href":"https:\/\/sagessesjb.edu.lb\/fr\/wp-json\/wp\/v2\/comments?post=4737"}],"version-history":[{"count":19,"href":"https:\/\/sagessesjb.edu.lb\/fr\/wp-json\/wp\/v2\/pages\/4737\/revisions"}],"predecessor-version":[{"id":11452,"href":"https:\/\/sagessesjb.edu.lb\/fr\/wp-json\/wp\/v2\/pages\/4737\/revisions\/11452"}],"wp:attachment":[{"href":"https:\/\/sagessesjb.edu.lb\/fr\/wp-json\/wp\/v2\/media?parent=4737"}],"curies":[{"name":"wp","href":"https:\/\/api.w.org\/{rel}","templated":true}]}}