{"id":4728,"date":"2023-08-09T09:07:21","date_gmt":"2023-08-09T09:07:21","guid":{"rendered":"https:\/\/sagessesjb.edu.lb\/?page_id=4728"},"modified":"2026-02-24T06:10:33","modified_gmt":"2026-02-24T06:10:33","slug":"cvc","status":"publish","type":"page","link":"https:\/\/sagessesjb.edu.lb\/fr\/cvc\/","title":{"rendered":"CVC"},"content":{"rendered":"\t\t<div data-elementor-type=\"wp-page\" data-elementor-id=\"4728\" class=\"elementor elementor-4728\" data-elementor-post-type=\"page\">\n\t\t\t\t\t\t<section class=\"elementor-section elementor-top-section elementor-element elementor-element-3dc26f7 elementor-section-boxed elementor-section-height-default elementor-section-height-default\" data-id=\"3dc26f7\" data-element_type=\"section\" data-e-type=\"section\">\n\t\t\t\t\t\t<div class=\"elementor-container elementor-column-gap-default\">\n\t\t\t\t\t<div class=\"elementor-column elementor-col-100 elementor-top-column elementor-element elementor-element-c4d8f7d\" data-id=\"c4d8f7d\" data-element_type=\"column\" data-e-type=\"column\">\n\t\t\t<div class=\"elementor-widget-wrap elementor-element-populated\">\n\t\t\t\t\t\t<div class=\"elementor-element elementor-element-a199078 elementor-widget elementor-widget-heading\" data-id=\"a199078\" data-element_type=\"widget\" data-e-type=\"widget\" data-widget_type=\"heading.default\">\n\t\t\t\t<div class=\"elementor-widget-container\">\n\t\t\t\t\t<h2 class=\"elementor-heading-title elementor-size-default\">Conseil de la Vie Coll\u00e9gienne - CVC<\/h2>\t\t\t\t<\/div>\n\t\t\t\t<\/div>\n\t\t\t\t\t<\/div>\n\t\t<\/div>\n\t\t\t\t\t<\/div>\n\t\t<\/section>\n\t\t\t\t<section class=\"elementor-section elementor-top-section elementor-element elementor-element-596f721 elementor-section-boxed elementor-section-height-default elementor-section-height-default\" data-id=\"596f721\" data-element_type=\"section\" data-e-type=\"section\">\n\t\t\t\t\t\t<div class=\"elementor-container elementor-column-gap-default\">\n\t\t\t\t\t<div class=\"elementor-column elementor-col-100 elementor-top-column elementor-element elementor-element-6899510\" data-id=\"6899510\" data-element_type=\"column\" data-e-type=\"column\">\n\t\t\t<div class=\"elementor-widget-wrap elementor-element-populated\">\n\t\t\t\t\t\t<div class=\"elementor-element elementor-element-107732e elementor-widget elementor-widget-text-editor\" data-id=\"107732e\" data-element_type=\"widget\" data-e-type=\"widget\" data-widget_type=\"text-editor.default\">\n\t\t\t\t<div class=\"elementor-widget-container\">\n\t\t\t\t\t\t\t\t\t<p><strong>Pr\u00e9sid\u00e9 par le chef d\u2019\u00e9tablissement Mgr Pierre Abi Saleh et form\u00e9 des membres suivants :<\/strong><\/p><ul><li><ul><li>Consultante p\u00e9dagogique : Mme Lina H\u00e9lou<\/li><li>CPE du coll\u00e8ge : Mme Joumana El Ch\u00e9mali<\/li><li>R\u00e9f\u00e9rente du parcours citoyen : Mme Diala Khoury<\/li><li>Repr\u00e9sentante de la communaut\u00e9 \u00e9ducative : Mme Elyse Nassif<\/li><li>Repr\u00e9sentante des parents d&rsquo;\u00e9l\u00e8ves : Mme Rita \u00a0Hoyek\u00a0<\/li><li>Les d\u00e9l\u00e9gu\u00e9s et \u00e9co-d\u00e9l\u00e9gu\u00e9s des classes du coll\u00e8ge:<\/li><\/ul><p>&#8211;<strong>5\u00e8me<\/strong>: Roy Jurdi, Reina Ghamlouch\u00a0<\/p><p>&#8211;<strong>4\u00e8me<\/strong>: Jean Paul Maalouf, Rita Maksoud<\/p><p>&#8211;<strong>3\u00e8me<\/strong>: Eve\u00a0Aoun, Hadi Bazzi<\/p><ul><li>Les \u00e9co-d\u00e9l\u00e9gu\u00e9s des classes du coll\u00e8ge:<\/li><\/ul><p>&#8211;<strong>5\u00e8me <\/strong>: Habib Merhy<\/p><p>&#8211;<strong>4\u00e8me<\/strong>: No\u00e9mie Najem<\/p><p>&#8211;<strong>3\u00e8me<\/strong>: Mich\u00e8le Nakhle<\/p><\/li><\/ul>\t\t\t\t\t\t\t\t<\/div>\n\t\t\t\t<\/div>\n\t\t\t\t\t<\/div>\n\t\t<\/div>\n\t\t\t\t\t<\/div>\n\t\t<\/section>\n\t\t\t\t<\/div>\n\t\t","protected":false},"excerpt":{"rendered":"<p>Conseil de la Vie Coll\u00e9gienne &#8211; CVC Pr\u00e9sid\u00e9 par le chef d\u2019\u00e9tablissement Mgr Pierre Abi Saleh et form\u00e9 des membres suivants : Consultante p\u00e9dagogique : Mme Lina H\u00e9lou CPE du coll\u00e8ge : Mme Joumana El Ch\u00e9mali R\u00e9f\u00e9rente du parcours citoyen : Mme Diala Khoury Repr\u00e9sentante de la communaut\u00e9 \u00e9ducative : Mme Elyse Nassif Repr\u00e9sentante des [&hellip;]<\/p>\n","protected":false},"author":1,"featured_media":0,"parent":0,"menu_order":0,"comment_status":"closed","ping_status":"closed","template":"","meta":{"footnotes":""},"class_list":["post-4728","page","type-page","status-publish","hentry"],"_links":{"self":[{"href":"https:\/\/sagessesjb.edu.lb\/fr\/wp-json\/wp\/v2\/pages\/4728","targetHints":{"allow":["GET"]}}],"collection":[{"href":"https:\/\/sagessesjb.edu.lb\/fr\/wp-json\/wp\/v2\/pages"}],"about":[{"href":"https:\/\/sagessesjb.edu.lb\/fr\/wp-json\/wp\/v2\/types\/page"}],"author":[{"embeddable":true,"href":"https:\/\/sagessesjb.edu.lb\/fr\/wp-json\/wp\/v2\/users\/1"}],"replies":[{"embeddable":true,"href":"https:\/\/sagessesjb.edu.lb\/fr\/wp-json\/wp\/v2\/comments?post=4728"}],"version-history":[{"count":19,"href":"https:\/\/sagessesjb.edu.lb\/fr\/wp-json\/wp\/v2\/pages\/4728\/revisions"}],"predecessor-version":[{"id":11455,"href":"https:\/\/sagessesjb.edu.lb\/fr\/wp-json\/wp\/v2\/pages\/4728\/revisions\/11455"}],"wp:attachment":[{"href":"https:\/\/sagessesjb.edu.lb\/fr\/wp-json\/wp\/v2\/media?parent=4728"}],"curies":[{"name":"wp","href":"https:\/\/api.w.org\/{rel}","templated":true}]}}