{"id":4176,"date":"2023-08-05T13:32:31","date_gmt":"2023-08-05T13:32:31","guid":{"rendered":"https:\/\/sagessesjb.edu.lb\/?page_id=4176"},"modified":"2023-08-05T13:34:30","modified_gmt":"2023-08-05T13:34:30","slug":"programmation-annuelle-garderie","status":"publish","type":"page","link":"https:\/\/sagessesjb.edu.lb\/fr\/programmation-annuelle-garderie\/","title":{"rendered":"Programmation annuelle garderie"},"content":{"rendered":"\t\t<div data-elementor-type=\"wp-page\" data-elementor-id=\"4176\" class=\"elementor elementor-4176\" data-elementor-post-type=\"page\">\n\t\t\t\t\t\t<section class=\"elementor-section elementor-top-section elementor-element elementor-element-0d2b92e elementor-section-boxed elementor-section-height-default elementor-section-height-default\" data-id=\"0d2b92e\" data-element_type=\"section\" data-e-type=\"section\">\n\t\t\t\t\t\t<div class=\"elementor-container elementor-column-gap-default\">\n\t\t\t\t\t<div class=\"elementor-column elementor-col-100 elementor-top-column elementor-element elementor-element-a0f9433\" data-id=\"a0f9433\" data-element_type=\"column\" data-e-type=\"column\">\n\t\t\t<div class=\"elementor-widget-wrap elementor-element-populated\">\n\t\t\t\t\t\t<div class=\"elementor-element elementor-element-3ff8252 elementor-widget elementor-widget-heading\" data-id=\"3ff8252\" data-element_type=\"widget\" data-e-type=\"widget\" data-widget_type=\"heading.default\">\n\t\t\t\t<div class=\"elementor-widget-container\">\n\t\t\t\t\t<h2 class=\"elementor-heading-title elementor-size-default\">Programmation Annuelle<\/h2>\t\t\t\t<\/div>\n\t\t\t\t<\/div>\n\t\t\t\t\t<\/div>\n\t\t<\/div>\n\t\t\t\t\t<\/div>\n\t\t<\/section>\n\t\t\t\t<section class=\"elementor-section elementor-top-section elementor-element elementor-element-8f5c43e elementor-section-boxed elementor-section-height-default elementor-section-height-default\" data-id=\"8f5c43e\" data-element_type=\"section\" data-e-type=\"section\">\n\t\t\t\t\t\t<div class=\"elementor-container elementor-column-gap-default\">\n\t\t\t\t\t<div class=\"elementor-column elementor-col-100 elementor-top-column elementor-element elementor-element-57b1c73\" data-id=\"57b1c73\" data-element_type=\"column\" data-e-type=\"column\">\n\t\t\t<div class=\"elementor-widget-wrap elementor-element-populated\">\n\t\t\t\t\t\t<div class=\"elementor-element elementor-element-bb6946c elementor-widget elementor-widget-text-editor\" data-id=\"bb6946c\" data-element_type=\"widget\" data-e-type=\"widget\" data-widget_type=\"text-editor.default\">\n\t\t\t\t<div class=\"elementor-widget-container\">\n\t\t\t\t\t\t\t\t\t<p><strong>I-<u>TOUTE PETITE SECTION (2-3 ans)<\/u><\/strong><\/p><p class=\"rtejustify\">Nous adoptons le dossier \u00ab\u00a0Petit \u00e0 Petit\u00a0\u00bb de Montessori. Nous suivons la progression et les activit\u00e9s propos\u00e9es par le dossier et le guide p\u00e9dagogique.<\/p><p class=\"rtejustify\">Voici les th\u00e8mes du dossier \u00e9tal\u00e9s sur toute l\u2019ann\u00e9e\u00a0:<\/p><ul><li class=\"rtejustify\">La Rentr\u00e9e<\/li><li class=\"rtejustify\">La propret\u00e9<\/li><li class=\"rtejustify\">Assiette sant\u00e9<\/li><li class=\"rtejustify\">L\u2019hiver<\/li><li class=\"rtejustify\">Les transports<\/li><li class=\"rtejustify\">Le printemps<\/li><li class=\"rtejustify\">La ferme<\/li><\/ul><p class=\"rtejustify\">En plus de ces th\u00e8mes nous travaillons les f\u00eates\u00a0et l\u2019\u00e9t\u00e9:<\/p><p class=\"rtejustify\">Ind\u00e9pendance, Sainte barbe, No\u00ebl, f\u00eate des m\u00e8res, P\u00e2ques, la f\u00eate des p\u00e8res, l\u2019\u00e9t\u00e9 et les animaux marins.<\/p><p class=\"rtejustify\"><strong><u>Les moyens utilis\u00e9s<\/u><\/strong><\/p><ul><li class=\"rtejustify\">Observations concr\u00e8tes et manipulations<\/li><li class=\"rtejustify\">Observations de gravures<\/li><li class=\"rtejustify\">Langage et discussion<\/li><li class=\"rtejustify\">Fiches d\u2019applications<\/li><li class=\"rtejustify\">Chants et comptines<\/li><li class=\"rtejustify\">Travaux pratiques et sorties<\/li><\/ul><p class=\"rtejustify\"><strong><u><br \/>Les techniques utilis\u00e9es<\/u><\/strong><\/p><p><strong>Peinture<\/strong><\/p><ul><li>Au doigt<\/li><li>A l\u2019\u00e9ponge<\/li><li>Au pinceau<\/li><\/ul><p class=\"rtejustify\"><strong>Coloriage<\/strong><\/p><ul><li class=\"rtejustify\">Gros feutres<\/li><li class=\"rtejustify\">Gros crayons de couleur\u00a0\u00a0\u00a0\u00a0\u00a0\u00a0<\/li><\/ul><p class=\"rtejustify\"><strong>Au pochoir Libre<\/strong><\/p><ul><li class=\"rtejustify\">Froissage<\/li><li class=\"rtejustify\">D\u00e9chiquetage<\/li><li class=\"rtejustify\">Collage<\/li><\/ul><p class=\"rtejustify\"><strong><u>Consignes travaill\u00e9es<\/u><\/strong><\/p><ul><li class=\"rtejustify\">Rep\u00e9rer et montrer du doigt<\/li><li class=\"rtejustify\">Rep\u00e9rer et coller une gommette<\/li><li class=\"rtejustify\">Rep\u00e9rer et relier<\/li><li class=\"rtejustify\">Rep\u00e9rer et colorier<\/li><\/ul><p class=\"rtejustify\"><strong><u>Activit\u00e9s psychomotrices<\/u><\/strong><\/p><ul><li class=\"rtejustify\">Marcher- Courir- S\u2019arr\u00eater- Ramper<\/li><li class=\"rtejustify\">Debout- Assis- Accroupi- A genoux<\/li><li class=\"rtejustify\">Au-dessus- Au-dessous- Sur- Sous- Devant- Derri\u00e8re- Dedans- Dehors- En haut- En bas<\/li><li class=\"rtejustify\">Rep\u00e9rer et reconna\u00eetre les parties essentielles du corps<\/li><li class=\"rtejustify\">Sauter sur les 2 pieds, au galop, pas-chass\u00e9s.<\/li><li class=\"rtejustify\">Apprendre \u00e0 faire un cercle, un train<\/li><li class=\"rtejustify\">Marcher sur une ligne, sur un pont (\u00e9quilibre)<\/li><li class=\"rtejustify\">Se limiter aux rep\u00e8res mis par terre<\/li><li class=\"rtejustify\">Lancer et attraper un ballon<\/li><li class=\"rtejustify\">Motricit\u00e9 faciale\u00a0: les grimaces<\/li><\/ul><p class=\"rtejustify\"><strong><u>Travaux manuels<\/u><\/strong><\/p><ul><li class=\"rtejustify\">Couronne de l\u2019ind\u00e9pendance<\/li><li class=\"rtejustify\">Masque pour la sainte barbe<\/li><li class=\"rtejustify\">Cadeau de No\u00ebl<\/li><li class=\"rtejustify\">Cadeau pour la f\u00eate des m\u00e8res<\/li><li class=\"rtejustify\">Coloration des \u0153ufs de p\u00e2ques<\/li><li class=\"rtejustify\">Activit\u00e9 culinaire (1 fois\/trimestre)<\/li><li class=\"rtejustify\">Cadeau pour la f\u00eate des p\u00e8res<\/li><\/ul><p class=\"rtejustify\"><u><strong>Adaptation<\/strong><\/u><\/p><ul><li class=\"rtejustify\">Respecter les autres et le mat\u00e9riel<\/li><li class=\"rtejustify\">Devenir autonome<\/li><li class=\"rtejustify\">Savoir exprimer ses besoins<\/li><li class=\"rtejustify\">Savoir se rep\u00e9rer dans le cadre<\/li><li class=\"rtejustify\">Apprendre \u00e0 \u00e9couter<\/li><li class=\"rtejustify\">Respecter les consignes et les r\u00e8gles de jeux<\/li><li class=\"rtejustify\">Apprendre \u00e0 manger seul<\/li><li class=\"rtejustify\">Apprendre \u00e0 partager<\/li><li class=\"rtejustify\">Ranger le mat\u00e9riel\u00a0<\/li><li class=\"rtejustify\">Rep\u00e9rer son casier et ses affaires<\/li><li class=\"rtejustify\">\u00catre propre<\/li><\/ul><p class=\"rtejustify\"><strong>II-<u>\u00a0LES TOUS-PETITS (<\/u><\/strong><strong><u>1-2 ans)<\/u><\/strong><\/p><p class=\"rtejustify\">Nous adoptons le dossier \u00ab Bambins en \u00e9veil \u00bb de Montessori. Nous suivons la progression et les activit\u00e9s propos\u00e9es par le dossier et le guide p\u00e9dagogique.<br \/>Voici les th\u00e8mes du dossier \u00e9tal\u00e9s sur toute l\u2019ann\u00e9e :<\/p><ul><li class=\"rtejustify\">Ma garderie<\/li><li class=\"rtejustify\">Ma maison<\/li><li class=\"rtejustify\">A la neige<\/li><li class=\"rtejustify\">Bon voyage<\/li><li class=\"rtejustify\">Le jardin de Papi<\/li><li class=\"rtejustify\">La ferme de tante Isabelle<\/li><li class=\"rtejustify\">A la plage<\/li><\/ul><p class=\"rtejustify\">En plus de ces th\u00e8mes nous travaillons les f\u00eates :<\/p><p class=\"rtejustify\">Ind\u00e9pendance, Sainte barbe, No\u00ebl, f\u00eate des m\u00e8res, P\u00e2ques, la f\u00eate des p\u00e8res.<\/p><p class=\"rtejustify\"><strong><u>Les moyens utilis\u00e9s<\/u><\/strong><\/p><ul><li class=\"rtejustify\">Observations concr\u00e8tes et manipulations<\/li><li class=\"rtejustify\">Observations de gravures<\/li><li class=\"rtejustify\">Langage et discussion<\/li><li class=\"rtejustify\">Fiches d\u2019applications<\/li><li class=\"rtejustify\">Chants et comptines<\/li><li class=\"rtejustify\">Travaux pratiques<\/li><\/ul><p class=\"rtejustify\"><strong><u>Les techniques utilis\u00e9es<\/u><\/strong><\/p><p class=\"rtejustify\"><strong>Peinture<\/strong>\u00a0<\/p><ul><li class=\"rtejustify\">Au doigt<\/li><li class=\"rtejustify\">A l\u2019\u00e9ponge<\/li><li class=\"rtejustify\">Au pinceau<\/li><li class=\"rtejustify\">Au coton-tige<\/li><\/ul><p class=\"rtejustify\"><strong>Froissage<\/strong><\/p><p class=\"rtejustify\"><strong>D\u00e9chiquetage<\/strong><\/p><p class=\"rtejustify\"><strong>Collage<\/strong><\/p><p class=\"rtejustify\"><strong><u>Consignes travaill\u00e9es<\/u><\/strong><\/p><ul><li class=\"rtejustify\">Rep\u00e9rer et montrer du doigt<\/li><li class=\"rtejustify\">Rep\u00e9rer et coller une gommette<\/li><\/ul><p class=\"rtejustify\"><strong><u>Activit\u00e9s psychomotrices<\/u><\/strong><\/p><ul><li class=\"rtejustify\">Marcher &#8211; S\u2019arr\u00eater &#8211; Sauter<\/li><li class=\"rtejustify\">Debout- Assis<\/li><li class=\"rtejustify\">Sur- Sous- Dedans- Dehors- En haut- En bas-<\/li><li class=\"rtejustify\">Rep\u00e9rer et reconna\u00eetre les parties essentielles du corps<\/li><li class=\"rtejustify\">Apprendre \u00e0 faire une ronde, un train<\/li><li class=\"rtejustify\">Lancer et attraper un ballon<\/li><li class=\"rtejustify\">Se tenir les mains<\/li><li class=\"rtejustify\">Mettre les mains sur les hanches et bouger<\/li><\/ul><p class=\"rtejustify\"><strong><u>Travaux manuels<\/u><\/strong><\/p><ul><li class=\"rtejustify\">Couronne de l\u2019ind\u00e9pendance<\/li><li class=\"rtejustify\">Cadeau de No\u00ebl<\/li><li class=\"rtejustify\">Cadeau pour la f\u00eate des m\u00e8res<\/li><li class=\"rtejustify\">Coloration des \u0153ufs de P\u00e2ques<\/li><li class=\"rtejustify\">Cadeau pour la f\u00eate des p\u00e8res<\/li><\/ul><p class=\"rtejustify\"><u><strong>Adaptation<\/strong><\/u><\/p><ul><li class=\"rtejustify\">Respecter les autres et le mat\u00e9riel<\/li><li class=\"rtejustify\">Devenir autonome<\/li><li class=\"rtejustify\">Apprendre \u00e0 \u00e9couter<\/li><li class=\"rtejustify\">Respecter les consignes et les r\u00e8gles de jeux<\/li><li class=\"rtejustify\">Apprendre \u00e0 manger seul (troisi\u00e8me trimestre)<\/li><li class=\"rtejustify\">Apprendre \u00e0 partager<\/li><li class=\"rtejustify\">Ranger le mat\u00e9riel\u00a0<\/li><li class=\"rtejustify\">Rep\u00e9rer son casier et ses affaires<\/li><\/ul>\t\t\t\t\t\t\t\t<\/div>\n\t\t\t\t<\/div>\n\t\t\t\t\t<\/div>\n\t\t<\/div>\n\t\t\t\t\t<\/div>\n\t\t<\/section>\n\t\t\t\t<\/div>\n\t\t","protected":false},"excerpt":{"rendered":"<p>Programmation Annuelle I-TOUTE PETITE SECTION (2-3 ans) Nous adoptons le dossier \u00ab\u00a0Petit \u00e0 Petit\u00a0\u00bb de Montessori. Nous suivons la progression et les activit\u00e9s propos\u00e9es par le dossier et le guide p\u00e9dagogique. Voici les th\u00e8mes du dossier \u00e9tal\u00e9s sur toute l\u2019ann\u00e9e\u00a0: La Rentr\u00e9e La propret\u00e9 Assiette sant\u00e9 L\u2019hiver Les transports Le printemps La ferme En plus [&hellip;]<\/p>\n","protected":false},"author":1,"featured_media":0,"parent":0,"menu_order":0,"comment_status":"closed","ping_status":"closed","template":"","meta":{"footnotes":""},"class_list":["post-4176","page","type-page","status-publish","hentry"],"_links":{"self":[{"href":"https:\/\/sagessesjb.edu.lb\/fr\/wp-json\/wp\/v2\/pages\/4176","targetHints":{"allow":["GET"]}}],"collection":[{"href":"https:\/\/sagessesjb.edu.lb\/fr\/wp-json\/wp\/v2\/pages"}],"about":[{"href":"https:\/\/sagessesjb.edu.lb\/fr\/wp-json\/wp\/v2\/types\/page"}],"author":[{"embeddable":true,"href":"https:\/\/sagessesjb.edu.lb\/fr\/wp-json\/wp\/v2\/users\/1"}],"replies":[{"embeddable":true,"href":"https:\/\/sagessesjb.edu.lb\/fr\/wp-json\/wp\/v2\/comments?post=4176"}],"version-history":[{"count":4,"href":"https:\/\/sagessesjb.edu.lb\/fr\/wp-json\/wp\/v2\/pages\/4176\/revisions"}],"predecessor-version":[{"id":4180,"href":"https:\/\/sagessesjb.edu.lb\/fr\/wp-json\/wp\/v2\/pages\/4176\/revisions\/4180"}],"wp:attachment":[{"href":"https:\/\/sagessesjb.edu.lb\/fr\/wp-json\/wp\/v2\/media?parent=4176"}],"curies":[{"name":"wp","href":"https:\/\/api.w.org\/{rel}","templated":true}]}}