{"id":2205,"date":"2023-07-17T08:29:19","date_gmt":"2023-07-17T08:29:19","guid":{"rendered":"https:\/\/yerehost.com\/sagesse\/?page_id=2205"},"modified":"2023-07-17T08:29:37","modified_gmt":"2023-07-17T08:29:37","slug":"historique-de-lassociation-des-anciens","status":"publish","type":"page","link":"https:\/\/sagessesjb.edu.lb\/fr\/historique-de-lassociation-des-anciens\/","title":{"rendered":"Historique de l&rsquo;Association des anciens"},"content":{"rendered":"\t\t<div data-elementor-type=\"wp-page\" data-elementor-id=\"2205\" class=\"elementor elementor-2205\" data-elementor-post-type=\"page\">\n\t\t\t\t\t\t<section class=\"elementor-section elementor-top-section elementor-element elementor-element-0ec7085 elementor-section-boxed elementor-section-height-default elementor-section-height-default\" data-id=\"0ec7085\" data-element_type=\"section\" data-e-type=\"section\">\n\t\t\t\t\t\t<div class=\"elementor-container elementor-column-gap-default\">\n\t\t\t\t\t<div class=\"elementor-column elementor-col-100 elementor-top-column elementor-element elementor-element-c4c6a85\" data-id=\"c4c6a85\" data-element_type=\"column\" data-e-type=\"column\">\n\t\t\t<div class=\"elementor-widget-wrap elementor-element-populated\">\n\t\t\t\t\t\t<div class=\"elementor-element elementor-element-273719d elementor-widget elementor-widget-heading\" data-id=\"273719d\" data-element_type=\"widget\" data-e-type=\"widget\" data-widget_type=\"heading.default\">\n\t\t\t\t<div class=\"elementor-widget-container\">\n\t\t\t\t\t<h2 class=\"elementor-heading-title elementor-size-default\">Historique de l'Association des Anciens<\/h2>\t\t\t\t<\/div>\n\t\t\t\t<\/div>\n\t\t\t\t<div class=\"elementor-element elementor-element-0d03c5d elementor-widget elementor-widget-text-editor\" data-id=\"0d03c5d\" data-element_type=\"widget\" data-e-type=\"widget\" data-widget_type=\"text-editor.default\">\n\t\t\t\t<div class=\"elementor-widget-container\">\n\t\t\t\t\t\t\t\t\t<p><strong>Octobre 1960<\/strong> : Le coll\u00e8ge de La Sagesse Brasilia ouvrait ses portes pour recevoir ses premiers \u00e9l\u00e8ves, au nombre de 19, group\u00e9s en trois classes de maternelle (petite, moyenne et grande sections).<\/p><p>D&rsquo;ann\u00e9e en ann\u00e9e les \u00e9l\u00e8ves pass\u00e8rent de classe et en Juin 1973 : la premi\u00e8re promotion quitta le coll\u00e8ge. 20 ans plus tard, un appel fut lanc\u00e9 pour rassembler tous les anciens.<\/p><p>C&rsquo;est en 1994 que l&rsquo;Association fut fond\u00e9e. Elle fut reconnue officiellement par l&rsquo;Etat Libanais le 4 juillet 1994 par un arr\u00eat\u00e9 portant le n\u00b0 810.<\/p><p class=\"rtejustify\"><strong>Les 7 membres fondateurs \u00e9taient :<\/strong><\/p><p class=\"rtejustify\">M. Assaad SAADE : Pr\u00e9sident<br \/>Mme Mirna KHATER : Vice-Pr\u00e9sidente<br \/>Mlle Marl\u00e8ne EL HELOU : Secr\u00e9taire<br \/>M. Jean-Pierre BAAKLINI : Tr\u00e9sorier<br \/>Mlle Carla CALARGI : Membre<br \/>Mlle Jocelyne ASMAR : Membre<br \/>Mlle Liliane MOUKARZEL : Membre<\/p><p class=\"rtejustify\">Le <strong>premier comit\u00e9<\/strong> a organis\u00e9 diff\u00e9rentes activit\u00e9s dont un d\u00eener au restaurant Al Bacha \u2013 Jisr El Bacha et un Rallye-paper<br \/>N&rsquo;ayant pas pu faire des \u00e9lections \u00e0 la fin de son mandat, le comit\u00e9 fondateur a suspendu ses activit\u00e9s jusqu&rsquo;en 1998.<br \/>29 mai 1998 : Une assembl\u00e9e g\u00e9n\u00e9rale eut lieu au coll\u00e8ge afin de pr\u00e9parer les \u00e9lections du nouveau comit\u00e9.<br \/>24 juin 1998 : F\u00eate de la Saint Jean. Au cours de la c\u00e9r\u00e9monie qui regroupa anciens et professeurs, les candidats aux \u00e9lections se pr\u00e9sent\u00e8rent.<br \/>4 juillet 1998 : Election du comit\u00e9 administratif compos\u00e9 des <strong>7 membres suivants<\/strong> :<\/p><p class=\"rtejustify\">Me Georges LAHOUD : Pr\u00e9sident<br \/>Mme Mirna KHATER : Vice \u2013 Pr\u00e9sidente<br \/>Mlle Marl\u00e8ne EL HELOU : Secr\u00e9taire<br \/>M. Roger BASSIL : Tr\u00e9sorier<br \/>Mme Joumana DAGHER : Membre<br \/>M .Fady ASMAR : Membre<br \/>M. Antoine FRANCIS : Membre<\/p><p>Les <strong>activit\u00e9s du comit\u00e9 des Anciens<\/strong> durant les deux ann\u00e9es de son mandat. (juillet 1998 \u2013 octobre 2000)<br \/>Dans le but d&rsquo;une meilleure collaboration, le comit\u00e9 administratif forma <strong>7 comit\u00e9s-adjoints dans les domaines suivants<\/strong> :<\/p><ul><li>L&rsquo;Internet (Cr\u00e9ation d&rsquo;un Home Page)<\/li><li>Les activit\u00e9s sportives (Comp\u00e9titions sportives entre anciens)<\/li><li>Les relations publiques<\/li><li>Les activit\u00e9s culturelles<\/li><li>L&rsquo;animation<\/li><li>L&rsquo;organisation des activit\u00e9s et projets<\/li><li>Le bureau d&rsquo;orientation<\/li><\/ul><p>&#8211; 23 janvier 1999 : Assembl\u00e9e g\u00e9n\u00e9rale, Messe d&rsquo;ouverture de l&rsquo;ann\u00e9e, Vin d&rsquo;honneur au local des anciens<br \/>Remarque : Une permanence \u00e9tait assur\u00e9e 3 fois par semaine par deux membres<br \/>du comit\u00e9 au local des anciens.<br \/>&#8211; 7 mai 1999 : D\u00eener annuel au restaurant L&rsquo;Os \u2013 A\u00efn Saad\u00e9.<br \/>Le d\u00eener regroupa 26 promotions (300 personnes) et la soir\u00e9e fut anim\u00e9e par des anciens, chanteurs et musiciens membres du comit\u00e9-adjoint d&rsquo;animation.<br \/>&#8211; 24 juin 1999 : F\u00eate de la Saint Jean patron du coll\u00e8ge.<\/p><p class=\"rtejustify\">Le<strong> comit\u00e9 des anciens offrit au R.P. Richard ABI SALEH<\/strong>, ancien du coll\u00e8ge et Sup\u00e9rieur de La Sagesse \u2013 Achrafieh, un cadeau \u00e0 l&rsquo;occasion de ses 10 ans de sacerdoce.<br \/>&#8211; 14 ao\u00fbt 1999 : Les membres des comit\u00e9s-adjoints pass\u00e8rent ensemble une journ\u00e9e en pleine nature.<br \/>&#8211; 29 janvier 2000 : Assembl\u00e9e g\u00e9n\u00e9rale, Messe d&rsquo;ouverture de l&rsquo;ann\u00e9e, Vin d&rsquo;honneur.<br \/>&#8211; 1 mai 2000 : Rallye-paper annuel des anciens.<br \/>&#8211; 5 mai 2000 : Soir\u00e9e de remise des prix aux gagnants du Rallye Paper au caf\u00e9 Abraj.<br \/>&#8211; 27 mai 2000 : Pour c\u00e9l\u00e9brer la r\u00e9ussite du Rallye-paper, les anciens se r\u00e9unirent au pub ATTIKA \u2013 Aquarium H\u00f4tel.<br \/>&#8211; 24 juin 2000 : F\u00eate de la Saint Jean patron du coll\u00e8ge.<br \/>&#8211; 8 septembre 2000 : D\u00eener annuel au restaurant Jdoudna -Beit Merry.<br \/>15 octobre 2000 : Election du nouveau comit\u00e9 administratif form\u00e9 des <strong>9 membres suivants<\/strong> :<\/p><p class=\"rtejustify\">M. Serge TABET : Pr\u00e9sident<br \/>Mlle Rania ZAKHOUR : Vice-Pr\u00e9sidente<br \/>Mlle Maya AAD : Secr\u00e9taire<br \/>M. Georges SARROUH : Tr\u00e9sorier<br \/>Mlle Faten KHOURY : Membre \/ Aide-secr\u00e9taire<br \/>M. Fady CHAMMAS : Membre \/ Aide- tr\u00e9sorier<br \/>M. Jean-Claude LAHOUD : Membre<br \/>M. Charbel BOUTROS : Membre<br \/>M. Mike IBRAHIM : Membre<\/p><p class=\"rtejustify\">Les<strong> activit\u00e9s du comit\u00e9 des Anciens<\/strong> durant les deux ann\u00e9es de son mandat (octobre 2000 \u2013 f\u00e9vrier 2003):<br \/>Le nouveau comit\u00e9 a chang\u00e9 le logo de l\u2019Association qui est devenu \u00ab\u00a0ASB\u00a0\u00bb, Anciens Sagesse Brasilia.<br \/>Ce comit\u00e9 a organis\u00e9 plusieurs activit\u00e9s parmi lesquelles on peut citer :<br \/>&#8211; Une Assembl\u00e9e g\u00e9n\u00e9rale<br \/>&#8211; L\u2019Inauguration du nouveau local des anciens<br \/>&#8211; Le 22 avril 2001 : une journ\u00e9e r\u00e9cr\u00e9ative au Coll\u00e8ge<br \/>&#8211; Le 24 juin 2001 : f\u00eate de la Saint Jean<br \/>&#8211; Le 13 juillet 2001 : une soir\u00e9e annuelle au Yarz Leisure Club au cours de laquelle des m\u00e9dailles de reconnaissance ont \u00e9t\u00e9 offertes aux membres des comit\u00e9s pr\u00e9c\u00e9dents.<br \/>&#8211; Participation au programme \u00ab\u00a0Ya Leil Ya Ain\u00a0\u00bb diffus\u00e9 \u00e0 la LBCI.<br \/>&#8211; Conf\u00e9rence sur \u00ab\u00a0Les Droits de l&rsquo;homme\u00a0\u00bb donn\u00e9e par M. Kamal Batal au th\u00e9\u00e2tre du coll\u00e8ge<br \/>&#8211; Le 24 juin 2002, \u00e0 l\u2019occasion de la Saint Jean, le comit\u00e9 a pr\u00e9par\u00e9 et a diffus\u00e9 un documentaire sur l\u2019historique du coll\u00e8ge comportant des photos de l\u2019\u00e9cole, des professeurs et des \u00e9l\u00e8ves.<\/p><p class=\"rtejustify\">Le 15 f\u00e9vrier 2003 un <strong>nouveau comit\u00e9 fut \u00e9lu form\u00e9 des membres suivants<\/strong> :<\/p><p class=\"rtejustify\">Mandat : (F\u00e9vrier 2003 \u2013 Avril 2005)<br \/>Mme C\u00e9cilia Bejjani : Pr\u00e9sidente<br \/>M. Bernard Borkhoche : Vice-pr\u00e9sident<\/p><p class=\"rtejustify\">L\u2019<strong>objectif principal<\/strong> de ce comit\u00e9 a \u00e9t\u00e9 de constituer un index professionnel qui a pour but de cr\u00e9er une communaut\u00e9 d\u2019\u00e9change entre les anciens au niveau du travail( Il contient toutes les promotions de la Sagesse Brasilia ainsi que des \u00ab pages jaunes \u00bb de recherche par profession) et de renouveler le site Internet de l&rsquo;association.<br \/>D\u2019autre part ce comit\u00e9 a organis\u00e9 plusieurs activit\u00e9s:<br \/>&#8211; Le 11 octobre 2003, un tournoi de Basket Ball pr\u00e9par\u00e9 par M. Fadi Chammas.<br \/>&#8211; Prise en charge de la pi\u00e8ce de th\u00e9\u00e2tre \u00ab\u00a0\u0628\u062d\u0633\u0646\u0629 \u0647\u0627\u0644\u0637\u0641\u0627\u0644\u0629 \u00a0\u00bb de M. Camille Salam\u00e9.<br \/>&#8211; Participation \u00e0 la journ\u00e9e d\u2019orientation organis\u00e9e par le coll\u00e8ge pour les \u00e9l\u00e8ves de 1res et terminales.<\/p><p class=\"rtejustify\">Mlle Samar Takla : Secr\u00e9taire<br \/>M. Rachid Abi Aad : Tr\u00e9sorier<br \/>Mlle Maya Daher : Aide &#8211; secr\u00e9taire<br \/>Mlle Randa Chantiry : Aide \u2013 tr\u00e9sorier<br \/>Dr Khalil Haddad : Membre<br \/>Mlle Lina Batal : Membre<br \/>M. Thierry Abi Nader : Membre<\/p><p>Le <strong>R.P Gabriel TABET<\/strong> Sup\u00e9rieur du Coll\u00e8ge a confi\u00e9 au R.P Issam IBRAHIM, comme coordinateur g\u00e9n\u00e9ral, la mission de donner une impulsion nouvelle \u00e0 l\u2019ASB. Il a \u00e9t\u00e9 aid\u00e9 par un comit\u00e9 d\u2019assistance form\u00e9 d\u2019anciens responsables de l\u2019association. Ces derniers ont organis\u00e9, le 29 d\u00e9cembre 2004, une soir\u00e9e annuelle au restaurant \u00ab\u00a0Al Amine\u00a0\u00bb.<br \/>Le 2 avril 2005 un nouveau comit\u00e9 fut \u00e9lu form\u00e9 des <strong>membres suivants<\/strong> :<\/p><p>M. Wissam BOU HARB : Pr\u00e9sident<br \/>Mme Nicole HATEM MARDO : Vice-pr\u00e9sidente<br \/>Mlle Christel HELOU : Secr\u00e9taire<br \/>M. Elias BASSIL : Aide secr\u00e9taire<br \/>M. Rachid ABI AAD : Tr\u00e9sorier<br \/>Mlle Paola IBRAHIM : Aide tr\u00e9soriere<br \/>M. Ziad ABDALLAH : Membre<br \/>M. Fady CHAMMAS : Membre<br \/>Mlle Maya DAHER : Membre<\/p><p>Ce comit\u00e9 a choisi comme th\u00e8me de travail <strong>\u00ab\u00a0la R\u00e9-Union\u00a0\u00bb<\/strong>. Son but est de \u00a0\u00bb r\u00e9-unir \u00a0\u00bb tous les anciens dans l\u2019esprit de la Sagesse, de continuer les projets d\u00e9j\u00e0 mis en place et de cr\u00e9er de nouvelles activit\u00e9s qui r\u00e9pondent \u00e0 tous les go\u00fbts.<br \/>Depuis son \u00e9lection le comit\u00e9 a organis\u00e9 les activit\u00e9s suivantes:<br \/>&#8211; Le Dimanche 22 mai 2005, une journ\u00e9e r\u00e9cr\u00e9ative a rassembl\u00e9 au Coll\u00e8ge tous les anciens, grands et petits, autour de plusieurs activit\u00e9s culturelles et sportives comme le rallye r\u00e9cr\u00e9atif, le scrabble, les \u00e9checs, questions pour un champion, tournoi de ping-pong, Karaok\u00e9, animations pour les enfants\u2026.<br \/>&#8211; Le 24 juin 2005 f\u00eate de la Saint Jean<br \/>&#8211; Le 4 septembre 2005, une randonn\u00e9e a \u00e9t\u00e9 organis\u00e9e en collaboration avec le club \u00ab Thermique \u00bb dans la vall\u00e9e de Qadisha<br \/>&#8211; Le comit\u00e9, en collaboration avec M. Eddy Osta, a organis\u00e9 un cin\u00e9-club hebdomadaire.<br \/>Les films programm\u00e9s en 2005 sont:<br \/>Vendredi 11 Novembre : Cin\u00e9ma Paradiso<br \/>Vendredi 18 Novembre : Amadeus<br \/>Vendredi 25 Novembre : Les Choristes<br \/>Vendredi 2 D\u00e9cembre : Dead Man Walking<br \/>Vendredi 9 D\u00e9cembre : The pink Panther<br \/>Vendredi 16 D\u00e9cembre : Love Actually.<\/p><p>Janvier 2007 : Election du nouveau comit\u00e9 administratif form\u00e9 des <strong>9 membres suivants<\/strong> :<\/p><p>Samira Kanaan : Pr\u00e9sidente<br \/>Rabih Bou Najem : Vice-pr\u00e9sident<br \/>Rachid Abi Aad : Tr\u00e9sorier<br \/>Ninette Abou Mrad : Secr\u00e9taire<br \/>Lydia Aoun : Aide-secr\u00e9taire<br \/>Johnny Khoury : Aide-tr\u00e9sorier<br \/>Paola Ibrahim : Membre<br \/>Marl\u00e8ne Gharios : Membre<br \/>Nohad Bou Khalil : Membre<\/p><p>Activit\u00e9s du comit\u00e9 :<br \/>&#8211; F\u00e9vrier 2007 : Visite protocolaire \u00e0 Monseigneur Paul Matar<br \/>&#8211; F\u00e9vrier 2007 : Inauguration du local des Anciens gr\u00e2ce au pr\u00eat donn\u00e9 par le r\u00e9v\u00e9rend P\u00e8re Gabriel Tabet, Sup\u00e9rieur du coll\u00e8ge.<br \/>&#8211; Mars 2007 : Bazar de P\u00e2ques au profit des bourses scolaires.<br \/>&#8211; Mars 2007 : Concert organis\u00e9 par un groupe d\u2019Anciens au profit des bourses scolaires.<br \/>&#8211; Mai 2007 : Messe pour le repos de l\u2019\u00e2me des \u00e9l\u00e8ves Anciens (27 \u00e9l\u00e8ves).<br \/>&#8211; Juin 2007 : D\u00eener, au restaurant Mounir Broumana, organis\u00e9 par les 3 comit\u00e9s (Parents, Professeurs, Anciens)<br \/>&#8211; Juin 2007 : Banque de sang : Appel lanc\u00e9 \u00e0 tous les Anciens pour signaler leur groupe sanguin.<br \/>&#8211; D\u00e9cembre 2007 : Spectacle \u00ab Edith Piaf \u00bb intitul\u00e9 Piaf l\u2019\u00e9ternelle : R\u00e9alisation, chants, chor\u00e9graphie et danses, ont fait parler de nous tous les m\u00e9dias.<br \/>&#8211; D\u00e9cembre 2007 : Bazar de No\u00ebl au profit des bourses scolaires.<\/p><p class=\"rtejustify\">&#8211; Avril 2008 : Bazar et concert au profit des bourses scolaires.<br \/>&#8211; Novembre 2008 : Assembl\u00e9e g\u00e9n\u00e9rale. Le r\u00e9v\u00e9rend P\u00e8re Sup\u00e9rieur, Issam Ibrahim, nous dispense de la dette de 5000$ envers le coll\u00e8ge.<br \/>&#8211; Janvier 2009 : Fin du mandat du comit\u00e9. Aucun candidat ne s\u2019\u00e9tant pr\u00e9sent\u00e9 aux \u00e9lections, il n\u2019ya pas eu de nouveau comit\u00e9. Le Sup\u00e9rieur,P\u00e8re Issam Ibrahim, a charg\u00e9 Mme Samira Kanaan de continuer \u00e0 remplir sa fonction d\u2019interm\u00e9diaire entre les Anciens et le coll\u00e8ge : Plus de 20 tableaux r\u00e9unissant des photos d\u2019anciens, de scouts, de professeurs, de religieuses et d\u2019activit\u00e9s, ont \u00e9t\u00e9 pr\u00e9par\u00e9s; ils seront accroch\u00e9s dans les 3 b\u00e2timents.<br \/>&#8211; D\u00e9cembre 2009 \u00e0 Juillet 2010 : G\u00e9rard Yaghi (ancien du coll\u00e8ge) a \u00e9t\u00e9 nomm\u00e9 par le Sup\u00e9rieur, P\u00e8re Issam Ibrahim, pour activer le r\u00f4le des anciens dans la pr\u00e9paration des activit\u00e9s du cinquantenaire :<br \/>&#8211; Index : Pr\u00e9paration de l\u2019Index des Anciens apr\u00e8s la remise \u00e0 jour de toutes leurs coordonn\u00e9es.<br \/>\u00a0-R\u00e9activation du Website des Anciens.\u00a0<a href=\"http:\/\/www.asbsj.com\/\">http:\/\/www.asbsj.com\/<\/a><br \/>\u00a0-Instauration d\u2019un groupe sur Facebook : Anciens Sagesse Brasilia Section Saint Jean (Official Group) Plus de 1600 membres ont adh\u00e9r\u00e9 \u00e0 ce groupe en quelques mois. Ils ont envaoy\u00e9 plus de 1200 photos qu\u2019ils ont comment\u00e9es.<\/p><p class=\"rtejustify\">\u00a0<\/p>\t\t\t\t\t\t\t\t<\/div>\n\t\t\t\t<\/div>\n\t\t\t\t\t<\/div>\n\t\t<\/div>\n\t\t\t\t\t<\/div>\n\t\t<\/section>\n\t\t\t\t<\/div>\n\t\t","protected":false},"excerpt":{"rendered":"<p>Historique de l&rsquo;Association des Anciens Octobre 1960 : Le coll\u00e8ge de La Sagesse Brasilia ouvrait ses portes pour recevoir ses premiers \u00e9l\u00e8ves, au nombre de 19, group\u00e9s en trois classes de maternelle (petite, moyenne et grande sections). D&rsquo;ann\u00e9e en ann\u00e9e les \u00e9l\u00e8ves pass\u00e8rent de classe et en Juin 1973 : la premi\u00e8re promotion quitta le [&hellip;]<\/p>\n","protected":false},"author":1,"featured_media":0,"parent":0,"menu_order":0,"comment_status":"closed","ping_status":"closed","template":"","meta":{"footnotes":""},"class_list":["post-2205","page","type-page","status-publish","hentry"],"_links":{"self":[{"href":"https:\/\/sagessesjb.edu.lb\/fr\/wp-json\/wp\/v2\/pages\/2205","targetHints":{"allow":["GET"]}}],"collection":[{"href":"https:\/\/sagessesjb.edu.lb\/fr\/wp-json\/wp\/v2\/pages"}],"about":[{"href":"https:\/\/sagessesjb.edu.lb\/fr\/wp-json\/wp\/v2\/types\/page"}],"author":[{"embeddable":true,"href":"https:\/\/sagessesjb.edu.lb\/fr\/wp-json\/wp\/v2\/users\/1"}],"replies":[{"embeddable":true,"href":"https:\/\/sagessesjb.edu.lb\/fr\/wp-json\/wp\/v2\/comments?post=2205"}],"version-history":[{"count":4,"href":"https:\/\/sagessesjb.edu.lb\/fr\/wp-json\/wp\/v2\/pages\/2205\/revisions"}],"predecessor-version":[{"id":2209,"href":"https:\/\/sagessesjb.edu.lb\/fr\/wp-json\/wp\/v2\/pages\/2205\/revisions\/2209"}],"wp:attachment":[{"href":"https:\/\/sagessesjb.edu.lb\/fr\/wp-json\/wp\/v2\/media?parent=2205"}],"curies":[{"name":"wp","href":"https:\/\/api.w.org\/{rel}","templated":true}]}}