{"id":2017,"date":"2023-07-12T10:29:15","date_gmt":"2023-07-12T10:29:15","guid":{"rendered":"https:\/\/yerehost.com\/sagesse\/?page_id=2017"},"modified":"2023-08-05T18:24:58","modified_gmt":"2023-08-05T18:24:58","slug":"comites","status":"publish","type":"page","link":"https:\/\/sagessesjb.edu.lb\/fr\/comites\/","title":{"rendered":"Comit\u00e9s"},"content":{"rendered":"\t\t<div data-elementor-type=\"wp-page\" data-elementor-id=\"2017\" class=\"elementor elementor-2017\" data-elementor-post-type=\"page\">\n\t\t\t\t\t\t<section class=\"elementor-section elementor-top-section elementor-element elementor-element-d7a3b7b elementor-section-boxed elementor-section-height-default elementor-section-height-default\" data-id=\"d7a3b7b\" data-element_type=\"section\" data-e-type=\"section\">\n\t\t\t\t\t\t<div class=\"elementor-container elementor-column-gap-default\">\n\t\t\t\t\t<div class=\"elementor-column elementor-col-33 elementor-top-column elementor-element elementor-element-cbe83fa\" data-id=\"cbe83fa\" data-element_type=\"column\" data-e-type=\"column\" data-settings=\"{&quot;background_background&quot;:&quot;classic&quot;}\">\n\t\t\t<div class=\"elementor-widget-wrap elementor-element-populated\">\n\t\t\t\t\t\t<div class=\"elementor-element elementor-element-62ca875 elementor-view-default elementor-widget elementor-widget-icon\" data-id=\"62ca875\" data-element_type=\"widget\" data-e-type=\"widget\" data-widget_type=\"icon.default\">\n\t\t\t\t<div class=\"elementor-widget-container\">\n\t\t\t\t\t\t\t<div class=\"elementor-icon-wrapper\">\n\t\t\t<a class=\"elementor-icon\" href=\"https:\/\/sagessesjb.edu.lb\/comites-des-professeurs\/\">\n\t\t\t<i aria-hidden=\"true\" class=\"fas fa-chalkboard-teacher\"><\/i>\t\t\t<\/a>\n\t\t<\/div>\n\t\t\t\t\t\t<\/div>\n\t\t\t\t<\/div>\n\t\t\t\t<div class=\"elementor-element elementor-element-1b2463e elementor-widget elementor-widget-heading\" data-id=\"1b2463e\" data-element_type=\"widget\" data-e-type=\"widget\" data-widget_type=\"heading.default\">\n\t\t\t\t<div class=\"elementor-widget-container\">\n\t\t\t\t\t<h2 class=\"elementor-heading-title elementor-size-default\"><a href=\"https:\/\/sagessesjb.edu.lb\/comites-des-professeurs\/\">Comit\u00e9 des Professeurs<\/a><\/h2>\t\t\t\t<\/div>\n\t\t\t\t<\/div>\n\t\t\t\t\t<\/div>\n\t\t<\/div>\n\t\t\t\t<div class=\"elementor-column elementor-col-33 elementor-top-column elementor-element elementor-element-83e7db3\" data-id=\"83e7db3\" data-element_type=\"column\" data-e-type=\"column\" data-settings=\"{&quot;background_background&quot;:&quot;classic&quot;}\">\n\t\t\t<div class=\"elementor-widget-wrap elementor-element-populated\">\n\t\t\t\t\t\t<div class=\"elementor-element elementor-element-9553e8a elementor-view-default elementor-widget elementor-widget-icon\" data-id=\"9553e8a\" data-element_type=\"widget\" data-e-type=\"widget\" data-widget_type=\"icon.default\">\n\t\t\t\t<div class=\"elementor-widget-container\">\n\t\t\t\t\t\t\t<div class=\"elementor-icon-wrapper\">\n\t\t\t<a class=\"elementor-icon\" href=\"https:\/\/sagessesjb.edu.lb\/comite-des-parents\/\">\n\t\t\t<svg xmlns=\"http:\/\/www.w3.org\/2000\/svg\" viewBox=\"0 0 640 512\"><path d=\"M335.5 4l288 160c15.4 8.6 21 28.1 12.4 43.5s-28.1 21-43.5 12.4L320 68.6 47.5 220c-15.4 8.6-34.9 3-43.5-12.4s-3-34.9 12.4-43.5L304.5 4c9.7-5.4 21.4-5.4 31.1 0zM320 160a40 40 0 1 1 0 80 40 40 0 1 1 0-80zM144 256a40 40 0 1 1 0 80 40 40 0 1 1 0-80zm312 40a40 40 0 1 1 80 0 40 40 0 1 1 -80 0zM226.9 491.4L200 441.5V480c0 17.7-14.3 32-32 32H120c-17.7 0-32-14.3-32-32V441.5L61.1 491.4c-6.3 11.7-20.8 16-32.5 9.8s-16-20.8-9.8-32.5l37.9-70.3c15.3-28.5 45.1-46.3 77.5-46.3h19.5c16.3 0 31.9 4.5 45.4 12.6l33.6-62.3c15.3-28.5 45.1-46.3 77.5-46.3h19.5c32.4 0 62.1 17.8 77.5 46.3l33.6 62.3c13.5-8.1 29.1-12.6 45.4-12.6h19.5c32.4 0 62.1 17.8 77.5 46.3l37.9 70.3c6.3 11.7 1.9 26.2-9.8 32.5s-26.2 1.9-32.5-9.8L552 441.5V480c0 17.7-14.3 32-32 32H472c-17.7 0-32-14.3-32-32V441.5l-26.9 49.9c-6.3 11.7-20.8 16-32.5 9.8s-16-20.8-9.8-32.5l36.3-67.5c-1.7-1.7-3.2-3.6-4.3-5.8L376 345.5V400c0 17.7-14.3 32-32 32H296c-17.7 0-32-14.3-32-32V345.5l-26.9 49.9c-1.2 2.2-2.6 4.1-4.3 5.8l36.3 67.5c6.3 11.7 1.9 26.2-9.8 32.5s-26.2 1.9-32.5-9.8z\"><\/path><\/svg>\t\t\t<\/a>\n\t\t<\/div>\n\t\t\t\t\t\t<\/div>\n\t\t\t\t<\/div>\n\t\t\t\t<div class=\"elementor-element elementor-element-64900dc elementor-widget elementor-widget-heading\" data-id=\"64900dc\" data-element_type=\"widget\" data-e-type=\"widget\" data-widget_type=\"heading.default\">\n\t\t\t\t<div class=\"elementor-widget-container\">\n\t\t\t\t\t<h2 class=\"elementor-heading-title elementor-size-default\"><a href=\"https:\/\/sagessesjb.edu.lb\/comite-des-parents\/\">Comit\u00e9 des Parents<\/a><\/h2>\t\t\t\t<\/div>\n\t\t\t\t<\/div>\n\t\t\t\t\t<\/div>\n\t\t<\/div>\n\t\t\t\t<div class=\"elementor-column elementor-col-33 elementor-top-column elementor-element elementor-element-8060079\" data-id=\"8060079\" data-element_type=\"column\" data-e-type=\"column\" data-settings=\"{&quot;background_background&quot;:&quot;classic&quot;}\">\n\t\t\t<div class=\"elementor-widget-wrap elementor-element-populated\">\n\t\t\t\t\t\t<div class=\"elementor-element elementor-element-093c30c elementor-view-default elementor-widget elementor-widget-icon\" data-id=\"093c30c\" data-element_type=\"widget\" data-e-type=\"widget\" data-widget_type=\"icon.default\">\n\t\t\t\t<div class=\"elementor-widget-container\">\n\t\t\t\t\t\t\t<div class=\"elementor-icon-wrapper\">\n\t\t\t<a class=\"elementor-icon\" href=\"https:\/\/sagessesjb.edu.lb\/comite-des-anciens\/\">\n\t\t\t<i aria-hidden=\"true\" class=\"fas fa-crown\"><\/i>\t\t\t<\/a>\n\t\t<\/div>\n\t\t\t\t\t\t<\/div>\n\t\t\t\t<\/div>\n\t\t\t\t<div class=\"elementor-element elementor-element-c68448f elementor-widget elementor-widget-heading\" data-id=\"c68448f\" data-element_type=\"widget\" data-e-type=\"widget\" data-widget_type=\"heading.default\">\n\t\t\t\t<div class=\"elementor-widget-container\">\n\t\t\t\t\t<h2 class=\"elementor-heading-title elementor-size-default\"><a href=\"https:\/\/sagessesjb.edu.lb\/comite-des-anciens\/\">Comit\u00e9 des Anciens<\/a><\/h2>\t\t\t\t<\/div>\n\t\t\t\t<\/div>\n\t\t\t\t\t<\/div>\n\t\t<\/div>\n\t\t\t\t\t<\/div>\n\t\t<\/section>\n\t\t\t\t<\/div>\n\t\t","protected":false},"excerpt":{"rendered":"<p>Comit\u00e9 des Professeurs Comit\u00e9 des Parents Comit\u00e9 des Anciens<\/p>\n","protected":false},"author":1,"featured_media":0,"parent":0,"menu_order":0,"comment_status":"closed","ping_status":"closed","template":"","meta":{"footnotes":""},"class_list":["post-2017","page","type-page","status-publish","hentry"],"_links":{"self":[{"href":"https:\/\/sagessesjb.edu.lb\/fr\/wp-json\/wp\/v2\/pages\/2017","targetHints":{"allow":["GET"]}}],"collection":[{"href":"https:\/\/sagessesjb.edu.lb\/fr\/wp-json\/wp\/v2\/pages"}],"about":[{"href":"https:\/\/sagessesjb.edu.lb\/fr\/wp-json\/wp\/v2\/types\/page"}],"author":[{"embeddable":true,"href":"https:\/\/sagessesjb.edu.lb\/fr\/wp-json\/wp\/v2\/users\/1"}],"replies":[{"embeddable":true,"href":"https:\/\/sagessesjb.edu.lb\/fr\/wp-json\/wp\/v2\/comments?post=2017"}],"version-history":[{"count":10,"href":"https:\/\/sagessesjb.edu.lb\/fr\/wp-json\/wp\/v2\/pages\/2017\/revisions"}],"predecessor-version":[{"id":4211,"href":"https:\/\/sagessesjb.edu.lb\/fr\/wp-json\/wp\/v2\/pages\/2017\/revisions\/4211"}],"wp:attachment":[{"href":"https:\/\/sagessesjb.edu.lb\/fr\/wp-json\/wp\/v2\/media?parent=2017"}],"curies":[{"name":"wp","href":"https:\/\/api.w.org\/{rel}","templated":true}]}}