{"id":1780,"date":"2023-06-27T10:17:08","date_gmt":"2023-06-27T10:17:08","guid":{"rendered":"https:\/\/yerehost.com\/sagesse\/?page_id=1780"},"modified":"2026-02-25T12:23:20","modified_gmt":"2026-02-25T12:23:20","slug":"comite-des-parents","status":"publish","type":"page","link":"https:\/\/sagessesjb.edu.lb\/fr\/comite-des-parents\/","title":{"rendered":"Comit\u00e9 des Parents"},"content":{"rendered":"\t\t<div data-elementor-type=\"wp-page\" data-elementor-id=\"1780\" class=\"elementor elementor-1780\" data-elementor-post-type=\"page\">\n\t\t\t\t\t\t<section class=\"elementor-section elementor-top-section elementor-element elementor-element-ad06807 elementor-section-boxed elementor-section-height-default elementor-section-height-default\" data-id=\"ad06807\" data-element_type=\"section\" data-e-type=\"section\">\n\t\t\t\t\t\t<div class=\"elementor-container elementor-column-gap-default\">\n\t\t\t\t\t<div class=\"elementor-column elementor-col-25 elementor-top-column elementor-element elementor-element-ab40c6f\" data-id=\"ab40c6f\" data-element_type=\"column\" data-e-type=\"column\">\n\t\t\t<div class=\"elementor-widget-wrap\">\n\t\t\t\t\t\t\t<\/div>\n\t\t<\/div>\n\t\t\t\t<div class=\"elementor-column elementor-col-25 elementor-top-column elementor-element elementor-element-99df39a\" data-id=\"99df39a\" data-element_type=\"column\" data-e-type=\"column\">\n\t\t\t<div class=\"elementor-widget-wrap elementor-element-populated\">\n\t\t\t\t\t\t<div class=\"elementor-element elementor-element-29f7a23 elementor-widget elementor-widget-heading\" data-id=\"29f7a23\" data-element_type=\"widget\" data-e-type=\"widget\" data-widget_type=\"heading.default\">\n\t\t\t\t<div class=\"elementor-widget-container\">\n\t\t\t\t\t<h2 class=\"elementor-heading-title elementor-size-default\">Comit\u00e9 des Parents<\/h2>\t\t\t\t<\/div>\n\t\t\t\t<\/div>\n\t\t\t\t\t<\/div>\n\t\t<\/div>\n\t\t\t\t<div class=\"elementor-column elementor-col-25 elementor-top-column elementor-element elementor-element-300232d\" data-id=\"300232d\" data-element_type=\"column\" data-e-type=\"column\">\n\t\t\t<div class=\"elementor-widget-wrap elementor-element-populated\">\n\t\t\t\t\t\t<div class=\"elementor-element elementor-element-a2e3916 elementor-widget elementor-widget-image\" data-id=\"a2e3916\" data-element_type=\"widget\" data-e-type=\"widget\" data-widget_type=\"image.default\">\n\t\t\t\t<div class=\"elementor-widget-container\">\n\t\t\t\t\t\t\t\t\t\t\t\t\t\t\t<img fetchpriority=\"high\" decoding=\"async\" width=\"800\" height=\"693\" src=\"https:\/\/sagessesjb.edu.lb\/wp-content\/uploads\/2023\/08\/Logo-CDP-f.png\" class=\"attachment-large size-large wp-image-4711\" alt=\"\" srcset=\"https:\/\/sagessesjb.edu.lb\/wp-content\/uploads\/2023\/08\/Logo-CDP-f.png 800w, https:\/\/sagessesjb.edu.lb\/wp-content\/uploads\/2023\/08\/Logo-CDP-f-300x260.png 300w, https:\/\/sagessesjb.edu.lb\/wp-content\/uploads\/2023\/08\/Logo-CDP-f-768x665.png 768w, https:\/\/sagessesjb.edu.lb\/wp-content\/uploads\/2023\/08\/Logo-CDP-f-600x520.png 600w\" sizes=\"(max-width: 800px) 100vw, 800px\" \/>\t\t\t\t\t\t\t\t\t\t\t\t\t\t\t<\/div>\n\t\t\t\t<\/div>\n\t\t\t\t\t<\/div>\n\t\t<\/div>\n\t\t\t\t<div class=\"elementor-column elementor-col-25 elementor-top-column elementor-element elementor-element-a6f6875\" data-id=\"a6f6875\" data-element_type=\"column\" data-e-type=\"column\">\n\t\t\t<div class=\"elementor-widget-wrap\">\n\t\t\t\t\t\t\t<\/div>\n\t\t<\/div>\n\t\t\t\t\t<\/div>\n\t\t<\/section>\n\t\t\t\t<section class=\"elementor-section elementor-top-section elementor-element elementor-element-3314598 elementor-section-boxed elementor-section-height-default elementor-section-height-default\" data-id=\"3314598\" data-element_type=\"section\" data-e-type=\"section\">\n\t\t\t\t\t\t<div class=\"elementor-container elementor-column-gap-default\">\n\t\t\t\t\t<div class=\"elementor-column elementor-col-33 elementor-top-column elementor-element elementor-element-ca34438\" data-id=\"ca34438\" data-element_type=\"column\" data-e-type=\"column\">\n\t\t\t<div class=\"elementor-widget-wrap\">\n\t\t\t\t\t\t\t<\/div>\n\t\t<\/div>\n\t\t\t\t<div class=\"elementor-column elementor-col-33 elementor-top-column elementor-element elementor-element-45946d5\" data-id=\"45946d5\" data-element_type=\"column\" data-e-type=\"column\">\n\t\t\t<div class=\"elementor-widget-wrap elementor-element-populated\">\n\t\t\t\t\t\t<div class=\"elementor-element elementor-element-43fc226 elementor-widget elementor-widget-text-editor\" data-id=\"43fc226\" data-element_type=\"widget\" data-e-type=\"widget\" data-widget_type=\"text-editor.default\">\n\t\t\t\t<div class=\"elementor-widget-container\">\n\t\t\t\t\t\t\t\t\t<p><strong>Pr\u00e9sident\u00a0<\/strong>: Mme Nadine Abla<\/p><p><strong>Vice-pr\u00e9sident <\/strong>: M. Mario Mouawad<\/p><p><strong>Secr\u00e9taire : <\/strong>Mme Mirna Akoury<\/p><p><strong>Membres du comit\u00e9 financier <\/strong>: Mme Zeina Karaki, M. Richard Sarkis<\/p><p><strong>Tr\u00e9sori\u00e8re <\/strong>: Mme L\u00e9da El Asmar<\/p><p><strong>Membres\u00a0<\/strong>: \u00a0\u00a0\u00a0\u00a0\u00a0\u00a0\u00a0\u00a0\u00a0\u00a0<\/p><ul><li>Mme Tania Kamel<\/li><li>Mme Josiane Karam<\/li><li>M. Miled Mitri<\/li><li>M. Joseph Saliby<\/li><li>Mme Aline Abou Rizk<\/li><li>Mme Grace Farhat<\/li><li>Mme Isabelle Saleh<\/li><li>Mme Sabine Kfoury<\/li><li>M. Gilbert Jabbour<\/li><\/ul>\t\t\t\t\t\t\t\t<\/div>\n\t\t\t\t<\/div>\n\t\t\t\t\t<\/div>\n\t\t<\/div>\n\t\t\t\t<div class=\"elementor-column elementor-col-33 elementor-top-column elementor-element elementor-element-9b9a97b\" data-id=\"9b9a97b\" data-element_type=\"column\" data-e-type=\"column\">\n\t\t\t<div class=\"elementor-widget-wrap\">\n\t\t\t\t\t\t\t<\/div>\n\t\t<\/div>\n\t\t\t\t\t<\/div>\n\t\t<\/section>\n\t\t\t\t<\/div>\n\t\t","protected":false},"excerpt":{"rendered":"<p>Comit\u00e9 des Parents Pr\u00e9sident\u00a0: Mme Nadine Abla Vice-pr\u00e9sident : M. Mario Mouawad Secr\u00e9taire : Mme Mirna Akoury Membres du comit\u00e9 financier : Mme Zeina Karaki, M. Richard Sarkis Tr\u00e9sori\u00e8re : Mme L\u00e9da El Asmar Membres\u00a0: \u00a0\u00a0\u00a0\u00a0\u00a0\u00a0\u00a0\u00a0\u00a0\u00a0 Mme Tania Kamel Mme Josiane Karam M. Miled Mitri M. Joseph Saliby Mme Aline Abou Rizk Mme Grace Farhat [&hellip;]<\/p>\n","protected":false},"author":1,"featured_media":0,"parent":0,"menu_order":0,"comment_status":"closed","ping_status":"closed","template":"","meta":{"footnotes":""},"class_list":["post-1780","page","type-page","status-publish","hentry"],"_links":{"self":[{"href":"https:\/\/sagessesjb.edu.lb\/fr\/wp-json\/wp\/v2\/pages\/1780","targetHints":{"allow":["GET"]}}],"collection":[{"href":"https:\/\/sagessesjb.edu.lb\/fr\/wp-json\/wp\/v2\/pages"}],"about":[{"href":"https:\/\/sagessesjb.edu.lb\/fr\/wp-json\/wp\/v2\/types\/page"}],"author":[{"embeddable":true,"href":"https:\/\/sagessesjb.edu.lb\/fr\/wp-json\/wp\/v2\/users\/1"}],"replies":[{"embeddable":true,"href":"https:\/\/sagessesjb.edu.lb\/fr\/wp-json\/wp\/v2\/comments?post=1780"}],"version-history":[{"count":25,"href":"https:\/\/sagessesjb.edu.lb\/fr\/wp-json\/wp\/v2\/pages\/1780\/revisions"}],"predecessor-version":[{"id":11504,"href":"https:\/\/sagessesjb.edu.lb\/fr\/wp-json\/wp\/v2\/pages\/1780\/revisions\/11504"}],"wp:attachment":[{"href":"https:\/\/sagessesjb.edu.lb\/fr\/wp-json\/wp\/v2\/media?parent=1780"}],"curies":[{"name":"wp","href":"https:\/\/api.w.org\/{rel}","templated":true}]}}