{"id":1775,"date":"2023-06-27T10:15:46","date_gmt":"2023-06-27T10:15:46","guid":{"rendered":"https:\/\/yerehost.com\/sagesse\/?page_id=1775"},"modified":"2026-02-25T12:36:09","modified_gmt":"2026-02-25T12:36:09","slug":"comites-des-professeurs","status":"publish","type":"page","link":"https:\/\/sagessesjb.edu.lb\/fr\/comites-des-professeurs\/","title":{"rendered":"Comit\u00e9s des Professeurs"},"content":{"rendered":"\t\t<div data-elementor-type=\"wp-page\" data-elementor-id=\"1775\" class=\"elementor elementor-1775\" data-elementor-post-type=\"page\">\n\t\t\t\t\t\t<section class=\"elementor-section elementor-top-section elementor-element elementor-element-cee4555 elementor-section-boxed elementor-section-height-default elementor-section-height-default\" data-id=\"cee4555\" data-element_type=\"section\" data-e-type=\"section\">\n\t\t\t\t\t\t<div class=\"elementor-container elementor-column-gap-default\">\n\t\t\t\t\t<div class=\"elementor-column elementor-col-100 elementor-top-column elementor-element elementor-element-a91a12c\" data-id=\"a91a12c\" data-element_type=\"column\" data-e-type=\"column\">\n\t\t\t<div class=\"elementor-widget-wrap elementor-element-populated\">\n\t\t\t\t\t\t<div class=\"elementor-element elementor-element-4a84a45 elementor-widget elementor-widget-heading\" data-id=\"4a84a45\" data-element_type=\"widget\" data-e-type=\"widget\" data-widget_type=\"heading.default\">\n\t\t\t\t<div class=\"elementor-widget-container\">\n\t\t\t\t\t<h2 class=\"elementor-heading-title elementor-size-default\">Comit\u00e9 des Professeurs<\/h2>\t\t\t\t<\/div>\n\t\t\t\t<\/div>\n\t\t\t\t\t<\/div>\n\t\t<\/div>\n\t\t\t\t\t<\/div>\n\t\t<\/section>\n\t\t\t\t<section class=\"elementor-section elementor-top-section elementor-element elementor-element-5d85139 elementor-section-boxed elementor-section-height-default elementor-section-height-default\" data-id=\"5d85139\" data-element_type=\"section\" data-e-type=\"section\">\n\t\t\t\t\t\t<div class=\"elementor-container elementor-column-gap-default\">\n\t\t\t\t\t<div class=\"elementor-column elementor-col-100 elementor-top-column elementor-element elementor-element-1ac955b\" data-id=\"1ac955b\" data-element_type=\"column\" data-e-type=\"column\">\n\t\t\t<div class=\"elementor-widget-wrap elementor-element-populated\">\n\t\t\t\t\t\t<div class=\"elementor-element elementor-element-bd7d9bf elementor-widget elementor-widget-text-editor\" data-id=\"bd7d9bf\" data-element_type=\"widget\" data-e-type=\"widget\" data-widget_type=\"text-editor.default\">\n\t\t\t\t<div class=\"elementor-widget-container\">\n\t\t\t\t\t\t\t\t\t<p><strong>Pr\u00e9sidente : <\/strong>Mme Mathilde Hallit<\/p><p><strong>Vice-pr\u00e9sidente : <\/strong>Mme Doris Khoueiry<\/p><p><strong>Secr\u00e9taire : <\/strong>Mme Pascale Nehm\u00e9<\/p><p><strong>Tr\u00e9sori\u00e8re : <\/strong>Mme Carla Baaklini<\/p><p><strong>Membres:<\/strong><\/p><ul><li>Mme Solange Abi Khalil<\/li><li>Mme Mireille Abou Rjeily<\/li><li>Mme Jessica Achkar<\/li><li>Mme Shalimar Aneid<\/li><li>Mme Lara Barouky<\/li><li>Mme Rita Cherfane<\/li><li>Mme Maya Choucair<\/li><li>Mme Jessica Ibrahim<\/li><li>Ohannes Kohilian<\/li><\/ul><ul><li>Mme Maya Maalouly<\/li><li>Mme Sandra Nammour<\/li><li>Mme Elyse Nassif<\/li><li>Mme Rita Rahal<\/li><\/ul>\t\t\t\t\t\t\t\t<\/div>\n\t\t\t\t<\/div>\n\t\t\t\t\t<\/div>\n\t\t<\/div>\n\t\t\t\t\t<\/div>\n\t\t<\/section>\n\t\t\t\t<\/div>\n\t\t","protected":false},"excerpt":{"rendered":"<p>Comit\u00e9 des Professeurs Pr\u00e9sidente : Mme Mathilde Hallit Vice-pr\u00e9sidente : Mme Doris Khoueiry Secr\u00e9taire : Mme Pascale Nehm\u00e9 Tr\u00e9sori\u00e8re : Mme Carla Baaklini Membres: Mme Solange Abi Khalil Mme Mireille Abou Rjeily Mme Jessica Achkar Mme Shalimar Aneid Mme Lara Barouky Mme Rita Cherfane Mme Maya Choucair Mme Jessica Ibrahim Ohannes Kohilian Mme Maya Maalouly [&hellip;]<\/p>\n","protected":false},"author":1,"featured_media":0,"parent":0,"menu_order":0,"comment_status":"closed","ping_status":"closed","template":"","meta":{"footnotes":""},"class_list":["post-1775","page","type-page","status-publish","hentry"],"_links":{"self":[{"href":"https:\/\/sagessesjb.edu.lb\/fr\/wp-json\/wp\/v2\/pages\/1775","targetHints":{"allow":["GET"]}}],"collection":[{"href":"https:\/\/sagessesjb.edu.lb\/fr\/wp-json\/wp\/v2\/pages"}],"about":[{"href":"https:\/\/sagessesjb.edu.lb\/fr\/wp-json\/wp\/v2\/types\/page"}],"author":[{"embeddable":true,"href":"https:\/\/sagessesjb.edu.lb\/fr\/wp-json\/wp\/v2\/users\/1"}],"replies":[{"embeddable":true,"href":"https:\/\/sagessesjb.edu.lb\/fr\/wp-json\/wp\/v2\/comments?post=1775"}],"version-history":[{"count":16,"href":"https:\/\/sagessesjb.edu.lb\/fr\/wp-json\/wp\/v2\/pages\/1775\/revisions"}],"predecessor-version":[{"id":11510,"href":"https:\/\/sagessesjb.edu.lb\/fr\/wp-json\/wp\/v2\/pages\/1775\/revisions\/11510"}],"wp:attachment":[{"href":"https:\/\/sagessesjb.edu.lb\/fr\/wp-json\/wp\/v2\/media?parent=1775"}],"curies":[{"name":"wp","href":"https:\/\/api.w.org\/{rel}","templated":true}]}}