{"id":1764,"date":"2023-06-27T09:08:32","date_gmt":"2023-06-27T09:08:32","guid":{"rendered":"https:\/\/yerehost.com\/sagesse\/?page_id=1764"},"modified":"2024-01-25T06:18:39","modified_gmt":"2024-01-25T06:18:39","slug":"homologation-bac-fr","status":"publish","type":"page","link":"https:\/\/sagessesjb.edu.lb\/fr\/homologation-bac-fr\/","title":{"rendered":"Homologation \/ Bac Fr"},"content":{"rendered":"\t\t<div data-elementor-type=\"wp-page\" data-elementor-id=\"1764\" class=\"elementor elementor-1764\" data-elementor-post-type=\"page\">\n\t\t\t\t\t\t<section class=\"elementor-section elementor-top-section elementor-element elementor-element-1459577 elementor-section-boxed elementor-section-height-default elementor-section-height-default\" data-id=\"1459577\" data-element_type=\"section\" data-e-type=\"section\">\n\t\t\t\t\t\t<div class=\"elementor-container elementor-column-gap-default\">\n\t\t\t\t\t<div class=\"elementor-column elementor-col-100 elementor-top-column elementor-element elementor-element-15bc7c1\" data-id=\"15bc7c1\" data-element_type=\"column\" data-e-type=\"column\">\n\t\t\t<div class=\"elementor-widget-wrap elementor-element-populated\">\n\t\t\t\t\t\t<div class=\"elementor-element elementor-element-a1a9454 elementor-widget elementor-widget-heading\" data-id=\"a1a9454\" data-element_type=\"widget\" data-e-type=\"widget\" data-widget_type=\"heading.default\">\n\t\t\t\t<div class=\"elementor-widget-container\">\n\t\t\t\t\t<h2 class=\"elementor-heading-title elementor-size-default\">Homologation \/ Bac Fran\u00e7ais<\/h2>\t\t\t\t<\/div>\n\t\t\t\t<\/div>\n\t\t\t\t\t<\/div>\n\t\t<\/div>\n\t\t\t\t\t<\/div>\n\t\t<\/section>\n\t\t\t\t<section class=\"elementor-section elementor-top-section elementor-element elementor-element-18b4f9f elementor-section-boxed elementor-section-height-default elementor-section-height-default\" data-id=\"18b4f9f\" data-element_type=\"section\" data-e-type=\"section\">\n\t\t\t\t\t\t<div class=\"elementor-container elementor-column-gap-default\">\n\t\t\t\t\t<div class=\"elementor-column elementor-col-100 elementor-top-column elementor-element elementor-element-ca4d9b2\" data-id=\"ca4d9b2\" data-element_type=\"column\" data-e-type=\"column\">\n\t\t\t<div class=\"elementor-widget-wrap elementor-element-populated\">\n\t\t\t\t\t\t<div class=\"elementor-element elementor-element-ef819c7 elementor-widget elementor-widget-text-editor\" data-id=\"ef819c7\" data-element_type=\"widget\" data-e-type=\"widget\" data-widget_type=\"text-editor.default\">\n\t\t\t\t<div class=\"elementor-widget-container\">\n\t\t\t\t\t\t\t\t\t<p>Le Coll\u00e8ge de La Sagesse Section Saint Jean Brasilia \u2013 Baabda a toujours entretenu des relations privil\u00e9gi\u00e9es avec la France. Pour officialiser juridiquement cette relation, Son excellence Mgr Paul Matar encourage les deux Sagesses de Beyrouth et de Brasilia \u00e0 \u00eatre homologu\u00e9es. Et en effet, au mois de juin 1998, sous le mandat du R\u00e9v\u00e9rend P\u00e8re Gabriel Tabet, la Sagesse Brasilia devient un \u00e9tablissement homologu\u00e9 par le Minist\u00e8re fran\u00e7ais de l\u2019Education nationale et par le fait m\u00eame membre du r\u00e9seau scolaire qui rel\u00e8ve de l\u2019Agence pour l\u2019enseignement fran\u00e7ais \u00e0 l\u2019\u00e9tranger (AEFE).<\/p><p>Les \u00e9tablissements homologu\u00e9s dispensent un enseignement conforme non seulement aux programmes, mais \u00e9galement aux objectifs p\u00e9dagogiques et aux r\u00e8gles d\u2019organisation applicables en France aux \u00e9tablissements de l\u2019enseignement public.<\/p><p>Notre \u00e9tablissement assure \u00e0 ses \u00e9l\u00e8ves les deux programmes fran\u00e7ais et libanais jusqu\u2019en classe de Seconde.<\/p><p>En 1\u00e8re et Terminale, nos \u00e9l\u00e8ves ont le choix de poursuivre le cursus fran\u00e7ais et de pr\u00e9senter le Baccalaur\u00e9at fran\u00e7ais, ou de pr\u00e9parer et de pr\u00e9senter uniquement le Baccalaur\u00e9at libanais. Une classe de \u00ab Bac enrichi \u00bb est pr\u00e9vue pour les \u00e9l\u00e8ves qui pr\u00e9parent le double cursus.<\/p><p>Au mois de mai 2009, notre \u00e9tablissement a sign\u00e9 avec l\u2019AEFE la Charte des \u00e9tablissements \u00e0 programme fran\u00e7ais.<\/p><p>Et au mois de novembre 2011, notre \u00e9tablissement a sign\u00e9 l\u2019Accord de Partenariat qui a d\u00e9fini clairement les diff\u00e9rentes prestations de l\u2019AEFE ainsi que la contribution financi\u00e8re des \u00e9tablissements.<\/p><p>Notre objectif est d\u2019atteindre l\u2019excellence en assurant \u00e0 nos \u00e9l\u00e8ves un enseignement de qualit\u00e9 dispens\u00e9 par un personnel qualifi\u00e9.<\/p><p>Les diff\u00e9rentes formations et animations p\u00e9dagogiques assur\u00e9es par l\u2019AEFE \u00e0 nos enseignants, les aident \u00e0 approfondir leurs connaissances, \u00e0 am\u00e9liorer leurs pratiques p\u00e9dagogiques et \u00e0 perfectionner leurs m\u00e9thodes d\u2019enseignement.<\/p><p>Mme Ghada Khachan est la Responsable pour l\u2019Homologation. Elle assiste le Sup\u00e9rieur aupr\u00e8s des diff\u00e9rentes instances de l\u2019Ambassade de France :<\/p><ol><li>\u00a0Le service de Coop\u00e9ration et d\u2019Action Culturelle<\/li><li>Le Bureau de l\u2019inspection<\/li><li>Le Bureau des examens<\/li><li>Le Consulat G\u00e9n\u00e9ral de France<\/li><\/ol><p><br \/>Elle participe aux r\u00e9unions et aux s\u00e9minaires des chefs d\u2019\u00e9tablissement de la zone du Proche Orient.<\/p><p>Au niveau de l\u2019\u00e9tablissement :<\/p><ol><li>Elle est membre du Conseil \u00e9ducatif.<\/li><li>Elle est membre du Conseil p\u00e9dagogique.<\/li><li>Elle est membre du Conseil d\u2019\u00e9tablissement.<\/li><li>Elle est membre de la Cellule de Formation Continue.<\/li><li>Elle assure le suivi et la mise en place des programmes et des r\u00e9formes de l\u2019Enseignement fran\u00e7ais pour le 1er degr\u00e9 et le 2nd degr\u00e9 aupr\u00e8s des coordonnateurs et des responsables.<\/li><\/ol>\t\t\t\t\t\t\t\t<\/div>\n\t\t\t\t<\/div>\n\t\t\t\t\t<\/div>\n\t\t<\/div>\n\t\t\t\t\t<\/div>\n\t\t<\/section>\n\t\t\t\t<\/div>\n\t\t","protected":false},"excerpt":{"rendered":"<p>Homologation \/ Bac Fran\u00e7ais Le Coll\u00e8ge de La Sagesse Section Saint Jean Brasilia \u2013 Baabda a toujours entretenu des relations privil\u00e9gi\u00e9es avec la France. Pour officialiser juridiquement cette relation, Son excellence Mgr Paul Matar encourage les deux Sagesses de Beyrouth et de Brasilia \u00e0 \u00eatre homologu\u00e9es. Et en effet, au mois de juin 1998, sous [&hellip;]<\/p>\n","protected":false},"author":1,"featured_media":0,"parent":0,"menu_order":0,"comment_status":"closed","ping_status":"closed","template":"","meta":{"footnotes":""},"class_list":["post-1764","page","type-page","status-publish","hentry"],"_links":{"self":[{"href":"https:\/\/sagessesjb.edu.lb\/fr\/wp-json\/wp\/v2\/pages\/1764","targetHints":{"allow":["GET"]}}],"collection":[{"href":"https:\/\/sagessesjb.edu.lb\/fr\/wp-json\/wp\/v2\/pages"}],"about":[{"href":"https:\/\/sagessesjb.edu.lb\/fr\/wp-json\/wp\/v2\/types\/page"}],"author":[{"embeddable":true,"href":"https:\/\/sagessesjb.edu.lb\/fr\/wp-json\/wp\/v2\/users\/1"}],"replies":[{"embeddable":true,"href":"https:\/\/sagessesjb.edu.lb\/fr\/wp-json\/wp\/v2\/comments?post=1764"}],"version-history":[{"count":16,"href":"https:\/\/sagessesjb.edu.lb\/fr\/wp-json\/wp\/v2\/pages\/1764\/revisions"}],"predecessor-version":[{"id":7696,"href":"https:\/\/sagessesjb.edu.lb\/fr\/wp-json\/wp\/v2\/pages\/1764\/revisions\/7696"}],"wp:attachment":[{"href":"https:\/\/sagessesjb.edu.lb\/fr\/wp-json\/wp\/v2\/media?parent=1764"}],"curies":[{"name":"wp","href":"https:\/\/api.w.org\/{rel}","templated":true}]}}