{"id":1735,"date":"2023-06-27T07:34:41","date_gmt":"2023-06-27T07:34:41","guid":{"rendered":"https:\/\/yerehost.com\/sagesse\/?page_id=1735"},"modified":"2023-08-11T10:20:52","modified_gmt":"2023-08-11T10:20:52","slug":"presentation-du-college","status":"publish","type":"page","link":"https:\/\/sagessesjb.edu.lb\/fr\/presentation-du-college\/","title":{"rendered":"Pr\u00e9sentation du Coll\u00e8ge"},"content":{"rendered":"\t\t<div data-elementor-type=\"wp-page\" data-elementor-id=\"1735\" class=\"elementor elementor-1735\" data-elementor-post-type=\"page\">\n\t\t\t\t\t\t<section class=\"elementor-section elementor-top-section elementor-element elementor-element-a499b4c elementor-section-boxed elementor-section-height-default elementor-section-height-default\" data-id=\"a499b4c\" data-element_type=\"section\" data-e-type=\"section\">\n\t\t\t\t\t\t<div class=\"elementor-container elementor-column-gap-default\">\n\t\t\t\t\t<div class=\"elementor-column elementor-col-100 elementor-top-column elementor-element elementor-element-98bd8a5\" data-id=\"98bd8a5\" data-element_type=\"column\" data-e-type=\"column\">\n\t\t\t<div class=\"elementor-widget-wrap elementor-element-populated\">\n\t\t\t\t\t\t<div class=\"elementor-element elementor-element-4fa5e8e elementor-widget elementor-widget-heading\" data-id=\"4fa5e8e\" data-element_type=\"widget\" data-e-type=\"widget\" data-widget_type=\"heading.default\">\n\t\t\t\t<div class=\"elementor-widget-container\">\n\t\t\t\t\t<h2 class=\"elementor-heading-title elementor-size-default\">Pr\u00e9sentation du Coll\u00e8ge<\/h2>\t\t\t\t<\/div>\n\t\t\t\t<\/div>\n\t\t\t\t\t<\/div>\n\t\t<\/div>\n\t\t\t\t\t<\/div>\n\t\t<\/section>\n\t\t\t\t<section class=\"elementor-section elementor-top-section elementor-element elementor-element-7742f2f elementor-section-boxed elementor-section-height-default elementor-section-height-default\" data-id=\"7742f2f\" data-element_type=\"section\" data-e-type=\"section\">\n\t\t\t\t\t\t<div class=\"elementor-container elementor-column-gap-default\">\n\t\t\t\t\t<div class=\"elementor-column elementor-col-100 elementor-top-column elementor-element elementor-element-99febd5\" data-id=\"99febd5\" data-element_type=\"column\" data-e-type=\"column\">\n\t\t\t<div class=\"elementor-widget-wrap elementor-element-populated\">\n\t\t\t\t\t\t<div class=\"elementor-element elementor-element-2f55938 elementor-widget elementor-widget-text-editor\" data-id=\"2f55938\" data-element_type=\"widget\" data-e-type=\"widget\" data-widget_type=\"text-editor.default\">\n\t\t\t\t<div class=\"elementor-widget-container\">\n\t\t\t\t\t\t\t\t\t<p class=\"rtejustify\">Le Coll\u00e8ge mixte de la Sagesse, Section Saint Jean, a \u00e9t\u00e9 fond\u00e9 en 1960 par l\u2019Archev\u00eaque Maronite de Beyrouth pour perp\u00e9tuer et \u00e9tendre la mission \u00e9ducative du dioc\u00e8se. Il est membre du secr\u00e9tariat des \u00e9coles catholiques.<\/p><p class=\"rtejustify\">Le Coll\u00e8ge est dirig\u00e9 par un P\u00e8re Sup\u00e9rieur qui veille \u00e0 son bon fonctionnement .Il est assist\u00e9 par les deux conseils \u00e9ducatif et p\u00e9dagogique.<\/p><p class=\"rtecenter\" style=\"text-align: center;\"><strong>L\u2019esprit du Coll\u00e8ge<\/strong><\/p><p class=\"rtejustify\">Le Coll\u00e8ge mixte de la Sagesse, Section Saint Jean, se propose d\u2019\u00eatre un centre d\u2019\u00e9ducation et d\u2019instruction permettant aux jeunes d\u2019y recevoir un enseignement de qualit\u00e9. Il affirme, par ailleurs, que l\u2019objectif de toute bonne \u00e9ducation est la formation de la personne. L\u2019autonomie morale, la libert\u00e9 et la responsabilit\u00e9 sont les valeurs cibl\u00e9es pour assurer cette formation.<\/p><p class=\"rtejustify\">Voil\u00e0 pourquoi le Coll\u00e8ge se propose de d\u00e9velopper chez les \u00e9l\u00e8ves le sens de la responsabilit\u00e9 en leur expliquant le syst\u00e8me des droits et des devoirs. L\u2019obligation de s\u2019y conformer d\u00e9veloppe la personnalit\u00e9 et permet l\u2019exercice de la libert\u00e9. En effet, la libert\u00e9 consiste \u00e0 vivre en groupe en assimilant le r\u00e8glement qui g\u00e8re les relations entre les partenaires de l\u2019enseignement (\u00e9l\u00e8ves, professeurs, direction) et qui garantit les droits de chacun. Ainsi l\u2019application du r\u00e8glement n\u2019est plus une contrainte mais une aide pr\u00e9cieuse pour l\u2019\u00e9panouissement de la personne.<\/p>\t\t\t\t\t\t\t\t<\/div>\n\t\t\t\t<\/div>\n\t\t\t\t\t<\/div>\n\t\t<\/div>\n\t\t\t\t\t<\/div>\n\t\t<\/section>\n\t\t\t\t<section class=\"elementor-section elementor-top-section elementor-element elementor-element-353a63c elementor-section-boxed elementor-section-height-default elementor-section-height-default\" data-id=\"353a63c\" data-element_type=\"section\" data-e-type=\"section\">\n\t\t\t\t\t\t<div class=\"elementor-container elementor-column-gap-default\">\n\t\t\t\t\t<div class=\"elementor-column elementor-col-100 elementor-top-column elementor-element elementor-element-88526d9\" data-id=\"88526d9\" data-element_type=\"column\" data-e-type=\"column\">\n\t\t\t<div class=\"elementor-widget-wrap elementor-element-populated\">\n\t\t\t\t\t\t<div class=\"elementor-element elementor-element-f0e2009 elementor-widget elementor-widget-heading\" data-id=\"f0e2009\" data-element_type=\"widget\" data-e-type=\"widget\" data-widget_type=\"heading.default\">\n\t\t\t\t<div class=\"elementor-widget-container\">\n\t\t\t\t\t<h2 class=\"elementor-heading-title elementor-size-default\">Hymne de la Sagesse<\/h2>\t\t\t\t<\/div>\n\t\t\t\t<\/div>\n\t\t\t\t\t<\/div>\n\t\t<\/div>\n\t\t\t\t\t<\/div>\n\t\t<\/section>\n\t\t\t\t<section class=\"elementor-section elementor-top-section elementor-element elementor-element-a19efa5 elementor-section-boxed elementor-section-height-default elementor-section-height-default\" data-id=\"a19efa5\" data-element_type=\"section\" data-e-type=\"section\">\n\t\t\t\t\t\t<div class=\"elementor-container elementor-column-gap-default\">\n\t\t\t\t\t<div class=\"elementor-column elementor-col-100 elementor-top-column elementor-element elementor-element-6985996\" data-id=\"6985996\" data-element_type=\"column\" data-e-type=\"column\">\n\t\t\t<div class=\"elementor-widget-wrap elementor-element-populated\">\n\t\t\t\t\t\t<div class=\"elementor-element elementor-element-d319cc3 elementor-widget elementor-widget-text-editor\" data-id=\"d319cc3\" data-element_type=\"widget\" data-e-type=\"widget\" data-widget_type=\"text-editor.default\">\n\t\t\t\t<div class=\"elementor-widget-container\">\n\t\t\t\t\t\t\t\t\t<p class=\"rtecenter\" dir=\"RTL\" style=\"text-align: center;\">\u062d\u0650\u0640\u0643\u0640\u0645\u0640\u0640\u0640\u0640\u0640\u0629\u064e \u0627\u0644\u0623\u064e\u0631\u0652\u0632\u0650 \u0627\u0644\u0646\u064e\u0640\u0640\u0640\u062f\u0650\u064a\u0651\u0640\u0640\u0640\u0640\u0640\u0640\u0640\u0640\u0640\u0640\u0647\u00a0\u00a0\u00a0\u00a0\u00a0\u00a0\u00a0\u00a0 \u0628\u0640\u0650\u0627\u0644\u0645\u0639\u0640\u0640\u0627\u0644\u0640\u0640\u0640\u0640\u064a \u0648\u064e\u0627\u0644\u062c\u0650\u0640\u0640\u0647\u0640\u0640\u0640\u0640\u0640\u0640\u0640\u0640\u0627\u062f\u0652<\/p><p class=\"rtecenter\" dir=\"RTL\" style=\"text-align: center;\">\u0632\u064e\u0648\u0650\u0651\u062f\u064a \u0627\u0644\u0640\u0640\u0646\u0640\u0640\u0640\u0634\u0621\u064e \u062d\u064e\u0640\u0640\u0645\u0650\u0640\u0640\u0640\u064a\u064e\u0651\u0640\u0640\u0640\u0640\u0640\u0640\u0640\u0640\u0647\u00a0\u00a0\u00a0\u00a0\u00a0\u00a0\u00a0\u00a0\u00a0 \u0648\u064e\u0627\u062f\u0641\u064e\u0640\u0639\u0640\u064a\u0640\u0640\u0640\u0640\u0640\u0640\u0647\u0650 \u0644\u0650\u0644\u0640\u0628\u0650\u0640\u0640\u0640\u0640\u0640\u0640\u0640\u0640\u0640\u0640\u0640\u0640\u0644\u0627\u062f\u0652<\/p><p class=\"rtecenter\" dir=\"RTL\" style=\"text-align: center;\">\u00a0<\/p><p class=\"rtecenter\" dir=\"RTL\" style=\"text-align: center;\">\u064a\u064e\u0640\u0640\u0640\u0627 \u0641\u062a\u0640\u0640\u0640\u0640\u0640\u0649 \u0627\u0644\u062d\u0650\u0643\u0640\u0645\u0640\u0640\u0640\u0640\u0629\u0650 \u0647\u064e\u0640\u064a\u064e\u0651\u0640\u0640\u0640\u0640\u0640\u0640\u0640\u0627\u00a0\u00a0\u00a0\u00a0\u00a0\u00a0\u00a0\u00a0 \u0644\u0650\u0640\u0640\u0640\u0640\u0644\u0640\u0640\u0640\u0640\u0640\u0640\u0640\u0640\u0640\u0640\u0640\u0631\u064e\u0634\u0640\u0640\u0640\u0640\u0640\u0640\u0640\u0640\u0640\u0640\u0640\u0640\u0640\u0640\u0640\u0627\u062f\u0652<\/p><p class=\"rtecenter\" dir=\"RTL\" style=\"text-align: center;\">\u0648\u064e\u0627\u0645\u0640\u0640\u0634\u0650 \u0648\u064e\u0636\u064e\u0651\u0640\u0640\u0640\u0627\u062d\u064e \u0627\u0644\u0640\u0640\u0640\u0645\u064f\u062d\u064e\u0640\u0640\u0640\u0640\u064a\u064e\u0651\u0640\u0640\u0640\u0640\u0640\u0627\u00a0\u00a0\u00a0\u00a0\u00a0\u00a0\u00a0\u00a0 \u0648\u064e\u0627\u0644\u0640\u0640\u0640\u0640\u0640\u0641\u064f\u0640\u0640\u0640\u0640\u0640\u0640\u0640\u0640\u0640\u0640\u0640\u0640\u0640\u0640\u0640\u0640\u0640\u0640\u0640\u0640\u0640\u0640\u0640\u0640\u0640\u0624\u0627\u062f\u0652<\/p><p class=\"rtecenter\" dir=\"RTL\" style=\"text-align: center;\">\u0639\u0650\u0640\u0640\u0640\u0640\u0640\u0640\u0640\u0640\u0632\u064f\u0651 \u0641\u064a\u0640\u0646\u0640\u064a\u0640\u0642\u0650\u064a\u0640\u0640\u0640\u0640\u0627 \u0641\u0640\u0640\u0640\u0640\u064a\u0646\u0640\u0640\u0640\u0640\u0640\u0640\u0640\u0627\u00a0\u00a0\u00a0\u00a0\u00a0\u00a0\u00a0\u00a0 \u0643\u064e\u0640\u0640\u0645 \u063a\u064e\u0640\u0640\u0630\u064e\u062a\u0652 \u0645\u0650\u0640\u0640\u0646\u0652\u0640\u0640\u0647\u064f \u0627\u0644\u0632\u0651\u0645\u0640\u0627\u0646\u0640\u0640\u0627<\/p><p class=\"rtecenter\" dir=\"RTL\" style=\"text-align: center;\">\u0641\u064e\u0640\u0627\u0646\u0652\u0640\u0634\u064f\u0640\u0640\u0631\u064f\u0648\u0627 \u0627\u0644\u0645\u064e\u0640\u0640\u062c\u0640\u0640\u0640\u0640\u062f\u064e \u0627\u0644\u062f\u064e\u0651\u0641\u064a\u0640\u0640\u0646\u0640\u0640\u0640\u0640\u0627\u00a0\u00a0\u00a0\u00a0\u00a0\u00a0\u00a0\u00a0\u00a0 \u062a\u064e\u062c\u0652\u062a\u064e\u0640\u0640\u0640\u0644\u0640\u0640\u0640\u0648\u0627 \u0623\u064f\u0631\u062c\u064f\u0640\u0640\u0640\u0648\u064e\u0627\u0646\u0640\u0640\u0640\u0640\u0640\u0640\u0640\u0640\u0640\u0627<\/p><p class=\"rtecenter\" dir=\"RTL\" style=\"text-align: center;\">\u00a0<\/p><p class=\"rtecenter\" dir=\"RTL\" style=\"text-align: center;\">\u0623\u064e\u064a\u064f\u0651\u0640\u0640\u0640\u0647\u0640\u0640\u0627 \u0627\u0644\u0635\u064e\u0651\u0640\u0640\u0640\u0640\u0640\u0631\u0652\u062d\u064f \u0627\u0644\u0645\u064f\u0640\u0640\u0640\u0640\u0641\u064e\u0640\u0640\u0640\u0640\u0640\u062f\u064e\u0651\u0649\u00a0\u00a0\u00a0\u00a0\u00a0\u00a0\u00a0 \u0641\u0640\u0640\u0640\u0640\u0640\u0640\u0640\u0640\u0640\u0640\u0640\u0640\u0640\u0640\u0640\u0640\u064a \u062d\u0650\u0640\u0645\u064e\u0640\u0640\u0640\u0640\u0640\u0640\u0640\u0640\u0640\u0627\u0643\u0652<\/p><p class=\"rtecenter\" dir=\"RTL\" style=\"text-align: center;\">\u0646\u064e\u0646\u0652\u0640\u0640\u0640\u0647\u064e\u0640\u0640\u0640\u0644\u064f \u0627\u0644\u0622\u062f\u0627\u0628\u064e \u0634\u064e\u0640\u0640\u0640\u0640\u0647\u0652\u0640\u0640\u0640\u0640\u0640\u0640\u0640\u0640\u0640\u0640\u062f\u0627\u00a0\u00a0\u00a0\u00a0\u00a0\u00a0\u00a0\u00a0\u00a0 \u0645\u0650\u0640\u0640\u0640\u0640\u0640\u0640\u0640\u0640\u0640\u0640\u0640\u0640\u0640\u0640\u0646 \u062c\u064e\u0640\u0640\u0646\u064e\u0640\u0640\u0640\u0640\u0640\u0640\u0640\u0640\u0640\u0640\u0640\u0627\u0643\u0652<\/p><p class=\"rtecenter\" dir=\"RTL\" style=\"text-align: center;\">\u00a0\u0643\u064e\u0640\u0640\u0640\u0640\u064a \u062a\u064e\u0640\u0640\u0640\u0640\u0631\u0649 \u0645\u0650\u0646\u064e\u0651\u0640\u0640\u0640\u0640\u0627 \u0646\u064f\u0640\u0640\u0633\u064f\u0640\u0640\u0640\u0640\u0648\u0631\u0627\u00a0\u00a0\u00a0\u00a0\u00a0\u00a0\u00a0\u00a0\u00a0 \u062a\u064e\u0640\u0646\u0652\u0640\u0634\u064f\u0640\u0640\u0640\u0640\u0640\u0640\u0640\u0640\u0640\u062f\u064f \u0627\u0644\u0623\u064e\u0641\u0640\u0640\u0640\u0640\u0644\u0627\u0643\u064e \u062f\u064e\u0627\u0631\u0627<\/p><p class=\"rtecenter\" dir=\"RTL\" style=\"text-align: center;\">\u0623\u064e\u0648 \u064a\u064e\u062d\u064f\u0640\u0640\u0640\u0640\u0640\u0640\u0640\u0640\u0640\u0640\u0640\u0640\u0648\u0631\u064e \u0627\u0644\u0644\u064e\u0651\u0640\u064a\u0652\u0640\u0640\u0640\u0644\u064f \u0646\u064f\u0640\u0640\u0648\u0631\u0627\u00a0\u00a0\u00a0\u00a0\u00a0\u00a0\u00a0\u00a0 \u0648\u064e\u0627\u0644\u0647\u064f\u0640\u0646\u064e\u0640\u064a\u0652\u0640\u0647\u064e\u0640\u0640\u0640\u0640\u0640\u0640\u0640\u0640\u0627\u062a\u064f \u0627\u0641\u0652\u062a\u0650\u0640\u0640\u0640\u0631\u064e\u0627\u0631\u064e\u0627<\/p><p class=\"rtecenter\" dir=\"RTL\" style=\"text-align: center;\">\u00a0<\/p><p class=\"rtecenter\" dir=\"RTL\" style=\"text-align: center;\">\u0643\u0640\u0640\u0640\u0644\u064e\u0651\u0640\u0640\u0645\u0640\u0640\u0640\u0640\u0640\u0627 \u0647\u064e\u0640\u0640\u0640\u0644\u064e\u0651\u0640\u0640\u0640\u0640\u0640\u062a\u0652 \u0628\u064f\u0640\u0640\u0646\u064f\u0640\u0640\u0640\u0640\u0640\u0648\u062f\u064c\u00a0\u00a0\u00a0\u00a0\u00a0\u00a0\u00a0\u00a0 \u0644\u0650\u0640\u0640\u0640\u0640\u0644\u0640\u0640\u0640\u0640\u0646\u0650\u0651\u0640\u0640\u0636\u064e\u0640\u0640\u0640\u0640\u0640\u0640\u0640\u0640\u0640\u0640\u0640\u0640\u0640\u0640\u0640\u0640\u0640\u0640\u0640\u0627\u0644\u0652<\/p><p class=\"rtecenter\" dir=\"RTL\" style=\"text-align: center;\">\u064a\u064e\u0640\u0640\u0646\u0640\u0640\u0628\u064e\u0640\u0640\u0640\u0640\u0631\u064a \u0645\u0650\u0640\u0640\u0646\u064e\u0651\u0640\u0640\u0640\u0640\u0640\u0627 \u0623\u064f\u0633\u064f\u0640\u0640\u0640\u0640\u0640\u0640\u0640\u0640\u0640\u0648\u062f\u064c\u00a0\u00a0\u00a0\u00a0\u00a0\u00a0\u00a0\u00a0 \u0641\u0640\u0640\u0640\u0640\u0640\u0640\u0640\u0640\u0640\u0640\u0640\u0640\u0640\u0640\u064a \u0627\u0644\u0640\u0640\u0646\u0650\u0651\u0640\u0640\u0640\u0640\u0640\u0640\u0640\u0640\u0640\u0640\u0632\u064e\u0627\u0644\u0652<\/p><p class=\"rtecenter\" dir=\"RTL\" style=\"text-align: center;\">\u0645\u064e\u0640\u0640\u0640\u0646 \u0625\u0630\u064e\u0627 \u0630\u064e\u0643\u064e\u0651\u0640\u0640\u0640\u0631\u0652\u062a\u064e\u0640\u0640\u0646\u0650\u0640\u0640\u064a\u0640\u0647\u0650\u0640\u0640\u0640\u0640\u0640\u0640\u0640\u0640\u0640\u0640\u0640\u0640\u0645\u00a0\u00a0\u00a0\u00a0\u00a0\u00a0\u00a0\u00a0 \u0647\u064e\u0640\u0640\u0640\u0632\u064e\u0651\u0646\u0640\u0640\u0640\u0640\u064a \u0627\u0644\u0641\u064e\u0640\u0640\u062e\u0640\u0640\u0640\u0631\u064f \u0643\u064e\u0628\u064a\u0640\u0640\u0631\u064e\u0627<\/p><p class=\"rtecenter\" dir=\"RTL\" style=\"text-align: center;\">\u0641\u0640\u064a\u0647\u0650\u0640\u0640\u0640\u0640\u0645\u0650 \u0623\u0648\u0652 \u0641\u0640\u0640\u0640\u0640\u064a \u0628\u064e\u0646\u0650\u0640\u0640\u064a\u0640\u0640\u0640\u0647\u0650\u0640\u0640\u0640\u0640\u0640\u0640\u0640\u0640\u0645\u00a0\u00a0\u00a0\u00a0\u00a0\u00a0\u00a0\u00a0\u00a0 \u064a\u064e\u0633\u0652\u0640\u0640\u0647\u064f\u0640\u0640\u0644\u064f \u0627\u0644\u0623\u064e\u0645\u0652\u0640\u0640\u0640\u0631\u064f \u0639\u064e\u0633\u0650\u064a\u0640\u0640\u0640\u0640\u0640\u0640\u0631\u0627<\/p><p class=\"rtecenter\" style=\"text-align: center;\">\u00a0<\/p><p class=\"rtecenter\" dir=\"RTL\" style=\"text-align: center;\">\u0643\u0644\u0645\u0640\u0640\u0640\u0627\u062a: \u062d\u0633\u064a\u0628 \u0639\u0628\u062f \u0627\u0644\u0633\u0627\u062a\u0640\u0640\u0640\u0640\u0631\u00a0 \u00a0 \u00a0 \u00a0 \u00a0 \u0645\u0648\u0633\u064a\u0642\u0649: \u0623. \u064a\u0648\u0633\u0641 \u0627\u0644\u062e\u0648\u0631\u064a<\/p>\t\t\t\t\t\t\t\t<\/div>\n\t\t\t\t<\/div>\n\t\t\t\t\t<\/div>\n\t\t<\/div>\n\t\t\t\t\t<\/div>\n\t\t<\/section>\n\t\t\t\t<\/div>\n\t\t","protected":false},"excerpt":{"rendered":"<p>Pr\u00e9sentation du Coll\u00e8ge Le Coll\u00e8ge mixte de la Sagesse, Section Saint Jean, a \u00e9t\u00e9 fond\u00e9 en 1960 par l\u2019Archev\u00eaque Maronite de Beyrouth pour perp\u00e9tuer et \u00e9tendre la mission \u00e9ducative du dioc\u00e8se. Il est membre du secr\u00e9tariat des \u00e9coles catholiques. Le Coll\u00e8ge est dirig\u00e9 par un P\u00e8re Sup\u00e9rieur qui veille \u00e0 son bon fonctionnement .Il est [&hellip;]<\/p>\n","protected":false},"author":1,"featured_media":0,"parent":0,"menu_order":0,"comment_status":"closed","ping_status":"closed","template":"","meta":{"footnotes":""},"class_list":["post-1735","page","type-page","status-publish","hentry"],"_links":{"self":[{"href":"https:\/\/sagessesjb.edu.lb\/fr\/wp-json\/wp\/v2\/pages\/1735","targetHints":{"allow":["GET"]}}],"collection":[{"href":"https:\/\/sagessesjb.edu.lb\/fr\/wp-json\/wp\/v2\/pages"}],"about":[{"href":"https:\/\/sagessesjb.edu.lb\/fr\/wp-json\/wp\/v2\/types\/page"}],"author":[{"embeddable":true,"href":"https:\/\/sagessesjb.edu.lb\/fr\/wp-json\/wp\/v2\/users\/1"}],"replies":[{"embeddable":true,"href":"https:\/\/sagessesjb.edu.lb\/fr\/wp-json\/wp\/v2\/comments?post=1735"}],"version-history":[{"count":22,"href":"https:\/\/sagessesjb.edu.lb\/fr\/wp-json\/wp\/v2\/pages\/1735\/revisions"}],"predecessor-version":[{"id":4900,"href":"https:\/\/sagessesjb.edu.lb\/fr\/wp-json\/wp\/v2\/pages\/1735\/revisions\/4900"}],"wp:attachment":[{"href":"https:\/\/sagessesjb.edu.lb\/fr\/wp-json\/wp\/v2\/media?parent=1735"}],"curies":[{"name":"wp","href":"https:\/\/api.w.org\/{rel}","templated":true}]}}