{"id":1223,"date":"2023-05-30T09:50:08","date_gmt":"2023-05-30T09:50:08","guid":{"rendered":"https:\/\/yerehost.com\/sagesse\/?page_id=1223"},"modified":"2024-09-17T06:15:44","modified_gmt":"2024-09-17T06:15:44","slug":"ses","status":"publish","type":"page","link":"https:\/\/sagessesjb.edu.lb\/fr\/ses\/","title":{"rendered":"SES"},"content":{"rendered":"\t\t<div data-elementor-type=\"wp-page\" data-elementor-id=\"1223\" class=\"elementor elementor-1223\" data-elementor-post-type=\"page\">\n\t\t\t\t\t\t<section class=\"elementor-section elementor-top-section elementor-element elementor-element-86194e2 elementor-section-boxed elementor-section-height-default elementor-section-height-default\" data-id=\"86194e2\" data-element_type=\"section\" data-e-type=\"section\">\n\t\t\t\t\t\t<div class=\"elementor-container elementor-column-gap-default\">\n\t\t\t\t\t<div class=\"elementor-column elementor-col-100 elementor-top-column elementor-element elementor-element-9e0712e\" data-id=\"9e0712e\" data-element_type=\"column\" data-e-type=\"column\">\n\t\t\t<div class=\"elementor-widget-wrap elementor-element-populated\">\n\t\t\t\t\t\t<div class=\"elementor-element elementor-element-c7b113b elementor-widget elementor-widget-heading\" data-id=\"c7b113b\" data-element_type=\"widget\" data-e-type=\"widget\" data-widget_type=\"heading.default\">\n\t\t\t\t<div class=\"elementor-widget-container\">\n\t\t\t\t\t<h2 class=\"elementor-heading-title elementor-size-default\">Pr\u00e9sentation du d\u00e9partement de Sciences \u00c9conomiques et Sociales<\/h2>\t\t\t\t<\/div>\n\t\t\t\t<\/div>\n\t\t\t\t\t<\/div>\n\t\t<\/div>\n\t\t\t\t\t<\/div>\n\t\t<\/section>\n\t\t\t\t<section class=\"elementor-section elementor-top-section elementor-element elementor-element-1b53e8f elementor-section-boxed elementor-section-height-default elementor-section-height-default\" data-id=\"1b53e8f\" data-element_type=\"section\" data-e-type=\"section\">\n\t\t\t\t\t\t<div class=\"elementor-container elementor-column-gap-default\">\n\t\t\t\t\t<div class=\"elementor-column elementor-col-100 elementor-top-column elementor-element elementor-element-51a139d\" data-id=\"51a139d\" data-element_type=\"column\" data-e-type=\"column\">\n\t\t\t<div class=\"elementor-widget-wrap elementor-element-populated\">\n\t\t\t\t\t\t<div class=\"elementor-element elementor-element-cbcb870 elementor-widget elementor-widget-text-editor\" data-id=\"cbcb870\" data-element_type=\"widget\" data-e-type=\"widget\" data-widget_type=\"text-editor.default\">\n\t\t\t\t<div class=\"elementor-widget-container\">\n\t\t\t\t\t\t\t\t\t<p>Le d\u00e9partement de Sciences \u00c9conomiques et Sociales (SES) a pour mission de former des \u00e9l\u00e8ves capables de comprendre et d&rsquo;analyser les dynamiques \u00e9conomiques et sociales qui fa\u00e7onnent notre soci\u00e9t\u00e9.<\/p><p>\u00a0<\/p><p>Il offre une approche pluridisciplinaire, int\u00e9grant des \u00e9l\u00e9ments d&rsquo;\u00e9conomie, de sociologie, et de science politique.<\/p><p>\u00a0<\/p><p>Il aide \u00e0 d\u00e9velopper une compr\u00e9hension critique, acqu\u00e9rir des comp\u00e9tences analytiques, encourager l\u2019engagement citoyen, promouvoir l\u2019utilisation num\u00e9rique et la pr\u00e9paration \u00e0 la vie professionnelle.<\/p><p>\u00a0<\/p><p>En somme, le d\u00e9partement de SES s&rsquo;engage \u00e0 former des \u00e9l\u00e8ves \u00e9clair\u00e9s, critiques et responsables, pr\u00eats \u00e0 relever les d\u00e9fis de notre \u00e9poque et \u00e0 contribuer positivement \u00e0 la soci\u00e9t\u00e9.<\/p><p>\u00a0<\/p><p>Coordinatrice et enseignante\u00a0: Mme Ga\u00eblle HANNA<\/p>\t\t\t\t\t\t\t\t<\/div>\n\t\t\t\t<\/div>\n\t\t\t\t\t<\/div>\n\t\t<\/div>\n\t\t\t\t\t<\/div>\n\t\t<\/section>\n\t\t\t\t<\/div>\n\t\t","protected":false},"excerpt":{"rendered":"<p>Pr\u00e9sentation du d\u00e9partement de Sciences \u00c9conomiques et Sociales Le d\u00e9partement de Sciences \u00c9conomiques et Sociales (SES) a pour mission de former des \u00e9l\u00e8ves capables de comprendre et d&rsquo;analyser les dynamiques \u00e9conomiques et sociales qui fa\u00e7onnent notre soci\u00e9t\u00e9. \u00a0 Il offre une approche pluridisciplinaire, int\u00e9grant des \u00e9l\u00e9ments d&rsquo;\u00e9conomie, de sociologie, et de science politique. \u00a0 Il [&hellip;]<\/p>\n","protected":false},"author":1,"featured_media":0,"parent":0,"menu_order":0,"comment_status":"closed","ping_status":"closed","template":"","meta":{"footnotes":""},"class_list":["post-1223","page","type-page","status-publish","hentry"],"_links":{"self":[{"href":"https:\/\/sagessesjb.edu.lb\/fr\/wp-json\/wp\/v2\/pages\/1223","targetHints":{"allow":["GET"]}}],"collection":[{"href":"https:\/\/sagessesjb.edu.lb\/fr\/wp-json\/wp\/v2\/pages"}],"about":[{"href":"https:\/\/sagessesjb.edu.lb\/fr\/wp-json\/wp\/v2\/types\/page"}],"author":[{"embeddable":true,"href":"https:\/\/sagessesjb.edu.lb\/fr\/wp-json\/wp\/v2\/users\/1"}],"replies":[{"embeddable":true,"href":"https:\/\/sagessesjb.edu.lb\/fr\/wp-json\/wp\/v2\/comments?post=1223"}],"version-history":[{"count":19,"href":"https:\/\/sagessesjb.edu.lb\/fr\/wp-json\/wp\/v2\/pages\/1223\/revisions"}],"predecessor-version":[{"id":9765,"href":"https:\/\/sagessesjb.edu.lb\/fr\/wp-json\/wp\/v2\/pages\/1223\/revisions\/9765"}],"wp:attachment":[{"href":"https:\/\/sagessesjb.edu.lb\/fr\/wp-json\/wp\/v2\/media?parent=1223"}],"curies":[{"name":"wp","href":"https:\/\/api.w.org\/{rel}","templated":true}]}}