{"id":1221,"date":"2023-05-30T09:49:51","date_gmt":"2023-05-30T09:49:51","guid":{"rendered":"https:\/\/yerehost.com\/sagesse\/?page_id=1221"},"modified":"2024-02-16T14:41:25","modified_gmt":"2024-02-16T14:41:25","slug":"philosophie","status":"publish","type":"page","link":"https:\/\/sagessesjb.edu.lb\/fr\/philosophie\/","title":{"rendered":"Philosophie"},"content":{"rendered":"\t\t<div data-elementor-type=\"wp-page\" data-elementor-id=\"1221\" class=\"elementor elementor-1221\" data-elementor-post-type=\"page\">\n\t\t\t\t\t\t<section class=\"elementor-section elementor-top-section elementor-element elementor-element-4deaf0b elementor-section-boxed elementor-section-height-default elementor-section-height-default\" data-id=\"4deaf0b\" data-element_type=\"section\" data-e-type=\"section\">\n\t\t\t\t\t\t<div class=\"elementor-container elementor-column-gap-default\">\n\t\t\t\t\t<div class=\"elementor-column elementor-col-100 elementor-top-column elementor-element elementor-element-3b18118\" data-id=\"3b18118\" data-element_type=\"column\" data-e-type=\"column\">\n\t\t\t<div class=\"elementor-widget-wrap elementor-element-populated\">\n\t\t\t\t\t\t<div class=\"elementor-element elementor-element-d4e1954 elementor-widget elementor-widget-heading\" data-id=\"d4e1954\" data-element_type=\"widget\" data-e-type=\"widget\" data-widget_type=\"heading.default\">\n\t\t\t\t<div class=\"elementor-widget-container\">\n\t\t\t\t\t<h2 class=\"elementor-heading-title elementor-size-default\">Pr\u00e9sentation du D\u00e9partement de Philosophie<\/h2>\t\t\t\t<\/div>\n\t\t\t\t<\/div>\n\t\t\t\t\t<\/div>\n\t\t<\/div>\n\t\t\t\t\t<\/div>\n\t\t<\/section>\n\t\t\t\t<section class=\"elementor-section elementor-top-section elementor-element elementor-element-d828978 elementor-section-boxed elementor-section-height-default elementor-section-height-default\" data-id=\"d828978\" data-element_type=\"section\" data-e-type=\"section\">\n\t\t\t\t\t\t<div class=\"elementor-container elementor-column-gap-default\">\n\t\t\t\t\t<div class=\"elementor-column elementor-col-100 elementor-top-column elementor-element elementor-element-0d33f43\" data-id=\"0d33f43\" data-element_type=\"column\" data-e-type=\"column\">\n\t\t\t<div class=\"elementor-widget-wrap elementor-element-populated\">\n\t\t\t\t\t\t<div class=\"elementor-element elementor-element-28fa9ff elementor-widget elementor-widget-text-editor\" data-id=\"28fa9ff\" data-element_type=\"widget\" data-e-type=\"widget\" data-widget_type=\"text-editor.default\">\n\t\t\t\t<div class=\"elementor-widget-container\">\n\t\t\t\t\t\t\t\t\t<p style=\"text-align: center;\"><em><strong>\u00ab\u00a0Philosopher, c&rsquo;est penser plus loin qu&rsquo;on ne sait, voire plus loin [&#8230;] qu&rsquo;on ne peut savoir.\u00a0\u00bb<\/strong><\/em><\/p><p>La philosophie fait partie des enseignements communs dans le cursus fran\u00e7ais ; c&rsquo;est aussi une mati\u00e8re obligatoire dans les programmes libanais. Cet enseignement est dispens\u00e9 dans toutes les classes Terminales et fait l&rsquo;objet d&rsquo;une \u00e9preuve \u00e9crite terminale.<\/p><p>Ouvert aux acquis des autres disciplines et aux multiples liens qu\u2019il peut nouer avec elles, l\u2019enseignement de la philosophie vise \u00e0 d\u00e9velopper chez les \u00e9l\u00e8ves le souci de l\u2019interrogation et de la v\u00e9rit\u00e9, l\u2019aptitude \u00e0 l\u2019analyse et l\u2019autonomie de la pens\u00e9e sans lesquels ils ne sauraient appr\u00e9hender la complexit\u00e9 du r\u00e9el. Son but est de permettre \u00e0 chaque \u00e9l\u00e8ve de s\u2019orienter dans les probl\u00e8mes majeurs de l\u2019existence et de la pens\u00e9e.\u00a0<\/p><p>L\u2019enseignement de la philosophie \u00e0 La Sagesse, Saint-Jean, Brasilia, permet ainsi aux jeunes de d\u00e9couvrir que la pluralit\u00e9 des opinions n\u2019est pas la n\u00e9gation de la v\u00e9rit\u00e9, mais la condition m\u00eame de tout progr\u00e8s dans la recherche de la v\u00e9rit\u00e9. Il favorise le d\u00e9veloppement des capacit\u00e9s de r\u00e9flexion et de l\u2019esprit critique. Ainsi, une grande place est am\u00e9nag\u00e9e en classe aux d\u00e9bats qui enrichissent les aptitudes \u00e0 l\u2019argumentation et \u00e0 l\u2019\u00e9coute et favorisent la maturation personnelle de l\u2019\u00e9l\u00e8ve.<\/p>\t\t\t\t\t\t\t\t<\/div>\n\t\t\t\t<\/div>\n\t\t\t\t\t<\/div>\n\t\t<\/div>\n\t\t\t\t\t<\/div>\n\t\t<\/section>\n\t\t\t\t<section class=\"elementor-section elementor-top-section elementor-element elementor-element-1c7d1c3 elementor-section-boxed elementor-section-height-default elementor-section-height-default\" data-id=\"1c7d1c3\" data-element_type=\"section\" data-e-type=\"section\">\n\t\t\t\t\t\t<div class=\"elementor-container elementor-column-gap-default\">\n\t\t\t\t\t<div class=\"elementor-column elementor-col-100 elementor-top-column elementor-element elementor-element-475652e\" data-id=\"475652e\" data-element_type=\"column\" data-e-type=\"column\">\n\t\t\t<div class=\"elementor-widget-wrap elementor-element-populated\">\n\t\t\t\t\t\t<div class=\"elementor-element elementor-element-11a8289 elementor-widget elementor-widget-heading\" data-id=\"11a8289\" data-element_type=\"widget\" data-e-type=\"widget\" data-widget_type=\"heading.default\">\n\t\t\t\t<div class=\"elementor-widget-container\">\n\t\t\t\t\t<h2 class=\"elementor-heading-title elementor-size-default\">Equipe de Travail<\/h2>\t\t\t\t<\/div>\n\t\t\t\t<\/div>\n\t\t\t\t\t<\/div>\n\t\t<\/div>\n\t\t\t\t\t<\/div>\n\t\t<\/section>\n\t\t\t\t<section class=\"elementor-section elementor-top-section elementor-element elementor-element-52c49b8 elementor-section-boxed elementor-section-height-default elementor-section-height-default\" data-id=\"52c49b8\" data-element_type=\"section\" data-e-type=\"section\">\n\t\t\t\t\t\t<div class=\"elementor-container elementor-column-gap-default\">\n\t\t\t\t\t<div class=\"elementor-column elementor-col-100 elementor-top-column elementor-element elementor-element-77196c5\" data-id=\"77196c5\" data-element_type=\"column\" data-e-type=\"column\">\n\t\t\t<div class=\"elementor-widget-wrap elementor-element-populated\">\n\t\t\t\t\t\t<div class=\"elementor-element elementor-element-0f027a5 elementor-widget elementor-widget-text-editor\" data-id=\"0f027a5\" data-element_type=\"widget\" data-e-type=\"widget\" data-widget_type=\"text-editor.default\">\n\t\t\t\t<div class=\"elementor-widget-container\">\n\t\t\t\t\t\t\t\t\t<p>En cours d&rsquo;\u00e9laboration<\/p>\t\t\t\t\t\t\t\t<\/div>\n\t\t\t\t<\/div>\n\t\t\t\t\t<\/div>\n\t\t<\/div>\n\t\t\t\t\t<\/div>\n\t\t<\/section>\n\t\t\t\t<\/div>\n\t\t","protected":false},"excerpt":{"rendered":"<p>Pr\u00e9sentation du D\u00e9partement de Philosophie \u00ab\u00a0Philosopher, c&rsquo;est penser plus loin qu&rsquo;on ne sait, voire plus loin [&#8230;] qu&rsquo;on ne peut savoir.\u00a0\u00bb La philosophie fait partie des enseignements communs dans le cursus fran\u00e7ais ; c&rsquo;est aussi une mati\u00e8re obligatoire dans les programmes libanais. Cet enseignement est dispens\u00e9 dans toutes les classes Terminales et fait l&rsquo;objet d&rsquo;une [&hellip;]<\/p>\n","protected":false},"author":1,"featured_media":0,"parent":0,"menu_order":0,"comment_status":"closed","ping_status":"closed","template":"","meta":{"footnotes":""},"class_list":["post-1221","page","type-page","status-publish","hentry"],"_links":{"self":[{"href":"https:\/\/sagessesjb.edu.lb\/fr\/wp-json\/wp\/v2\/pages\/1221","targetHints":{"allow":["GET"]}}],"collection":[{"href":"https:\/\/sagessesjb.edu.lb\/fr\/wp-json\/wp\/v2\/pages"}],"about":[{"href":"https:\/\/sagessesjb.edu.lb\/fr\/wp-json\/wp\/v2\/types\/page"}],"author":[{"embeddable":true,"href":"https:\/\/sagessesjb.edu.lb\/fr\/wp-json\/wp\/v2\/users\/1"}],"replies":[{"embeddable":true,"href":"https:\/\/sagessesjb.edu.lb\/fr\/wp-json\/wp\/v2\/comments?post=1221"}],"version-history":[{"count":16,"href":"https:\/\/sagessesjb.edu.lb\/fr\/wp-json\/wp\/v2\/pages\/1221\/revisions"}],"predecessor-version":[{"id":8337,"href":"https:\/\/sagessesjb.edu.lb\/fr\/wp-json\/wp\/v2\/pages\/1221\/revisions\/8337"}],"wp:attachment":[{"href":"https:\/\/sagessesjb.edu.lb\/fr\/wp-json\/wp\/v2\/media?parent=1221"}],"curies":[{"name":"wp","href":"https:\/\/api.w.org\/{rel}","templated":true}]}}