{"id":1206,"date":"2023-05-30T09:46:54","date_gmt":"2023-05-30T09:46:54","guid":{"rendered":"https:\/\/yerehost.com\/sagesse\/?page_id=1206"},"modified":"2024-02-14T12:34:23","modified_gmt":"2024-02-14T12:34:23","slug":"eps","status":"publish","type":"page","link":"https:\/\/sagessesjb.edu.lb\/fr\/eps\/","title":{"rendered":"EPS"},"content":{"rendered":"\t\t<div data-elementor-type=\"wp-page\" data-elementor-id=\"1206\" class=\"elementor elementor-1206\" data-elementor-post-type=\"page\">\n\t\t\t\t\t\t<section class=\"elementor-section elementor-top-section elementor-element elementor-element-70c55be elementor-section-boxed elementor-section-height-default elementor-section-height-default\" data-id=\"70c55be\" data-element_type=\"section\" data-e-type=\"section\">\n\t\t\t\t\t\t<div class=\"elementor-container elementor-column-gap-default\">\n\t\t\t\t\t<div class=\"elementor-column elementor-col-100 elementor-top-column elementor-element elementor-element-27805c6\" data-id=\"27805c6\" data-element_type=\"column\" data-e-type=\"column\">\n\t\t\t<div class=\"elementor-widget-wrap elementor-element-populated\">\n\t\t\t\t\t\t<div class=\"elementor-element elementor-element-5fec981 elementor-widget elementor-widget-heading\" data-id=\"5fec981\" data-element_type=\"widget\" data-e-type=\"widget\" data-widget_type=\"heading.default\">\n\t\t\t\t<div class=\"elementor-widget-container\">\n\t\t\t\t\t<h2 class=\"elementor-heading-title elementor-size-default\">Pr\u00e9sentation du D\u00e9partement d'Education Physique et Sportive - EPS<\/h2>\t\t\t\t<\/div>\n\t\t\t\t<\/div>\n\t\t\t\t\t<\/div>\n\t\t<\/div>\n\t\t\t\t\t<\/div>\n\t\t<\/section>\n\t\t\t\t<section class=\"elementor-section elementor-top-section elementor-element elementor-element-f3d9131 elementor-section-boxed elementor-section-height-default elementor-section-height-default\" data-id=\"f3d9131\" data-element_type=\"section\" data-e-type=\"section\">\n\t\t\t\t\t\t<div class=\"elementor-container elementor-column-gap-default\">\n\t\t\t\t\t<div class=\"elementor-column elementor-col-100 elementor-top-column elementor-element elementor-element-d1b4de0\" data-id=\"d1b4de0\" data-element_type=\"column\" data-e-type=\"column\">\n\t\t\t<div class=\"elementor-widget-wrap elementor-element-populated\">\n\t\t\t\t\t\t<div class=\"elementor-element elementor-element-11d6906 elementor-widget elementor-widget-text-editor\" data-id=\"11d6906\" data-element_type=\"widget\" data-e-type=\"widget\" data-widget_type=\"text-editor.default\">\n\t\t\t\t<div class=\"elementor-widget-container\">\n\t\t\t\t\t\t\t\t\t<p>Conscients que le sport est un moyen d\u2019enrichissement physique, moral, culturel et intellectuel, l\u2019am\u00e9lioration de la section sportive constitue l\u2019un des axes de notre projet d\u2019\u00e9tablissement. Le sport \u00e9tant une source de plaisir et d\u2019accomplissement personnel, les pratiques sportives\u00a0 offrent\u00a0 aux \u00e9l\u00e8ves la possibilit\u00e9 de b\u00e9n\u00e9ficier d\u2019un entrainement soutenu, tout en suivant une scolarit\u00e9 normale. Les pratiques sportives motivent les \u00e9l\u00e8ves et leur donnent l\u2019occasion de progresser et d\u2019\u00eatre valoris\u00e9s dans leur sport de pr\u00e9dilection, qui contribue ainsi \u00e0 leur \u00e9panouissement et \u00e0 leur r\u00e9ussite scolaire.<\/p><p>Notre objectif est de cr\u00e9er un programme complet sportif afin d\u2019assurer une continuit\u00e9 de travail d\u2019un niveau \u00e0 un autre et de pouvoir participer aux tournois inter-scolaires et aux championnats locaux.<\/p>\t\t\t\t\t\t\t\t<\/div>\n\t\t\t\t<\/div>\n\t\t\t\t\t<\/div>\n\t\t<\/div>\n\t\t\t\t\t<\/div>\n\t\t<\/section>\n\t\t\t\t<section class=\"elementor-section elementor-top-section elementor-element elementor-element-13a52b2 elementor-section-boxed elementor-section-height-default elementor-section-height-default\" data-id=\"13a52b2\" data-element_type=\"section\" data-e-type=\"section\">\n\t\t\t\t\t\t<div class=\"elementor-container elementor-column-gap-default\">\n\t\t\t\t\t<div class=\"elementor-column elementor-col-100 elementor-top-column elementor-element elementor-element-cafc9b3\" data-id=\"cafc9b3\" data-element_type=\"column\" data-e-type=\"column\">\n\t\t\t<div class=\"elementor-widget-wrap elementor-element-populated\">\n\t\t\t\t\t\t<div class=\"elementor-element elementor-element-e3f26e7 elementor-widget elementor-widget-heading\" data-id=\"e3f26e7\" data-element_type=\"widget\" data-e-type=\"widget\" data-widget_type=\"heading.default\">\n\t\t\t\t<div class=\"elementor-widget-container\">\n\t\t\t\t\t<h2 class=\"elementor-heading-title elementor-size-default\">Equipe de Travail<\/h2>\t\t\t\t<\/div>\n\t\t\t\t<\/div>\n\t\t\t\t\t<\/div>\n\t\t<\/div>\n\t\t\t\t\t<\/div>\n\t\t<\/section>\n\t\t\t\t<section class=\"elementor-section elementor-top-section elementor-element elementor-element-bddcb4c elementor-section-boxed elementor-section-height-default elementor-section-height-default\" data-id=\"bddcb4c\" data-element_type=\"section\" data-e-type=\"section\">\n\t\t\t\t\t\t<div class=\"elementor-container elementor-column-gap-default\">\n\t\t\t\t\t<div class=\"elementor-column elementor-col-100 elementor-top-column elementor-element elementor-element-69a44fd\" data-id=\"69a44fd\" data-element_type=\"column\" data-e-type=\"column\">\n\t\t\t<div class=\"elementor-widget-wrap elementor-element-populated\">\n\t\t\t\t\t\t<div class=\"elementor-element elementor-element-126fab8 elementor-widget elementor-widget-text-editor\" data-id=\"126fab8\" data-element_type=\"widget\" data-e-type=\"widget\" data-widget_type=\"text-editor.default\">\n\t\t\t\t<div class=\"elementor-widget-container\">\n\t\t\t\t\t\t\t\t\t<p><strong>Coordonnateur:<\/strong> M. Jihad TABET<\/p><p><strong>Enseignants:<\/strong>\u00a0<\/p><ul><li>Mme Sylvana MANSOUR<\/li><li>Mme Andr\u00e9a JAD<\/li><li>M. Ohannes KOHILIAN<\/li><li>M. Richard NOHRA<\/li><li>M. Hovig<\/li><\/ul>\t\t\t\t\t\t\t\t<\/div>\n\t\t\t\t<\/div>\n\t\t\t\t\t<\/div>\n\t\t<\/div>\n\t\t\t\t\t<\/div>\n\t\t<\/section>\n\t\t\t\t<\/div>\n\t\t","protected":false},"excerpt":{"rendered":"<p>Pr\u00e9sentation du D\u00e9partement d&rsquo;Education Physique et Sportive &#8211; EPS Conscients que le sport est un moyen d\u2019enrichissement physique, moral, culturel et intellectuel, l\u2019am\u00e9lioration de la section sportive constitue l\u2019un des axes de notre projet d\u2019\u00e9tablissement. Le sport \u00e9tant une source de plaisir et d\u2019accomplissement personnel, les pratiques sportives\u00a0 offrent\u00a0 aux \u00e9l\u00e8ves la possibilit\u00e9 de b\u00e9n\u00e9ficier [&hellip;]<\/p>\n","protected":false},"author":1,"featured_media":0,"parent":0,"menu_order":0,"comment_status":"closed","ping_status":"closed","template":"","meta":{"footnotes":""},"class_list":["post-1206","page","type-page","status-publish","hentry"],"_links":{"self":[{"href":"https:\/\/sagessesjb.edu.lb\/fr\/wp-json\/wp\/v2\/pages\/1206","targetHints":{"allow":["GET"]}}],"collection":[{"href":"https:\/\/sagessesjb.edu.lb\/fr\/wp-json\/wp\/v2\/pages"}],"about":[{"href":"https:\/\/sagessesjb.edu.lb\/fr\/wp-json\/wp\/v2\/types\/page"}],"author":[{"embeddable":true,"href":"https:\/\/sagessesjb.edu.lb\/fr\/wp-json\/wp\/v2\/users\/1"}],"replies":[{"embeddable":true,"href":"https:\/\/sagessesjb.edu.lb\/fr\/wp-json\/wp\/v2\/comments?post=1206"}],"version-history":[{"count":16,"href":"https:\/\/sagessesjb.edu.lb\/fr\/wp-json\/wp\/v2\/pages\/1206\/revisions"}],"predecessor-version":[{"id":8314,"href":"https:\/\/sagessesjb.edu.lb\/fr\/wp-json\/wp\/v2\/pages\/1206\/revisions\/8314"}],"wp:attachment":[{"href":"https:\/\/sagessesjb.edu.lb\/fr\/wp-json\/wp\/v2\/media?parent=1206"}],"curies":[{"name":"wp","href":"https:\/\/api.w.org\/{rel}","templated":true}]}}