{"id":1201,"date":"2023-05-30T09:41:21","date_gmt":"2023-05-30T09:41:21","guid":{"rendered":"https:\/\/yerehost.com\/sagesse\/?page_id=1201"},"modified":"2024-02-14T12:21:07","modified_gmt":"2024-02-14T12:21:07","slug":"hist-geo-civisme-lib","status":"publish","type":"page","link":"https:\/\/sagessesjb.edu.lb\/fr\/hist-geo-civisme-lib\/","title":{"rendered":"Hist.Geo Civisme (Lib)"},"content":{"rendered":"\t\t<div data-elementor-type=\"wp-page\" data-elementor-id=\"1201\" class=\"elementor elementor-1201\" data-elementor-post-type=\"page\">\n\t\t\t\t\t\t<section class=\"elementor-section elementor-top-section elementor-element elementor-element-b812470 elementor-section-boxed elementor-section-height-default elementor-section-height-default\" data-id=\"b812470\" data-element_type=\"section\" data-e-type=\"section\">\n\t\t\t\t\t\t<div class=\"elementor-container elementor-column-gap-default\">\n\t\t\t\t\t<div class=\"elementor-column elementor-col-100 elementor-top-column elementor-element elementor-element-516de13\" data-id=\"516de13\" data-element_type=\"column\" data-e-type=\"column\">\n\t\t\t<div class=\"elementor-widget-wrap elementor-element-populated\">\n\t\t\t\t\t\t<div class=\"elementor-element elementor-element-9c472ee elementor-widget elementor-widget-heading\" data-id=\"9c472ee\" data-element_type=\"widget\" data-e-type=\"widget\" data-widget_type=\"heading.default\">\n\t\t\t\t<div class=\"elementor-widget-container\">\n\t\t\t\t\t<h2 class=\"elementor-heading-title elementor-size-default\">Pr\u00e9sentation du D\u00e9partement d'Hist-G\u00e9o et Civisme (Programme Libanais)<\/h2>\t\t\t\t<\/div>\n\t\t\t\t<\/div>\n\t\t\t\t\t<\/div>\n\t\t<\/div>\n\t\t\t\t\t<\/div>\n\t\t<\/section>\n\t\t\t\t<section class=\"elementor-section elementor-top-section elementor-element elementor-element-19472f5 elementor-section-boxed elementor-section-height-default elementor-section-height-default\" data-id=\"19472f5\" data-element_type=\"section\" data-e-type=\"section\">\n\t\t\t\t\t\t<div class=\"elementor-container elementor-column-gap-default\">\n\t\t\t\t\t<div class=\"elementor-column elementor-col-100 elementor-top-column elementor-element elementor-element-7a6aba9\" data-id=\"7a6aba9\" data-element_type=\"column\" data-e-type=\"column\">\n\t\t\t<div class=\"elementor-widget-wrap elementor-element-populated\">\n\t\t\t\t\t\t<div class=\"elementor-element elementor-element-16ae34e elementor-widget elementor-widget-text-editor\" data-id=\"16ae34e\" data-element_type=\"widget\" data-e-type=\"widget\" data-widget_type=\"text-editor.default\">\n\t\t\t\t<div class=\"elementor-widget-container\">\n\t\t\t\t\t\t\t\t\t<p style=\"text-align: right;\">\u0627\u0646\u0651 <strong><u>\u0627\u0644\u062c\u063a\u0631\u0627\u0641\u064a\u0627<\/u><\/strong> \u0643\u0644\u0645\u0629 \u0645\u0634\u062a\u0642\u0651\u0629 \u0645\u0646 \u0627\u0644\u064a\u0648\u0646\u0627\u0646\u064a\u0651\u0629 \u062a\u0639\u0646\u064a \u00ab\u00a0\u0648\u0635\u0641 \u0627\u0644\u0623\u0631\u0636\u00a0\u00bb \u0648\u0647\u064a \u0639\u0644\u0645 \u064a\u062f\u0631\u064f\u0633 \u0627\u0644\u0623\u0631\u0636 \u0648\u0627\u0644\u0638\u0648\u0627\u0647\u0631 \u0627\u0644\u0637\u0628\u064a\u0639\u064a\u0651\u0629 \u0648\u0627\u0644\u0628\u0634\u0631\u064a\u0651\u0629 \u0627\u0644\u062a\u064a \u062a\u0637\u0631\u0623 \u0639\u0644\u0649 \u0627\u0644\u0645\u062c\u0627\u0644(\u0627\u0644\u0645\u0643\u0627\u0646)<\/p><p style=\"text-align: right;\">\u0623\u0645\u0651\u0627 <span style=\"text-decoration: underline;\"><strong>\u0627\u0644\u062a\u0627\u0631\u064a\u062e <\/strong><\/span>\u0641\u0647\u0648 \u062f\u0631\u0627\u0633\u0629 \u0639\u0644\u0627\u0642\u0629 \u0627\u0644\u0627\u0646\u0633\u0627\u0646 \u0628\u0627\u0644\u0645\u062c\u0627\u0644\u00a0\u0628\u0630\u0644\u0643 \u064a\u0643\u0648\u0646 \u0643\u0644\u0651 \u0645\u0646 \u0627\u0644\u062a\u0627\u0631\u064a\u062e \u0648\u0627\u0644\u062c\u063a\u0631\u0627\u0641\u064a\u0627 \u064a\u062c\u062a\u0645\u0639\u0627\u0646 \u0641\u064a \u062f\u0631\u0627\u0633\u0629 \u0627\u0644\u0645\u062c\u0627\u0644 \u0648\u0627\u0644\u0627\u0646\u0633\u0627\u0646\u060c \u0648\u0628\u0645\u0627 \u0623\u0646\u0651\u0647 \u0644\u0627 \u064a\u064f\u0645\u0643\u0646 \u0641\u0635\u0644 \u0639\u0627\u0645\u0644\u0651\u064a \u0627\u0644\u0645\u0643\u0627\u0646 \u0648\u0627\u0644\u0632\u0645\u0627\u0646 \u0639\u0646 \u0628\u0639\u0636\u0647\u0645\u0627 \u0643\u0630\u0644\u0643 \u0644\u0627 \u064a\u0645\u0643\u0646 \u0627\u0644\u0641\u0635\u0644 \u0628\u064a\u0646 \u0627\u0644\u062a\u0627\u0631\u064a\u062e \u0648\u0627\u0644\u062c\u063a\u0631\u0627\u0641\u064a\u0627 \u0641\u064a \u0627\u0644\u0632\u0645\u0646 \u0627\u0644\u0645\u0627\u0636\u064a \u0648\u0627\u0644\u062d\u0627\u0636\u0631<\/p><p style=\"text-align: right;\">\u0648\u0628\u0627\u0644\u0646\u0633\u0628\u0629 <strong><u>\u0644\u0644\u062a\u0631\u0628\u064a\u0651\u0629 \u0627\u0644\u0645\u062f\u0646\u064a\u0651\u0629<\/u><\/strong> \u0641\u0647\u064a \u0645\u0627\u062f\u0629 \u062a\u0639\u0644\u064a\u0645\u064a\u0651\u0629 \u0627\u0633\u062a\u0631\u0627\u062a\u064a\u062c\u064a\u0651\u0629 \u062a\u0647\u062f\u0641 \u0627\u0644\u0649 \u062a\u0646\u0645\u064a\u0651\u0629 \u0627\u0644\u0627\u062d\u0633\u0627\u0633 \u0628\u0627\u0644\u0645\u0635\u0644\u062d\u0629 \u0627\u0644\u0639\u0627\u0645\u0629 \u0648\u0627\u062d\u062a\u0631\u0627\u0645 \u0627\u0644\u0642\u0627\u0646\u0648\u0646 \u0648\u062d\u0642\u0648\u0642 \u0627\u0644\u0627\u0646\u0633\u0627\u0646 \u0648\u062a\u0642\u0648\u0645 \u0639\u0644\u0649 \u062a\u0643\u0648\u064a\u0646 \u0627\u0644\u0641\u0631\u062f \u0627\u062c\u062a\u0645\u0627\u0639\u064a\u0651\u0627 \u0648\u062d\u0636\u0627\u0631\u064a\u0651\u0627<\/p>\t\t\t\t\t\t\t\t<\/div>\n\t\t\t\t<\/div>\n\t\t\t\t\t<\/div>\n\t\t<\/div>\n\t\t\t\t\t<\/div>\n\t\t<\/section>\n\t\t\t\t<section class=\"elementor-section elementor-top-section elementor-element elementor-element-3d341aa elementor-section-boxed elementor-section-height-default elementor-section-height-default\" data-id=\"3d341aa\" data-element_type=\"section\" data-e-type=\"section\">\n\t\t\t\t\t\t<div class=\"elementor-container elementor-column-gap-default\">\n\t\t\t\t\t<div class=\"elementor-column elementor-col-100 elementor-top-column elementor-element elementor-element-fe137d7\" data-id=\"fe137d7\" data-element_type=\"column\" data-e-type=\"column\">\n\t\t\t<div class=\"elementor-widget-wrap elementor-element-populated\">\n\t\t\t\t\t\t<div class=\"elementor-element elementor-element-a1e46ac elementor-widget elementor-widget-heading\" data-id=\"a1e46ac\" data-element_type=\"widget\" data-e-type=\"widget\" data-widget_type=\"heading.default\">\n\t\t\t\t<div class=\"elementor-widget-container\">\n\t\t\t\t\t<h2 class=\"elementor-heading-title elementor-size-default\">Equipe de Travail<\/h2>\t\t\t\t<\/div>\n\t\t\t\t<\/div>\n\t\t\t\t\t<\/div>\n\t\t<\/div>\n\t\t\t\t\t<\/div>\n\t\t<\/section>\n\t\t\t\t<section class=\"elementor-section elementor-top-section elementor-element elementor-element-1117c53 elementor-section-boxed elementor-section-height-default elementor-section-height-default\" data-id=\"1117c53\" data-element_type=\"section\" data-e-type=\"section\">\n\t\t\t\t\t\t<div class=\"elementor-container elementor-column-gap-default\">\n\t\t\t\t\t<div class=\"elementor-column elementor-col-100 elementor-top-column elementor-element elementor-element-ead053a\" data-id=\"ead053a\" data-element_type=\"column\" data-e-type=\"column\">\n\t\t\t<div class=\"elementor-widget-wrap elementor-element-populated\">\n\t\t\t\t\t\t<div class=\"elementor-element elementor-element-0d6493e elementor-widget elementor-widget-text-editor\" data-id=\"0d6493e\" data-element_type=\"widget\" data-e-type=\"widget\" data-widget_type=\"text-editor.default\">\n\t\t\t\t<div class=\"elementor-widget-container\">\n\t\t\t\t\t\t\t\t\t<table><tbody><tr><td width=\"254\"><p style=\"text-align: center;\"><strong>\u0627\u0644\u0645\u0639\u0644\u0651\u0645\u0648\u0646<\/strong><\/p><\/td><td width=\"274\"><p style=\"text-align: center;\"><strong>\u0627\u0644\u0635\u0641\u0648\u0641<\/strong><\/p><\/td><\/tr><tr><td width=\"254\"><p style=\"text-align: center;\">\u062c\u064a\u0644\u0628\u064a\u0631 \u0628\u0648 \u0628\u0637\u0631\u0633<\/p><\/td><td width=\"274\"><p style=\"text-align: center;\">\u0627\u0644\u0623\u0633\u0627\u0633\u064a \u0627\u0644\u062b\u0627\u0645\u0646 \u060c\u0627\u0644\u0627\u0633\u0627\u0633\u064a \u0627\u0644\u062a\u0627\u0633\u0639\u060c \u0627\u0644\u062b\u0627\u0646\u0648\u064a \u0627\u0644\u062b\u0627\u0646\u064a\u060c \u0627\u0644\u062b\u0627\u0646\u0648\u064a \u0627\u0644\u062b\u0627\u0644\u062b<\/p><\/td><\/tr><tr><td width=\"254\"><p style=\"text-align: center;\">\u0631\u0634\u064a\u062f \u0623\u0628\u064a \u0639\u0627\u062f<\/p><\/td><td width=\"274\"><p style=\"text-align: center;\">\u0627\u0644\u0623\u0633\u0627\u0633\u064a \u0627\u0644\u0633\u0627\u062f\u0633\u060c\u0627\u0644\u0623\u0633\u0627\u0633\u064a \u0627\u0644\u0633\u0627\u0628\u0639<\/p><\/td><\/tr><tr><td width=\"254\"><p style=\"text-align: center;\">\u0647\u064a\u0627\u0645 \u062d\u0628\u0634\u064a (\u0627\u0644\u0645\u0646\u0633\u0651\u0642\u0629 \u0627\u0644\u0639\u0627\u0645\u0629)<\/p><\/td><td width=\"274\"><p style=\"text-align: center;\">\u0627\u0644\u0623\u0633\u0627\u0633\u064a \u0627\u0644\u062a\u0627\u0633\u0639\u060c \u0627\u0644\u062b\u0627\u0646\u0648\u064a \u0627\u0644\u0627\u0648\u0651\u0644\u060c \u0627\u0644\u062b\u0627\u0646\u0648\u064a \u0627\u0644\u062b\u0627\u0646\u064a \u0648 \u0627\u0644\u062b\u0627\u0646\u0648\u064a \u0627\u0644\u062b\u0627\u0644\u062b<\/p><\/td><\/tr><\/tbody><\/table>\t\t\t\t\t\t\t\t<\/div>\n\t\t\t\t<\/div>\n\t\t\t\t\t<\/div>\n\t\t<\/div>\n\t\t\t\t\t<\/div>\n\t\t<\/section>\n\t\t\t\t<\/div>\n\t\t","protected":false},"excerpt":{"rendered":"<p>Pr\u00e9sentation du D\u00e9partement d&rsquo;Hist-G\u00e9o et Civisme (Programme Libanais) \u0627\u0646\u0651 \u0627\u0644\u062c\u063a\u0631\u0627\u0641\u064a\u0627 \u0643\u0644\u0645\u0629 \u0645\u0634\u062a\u0642\u0651\u0629 \u0645\u0646 \u0627\u0644\u064a\u0648\u0646\u0627\u0646\u064a\u0651\u0629 \u062a\u0639\u0646\u064a \u00ab\u00a0\u0648\u0635\u0641 \u0627\u0644\u0623\u0631\u0636\u00a0\u00bb \u0648\u0647\u064a \u0639\u0644\u0645 \u064a\u062f\u0631\u064f\u0633 \u0627\u0644\u0623\u0631\u0636 \u0648\u0627\u0644\u0638\u0648\u0627\u0647\u0631 \u0627\u0644\u0637\u0628\u064a\u0639\u064a\u0651\u0629 \u0648\u0627\u0644\u0628\u0634\u0631\u064a\u0651\u0629 \u0627\u0644\u062a\u064a \u062a\u0637\u0631\u0623 \u0639\u0644\u0649 \u0627\u0644\u0645\u062c\u0627\u0644(\u0627\u0644\u0645\u0643\u0627\u0646) \u0623\u0645\u0651\u0627 \u0627\u0644\u062a\u0627\u0631\u064a\u062e \u0641\u0647\u0648 \u062f\u0631\u0627\u0633\u0629 \u0639\u0644\u0627\u0642\u0629 \u0627\u0644\u0627\u0646\u0633\u0627\u0646 \u0628\u0627\u0644\u0645\u062c\u0627\u0644\u00a0\u0628\u0630\u0644\u0643 \u064a\u0643\u0648\u0646 \u0643\u0644\u0651 \u0645\u0646 \u0627\u0644\u062a\u0627\u0631\u064a\u062e \u0648\u0627\u0644\u062c\u063a\u0631\u0627\u0641\u064a\u0627 \u064a\u062c\u062a\u0645\u0639\u0627\u0646 \u0641\u064a \u062f\u0631\u0627\u0633\u0629 \u0627\u0644\u0645\u062c\u0627\u0644 \u0648\u0627\u0644\u0627\u0646\u0633\u0627\u0646\u060c \u0648\u0628\u0645\u0627 \u0623\u0646\u0651\u0647 \u0644\u0627 \u064a\u064f\u0645\u0643\u0646 \u0641\u0635\u0644 \u0639\u0627\u0645\u0644\u0651\u064a \u0627\u0644\u0645\u0643\u0627\u0646 \u0648\u0627\u0644\u0632\u0645\u0627\u0646 \u0639\u0646 \u0628\u0639\u0636\u0647\u0645\u0627 [&hellip;]<\/p>\n","protected":false},"author":1,"featured_media":0,"parent":0,"menu_order":0,"comment_status":"closed","ping_status":"closed","template":"","meta":{"footnotes":""},"class_list":["post-1201","page","type-page","status-publish","hentry"],"_links":{"self":[{"href":"https:\/\/sagessesjb.edu.lb\/fr\/wp-json\/wp\/v2\/pages\/1201","targetHints":{"allow":["GET"]}}],"collection":[{"href":"https:\/\/sagessesjb.edu.lb\/fr\/wp-json\/wp\/v2\/pages"}],"about":[{"href":"https:\/\/sagessesjb.edu.lb\/fr\/wp-json\/wp\/v2\/types\/page"}],"author":[{"embeddable":true,"href":"https:\/\/sagessesjb.edu.lb\/fr\/wp-json\/wp\/v2\/users\/1"}],"replies":[{"embeddable":true,"href":"https:\/\/sagessesjb.edu.lb\/fr\/wp-json\/wp\/v2\/comments?post=1201"}],"version-history":[{"count":16,"href":"https:\/\/sagessesjb.edu.lb\/fr\/wp-json\/wp\/v2\/pages\/1201\/revisions"}],"predecessor-version":[{"id":8301,"href":"https:\/\/sagessesjb.edu.lb\/fr\/wp-json\/wp\/v2\/pages\/1201\/revisions\/8301"}],"wp:attachment":[{"href":"https:\/\/sagessesjb.edu.lb\/fr\/wp-json\/wp\/v2\/media?parent=1201"}],"curies":[{"name":"wp","href":"https:\/\/api.w.org\/{rel}","templated":true}]}}