{"id":1196,"date":"2023-05-30T09:38:18","date_gmt":"2023-05-30T09:38:18","guid":{"rendered":"https:\/\/yerehost.com\/sagesse\/?page_id=1196"},"modified":"2026-01-07T12:10:00","modified_gmt":"2026-01-07T12:10:00","slug":"hist-geo-et-emc","status":"publish","type":"page","link":"https:\/\/sagessesjb.edu.lb\/fr\/hist-geo-et-emc\/","title":{"rendered":"Hist.Geo et EMC"},"content":{"rendered":"\t\t<div data-elementor-type=\"wp-page\" data-elementor-id=\"1196\" class=\"elementor elementor-1196\" data-elementor-post-type=\"page\">\n\t\t\t\t\t\t<section class=\"elementor-section elementor-top-section elementor-element elementor-element-5f61468 elementor-section-boxed elementor-section-height-default elementor-section-height-default\" data-id=\"5f61468\" data-element_type=\"section\" data-e-type=\"section\">\n\t\t\t\t\t\t<div class=\"elementor-container elementor-column-gap-default\">\n\t\t\t\t\t<div class=\"elementor-column elementor-col-100 elementor-top-column elementor-element elementor-element-0906213\" data-id=\"0906213\" data-element_type=\"column\" data-e-type=\"column\">\n\t\t\t<div class=\"elementor-widget-wrap elementor-element-populated\">\n\t\t\t\t\t\t<div class=\"elementor-element elementor-element-575e540 elementor-widget elementor-widget-heading\" data-id=\"575e540\" data-element_type=\"widget\" data-e-type=\"widget\" data-widget_type=\"heading.default\">\n\t\t\t\t<div class=\"elementor-widget-container\">\n\t\t\t\t\t<h2 class=\"elementor-heading-title elementor-size-default\">Pr\u00e9sentation du D\u00e9partement d'Hist-G\u00e9o et EMC<\/h2>\t\t\t\t<\/div>\n\t\t\t\t<\/div>\n\t\t\t\t\t<\/div>\n\t\t<\/div>\n\t\t\t\t\t<\/div>\n\t\t<\/section>\n\t\t\t\t<section class=\"elementor-section elementor-top-section elementor-element elementor-element-073573f elementor-section-boxed elementor-section-height-default elementor-section-height-default\" data-id=\"073573f\" data-element_type=\"section\" data-e-type=\"section\">\n\t\t\t\t\t\t<div class=\"elementor-container elementor-column-gap-default\">\n\t\t\t\t\t<div class=\"elementor-column elementor-col-100 elementor-top-column elementor-element elementor-element-fe5b3aa\" data-id=\"fe5b3aa\" data-element_type=\"column\" data-e-type=\"column\">\n\t\t\t<div class=\"elementor-widget-wrap elementor-element-populated\">\n\t\t\t\t\t\t<div class=\"elementor-element elementor-element-b490229 elementor-widget elementor-widget-text-editor\" data-id=\"b490229\" data-element_type=\"widget\" data-e-type=\"widget\" data-widget_type=\"text-editor.default\">\n\t\t\t\t<div class=\"elementor-widget-container\">\n\t\t\t\t\t\t\t\t\t<p style=\"text-align: center;\"><strong>\u00ab Le bl\u00e9 en herbe de la recherche historique se nourrit de g\u00e9ographie et par l\u00e0-m\u00eame nourrit la g\u00e9ographie \u00bb <\/strong>&#8211; Jean-Robert Pitte<\/p><p>L&rsquo;unit\u00e9 p\u00e9dagogique de l&rsquo;histoire et de la g\u00e9ographie prend toute sa valeur avec l&rsquo;int\u00e9gration de l&rsquo;histoire dans la g\u00e9ographie.\u00a0Le mariage entre l\u2019histoire et la g\u00e9ographie a longtemps \u00e9t\u00e9 et demeure l&rsquo;un des points les plus importants de l&rsquo;enseignement historique confi\u00e9 au m\u00eame enseignant que l&rsquo;enseignement g\u00e9ographique.<\/p>\t\t\t\t\t\t\t\t<\/div>\n\t\t\t\t<\/div>\n\t\t\t\t\t<\/div>\n\t\t<\/div>\n\t\t\t\t\t<\/div>\n\t\t<\/section>\n\t\t\t\t<section class=\"elementor-section elementor-top-section elementor-element elementor-element-051fc4f elementor-section-boxed elementor-section-height-default elementor-section-height-default\" data-id=\"051fc4f\" data-element_type=\"section\" data-e-type=\"section\">\n\t\t\t\t\t\t<div class=\"elementor-container elementor-column-gap-default\">\n\t\t\t\t\t<div class=\"elementor-column elementor-col-100 elementor-top-column elementor-element elementor-element-bfdd183\" data-id=\"bfdd183\" data-element_type=\"column\" data-e-type=\"column\">\n\t\t\t<div class=\"elementor-widget-wrap elementor-element-populated\">\n\t\t\t\t\t\t<div class=\"elementor-element elementor-element-00b12d7 elementor-widget elementor-widget-heading\" data-id=\"00b12d7\" data-element_type=\"widget\" data-e-type=\"widget\" data-widget_type=\"heading.default\">\n\t\t\t\t<div class=\"elementor-widget-container\">\n\t\t\t\t\t<h2 class=\"elementor-heading-title elementor-size-default\">Equipe de Travail<\/h2>\t\t\t\t<\/div>\n\t\t\t\t<\/div>\n\t\t\t\t\t<\/div>\n\t\t<\/div>\n\t\t\t\t\t<\/div>\n\t\t<\/section>\n\t\t\t\t<section class=\"elementor-section elementor-top-section elementor-element elementor-element-dee0289 elementor-section-boxed elementor-section-height-default elementor-section-height-default\" data-id=\"dee0289\" data-element_type=\"section\" data-e-type=\"section\">\n\t\t\t\t\t\t<div class=\"elementor-container elementor-column-gap-default\">\n\t\t\t\t\t<div class=\"elementor-column elementor-col-100 elementor-top-column elementor-element elementor-element-e63469c\" data-id=\"e63469c\" data-element_type=\"column\" data-e-type=\"column\">\n\t\t\t<div class=\"elementor-widget-wrap elementor-element-populated\">\n\t\t\t\t\t\t<div class=\"elementor-element elementor-element-3a0d935 elementor-widget elementor-widget-text-editor\" data-id=\"3a0d935\" data-element_type=\"widget\" data-e-type=\"widget\" data-widget_type=\"text-editor.default\">\n\t\t\t\t<div class=\"elementor-widget-container\">\n\t\t\t\t\t\t\t\t\t<p><strong>Equipe p\u00e9dagogique d\u00e9partement Histoire-G\u00e9ographie \/ EMC\u00a0:<\/strong><\/p><p><strong>Coordinatrice\u00a0: Nada Touma Khairallah <\/strong><\/p><p>\u00a0<\/p><table width=\"564\"><tbody><tr><td colspan=\"2\" width=\"312\"><p><strong>Histoire \u2013 G\u00e9ographie<\/strong><\/p><\/td><td width=\"252\"><p><strong>Enseignement Moral et Civique <\/strong><\/p><p><strong>EMC <\/strong><\/p><\/td><\/tr><tr><td rowspan=\"3\" width=\"82\"><p>\u00a0<\/p><p>CM1<\/p><\/td><td width=\"230\"><p>Mme Randa Farhat<\/p><\/td><td width=\"252\"><p>Mme Randa Farhat<\/p><\/td><\/tr><tr><td width=\"230\"><p>Mme Rita Bou Rjeily<\/p><\/td><td width=\"252\"><p>Mme Rita Bou Rjeily<\/p><\/td><\/tr><tr><td width=\"230\"><p>Mme Th\u00e9r\u00e8se Faddoul<\/p><\/td><td width=\"252\"><p>Mme Th\u00e9r\u00e8se Faddoul<\/p><\/td><\/tr><tr><td width=\"82\"><p>CM2<\/p><\/td><td width=\"230\"><p>Mme Daniella Hannouch<\/p><\/td><td width=\"252\"><p>Mme Daniella Hannouch<\/p><\/td><\/tr><tr><td width=\"82\"><p>6<sup>\u00e8me<\/sup><\/p><\/td><td width=\"230\"><p>Mme Daniella Hannouch<\/p><\/td><td width=\"252\"><p>Mme Daniella Hannouch<\/p><\/td><\/tr><tr><td rowspan=\"2\" width=\"82\"><p>5<sup>\u00e8me<\/sup><\/p><\/td><td width=\"230\"><p>Mme Daniella Hannouch<\/p><\/td><td width=\"252\"><p>Mme Daniella Hannouch<\/p><\/td><\/tr><tr><td width=\"230\"><p>Mme Rania Abi Khalil<\/p><\/td><td width=\"252\"><p>Mme Rania Abi Khalil<\/p><\/td><\/tr><tr><td rowspan=\"2\" width=\"82\"><p>4<sup>\u00e8me<\/sup><\/p><\/td><td width=\"230\"><p>Mme Amal Antoun\u00a0<\/p><\/td><td width=\"252\"><p>Mme Amal Antoun\u00a0<\/p><\/td><\/tr><tr><td width=\"230\"><p>Mme Rania Abi Khalil<\/p><\/td><td width=\"252\"><p>Mme Rania Abi Khalil<\/p><\/td><\/tr><tr><td rowspan=\"2\" width=\"82\"><p>3<sup>\u00e8me<\/sup><\/p><\/td><td width=\"230\"><p>Mme Amal Antoun<\/p><\/td><td width=\"252\"><p>Mme Amal Antoun<\/p><\/td><\/tr><tr><td width=\"230\"><p>Mme Rania Abi Khalil<\/p><\/td><td width=\"252\"><p>Mme Rania Abi Khalil<\/p><\/td><\/tr><tr><td width=\"82\"><p>2<sup>nde<\/sup><\/p><\/td><td width=\"230\"><p>Mme Amal Antoun<\/p><\/td><td width=\"252\"><p>Mme Amal Antoun<\/p><\/td><\/tr><tr><td width=\"82\"><p>1<sup>\u00e8re<\/sup><\/p><\/td><td width=\"230\"><p>Mme Maya Chkeir Ibrahim\u00a0<\/p><\/td><td width=\"252\"><p>Mme Maya Chkeir Ibrahim\u00a0<\/p><\/td><\/tr><tr><td rowspan=\"2\" width=\"82\"><p>Tle<\/p><\/td><td width=\"230\"><p>Mme Maya Chkeir Ibrahim\u00a0<\/p><\/td><td rowspan=\"2\" width=\"252\"><p>Mme Maya Chkeir Ibrahim\u00a0<\/p><\/td><\/tr><tr><td width=\"230\"><p>Mme Nada Touma Khairallah<\/p><\/td><\/tr><\/tbody><\/table>\t\t\t\t\t\t\t\t<\/div>\n\t\t\t\t<\/div>\n\t\t\t\t\t<\/div>\n\t\t<\/div>\n\t\t\t\t\t<\/div>\n\t\t<\/section>\n\t\t\t\t<\/div>\n\t\t","protected":false},"excerpt":{"rendered":"<p>Pr\u00e9sentation du D\u00e9partement d&rsquo;Hist-G\u00e9o et EMC \u00ab Le bl\u00e9 en herbe de la recherche historique se nourrit de g\u00e9ographie et par l\u00e0-m\u00eame nourrit la g\u00e9ographie \u00bb &#8211; Jean-Robert Pitte L&rsquo;unit\u00e9 p\u00e9dagogique de l&rsquo;histoire et de la g\u00e9ographie prend toute sa valeur avec l&rsquo;int\u00e9gration de l&rsquo;histoire dans la g\u00e9ographie.\u00a0Le mariage entre l\u2019histoire et la g\u00e9ographie a [&hellip;]<\/p>\n","protected":false},"author":1,"featured_media":0,"parent":0,"menu_order":0,"comment_status":"closed","ping_status":"closed","template":"","meta":{"footnotes":""},"class_list":["post-1196","page","type-page","status-publish","hentry"],"_links":{"self":[{"href":"https:\/\/sagessesjb.edu.lb\/fr\/wp-json\/wp\/v2\/pages\/1196","targetHints":{"allow":["GET"]}}],"collection":[{"href":"https:\/\/sagessesjb.edu.lb\/fr\/wp-json\/wp\/v2\/pages"}],"about":[{"href":"https:\/\/sagessesjb.edu.lb\/fr\/wp-json\/wp\/v2\/types\/page"}],"author":[{"embeddable":true,"href":"https:\/\/sagessesjb.edu.lb\/fr\/wp-json\/wp\/v2\/users\/1"}],"replies":[{"embeddable":true,"href":"https:\/\/sagessesjb.edu.lb\/fr\/wp-json\/wp\/v2\/comments?post=1196"}],"version-history":[{"count":40,"href":"https:\/\/sagessesjb.edu.lb\/fr\/wp-json\/wp\/v2\/pages\/1196\/revisions"}],"predecessor-version":[{"id":11134,"href":"https:\/\/sagessesjb.edu.lb\/fr\/wp-json\/wp\/v2\/pages\/1196\/revisions\/11134"}],"wp:attachment":[{"href":"https:\/\/sagessesjb.edu.lb\/fr\/wp-json\/wp\/v2\/media?parent=1196"}],"curies":[{"name":"wp","href":"https:\/\/api.w.org\/{rel}","templated":true}]}}