{"id":1191,"date":"2023-05-30T09:35:22","date_gmt":"2023-05-30T09:35:22","guid":{"rendered":"https:\/\/yerehost.com\/sagesse\/?page_id=1191"},"modified":"2024-09-12T11:00:03","modified_gmt":"2024-09-12T11:00:03","slug":"svt","status":"publish","type":"page","link":"https:\/\/sagessesjb.edu.lb\/fr\/svt\/","title":{"rendered":"SVT"},"content":{"rendered":"\t\t<div data-elementor-type=\"wp-page\" data-elementor-id=\"1191\" class=\"elementor elementor-1191\" data-elementor-post-type=\"page\">\n\t\t\t\t\t\t<section class=\"elementor-section elementor-top-section elementor-element elementor-element-613d8f5 elementor-section-boxed elementor-section-height-default elementor-section-height-default\" data-id=\"613d8f5\" data-element_type=\"section\" data-e-type=\"section\">\n\t\t\t\t\t\t<div class=\"elementor-container elementor-column-gap-default\">\n\t\t\t\t\t<div class=\"elementor-column elementor-col-100 elementor-top-column elementor-element elementor-element-2d441fe\" data-id=\"2d441fe\" data-element_type=\"column\" data-e-type=\"column\">\n\t\t\t<div class=\"elementor-widget-wrap elementor-element-populated\">\n\t\t\t\t\t\t<div class=\"elementor-element elementor-element-35f4e0f elementor-widget elementor-widget-heading\" data-id=\"35f4e0f\" data-element_type=\"widget\" data-e-type=\"widget\" data-widget_type=\"heading.default\">\n\t\t\t\t<div class=\"elementor-widget-container\">\n\t\t\t\t\t<h2 class=\"elementor-heading-title elementor-size-default\">Pr\u00e9sentation du D\u00e9partement d'SVT<\/h2>\t\t\t\t<\/div>\n\t\t\t\t<\/div>\n\t\t\t\t\t<\/div>\n\t\t<\/div>\n\t\t\t\t\t<\/div>\n\t\t<\/section>\n\t\t\t\t<section class=\"elementor-section elementor-top-section elementor-element elementor-element-b71892e elementor-section-boxed elementor-section-height-default elementor-section-height-default\" data-id=\"b71892e\" data-element_type=\"section\" data-e-type=\"section\">\n\t\t\t\t\t\t<div class=\"elementor-container elementor-column-gap-default\">\n\t\t\t\t\t<div class=\"elementor-column elementor-col-100 elementor-top-column elementor-element elementor-element-005ad48\" data-id=\"005ad48\" data-element_type=\"column\" data-e-type=\"column\">\n\t\t\t<div class=\"elementor-widget-wrap elementor-element-populated\">\n\t\t\t\t\t\t<div class=\"elementor-element elementor-element-dbbb40d elementor-widget elementor-widget-text-editor\" data-id=\"dbbb40d\" data-element_type=\"widget\" data-e-type=\"widget\" data-widget_type=\"text-editor.default\">\n\t\t\t\t<div class=\"elementor-widget-container\">\n\t\t\t\t\t\t\t\t\t<p>\u2018Rien dans la vie ne doit \u00eatre \u00e0 craindre, tout doit \u00eatre compris. Maintenant c\u2019est le moment de comprendre davantage, afin que nous puissions craindre moins.\u2019\u00a0 &#8211; Marie Curie<\/p><p>Les Sciences de la Vie et de la Terre \u00a0jouent un r\u00f4le fondamental dans la formation des \u00e9l\u00e8ves, en les initiant \u00e0 la compr\u00e9hension des ph\u00e9nom\u00e8nes naturels et biologiques qui fa\u00e7onnent notre plan\u00e8te et ses \u00e9cosyst\u00e8mes. Cet enseignement allie observation, exp\u00e9rimentation et r\u00e9flexion critique, tout en sensibilisant les \u00e9l\u00e8ves aux d\u00e9fis environnementaux tels que le changement climatique, la gestion des ressources naturelles et la pr\u00e9servation de la biodiversit\u00e9.<\/p><p>\u00c0 travers des approches th\u00e9oriques et pratiques, les \u00e9l\u00e8ves sont invit\u00e9s \u00e0 explorer le monde vivant et la Terre, \u00e0 mener des exp\u00e9riences et \u00e0 d\u00e9velopper une pens\u00e9e scientifique rigoureuse, ce qui les pr\u00e9pare \u00e0 poursuivre des \u00e9tudes sup\u00e9rieures dans divers domaines li\u00e9s aux sciences de la vie et de la terre.<\/p><p>Le Coll\u00e8ge \u00e9tant homologu\u00e9 avec le minist\u00e8re de l\u2019Education nationale fran\u00e7ais et celui de l\u2019Enseignement Sup\u00e9rieur de la Recherche, l\u2019enseignement des sciences y couvre surtout le programme fran\u00e7ais. Cependant en classe de troisi\u00e8me et en terminale (SV), nos \u00e9l\u00e8ves pr\u00e9sentent les examens officiels selon le programme libanais. Les programmations sont envisag\u00e9es et les manuels scolaires choisis dans l\u2019esprit et le respect des instructions officielles d\u00e9livr\u00e9es par les bulletins officiels (B.O) de l\u2019\u00e9tat fran\u00e7ais.<\/p>\t\t\t\t\t\t\t\t<\/div>\n\t\t\t\t<\/div>\n\t\t\t\t\t<\/div>\n\t\t<\/div>\n\t\t\t\t\t<\/div>\n\t\t<\/section>\n\t\t\t\t<section class=\"elementor-section elementor-top-section elementor-element elementor-element-089cd2c elementor-section-boxed elementor-section-height-default elementor-section-height-default\" data-id=\"089cd2c\" data-element_type=\"section\" data-e-type=\"section\">\n\t\t\t\t\t\t<div class=\"elementor-container elementor-column-gap-default\">\n\t\t\t\t\t<div class=\"elementor-column elementor-col-100 elementor-top-column elementor-element elementor-element-865d387\" data-id=\"865d387\" data-element_type=\"column\" data-e-type=\"column\">\n\t\t\t<div class=\"elementor-widget-wrap elementor-element-populated\">\n\t\t\t\t\t\t<div class=\"elementor-element elementor-element-2f73654 elementor-widget elementor-widget-heading\" data-id=\"2f73654\" data-element_type=\"widget\" data-e-type=\"widget\" data-widget_type=\"heading.default\">\n\t\t\t\t<div class=\"elementor-widget-container\">\n\t\t\t\t\t<h2 class=\"elementor-heading-title elementor-size-default\">Equipe de Travail<\/h2>\t\t\t\t<\/div>\n\t\t\t\t<\/div>\n\t\t\t\t\t<\/div>\n\t\t<\/div>\n\t\t\t\t\t<\/div>\n\t\t<\/section>\n\t\t\t\t<section class=\"elementor-section elementor-top-section elementor-element elementor-element-7148909 elementor-section-boxed elementor-section-height-default elementor-section-height-default\" data-id=\"7148909\" data-element_type=\"section\" data-e-type=\"section\">\n\t\t\t\t\t\t<div class=\"elementor-container elementor-column-gap-default\">\n\t\t\t\t\t<div class=\"elementor-column elementor-col-100 elementor-top-column elementor-element elementor-element-3a2ddd1\" data-id=\"3a2ddd1\" data-element_type=\"column\" data-e-type=\"column\">\n\t\t\t<div class=\"elementor-widget-wrap elementor-element-populated\">\n\t\t\t\t\t\t<div class=\"elementor-element elementor-element-43d8381 elementor-widget elementor-widget-text-editor\" data-id=\"43d8381\" data-element_type=\"widget\" data-e-type=\"widget\" data-widget_type=\"text-editor.default\">\n\t\t\t\t<div class=\"elementor-widget-container\">\n\t\t\t\t\t\t\t\t\t<p>\u00a0<\/p><p><strong>Coordinatrice : Mme Roula Sayah Aziz<\/strong><\/p><table><tbody><tr><td width=\"312\"><p>Enseignantes:\u00a0<\/p><\/td><td width=\"311\"><p>Classes<\/p><\/td><\/tr><tr><td width=\"312\"><p>Mme Roula Sayah Aziz\u00a0<\/p><\/td><td width=\"311\"><p>SV (bac lib)- Tle ens sc<\/p><\/td><\/tr><tr><td width=\"312\"><p>Mme Lara Sebaalany<\/p><\/td><td width=\"311\"><p>2<sup>nde<\/sup>&#8211; 1\u00e8re &#8211; SE &#8211; Tle<\/p><\/td><\/tr><tr><td width=\"312\"><p>Mme Pamela\u00a0Nasr<\/p><\/td><td width=\"311\"><p>4<sup>\u00e8me<\/sup> &#8211; 3<sup>\u00e8me<\/sup> &#8211; 2<sup>nde<\/sup> &#8211; 1<sup>\u00e8re<\/sup><\/p><\/td><\/tr><tr><td width=\"312\"><p>Mlle Mary Aoun\u00a0<\/p><\/td><td width=\"311\"><p>6<sup>\u00e8me<\/sup>, 5<sup>\u00e8me<\/sup>, 4 <sup>\u00e8me<\/sup>.<\/p><\/td><\/tr><tr><td width=\"312\"><p>Mme Micheline Eliane<\/p><\/td><td width=\"311\"><p>CM2 &#8211; 6<sup>\u00e8me<\/sup><\/p><\/td><\/tr><tr><td width=\"312\"><p>Mme Nohad Francis<\/p><p>Mme Rana Antoun<\/p><\/td><td width=\"311\"><p>CM1<\/p><\/td><\/tr><tr><td width=\"312\"><p>Mme Joumana Tabet\u00a0<\/p><p>Mme Christel Chammas<\/p><p>Mme Jouhaina Hakme<\/p><p>Mme Nancy Mansour<\/p><p>Mme Joanna Feghaly<\/p><\/td><td width=\"311\"><p>CE2<\/p><\/td><\/tr><tr><td width=\"312\"><p>Mme Rosie Nahhal<\/p><p>Mme Loulou Moubarak<\/p><p>Mme Sabine Zoghbi<\/p><p>Mme Roula Akl<\/p><\/td><td width=\"311\"><p>CE1<\/p><\/td><\/tr><tr><td width=\"312\"><p>Mme Rania Kalakesh<\/p><p>Mme Marie-Anne Salloum<\/p><p>Mme Marie-Antoinette Merhy<\/p><p>Mme Marylin Nawar<\/p><\/td><td width=\"311\"><p>CP<\/p><\/td><\/tr><\/tbody><\/table>\t\t\t\t\t\t\t\t<\/div>\n\t\t\t\t<\/div>\n\t\t\t\t\t<\/div>\n\t\t<\/div>\n\t\t\t\t\t<\/div>\n\t\t<\/section>\n\t\t\t\t<section class=\"elementor-section elementor-top-section elementor-element elementor-element-d674b43 elementor-hidden-desktop elementor-hidden-tablet elementor-section-boxed elementor-section-height-default elementor-section-height-default\" data-id=\"d674b43\" data-element_type=\"section\" data-e-type=\"section\">\n\t\t\t\t\t\t<div class=\"elementor-container elementor-column-gap-default\">\n\t\t\t\t\t<div class=\"elementor-column elementor-col-100 elementor-top-column elementor-element elementor-element-8217902\" data-id=\"8217902\" data-element_type=\"column\" data-e-type=\"column\">\n\t\t\t<div class=\"elementor-widget-wrap elementor-element-populated\">\n\t\t\t\t\t\t<div class=\"elementor-element elementor-element-cbaf828 elementor-widget elementor-widget-text-editor\" data-id=\"cbaf828\" data-element_type=\"widget\" data-e-type=\"widget\" data-widget_type=\"text-editor.default\">\n\t\t\t\t<div class=\"elementor-widget-container\">\n\t\t\t\t\t\t\t\t\t<p><strong>Coordinatrice : <\/strong>Mme Roula SAYAH AZIZ<\/p><p><strong>Enseignantes:<\/strong><\/p><ul><li><strong>Tle BL &#8211; SV:<\/strong> Mme Roula SAYAH AZIZ<\/li><li><strong>Tle BF &#8211; SE:<\/strong> Mme Lara SEBAALANY<\/li><li><strong>1\u00e8re:<\/strong> Mme Lara SEBAALANY et Mme Pamela NASR<\/li><li><strong>2nde:<\/strong> Mme Pamela NASR<\/li><li><strong>3\u00e8me:<\/strong> Mme Pamela NASR et Mme Lara CHAIBAN<\/li><li><strong>4\u00e8me:<\/strong> Mme Pamela NASR et Mme Jenny MERHEB<\/li><li><strong>5\u00e8me:<\/strong> Mme Pamela NASR et Mme Jenny MERHEB<\/li><li><strong>6\u00e8me:<\/strong> Mme Jenny MERHEB et Mme Micheline ELIANE<\/li><li><strong>CM2:<\/strong> Mme Jenny MERHEB et Mme Micheline ELIANE<\/li><li><strong>CM1:<\/strong> Mme Marie HADDAD, Mme Nohad FRANCIS et Mme Rana ANTOUN<\/li><li><strong>CE2:<\/strong> Mme Christelle CHAMMAS, Mme Jouhaina HAKME, Mme Joumana TABET et Mme Nancy FAKHRY MANSOUR<\/li><li><strong>CE1:<\/strong> Mme Rosie NAHHAL, Mme Sabine ZOGHBI, Mme Loulou MOUBARAK et Mme Roula ROUPHAEL AKL<\/li><li><strong>CP:<\/strong> Mme Marie Antoinette MERHI, Mme Rania KALAKECH, Mme Marie Anne SALLOUM, Mme Joanna FEGHALI et Mme Marilyn NAWAR<\/li><\/ul>\t\t\t\t\t\t\t\t<\/div>\n\t\t\t\t<\/div>\n\t\t\t\t\t<\/div>\n\t\t<\/div>\n\t\t\t\t\t<\/div>\n\t\t<\/section>\n\t\t\t\t<\/div>\n\t\t","protected":false},"excerpt":{"rendered":"<p>Pr\u00e9sentation du D\u00e9partement d&rsquo;SVT \u2018Rien dans la vie ne doit \u00eatre \u00e0 craindre, tout doit \u00eatre compris. Maintenant c\u2019est le moment de comprendre davantage, afin que nous puissions craindre moins.\u2019\u00a0 &#8211; Marie Curie Les Sciences de la Vie et de la Terre \u00a0jouent un r\u00f4le fondamental dans la formation des \u00e9l\u00e8ves, en les initiant \u00e0 [&hellip;]<\/p>\n","protected":false},"author":1,"featured_media":0,"parent":0,"menu_order":0,"comment_status":"closed","ping_status":"closed","template":"","meta":{"footnotes":""},"class_list":["post-1191","page","type-page","status-publish","hentry"],"_links":{"self":[{"href":"https:\/\/sagessesjb.edu.lb\/fr\/wp-json\/wp\/v2\/pages\/1191","targetHints":{"allow":["GET"]}}],"collection":[{"href":"https:\/\/sagessesjb.edu.lb\/fr\/wp-json\/wp\/v2\/pages"}],"about":[{"href":"https:\/\/sagessesjb.edu.lb\/fr\/wp-json\/wp\/v2\/types\/page"}],"author":[{"embeddable":true,"href":"https:\/\/sagessesjb.edu.lb\/fr\/wp-json\/wp\/v2\/users\/1"}],"replies":[{"embeddable":true,"href":"https:\/\/sagessesjb.edu.lb\/fr\/wp-json\/wp\/v2\/comments?post=1191"}],"version-history":[{"count":34,"href":"https:\/\/sagessesjb.edu.lb\/fr\/wp-json\/wp\/v2\/pages\/1191\/revisions"}],"predecessor-version":[{"id":9700,"href":"https:\/\/sagessesjb.edu.lb\/fr\/wp-json\/wp\/v2\/pages\/1191\/revisions\/9700"}],"wp:attachment":[{"href":"https:\/\/sagessesjb.edu.lb\/fr\/wp-json\/wp\/v2\/media?parent=1191"}],"curies":[{"name":"wp","href":"https:\/\/api.w.org\/{rel}","templated":true}]}}