{"id":1180,"date":"2023-05-30T09:28:58","date_gmt":"2023-05-30T09:28:58","guid":{"rendered":"https:\/\/yerehost.com\/sagesse\/?page_id=1180"},"modified":"2026-02-05T11:32:19","modified_gmt":"2026-02-05T11:32:19","slug":"physique","status":"publish","type":"page","link":"https:\/\/sagessesjb.edu.lb\/fr\/physique\/","title":{"rendered":"Physique"},"content":{"rendered":"\t\t<div data-elementor-type=\"wp-page\" data-elementor-id=\"1180\" class=\"elementor elementor-1180\" data-elementor-post-type=\"page\">\n\t\t\t\t\t\t<section class=\"elementor-section elementor-top-section elementor-element elementor-element-3ad4212 elementor-section-boxed elementor-section-height-default elementor-section-height-default\" data-id=\"3ad4212\" data-element_type=\"section\" data-e-type=\"section\">\n\t\t\t\t\t\t<div class=\"elementor-container elementor-column-gap-default\">\n\t\t\t\t\t<div class=\"elementor-column elementor-col-100 elementor-top-column elementor-element elementor-element-bd2aea0\" data-id=\"bd2aea0\" data-element_type=\"column\" data-e-type=\"column\">\n\t\t\t<div class=\"elementor-widget-wrap elementor-element-populated\">\n\t\t\t\t\t\t<div class=\"elementor-element elementor-element-e2008cc elementor-widget elementor-widget-heading\" data-id=\"e2008cc\" data-element_type=\"widget\" data-e-type=\"widget\" data-widget_type=\"heading.default\">\n\t\t\t\t<div class=\"elementor-widget-container\">\n\t\t\t\t\t<h2 class=\"elementor-heading-title elementor-size-default\">Pr\u00e9sentation du D\u00e9partement de Physique<\/h2>\t\t\t\t<\/div>\n\t\t\t\t<\/div>\n\t\t\t\t\t<\/div>\n\t\t<\/div>\n\t\t\t\t\t<\/div>\n\t\t<\/section>\n\t\t\t\t<section class=\"elementor-section elementor-top-section elementor-element elementor-element-14213af elementor-section-boxed elementor-section-height-default elementor-section-height-default\" data-id=\"14213af\" data-element_type=\"section\" data-e-type=\"section\">\n\t\t\t\t\t\t<div class=\"elementor-container elementor-column-gap-default\">\n\t\t\t\t\t<div class=\"elementor-column elementor-col-50 elementor-top-column elementor-element elementor-element-8a73cb7\" data-id=\"8a73cb7\" data-element_type=\"column\" data-e-type=\"column\">\n\t\t\t<div class=\"elementor-widget-wrap elementor-element-populated\">\n\t\t\t\t\t\t<div class=\"elementor-element elementor-element-e2e8e57 elementor-widget elementor-widget-image\" data-id=\"e2e8e57\" data-element_type=\"widget\" data-e-type=\"widget\" data-widget_type=\"image.default\">\n\t\t\t\t<div class=\"elementor-widget-container\">\n\t\t\t\t\t\t\t\t\t\t\t\t\t\t\t<img fetchpriority=\"high\" decoding=\"async\" width=\"800\" height=\"561\" src=\"https:\/\/sagessesjb.edu.lb\/wp-content\/uploads\/2025\/12\/Untitled-1-01.jpg\" class=\"attachment-large size-large wp-image-11119\" alt=\"\" srcset=\"https:\/\/sagessesjb.edu.lb\/wp-content\/uploads\/2025\/12\/Untitled-1-01.jpg 914w, https:\/\/sagessesjb.edu.lb\/wp-content\/uploads\/2025\/12\/Untitled-1-01-300x210.jpg 300w, https:\/\/sagessesjb.edu.lb\/wp-content\/uploads\/2025\/12\/Untitled-1-01-768x539.jpg 768w, https:\/\/sagessesjb.edu.lb\/wp-content\/uploads\/2025\/12\/Untitled-1-01-600x421.jpg 600w\" sizes=\"(max-width: 800px) 100vw, 800px\" \/>\t\t\t\t\t\t\t\t\t\t\t\t\t\t\t<\/div>\n\t\t\t\t<\/div>\n\t\t\t\t\t<\/div>\n\t\t<\/div>\n\t\t\t\t<div class=\"elementor-column elementor-col-50 elementor-top-column elementor-element elementor-element-b3d446a\" data-id=\"b3d446a\" data-element_type=\"column\" data-e-type=\"column\">\n\t\t\t<div class=\"elementor-widget-wrap elementor-element-populated\">\n\t\t\t\t\t\t<div class=\"elementor-element elementor-element-c2d34b0 elementor-widget elementor-widget-image\" data-id=\"c2d34b0\" data-element_type=\"widget\" data-e-type=\"widget\" data-widget_type=\"image.default\">\n\t\t\t\t<div class=\"elementor-widget-container\">\n\t\t\t\t\t\t\t\t\t\t\t\t\t\t\t<img decoding=\"async\" width=\"800\" height=\"533\" src=\"https:\/\/sagessesjb.edu.lb\/wp-content\/uploads\/2025\/12\/Untitled-1-02.jpg\" class=\"attachment-large size-large wp-image-11120\" alt=\"\" srcset=\"https:\/\/sagessesjb.edu.lb\/wp-content\/uploads\/2025\/12\/Untitled-1-02.jpg 876w, https:\/\/sagessesjb.edu.lb\/wp-content\/uploads\/2025\/12\/Untitled-1-02-300x200.jpg 300w, https:\/\/sagessesjb.edu.lb\/wp-content\/uploads\/2025\/12\/Untitled-1-02-768x512.jpg 768w, https:\/\/sagessesjb.edu.lb\/wp-content\/uploads\/2025\/12\/Untitled-1-02-600x400.jpg 600w\" sizes=\"(max-width: 800px) 100vw, 800px\" \/>\t\t\t\t\t\t\t\t\t\t\t\t\t\t\t<\/div>\n\t\t\t\t<\/div>\n\t\t\t\t\t<\/div>\n\t\t<\/div>\n\t\t\t\t\t<\/div>\n\t\t<\/section>\n\t\t\t\t<section class=\"elementor-section elementor-top-section elementor-element elementor-element-5c4bae3 elementor-section-boxed elementor-section-height-default elementor-section-height-default\" data-id=\"5c4bae3\" data-element_type=\"section\" data-e-type=\"section\">\n\t\t\t\t\t\t<div class=\"elementor-container elementor-column-gap-default\">\n\t\t\t\t\t<div class=\"elementor-column elementor-col-100 elementor-top-column elementor-element elementor-element-5f4ec7c\" data-id=\"5f4ec7c\" data-element_type=\"column\" data-e-type=\"column\">\n\t\t\t<div class=\"elementor-widget-wrap elementor-element-populated\">\n\t\t\t\t\t\t<div class=\"elementor-element elementor-element-3b41d9d elementor-widget elementor-widget-text-editor\" data-id=\"3b41d9d\" data-element_type=\"widget\" data-e-type=\"widget\" data-widget_type=\"text-editor.default\">\n\t\t\t\t<div class=\"elementor-widget-container\">\n\t\t\t\t\t\t\t\t\t<p><em>La Physique\u00a0: Former des esprits capables de penser le monde de demain<\/em><\/p><p>Cette ann\u00e9e, le d\u00e9partement de Physique invite les \u00e9l\u00e8ves \u00e0 explorer la rencontre subtile entre intuition humaine et outils intelligents. Exp\u00e9riences, simulations et projets collaboratifs leur permettront d\u2019observer comment notre regard sur le monde \u00e9volue quand nos cr\u00e9ations technologiques deviennent des partenaires de r\u00e9flexion.<\/p><p>Fid\u00e8le \u00e0 son esprit d\u2019ouverture, la physique demeure pour chacun un espace o\u00f9 comprendre, questionner et agir vont de pair, r\u00e9v\u00e9lant que la v\u00e9ritable d\u00e9couverte na\u00eet autant de la mesure que du discernement.<\/p><p>Ensemble, poursuivons l\u2019aventure scientifique avec curiosit\u00e9 et Sagesse.<\/p>\t\t\t\t\t\t\t\t<\/div>\n\t\t\t\t<\/div>\n\t\t\t\t\t<\/div>\n\t\t<\/div>\n\t\t\t\t\t<\/div>\n\t\t<\/section>\n\t\t\t\t<section class=\"elementor-section elementor-top-section elementor-element elementor-element-932d9ba elementor-section-boxed elementor-section-height-default elementor-section-height-default\" data-id=\"932d9ba\" data-element_type=\"section\" data-e-type=\"section\">\n\t\t\t\t\t\t<div class=\"elementor-container elementor-column-gap-default\">\n\t\t\t\t\t<div class=\"elementor-column elementor-col-100 elementor-top-column elementor-element elementor-element-909925d\" data-id=\"909925d\" data-element_type=\"column\" data-e-type=\"column\">\n\t\t\t<div class=\"elementor-widget-wrap elementor-element-populated\">\n\t\t\t\t\t\t<div class=\"elementor-element elementor-element-6d12b0d elementor-widget elementor-widget-heading\" data-id=\"6d12b0d\" data-element_type=\"widget\" data-e-type=\"widget\" data-widget_type=\"heading.default\">\n\t\t\t\t<div class=\"elementor-widget-container\">\n\t\t\t\t\t<h2 class=\"elementor-heading-title elementor-size-default\">Equipe de Travail<\/h2>\t\t\t\t<\/div>\n\t\t\t\t<\/div>\n\t\t\t\t\t<\/div>\n\t\t<\/div>\n\t\t\t\t\t<\/div>\n\t\t<\/section>\n\t\t\t\t<section class=\"elementor-section elementor-top-section elementor-element elementor-element-c713ff4 elementor-hidden-desktop elementor-hidden-tablet elementor-section-boxed elementor-section-height-default elementor-section-height-default\" data-id=\"c713ff4\" data-element_type=\"section\" data-e-type=\"section\">\n\t\t\t\t\t\t<div class=\"elementor-container elementor-column-gap-default\">\n\t\t\t\t\t<div class=\"elementor-column elementor-col-100 elementor-top-column elementor-element elementor-element-23981fd\" data-id=\"23981fd\" data-element_type=\"column\" data-e-type=\"column\">\n\t\t\t<div class=\"elementor-widget-wrap elementor-element-populated\">\n\t\t\t\t\t\t<div class=\"elementor-element elementor-element-d1b0f92 elementor-widget elementor-widget-text-editor\" data-id=\"d1b0f92\" data-element_type=\"widget\" data-e-type=\"widget\" data-widget_type=\"text-editor.default\">\n\t\t\t\t<div class=\"elementor-widget-container\">\n\t\t\t\t\t\t\t\t\t<p><strong>Coordinatrice:<\/strong> Mme Carina COSTA<br \/><strong><br \/>Assistant de Labratoire au Cycle Secondaire:<\/strong> M. Jihad TANNOURY<br \/><strong><br \/>Assistante de Laboratoire au Cycle Compl\u00e9mentaire:<\/strong> Mme Adla TOUFIC<br \/><br \/><strong>Enseignants (Physique):<\/strong><\/p><ul><li><strong>Tle A, B et SV\/SG\/SG:<\/strong> M. Marc BOU ZEID<\/li><li><strong>Tle E:<\/strong> Mme Carine COSTA<\/li><li><strong>1\u00e8re:<\/strong> Mme Valentina BEJJANI<\/li><li><strong>2nde A:<\/strong> Mme Lara CHAYBAN<\/li><li><strong>2nde B\/C:<\/strong> Mme Joelle SALIBA<\/li><li><strong>3\u00e8me A\/B:<\/strong> Mme Joelle SALIBA<\/li><li><strong>3\u00e8me C\/D:<\/strong> Mme Maya BOU RJEILY<\/li><li><strong>4\u00e8me A\/B:<\/strong> Mme Lara CHAYBAN<\/li><li><strong>4\u00e8me C\/D:<\/strong> Mme Maya BOU RJEILY<\/li><li><strong>5\u00e8me A\/B:<\/strong> Mme Maya BOU RJEILY<\/li><li><strong>5\u00e8me C\/D:<\/strong> Mme Joelle SALIBA<\/li><\/ul><p><strong><br \/>Enseignants (Enseignement Scientifique):<\/strong><\/p><ul><li><strong>Tle A:<\/strong> Mme Carine COSTA<\/li><li><strong>Tle B:<\/strong> M. Marc BOUZEID<\/li><li><strong>Tle E:<\/strong> Mme Carina COSTA<\/li><li><strong>1\u00e8re A:<\/strong> M. Marc BOUZEID<\/li><li><strong>1\u00e8re B\/C:<\/strong> Mme Valentina BEJJANI<\/li><\/ul><p>\u00a0<\/p><p>\u00a0<\/p>\t\t\t\t\t\t\t\t<\/div>\n\t\t\t\t<\/div>\n\t\t\t\t\t<\/div>\n\t\t<\/div>\n\t\t\t\t\t<\/div>\n\t\t<\/section>\n\t\t\t\t<section class=\"elementor-section elementor-top-section elementor-element elementor-element-2ee24fb elementor-section-boxed elementor-section-height-default elementor-section-height-default\" data-id=\"2ee24fb\" data-element_type=\"section\" data-e-type=\"section\">\n\t\t\t\t\t\t<div class=\"elementor-container elementor-column-gap-default\">\n\t\t\t\t\t<div class=\"elementor-column elementor-col-100 elementor-top-column elementor-element elementor-element-d38faeb\" data-id=\"d38faeb\" data-element_type=\"column\" data-e-type=\"column\">\n\t\t\t<div class=\"elementor-widget-wrap elementor-element-populated\">\n\t\t\t\t\t\t<div class=\"elementor-element elementor-element-74d92e3 elementor-widget elementor-widget-text-editor\" data-id=\"74d92e3\" data-element_type=\"widget\" data-e-type=\"widget\" data-widget_type=\"text-editor.default\">\n\t\t\t\t<div class=\"elementor-widget-container\">\n\t\t\t\t\t\t\t\t\t<p><strong>Coordinatrice\u00a0:\u00a0\u00a0 Mme Carine Costa\u00a0<\/strong><\/p><table width=\"679\"><tbody><tr><td width=\"259\"><p>M. Jihad Tannoury<\/p><\/td><td width=\"420\"><p>Assistant de laboratoire au cycle secondaire.<\/p><\/td><\/tr><tr><td width=\"259\"><p>Mme Adla Toufic\u00a0<\/p><\/td><td width=\"420\"><p>Assistante de laboratoire au cycle compl\u00e9mentaire.<\/p><\/td><\/tr><\/tbody><\/table><table width=\"669\"><tbody><tr><td rowspan=\"2\" width=\"235\"><p><strong>Enseignant(e)<\/strong><\/p><\/td><td colspan=\"2\" width=\"435\"><p><strong>Classes enseign\u00e9es<\/strong><\/p><\/td><\/tr><tr><td width=\"280\"><p>Physique<\/p><\/td><td width=\"155\"><p>Enseignement Scientifique<\/p><\/td><\/tr><tr><td width=\"235\"><p>Mme Carine Costa<\/p><\/td><td width=\"280\"><p>Tle C<\/p><\/td><td width=\"155\"><p>&#8211;<\/p><\/td><\/tr><tr><td width=\"235\"><p>M. Marc Bou Zeid\u00a0<\/p><\/td><td width=\"280\"><p>Tle B, SV, SG, SE<\/p><\/td><td width=\"155\"><p>1re A<\/p><\/td><\/tr><tr><td width=\"235\"><p>Mme Valentina Bejjani<\/p><\/td><td width=\"280\"><p>1<sup>re<\/sup> A, B et D<\/p><\/td><td width=\"155\"><p>&#8211;<\/p><\/td><\/tr><tr><td width=\"235\"><p>Mme Lara Chayban<\/p><\/td><td width=\"280\"><p>&#8211;<\/p><\/td><td width=\"155\"><p>1re B et C<\/p><\/td><\/tr><tr><td width=\"235\"><p>Mme Maya Bou Rjeily<\/p><\/td><td width=\"280\"><p>5\u00e8me C et D et C, 4\u00e8me C, 3\u00e8me<\/p><p>A et B<\/p><\/td><td width=\"155\"><p>\u00a0&#8211;<\/p><\/td><\/tr><tr><td width=\"235\"><p>Mme Gretta Hleihel<\/p><p>Mme Rita Abi Nader<\/p><\/td><td width=\"280\"><p><span style=\"font-family: inherit; font-size: inherit;\">3\u00e8me C,D et E, 2nde A, B et C,\u00a0 1\u00e8re C<\/span><\/p><table><tbody><tr><td><p>5<sup>\u00e8me<\/sup> A et B, 4\u00e8me A et B<\/p><\/td><\/tr><\/tbody><\/table><\/td><td width=\"155\"><p>&#8211;<\/p><\/td><\/tr><\/tbody><\/table>\t\t\t\t\t\t\t\t<\/div>\n\t\t\t\t<\/div>\n\t\t\t\t\t<\/div>\n\t\t<\/div>\n\t\t\t\t\t<\/div>\n\t\t<\/section>\n\t\t\t\t<\/div>\n\t\t","protected":false},"excerpt":{"rendered":"<p>Pr\u00e9sentation du D\u00e9partement de Physique La Physique\u00a0: Former des esprits capables de penser le monde de demain Cette ann\u00e9e, le d\u00e9partement de Physique invite les \u00e9l\u00e8ves \u00e0 explorer la rencontre subtile entre intuition humaine et outils intelligents. Exp\u00e9riences, simulations et projets collaboratifs leur permettront d\u2019observer comment notre regard sur le monde \u00e9volue quand nos cr\u00e9ations [&hellip;]<\/p>\n","protected":false},"author":1,"featured_media":0,"parent":0,"menu_order":0,"comment_status":"closed","ping_status":"closed","template":"","meta":{"footnotes":""},"class_list":["post-1180","page","type-page","status-publish","hentry"],"_links":{"self":[{"href":"https:\/\/sagessesjb.edu.lb\/fr\/wp-json\/wp\/v2\/pages\/1180","targetHints":{"allow":["GET"]}}],"collection":[{"href":"https:\/\/sagessesjb.edu.lb\/fr\/wp-json\/wp\/v2\/pages"}],"about":[{"href":"https:\/\/sagessesjb.edu.lb\/fr\/wp-json\/wp\/v2\/types\/page"}],"author":[{"embeddable":true,"href":"https:\/\/sagessesjb.edu.lb\/fr\/wp-json\/wp\/v2\/users\/1"}],"replies":[{"embeddable":true,"href":"https:\/\/sagessesjb.edu.lb\/fr\/wp-json\/wp\/v2\/comments?post=1180"}],"version-history":[{"count":58,"href":"https:\/\/sagessesjb.edu.lb\/fr\/wp-json\/wp\/v2\/pages\/1180\/revisions"}],"predecessor-version":[{"id":11407,"href":"https:\/\/sagessesjb.edu.lb\/fr\/wp-json\/wp\/v2\/pages\/1180\/revisions\/11407"}],"wp:attachment":[{"href":"https:\/\/sagessesjb.edu.lb\/fr\/wp-json\/wp\/v2\/media?parent=1180"}],"curies":[{"name":"wp","href":"https:\/\/api.w.org\/{rel}","templated":true}]}}