{"id":1178,"date":"2023-05-30T09:28:39","date_gmt":"2023-05-30T09:28:39","guid":{"rendered":"https:\/\/yerehost.com\/sagesse\/?page_id=1178"},"modified":"2024-09-19T05:33:50","modified_gmt":"2024-09-19T05:33:50","slug":"mathematiques","status":"publish","type":"page","link":"https:\/\/sagessesjb.edu.lb\/fr\/mathematiques\/","title":{"rendered":"Math\u00e9matiques"},"content":{"rendered":"\t\t<div data-elementor-type=\"wp-page\" data-elementor-id=\"1178\" class=\"elementor elementor-1178\" data-elementor-post-type=\"page\">\n\t\t\t\t\t\t<section class=\"elementor-section elementor-top-section elementor-element elementor-element-c44dc3a elementor-section-boxed elementor-section-height-default elementor-section-height-default\" data-id=\"c44dc3a\" data-element_type=\"section\" data-e-type=\"section\">\n\t\t\t\t\t\t<div class=\"elementor-container elementor-column-gap-default\">\n\t\t\t\t\t<div class=\"elementor-column elementor-col-100 elementor-top-column elementor-element elementor-element-c6239fe\" data-id=\"c6239fe\" data-element_type=\"column\" data-e-type=\"column\">\n\t\t\t<div class=\"elementor-widget-wrap elementor-element-populated\">\n\t\t\t\t\t\t<div class=\"elementor-element elementor-element-264fb84 elementor-widget elementor-widget-heading\" data-id=\"264fb84\" data-element_type=\"widget\" data-e-type=\"widget\" data-widget_type=\"heading.default\">\n\t\t\t\t<div class=\"elementor-widget-container\">\n\t\t\t\t\t<h2 class=\"elementor-heading-title elementor-size-default\">Pr\u00e9sentation du D\u00e9partement de Math\u00e9matiques<\/h2>\t\t\t\t<\/div>\n\t\t\t\t<\/div>\n\t\t\t\t\t<\/div>\n\t\t<\/div>\n\t\t\t\t\t<\/div>\n\t\t<\/section>\n\t\t\t\t<section class=\"elementor-section elementor-top-section elementor-element elementor-element-265b624 elementor-section-boxed elementor-section-height-default elementor-section-height-default\" data-id=\"265b624\" data-element_type=\"section\" data-e-type=\"section\">\n\t\t\t\t\t\t<div class=\"elementor-container elementor-column-gap-default\">\n\t\t\t\t\t<div class=\"elementor-column elementor-col-100 elementor-top-column elementor-element elementor-element-022cc20\" data-id=\"022cc20\" data-element_type=\"column\" data-e-type=\"column\">\n\t\t\t<div class=\"elementor-widget-wrap elementor-element-populated\">\n\t\t\t\t\t\t<div class=\"elementor-element elementor-element-699e0c9 elementor-widget elementor-widget-text-editor\" data-id=\"699e0c9\" data-element_type=\"widget\" data-e-type=\"widget\" data-widget_type=\"text-editor.default\">\n\t\t\t\t<div class=\"elementor-widget-container\">\n\t\t\t\t\t\t\t\t\t<p>Le d\u00e9partement de math\u00e9matiques \u0153uvre pour forger l\u2019esprit des \u00e9l\u00e8ves afin qu\u2019ils sachent raisonner et qu\u2019ils soient capables de prendre une initiative dans tout probl\u00e8me donn\u00e9.<\/p><p>Il veille \u00e0 leur apprendre \u00e0 bien maitriser leur cours, \u00e0 \u00eatre m\u00e9thodiques, \u00e0 d\u00e9velopper leur raisonnement, leur capacit\u00e9 d\u2019analyse, leur esprit critique et la rigueur dans la r\u00e9daction des solutions aux probl\u00e8mes propos\u00e9s.<\/p><p>Il cherche aussi \u00e0 d\u00e9velopper leurs comp\u00e9tences dans la programmation.<\/p><p>En outre, il les met face \u00e0 des d\u00e9fis math\u00e9matiques de fa\u00e7on continue pour les entrainer \u00e0 prendre des initiatives et \u00e0 changer de pistes quand la m\u00e9thode adopt\u00e9e n\u2019aboutit pas.<\/p>\t\t\t\t\t\t\t\t<\/div>\n\t\t\t\t<\/div>\n\t\t\t\t\t<\/div>\n\t\t<\/div>\n\t\t\t\t\t<\/div>\n\t\t<\/section>\n\t\t\t\t<section class=\"elementor-section elementor-top-section elementor-element elementor-element-eddee58 elementor-hidden-mobile elementor-section-boxed elementor-section-height-default elementor-section-height-default\" data-id=\"eddee58\" data-element_type=\"section\" data-e-type=\"section\">\n\t\t\t\t\t\t<div class=\"elementor-container elementor-column-gap-default\">\n\t\t\t\t\t<div class=\"elementor-column elementor-col-100 elementor-top-column elementor-element elementor-element-5b41dc5\" data-id=\"5b41dc5\" data-element_type=\"column\" data-e-type=\"column\">\n\t\t\t<div class=\"elementor-widget-wrap elementor-element-populated\">\n\t\t\t\t\t\t<div class=\"elementor-element elementor-element-9ed7865 elementor-widget elementor-widget-heading\" data-id=\"9ed7865\" data-element_type=\"widget\" data-e-type=\"widget\" data-widget_type=\"heading.default\">\n\t\t\t\t<div class=\"elementor-widget-container\">\n\t\t\t\t\t<h2 class=\"elementor-heading-title elementor-size-default\">Equipe de Travail<\/h2>\t\t\t\t<\/div>\n\t\t\t\t<\/div>\n\t\t\t\t\t<\/div>\n\t\t<\/div>\n\t\t\t\t\t<\/div>\n\t\t<\/section>\n\t\t\t\t<section class=\"elementor-section elementor-top-section elementor-element elementor-element-6e7cf4f elementor-hidden-desktop elementor-hidden-tablet elementor-section-boxed elementor-section-height-default elementor-section-height-default\" data-id=\"6e7cf4f\" data-element_type=\"section\" data-e-type=\"section\">\n\t\t\t\t\t\t<div class=\"elementor-container elementor-column-gap-default\">\n\t\t\t\t\t<div class=\"elementor-column elementor-col-100 elementor-top-column elementor-element elementor-element-97127bc\" data-id=\"97127bc\" data-element_type=\"column\" data-e-type=\"column\">\n\t\t\t<div class=\"elementor-widget-wrap elementor-element-populated\">\n\t\t\t\t\t\t<div class=\"elementor-element elementor-element-1364a7d elementor-widget elementor-widget-heading\" data-id=\"1364a7d\" data-element_type=\"widget\" data-e-type=\"widget\" data-widget_type=\"heading.default\">\n\t\t\t\t<div class=\"elementor-widget-container\">\n\t\t\t\t\t<h2 class=\"elementor-heading-title elementor-size-default\">Equipe de Travail<\/h2>\t\t\t\t<\/div>\n\t\t\t\t<\/div>\n\t\t\t\t<div class=\"elementor-element elementor-element-5824325 elementor-widget elementor-widget-text-editor\" data-id=\"5824325\" data-element_type=\"widget\" data-e-type=\"widget\" data-widget_type=\"text-editor.default\">\n\t\t\t\t<div class=\"elementor-widget-container\">\n\t\t\t\t\t\t\t\t\t<p><strong>Coordinarice: <\/strong>Mme Marie BOU FADEL EL HELOU JALKH<\/p><p><strong>Enseignantes:<\/strong><\/p><ul><li><strong>Tle enrichi:<\/strong> Mme Marie BOU FADEL EL HELOU JALKH<\/li><li><strong>Tle B\/SV\/SG:<\/strong> Mme Clara KARAM ABOU NASR<\/li><li><strong>Tle SE:<\/strong> Mme Jessica DIB<\/li><li><strong>1\u00e8re Bac FR:<\/strong> Mme Clara KARAM ABOU NASR et Mme Joelle LAHOUD AYOUB<\/li><li><strong>1\u00e8re Bac LB:<\/strong> Mme Jessica DIB<\/li><li><strong>2nde:<\/strong> Mme Jessica DIB et Mme Joelle LAHOUD AYOUB<\/li><li><strong>3\u00e8me:<\/strong> Mme May AZAR et Mme Theresa BOU ABDALLAH<\/li><li><strong>4\u00e8me:<\/strong> Mme May AZAR, Mme Rita LAHOUD et Mme Theresa BOU ABDALLAH<\/li><li><strong>5\u00e8me:<\/strong> Mme Rita LAHOUD, Mme Rouba AZZI et Mme Sabine SAMARANI<\/li><li><strong>6\u00e8me:<\/strong> Mme Rita LAHOUD, Mme Rouba AZZI, Mme Sabine SAMARANI et Mme Nohad FRANCIS<\/li><li><strong>CM2:<\/strong> Mme Rana JOURDI et Mme Marie HADDAD<\/li><li><strong>CM1:<\/strong> Mme Nohad FRANCIS, Mme Rana JOURDI et Mme Marie HADDAD<\/li><\/ul><p>\u00a0<\/p><p>\u00a0<\/p><p>\u00a0<\/p>\t\t\t\t\t\t\t\t<\/div>\n\t\t\t\t<\/div>\n\t\t\t\t\t<\/div>\n\t\t<\/div>\n\t\t\t\t\t<\/div>\n\t\t<\/section>\n\t\t\t\t<section class=\"elementor-section elementor-top-section elementor-element elementor-element-91754b2 elementor-section-boxed elementor-section-height-default elementor-section-height-default\" data-id=\"91754b2\" data-element_type=\"section\" data-e-type=\"section\">\n\t\t\t\t\t\t<div class=\"elementor-container elementor-column-gap-default\">\n\t\t\t\t\t<div class=\"elementor-column elementor-col-100 elementor-top-column elementor-element elementor-element-884c28f\" data-id=\"884c28f\" data-element_type=\"column\" data-e-type=\"column\">\n\t\t\t<div class=\"elementor-widget-wrap elementor-element-populated\">\n\t\t\t\t\t\t<div class=\"elementor-element elementor-element-0c3f901 elementor-widget elementor-widget-text-editor\" data-id=\"0c3f901\" data-element_type=\"widget\" data-e-type=\"widget\" data-widget_type=\"text-editor.default\">\n\t\t\t\t<div class=\"elementor-widget-container\">\n\t\t\t\t\t\t\t\t\t<p><strong>Coordinarice<\/strong><\/p><p>Marie Bou Fadel El Helou Jalkh<\/p><p><strong>\u00a0<\/strong><\/p><table><tbody><tr><td width=\"349\"><p><strong>Enseignantes<\/strong><\/p><\/td><td width=\"274\"><p><strong>Classes<\/strong><\/p><\/td><\/tr><tr><td width=\"349\"><p>Marie Bou Fadel El Helou Jalkh<\/p><\/td><td width=\"274\"><p>Tle bac enrichi + maths expertes + maths compl\u00e9mentaires<\/p><\/td><\/tr><tr><td width=\"349\"><p>Clara Karam Abou Nasr<\/p><\/td><td width=\"274\"><p>Tle B- Tle SV-SG et premi\u00e8re (maths enseignement scientifique)<\/p><\/td><\/tr><tr><td width=\"349\"><p>Jessica Dib<\/p><\/td><td width=\"274\"><p>Seconde et premi\u00e8re (programme fran\u00e7ais et libanais)<\/p><\/td><\/tr><tr><td width=\"349\"><p>Joelle Lahoud Ayoub<\/p><\/td><td width=\"274\"><p>Seconde et premi\u00e8re (programme fran\u00e7ais)<\/p><\/td><\/tr><tr><td width=\"349\"><p>May Azar<\/p><\/td><td width=\"274\"><p>4<sup>\u00e8me <\/sup>et 3<sup>\u00e8me<\/sup><\/p><\/td><\/tr><tr><td width=\"349\"><p>Rita Lahoud<\/p><\/td><td width=\"274\"><p>5<sup>\u00e8me<\/sup> et 4<sup>\u00e8me<\/sup><\/p><\/td><\/tr><tr><td width=\"349\"><p>Th\u00e9r\u00e9sa Bou Abdallah<\/p><\/td><td width=\"274\"><p>4<sup>\u00e8me<\/sup> et 3<sup>\u00e8me<\/sup><\/p><\/td><\/tr><tr><td width=\"349\"><p>Rouba Azzi<\/p><\/td><td width=\"274\"><p>6<sup>\u00e8me<\/sup> et 4<sup>\u00e8me<\/sup><\/p><\/td><\/tr><tr><td width=\"349\"><p>Sabine Samarani<\/p><\/td><td width=\"274\"><p>6<sup>\u00e8me<\/sup> et 5<sup>\u00e8me<\/sup><\/p><\/td><\/tr><tr><td width=\"349\"><p>Nohad Francis<\/p><\/td><td width=\"274\"><p>CM1 et 6<sup>\u00e8me<\/sup><\/p><\/td><\/tr><tr><td width=\"349\"><p>Rana Jourdi<\/p><\/td><td width=\"274\"><p>CM1 et CM2<\/p><\/td><\/tr><tr><td width=\"349\"><p>Marie Haddad<\/p><\/td><td width=\"274\"><p>CM1 et CM2<\/p><\/td><\/tr><\/tbody><\/table>\t\t\t\t\t\t\t\t<\/div>\n\t\t\t\t<\/div>\n\t\t\t\t\t<\/div>\n\t\t<\/div>\n\t\t\t\t\t<\/div>\n\t\t<\/section>\n\t\t\t\t<section class=\"elementor-section elementor-top-section elementor-element elementor-element-2561b43 elementor-section-boxed elementor-section-height-default elementor-section-height-default\" data-id=\"2561b43\" data-element_type=\"section\" data-e-type=\"section\">\n\t\t\t\t\t\t<div class=\"elementor-container elementor-column-gap-default\">\n\t\t\t\t\t<div class=\"elementor-column elementor-col-100 elementor-top-column elementor-element elementor-element-3d41303\" data-id=\"3d41303\" data-element_type=\"column\" data-e-type=\"column\">\n\t\t\t<div class=\"elementor-widget-wrap elementor-element-populated\">\n\t\t\t\t\t\t<div class=\"elementor-element elementor-element-5b5647d elementor-widget elementor-widget-text-editor\" data-id=\"5b5647d\" data-element_type=\"widget\" data-e-type=\"widget\" data-widget_type=\"text-editor.default\">\n\t\t\t\t<div class=\"elementor-widget-container\">\n\t\t\t\t\t\t\t\t\t<p><strong>Horaire (heures\/semaine)<\/strong><\/p><p>CP\u00a0: 6<\/p><p>CE1\u00a0: 6<\/p><p>CE2\u00a0: 6<\/p><p>CM1: 6<\/p><p>CM2 : 6<\/p><p>6e :\u00a06<\/p><p>5e :\u00a06<\/p><p>4e : 6<\/p><p>3e : 6<\/p><p>2de : 6<\/p><p>1<sup>re<\/sup> bac fran\u00e7ais\u00a0sp\u00e9cialit\u00e9 maths : 7<\/p><p>1\u00e8re\u00a0bac fran\u00e7ais maths enseignement scientifique\u00a0:\u00a0 3 (pour les \u00e9l\u00e8ves n\u2019ayant pas choisi la sp\u00e9cialit\u00e9 maths)<\/p><p>1<sup>re<\/sup> bac libanais : 7<\/p><p>Tle bac fran\u00e7ais : 7<\/p><p>Tle bac fran\u00e7ais\u00a0enrichi 9 (7 heures de sp\u00e9cialit\u00e9s + 2 heures maths expertes)<\/p><p>Tle option maths compl\u00e9mentaires (2 heures)<\/p><p>SV : 5<\/p><p>SG:10<br \/><br \/><\/p><p><strong>Evaluations et examens<\/strong><\/p><p>Les \u00e9l\u00e8ves sont \u00e9valu\u00e9s sur les notions enseign\u00e9es tout au long de l\u2019ann\u00e9e.<br \/><br \/><\/p><p>Fr\u00e9quence des tests et des contr\u00f4les\u00a0:<\/p><p>Un ou deux tests et une \u00e9valuation par mois.<\/p><p>\u00a0<\/p><p>Les contr\u00f4les et les tests sont souvent pr\u00e9c\u00e9d\u00e9s de tests formatifs.<\/p><p>\u00a0<\/p><p><strong>Formations<\/strong><\/p><p>Les enseignants de math\u00e9matiques assistent \u00e0 des animations\u00a0et \u00e0 des stages propos\u00e9s par l\u2019AEFE.<\/p><p><strong>Ressources\u00a0et Liens\u00a0:<\/strong><\/p><p>RESSOURCES\u00a0:<\/p><p>Le d\u00e9partement de maths procure aux \u00e9l\u00e8ves des fiches de rem\u00e9diation, de consolidation et de r\u00e9vision tout au long de l\u2019ann\u00e9e.\u00a0<\/p><p>\u00a0<\/p><p><strong>LIENS UTILES\u00a0<\/strong><\/p><p>Pour les sujets de baccalaur\u00e9at fran\u00e7ais\u00a0et leurs corrig\u00e9s\u00a0: <a href=\"https:\/\/www.apmep.fr\/\">https:\/\/www.apmep.fr\/<\/a><\/p><p>\u00a0<\/p><p><strong>Projets\u00a0:<\/strong><\/p><p>Projets sur Excel et scratch travaill\u00e9s au coll\u00e8ge.<\/p><p>\u00a0<\/p><p>Projets sur Python travaill\u00e9s au lyc\u00e9e.<\/p><p>\u00a0<\/p>\t\t\t\t\t\t\t\t<\/div>\n\t\t\t\t<\/div>\n\t\t\t\t\t<\/div>\n\t\t<\/div>\n\t\t\t\t\t<\/div>\n\t\t<\/section>\n\t\t\t\t<\/div>\n\t\t","protected":false},"excerpt":{"rendered":"<p>Pr\u00e9sentation du D\u00e9partement de Math\u00e9matiques Le d\u00e9partement de math\u00e9matiques \u0153uvre pour forger l\u2019esprit des \u00e9l\u00e8ves afin qu\u2019ils sachent raisonner et qu\u2019ils soient capables de prendre une initiative dans tout probl\u00e8me donn\u00e9. Il veille \u00e0 leur apprendre \u00e0 bien maitriser leur cours, \u00e0 \u00eatre m\u00e9thodiques, \u00e0 d\u00e9velopper leur raisonnement, leur capacit\u00e9 d\u2019analyse, leur esprit critique et [&hellip;]<\/p>\n","protected":false},"author":1,"featured_media":0,"parent":0,"menu_order":0,"comment_status":"closed","ping_status":"closed","template":"","meta":{"footnotes":""},"class_list":["post-1178","page","type-page","status-publish","hentry"],"_links":{"self":[{"href":"https:\/\/sagessesjb.edu.lb\/fr\/wp-json\/wp\/v2\/pages\/1178","targetHints":{"allow":["GET"]}}],"collection":[{"href":"https:\/\/sagessesjb.edu.lb\/fr\/wp-json\/wp\/v2\/pages"}],"about":[{"href":"https:\/\/sagessesjb.edu.lb\/fr\/wp-json\/wp\/v2\/types\/page"}],"author":[{"embeddable":true,"href":"https:\/\/sagessesjb.edu.lb\/fr\/wp-json\/wp\/v2\/users\/1"}],"replies":[{"embeddable":true,"href":"https:\/\/sagessesjb.edu.lb\/fr\/wp-json\/wp\/v2\/comments?post=1178"}],"version-history":[{"count":34,"href":"https:\/\/sagessesjb.edu.lb\/fr\/wp-json\/wp\/v2\/pages\/1178\/revisions"}],"predecessor-version":[{"id":9794,"href":"https:\/\/sagessesjb.edu.lb\/fr\/wp-json\/wp\/v2\/pages\/1178\/revisions\/9794"}],"wp:attachment":[{"href":"https:\/\/sagessesjb.edu.lb\/fr\/wp-json\/wp\/v2\/media?parent=1178"}],"curies":[{"name":"wp","href":"https:\/\/api.w.org\/{rel}","templated":true}]}}