{"id":11681,"date":"2026-04-20T05:07:37","date_gmt":"2026-04-20T05:07:37","guid":{"rendered":"https:\/\/sagessesjb.edu.lb\/?page_id=11681"},"modified":"2026-04-20T09:14:13","modified_gmt":"2026-04-20T09:14:13","slug":"demande-dadmission-a-lecole-maternell","status":"publish","type":"page","link":"https:\/\/sagessesjb.edu.lb\/fr\/demande-dadmission-a-lecole-maternell\/","title":{"rendered":"Demande d&rsquo;admission \u00e0 l&rsquo;\u00e9cole maternelle"},"content":{"rendered":"\t\t<div data-elementor-type=\"wp-page\" data-elementor-id=\"11681\" class=\"elementor elementor-11681\" data-elementor-post-type=\"page\">\n\t\t\t\t\t\t<section class=\"elementor-section elementor-top-section elementor-element elementor-element-afb3085 elementor-section-boxed elementor-section-height-default elementor-section-height-default\" data-id=\"afb3085\" data-element_type=\"section\" data-e-type=\"section\">\n\t\t\t\t\t\t<div class=\"elementor-container elementor-column-gap-default\">\n\t\t\t\t\t<div class=\"elementor-column elementor-col-100 elementor-top-column elementor-element elementor-element-7c9b262\" data-id=\"7c9b262\" data-element_type=\"column\" data-e-type=\"column\">\n\t\t\t<div class=\"elementor-widget-wrap\">\n\t\t\t\t\t\t\t<\/div>\n\t\t<\/div>\n\t\t\t\t\t<\/div>\n\t\t<\/section>\n\t\t\t\t<section class=\"elementor-section elementor-top-section elementor-element elementor-element-c523f21 elementor-section-boxed elementor-section-height-default elementor-section-height-default\" data-id=\"c523f21\" data-element_type=\"section\" data-e-type=\"section\">\n\t\t\t\t\t\t<div class=\"elementor-container elementor-column-gap-default\">\n\t\t\t\t\t<div class=\"elementor-column elementor-col-100 elementor-top-column elementor-element elementor-element-720e2e2 elementor-invisible\" data-id=\"720e2e2\" data-element_type=\"column\" data-e-type=\"column\" data-settings=\"{&quot;background_background&quot;:&quot;classic&quot;,&quot;animation&quot;:&quot;fadeInUp&quot;}\">\n\t\t\t<div class=\"elementor-widget-wrap elementor-element-populated\">\n\t\t\t\t\t\t<div class=\"elementor-element elementor-element-8f6d1bb elementor-widget__width-initial elementor-widget elementor-widget-text-editor\" data-id=\"8f6d1bb\" data-element_type=\"widget\" data-e-type=\"widget\" data-widget_type=\"text-editor.default\">\n\t\t\t\t<div class=\"elementor-widget-container\">\n\t\t\t\t\t\t\t\t\t<p>Chers parents,<\/p><p>Vous souhaitez que votre enfant effectue ses \u00e9tudes \u00e0 la Sagesse section Saint Jean Brasilia (\u00e9tablissement homologu\u00e9 par le Minist\u00e8re fran\u00e7ais de l\u2019Education nationale et par le fait m\u00eame membre du r\u00e9seau scolaire qui rel\u00e8ve de l\u2019Agence pour l\u2019enseignement fran\u00e7ais \u00e0 l\u2019\u00e9tranger (AEFE).), nous vous remercions de la confiance que vous t\u00e9moignez \u00e0 l\u2019\u00e9gard de notre \u00e9tablissement et de l\u2019int\u00e9r\u00eat que vous portez \u00e0 notre\u00a0<a href=\"https:\/\/sagessesjb.edu.lb\/projet-educatif\/\">projet \u00e9ducatif.<\/a><\/p><p>La demande d\u2019admission sera ouverte en ligne \u00e0 partir du 12 janvier 2026.<\/p><p>Les tests d\u2019admission sont fix\u00e9s aux dates suivantes :<\/p><ul><li>Premier test : Samedi 7 f\u00e9vrier 2026.<\/li><li>Deuxi\u00e8me test : Samedi 28 mars 2026.<\/li><li>Troisi\u00e8me test : Semaine du 4 mai<\/li><\/ul><p>Vous \u00eates pri\u00e9s de suivre les \u00e9tapes suivantes pour la proc\u00e9dure d\u2019inscription\u00a0:<\/p>\t\t\t\t\t\t\t\t<\/div>\n\t\t\t\t<\/div>\n\t\t\t\t\t<\/div>\n\t\t<\/div>\n\t\t\t\t\t<\/div>\n\t\t<\/section>\n\t\t\t\t<section class=\"elementor-section elementor-top-section elementor-element elementor-element-ddab26f elementor-section-boxed elementor-section-height-default elementor-section-height-default\" data-id=\"ddab26f\" data-element_type=\"section\" data-e-type=\"section\">\n\t\t\t\t\t\t<div class=\"elementor-container elementor-column-gap-default\">\n\t\t\t\t\t<div class=\"elementor-column elementor-col-100 elementor-top-column elementor-element elementor-element-bef96b9\" data-id=\"bef96b9\" data-element_type=\"column\" data-e-type=\"column\">\n\t\t\t<div class=\"elementor-widget-wrap\">\n\t\t\t\t\t\t\t<\/div>\n\t\t<\/div>\n\t\t\t\t\t<\/div>\n\t\t<\/section>\n\t\t\t\t<section class=\"elementor-section elementor-top-section elementor-element elementor-element-1273c62 elementor-section-boxed elementor-section-height-default elementor-section-height-default\" data-id=\"1273c62\" data-element_type=\"section\" data-e-type=\"section\">\n\t\t\t\t\t\t<div class=\"elementor-container elementor-column-gap-default\">\n\t\t\t\t\t<div class=\"elementor-column elementor-col-100 elementor-top-column elementor-element elementor-element-d05fad4 elementor-invisible\" data-id=\"d05fad4\" data-element_type=\"column\" data-e-type=\"column\" data-settings=\"{&quot;background_background&quot;:&quot;classic&quot;,&quot;animation&quot;:&quot;fadeInUp&quot;}\">\n\t\t\t<div class=\"elementor-widget-wrap elementor-element-populated\">\n\t\t\t\t\t\t<div class=\"elementor-element elementor-element-e43124f elementor-widget elementor-widget-text-editor\" data-id=\"e43124f\" data-element_type=\"widget\" data-e-type=\"widget\" data-widget_type=\"text-editor.default\">\n\t\t\t\t<div class=\"elementor-widget-container\">\n\t\t\t\t\t\t\t\t\t<p><strong><u>ETAPE 1: INSCRIPTION EN LIGNE\u00a0<\/u><\/strong><\/p><p><strong>Formulaire rempli et documents annexes sur l\u2019adresse suivante\u00a0: <\/strong><a href=\"mailto:secretariat@sagessesjb.edu.lb\">secretariat@sagessesjb.edu.lb<\/a><\/p><ol><li>T\u00e9l\u00e9charger et remplir le\u00a0<a href=\"https:\/\/sagessesjbedu-my.sharepoint.com\/:b:\/g\/personal\/media_sagessesjb_edu_lb\/IQDxvt68c0pfTJCsCYaE63HpAdxJbp8-PsZmaYVq8SdrwXA?e=wUJUR1\">formulaire d\u2019inscription <\/a>des nouveaux.<\/li><li>Remplir\u00a0<a href=\"https:\/\/sagessesjbedu-my.sharepoint.com\/:b:\/g\/personal\/media_sagessesjb_edu_lb\/IQAElmi8uXWtQ4TAGO1_ITFCAbnO-eUXnqdV95rGSVSzkpE?e=bO2jcT\">la fiche d\u2019informations m\u00e9dicales<\/a>.<\/li><li>Joindre une copie scann\u00e9e (format :jpg ou pdf) de:<\/li><\/ol><ul><li>l\u2019extrait d\u2019\u00e9tat civil individuel r\u00e9cent de l\u2019enfant (\u00e0 partir du mois d\u2019<strong>octobre 2025<\/strong>).<\/li><li>pour la Grande Section, le bulletin de la derni\u00e8re ann\u00e9e.<\/li><li>une photo passeport r\u00e9cente.<\/li><li>une lettre de motivation pour les nouvelles familles.<\/li><li>le carnet de sant\u00e9 (l\u2019identification, la p\u00e9riode n\u00e9onatale, l\u2019hospitalisation et la vaccination).<\/li><li>pour la Moyenne et la Grande Section, une attestation scolaire (\u0627\u0641\u0627\u062f\u0629 \u0645\u062a\u0627\u0628\u0639\u0629) de l\u2019\u00e9cole actuelle doit \u00eatre fournie lors de l\u2019inscription.<\/li><\/ul><p><strong>NB<\/strong> : Le dossier d\u2019admission ne peut \u00eatre valid\u00e9 que s\u2019il est complet.<\/p><p><strong>Les demandes seront re\u00e7ues dans la limite des places disponibles<\/strong>.<\/p><p>La priorit\u00e9 est pour les Anciens du Coll\u00e8ge.<\/p>\t\t\t\t\t\t\t\t<\/div>\n\t\t\t\t<\/div>\n\t\t\t\t\t<\/div>\n\t\t<\/div>\n\t\t\t\t\t<\/div>\n\t\t<\/section>\n\t\t\t\t<section class=\"elementor-section elementor-top-section elementor-element elementor-element-ddd7bc7 elementor-section-boxed elementor-section-height-default elementor-section-height-default\" data-id=\"ddd7bc7\" data-element_type=\"section\" data-e-type=\"section\">\n\t\t\t\t\t\t<div class=\"elementor-container elementor-column-gap-default\">\n\t\t\t\t\t<div class=\"elementor-column elementor-col-100 elementor-top-column elementor-element elementor-element-df261fa\" data-id=\"df261fa\" data-element_type=\"column\" data-e-type=\"column\">\n\t\t\t<div class=\"elementor-widget-wrap\">\n\t\t\t\t\t\t\t<\/div>\n\t\t<\/div>\n\t\t\t\t\t<\/div>\n\t\t<\/section>\n\t\t\t\t<section class=\"elementor-section elementor-top-section elementor-element elementor-element-9625e2f elementor-section-boxed elementor-section-height-default elementor-section-height-default\" data-id=\"9625e2f\" data-element_type=\"section\" data-e-type=\"section\">\n\t\t\t\t\t\t<div class=\"elementor-container elementor-column-gap-default\">\n\t\t\t\t\t<div class=\"elementor-column elementor-col-100 elementor-top-column elementor-element elementor-element-4977696\" data-id=\"4977696\" data-element_type=\"column\" data-e-type=\"column\">\n\t\t\t<div class=\"elementor-widget-wrap\">\n\t\t\t\t\t\t\t<\/div>\n\t\t<\/div>\n\t\t\t\t\t<\/div>\n\t\t<\/section>\n\t\t\t\t<section class=\"elementor-section elementor-top-section elementor-element elementor-element-b58ba77 elementor-section-boxed elementor-section-height-default elementor-section-height-default\" data-id=\"b58ba77\" data-element_type=\"section\" data-e-type=\"section\">\n\t\t\t\t\t\t<div class=\"elementor-container elementor-column-gap-default\">\n\t\t\t\t\t<div class=\"elementor-column elementor-col-100 elementor-top-column elementor-element elementor-element-873eaeb elementor-invisible\" data-id=\"873eaeb\" data-element_type=\"column\" data-e-type=\"column\" data-settings=\"{&quot;background_background&quot;:&quot;classic&quot;,&quot;animation&quot;:&quot;fadeInUp&quot;}\">\n\t\t\t<div class=\"elementor-widget-wrap elementor-element-populated\">\n\t\t\t\t\t\t<div class=\"elementor-element elementor-element-640112b elementor-widget__width-initial elementor-widget elementor-widget-text-editor\" data-id=\"640112b\" data-element_type=\"widget\" data-e-type=\"widget\" data-widget_type=\"text-editor.default\">\n\t\t\t\t<div class=\"elementor-widget-container\">\n\t\t\t\t\t\t\t\t\t<p><strong><u>ETAPE 2: PRESENTATION DES DOCUMENTS<\/u><\/strong><\/p><p>En r\u00e9ponse \u00e0 votre demande, vous recevrez un appel ou un e-mail du secr\u00e9tariat vous demandant de venir, sur rendez-vous, remettre les documents requis et r\u00e9cup\u00e9rer la carte de convocation au test, et de passer au service de Comptabilit\u00e9 pour r\u00e9gler les frais du test d\u2019entr\u00e9e qui s\u2019\u00e9l\u00e8vent \u00e0 40$ (non-remboursables).<\/p>\t\t\t\t\t\t\t\t<\/div>\n\t\t\t\t<\/div>\n\t\t\t\t\t<\/div>\n\t\t<\/div>\n\t\t\t\t\t<\/div>\n\t\t<\/section>\n\t\t\t\t<section class=\"elementor-section elementor-top-section elementor-element elementor-element-d8400df elementor-section-boxed elementor-section-height-default elementor-section-height-default\" data-id=\"d8400df\" data-element_type=\"section\" data-e-type=\"section\">\n\t\t\t\t\t\t<div class=\"elementor-container elementor-column-gap-default\">\n\t\t\t\t\t<div class=\"elementor-column elementor-col-100 elementor-top-column elementor-element elementor-element-a7b7447\" data-id=\"a7b7447\" data-element_type=\"column\" data-e-type=\"column\">\n\t\t\t<div class=\"elementor-widget-wrap\">\n\t\t\t\t\t\t\t<\/div>\n\t\t<\/div>\n\t\t\t\t\t<\/div>\n\t\t<\/section>\n\t\t\t\t<section class=\"elementor-section elementor-top-section elementor-element elementor-element-c43ec79 elementor-section-boxed elementor-section-height-default elementor-section-height-default\" data-id=\"c43ec79\" data-element_type=\"section\" data-e-type=\"section\">\n\t\t\t\t\t\t<div class=\"elementor-container elementor-column-gap-default\">\n\t\t\t\t\t<div class=\"elementor-column elementor-col-100 elementor-top-column elementor-element elementor-element-322ebb3 elementor-invisible\" data-id=\"322ebb3\" data-element_type=\"column\" data-e-type=\"column\" data-settings=\"{&quot;background_background&quot;:&quot;classic&quot;,&quot;animation&quot;:&quot;fadeInUp&quot;}\">\n\t\t\t<div class=\"elementor-widget-wrap elementor-element-populated\">\n\t\t\t\t\t\t<div class=\"elementor-element elementor-element-2a65fcd elementor-widget elementor-widget-text-editor\" data-id=\"2a65fcd\" data-element_type=\"widget\" data-e-type=\"widget\" data-widget_type=\"text-editor.default\">\n\t\t\t\t<div class=\"elementor-widget-container\">\n\t\t\t\t\t\t\t\t\t<p><strong><u>ETAPE 3: TEST<\/u><\/strong><\/p><p>Le jour du test d\u2019entr\u00e9e, vous accompagnerez votre enfant au Petit Coll\u00e8ge \u2013 Porte n\u00b0 10, munis de la carte de convocation.<\/p>\t\t\t\t\t\t\t\t<\/div>\n\t\t\t\t<\/div>\n\t\t\t\t\t<\/div>\n\t\t<\/div>\n\t\t\t\t\t<\/div>\n\t\t<\/section>\n\t\t\t\t<section class=\"elementor-section elementor-top-section elementor-element elementor-element-cc61e40 elementor-section-boxed elementor-section-height-default elementor-section-height-default\" data-id=\"cc61e40\" data-element_type=\"section\" data-e-type=\"section\">\n\t\t\t\t\t\t<div class=\"elementor-container elementor-column-gap-default\">\n\t\t\t\t\t<div class=\"elementor-column elementor-col-100 elementor-top-column elementor-element elementor-element-60381c8 elementor-invisible\" data-id=\"60381c8\" data-element_type=\"column\" data-e-type=\"column\" data-settings=\"{&quot;background_background&quot;:&quot;classic&quot;,&quot;animation&quot;:&quot;fadeInUp&quot;}\">\n\t\t\t<div class=\"elementor-widget-wrap elementor-element-populated\">\n\t\t\t\t\t\t<div class=\"elementor-element elementor-element-badd38b elementor-widget__width-initial elementor-widget elementor-widget-text-editor\" data-id=\"badd38b\" data-element_type=\"widget\" data-e-type=\"widget\" data-widget_type=\"text-editor.default\">\n\t\t\t\t<div class=\"elementor-widget-container\">\n\t\t\t\t\t\t\t\t\t<p><strong><u>ETAPE 4: RESULTAT DU TEST ET CONFIRMATION DE L\u2019INSCRIPTION<\/u><\/strong><\/p><p>Les parents des \u00e9l\u00e8ves s\u00e9lectionn\u00e9s seront convi\u00e9s, sur rendez-vous, \u00e0 un entretien avec la responsable du cycle et avec le chef d\u2019\u00e9tablissement (pour les nouvelles familles).<\/p><p>Suite \u00e0 cette entrevue, les parents des \u00e9l\u00e8ves admis, passeront r\u00e9gler au service de la comptabilit\u00e9, les frais d\u2019ouverture du dossier et r\u00e9cup\u00e9rer du Secr\u00e9tariat le Bordereau d\u2019inscription.<\/p><p>En cas de d\u00e9sistement, cette somme ne sera pas rembours\u00e9e.<\/p>\t\t\t\t\t\t\t\t<\/div>\n\t\t\t\t<\/div>\n\t\t\t\t\t<\/div>\n\t\t<\/div>\n\t\t\t\t\t<\/div>\n\t\t<\/section>\n\t\t\t\t<section class=\"elementor-section elementor-top-section elementor-element elementor-element-9ced804 elementor-section-boxed elementor-section-height-default elementor-section-height-default\" data-id=\"9ced804\" data-element_type=\"section\" data-e-type=\"section\">\n\t\t\t\t\t\t<div class=\"elementor-container elementor-column-gap-default\">\n\t\t\t\t\t<div class=\"elementor-column elementor-col-100 elementor-top-column elementor-element elementor-element-b39f308\" data-id=\"b39f308\" data-element_type=\"column\" data-e-type=\"column\">\n\t\t\t<div class=\"elementor-widget-wrap\">\n\t\t\t\t\t\t\t<\/div>\n\t\t<\/div>\n\t\t\t\t\t<\/div>\n\t\t<\/section>\n\t\t\t\t<section class=\"elementor-section elementor-top-section elementor-element elementor-element-37c853b elementor-section-boxed elementor-section-height-default elementor-section-height-default\" data-id=\"37c853b\" data-element_type=\"section\" data-e-type=\"section\">\n\t\t\t\t\t\t<div class=\"elementor-container elementor-column-gap-default\">\n\t\t\t\t\t<div class=\"elementor-column elementor-col-100 elementor-top-column elementor-element elementor-element-f4635b0 elementor-invisible\" data-id=\"f4635b0\" data-element_type=\"column\" data-e-type=\"column\" data-settings=\"{&quot;background_background&quot;:&quot;classic&quot;,&quot;animation&quot;:&quot;fadeInUp&quot;}\">\n\t\t\t<div class=\"elementor-widget-wrap elementor-element-populated\">\n\t\t\t\t\t\t<div class=\"elementor-element elementor-element-baa7b40 elementor-widget elementor-widget-text-editor\" data-id=\"baa7b40\" data-element_type=\"widget\" data-e-type=\"widget\" data-widget_type=\"text-editor.default\">\n\t\t\t\t<div class=\"elementor-widget-container\">\n\t\t\t\t\t\t\t\t\t<p><strong><u>ETAPE 5\u00a0: DOCUMENT IMPORTANT A FOURNIR\u00a0APRES ADMISSION\u00a0:<\/u><\/strong><\/p><p>D\u00e8s que l\u2019enfant est admis et inscrit au Coll\u00e8ge, vous devrez obligatoirement fournir une attestation de fin d\u2019ann\u00e9e ( \u0627\u0641\u0627\u062f\u0629 \u0627\u0646\u0647\u0627\u0621 ), certifi\u00e9e par le Minist\u00e8re de l\u2019Education pour l\u2019ann\u00e9e scolaire 2025\/2026 au cours du mois de juillet 2026.<\/p><p>Pour toute information suppl\u00e9mentaire, veuillez nous contacter via l\u2019adresse e-mail<\/p><p><a href=\"mailto:secretariat@sagessesjb.edu.lb\">secretariat@sagessesjb.edu.lb<\/a> ou sur le 05\/451500 \u2013 451501.<\/p>\t\t\t\t\t\t\t\t<\/div>\n\t\t\t\t<\/div>\n\t\t\t\t\t<\/div>\n\t\t<\/div>\n\t\t\t\t\t<\/div>\n\t\t<\/section>\n\t\t\t\t<section class=\"elementor-section elementor-top-section elementor-element elementor-element-cd463a2 elementor-section-boxed elementor-section-height-default elementor-section-height-default\" data-id=\"cd463a2\" data-element_type=\"section\" data-e-type=\"section\">\n\t\t\t\t\t\t<div class=\"elementor-container elementor-column-gap-default\">\n\t\t\t\t\t<div class=\"elementor-column elementor-col-100 elementor-top-column elementor-element elementor-element-9384337\" data-id=\"9384337\" data-element_type=\"column\" data-e-type=\"column\">\n\t\t\t<div class=\"elementor-widget-wrap\">\n\t\t\t\t\t\t\t<\/div>\n\t\t<\/div>\n\t\t\t\t\t<\/div>\n\t\t<\/section>\n\t\t\t\t<section class=\"elementor-section elementor-top-section elementor-element elementor-element-a368667 elementor-section-boxed elementor-section-height-default elementor-section-height-default\" data-id=\"a368667\" data-element_type=\"section\" data-e-type=\"section\">\n\t\t\t\t\t\t<div class=\"elementor-container elementor-column-gap-default\">\n\t\t\t\t\t<div class=\"elementor-column elementor-col-100 elementor-top-column elementor-element elementor-element-2f7fe5f\" data-id=\"2f7fe5f\" data-element_type=\"column\" data-e-type=\"column\">\n\t\t\t<div class=\"elementor-widget-wrap\">\n\t\t\t\t\t\t\t<\/div>\n\t\t<\/div>\n\t\t\t\t\t<\/div>\n\t\t<\/section>\n\t\t\t\t<section class=\"elementor-section elementor-top-section elementor-element elementor-element-a21139d elementor-section-boxed elementor-section-height-default elementor-section-height-default\" data-id=\"a21139d\" data-element_type=\"section\" data-e-type=\"section\">\n\t\t\t\t\t\t<div class=\"elementor-container elementor-column-gap-default\">\n\t\t\t\t\t<div class=\"elementor-column elementor-col-100 elementor-top-column elementor-element elementor-element-5b36166\" data-id=\"5b36166\" data-element_type=\"column\" data-e-type=\"column\">\n\t\t\t<div class=\"elementor-widget-wrap\">\n\t\t\t\t\t\t\t<\/div>\n\t\t<\/div>\n\t\t\t\t\t<\/div>\n\t\t<\/section>\n\t\t\t\t<section class=\"elementor-section elementor-top-section elementor-element elementor-element-8476dfe elementor-section-boxed elementor-section-height-default elementor-section-height-default\" data-id=\"8476dfe\" data-element_type=\"section\" data-e-type=\"section\">\n\t\t\t\t\t\t<div class=\"elementor-container elementor-column-gap-default\">\n\t\t\t\t\t<div class=\"elementor-column elementor-col-100 elementor-top-column elementor-element elementor-element-9a8265f\" data-id=\"9a8265f\" data-element_type=\"column\" data-e-type=\"column\">\n\t\t\t<div class=\"elementor-widget-wrap elementor-element-populated\">\n\t\t\t\t\t\t<div class=\"elementor-element elementor-element-e707be1 elementor-widget elementor-widget-heading\" data-id=\"e707be1\" data-element_type=\"widget\" data-e-type=\"widget\" data-widget_type=\"heading.default\">\n\t\t\t\t<div class=\"elementor-widget-container\">\n\t\t\t\t\t<h2 class=\"elementor-heading-title elementor-size-default\">La Direction<\/h2>\t\t\t\t<\/div>\n\t\t\t\t<\/div>\n\t\t\t\t\t<\/div>\n\t\t<\/div>\n\t\t\t\t\t<\/div>\n\t\t<\/section>\n\t\t\t\t<\/div>\n\t\t","protected":false},"excerpt":{"rendered":"<p>Chers parents, Vous souhaitez que votre enfant effectue ses \u00e9tudes \u00e0 la Sagesse section Saint Jean Brasilia (\u00e9tablissement homologu\u00e9 par le Minist\u00e8re fran\u00e7ais de l\u2019Education nationale et par le fait m\u00eame membre du r\u00e9seau scolaire qui rel\u00e8ve de l\u2019Agence pour l\u2019enseignement fran\u00e7ais \u00e0 l\u2019\u00e9tranger (AEFE).), nous vous remercions de la confiance que vous t\u00e9moignez \u00e0 [&hellip;]<\/p>\n","protected":false},"author":1,"featured_media":0,"parent":0,"menu_order":0,"comment_status":"closed","ping_status":"closed","template":"","meta":{"footnotes":""},"class_list":["post-11681","page","type-page","status-publish","hentry"],"_links":{"self":[{"href":"https:\/\/sagessesjb.edu.lb\/fr\/wp-json\/wp\/v2\/pages\/11681","targetHints":{"allow":["GET"]}}],"collection":[{"href":"https:\/\/sagessesjb.edu.lb\/fr\/wp-json\/wp\/v2\/pages"}],"about":[{"href":"https:\/\/sagessesjb.edu.lb\/fr\/wp-json\/wp\/v2\/types\/page"}],"author":[{"embeddable":true,"href":"https:\/\/sagessesjb.edu.lb\/fr\/wp-json\/wp\/v2\/users\/1"}],"replies":[{"embeddable":true,"href":"https:\/\/sagessesjb.edu.lb\/fr\/wp-json\/wp\/v2\/comments?post=11681"}],"version-history":[{"count":37,"href":"https:\/\/sagessesjb.edu.lb\/fr\/wp-json\/wp\/v2\/pages\/11681\/revisions"}],"predecessor-version":[{"id":11725,"href":"https:\/\/sagessesjb.edu.lb\/fr\/wp-json\/wp\/v2\/pages\/11681\/revisions\/11725"}],"wp:attachment":[{"href":"https:\/\/sagessesjb.edu.lb\/fr\/wp-json\/wp\/v2\/media?parent=11681"}],"curies":[{"name":"wp","href":"https:\/\/api.w.org\/{rel}","templated":true}]}}