{"id":1160,"date":"2023-05-30T09:12:01","date_gmt":"2023-05-30T09:12:01","guid":{"rendered":"https:\/\/yerehost.com\/sagesse\/?page_id=1160"},"modified":"2024-09-13T07:15:45","modified_gmt":"2024-09-13T07:15:45","slug":"francais","status":"publish","type":"page","link":"https:\/\/sagessesjb.edu.lb\/fr\/francais\/","title":{"rendered":"Fran\u00e7ais"},"content":{"rendered":"\t\t<div data-elementor-type=\"wp-page\" data-elementor-id=\"1160\" class=\"elementor elementor-1160\" data-elementor-post-type=\"page\">\n\t\t\t\t\t\t<section class=\"elementor-section elementor-top-section elementor-element elementor-element-cdb29ef elementor-section-boxed elementor-section-height-default elementor-section-height-default\" data-id=\"cdb29ef\" data-element_type=\"section\" data-e-type=\"section\">\n\t\t\t\t\t\t<div class=\"elementor-container elementor-column-gap-default\">\n\t\t\t\t\t<div class=\"elementor-column elementor-col-100 elementor-top-column elementor-element elementor-element-6e62622\" data-id=\"6e62622\" data-element_type=\"column\" data-e-type=\"column\">\n\t\t\t<div class=\"elementor-widget-wrap elementor-element-populated\">\n\t\t\t\t\t\t<div class=\"elementor-element elementor-element-5d787ff elementor-widget elementor-widget-heading\" data-id=\"5d787ff\" data-element_type=\"widget\" data-e-type=\"widget\" data-widget_type=\"heading.default\">\n\t\t\t\t<div class=\"elementor-widget-container\">\n\t\t\t\t\t<h2 class=\"elementor-heading-title elementor-size-default\">Pr\u00e9sentation du D\u00e9partement de Fran\u00e7ais<\/h2>\t\t\t\t<\/div>\n\t\t\t\t<\/div>\n\t\t\t\t\t<\/div>\n\t\t<\/div>\n\t\t\t\t\t<\/div>\n\t\t<\/section>\n\t\t\t\t<section class=\"elementor-section elementor-top-section elementor-element elementor-element-8076393 elementor-section-boxed elementor-section-height-default elementor-section-height-default\" data-id=\"8076393\" data-element_type=\"section\" data-e-type=\"section\">\n\t\t\t\t\t\t<div class=\"elementor-container elementor-column-gap-default\">\n\t\t\t\t\t<div class=\"elementor-column elementor-col-100 elementor-top-column elementor-element elementor-element-40f13d0\" data-id=\"40f13d0\" data-element_type=\"column\" data-e-type=\"column\">\n\t\t\t<div class=\"elementor-widget-wrap elementor-element-populated\">\n\t\t\t\t\t\t<div class=\"elementor-element elementor-element-1146b5a elementor-widget elementor-widget-text-editor\" data-id=\"1146b5a\" data-element_type=\"widget\" data-e-type=\"widget\" data-widget_type=\"text-editor.default\">\n\t\t\t\t<div class=\"elementor-widget-container\">\n\t\t\t\t\t\t\t\t\t<p style=\"text-align: center;\"><em><strong>\u00ab La litt\u00e9rature est l&rsquo;essentiel, ou n&rsquo;est rien. \u00bb &#8211; <\/strong>Georges Bataille<\/em><\/p><p>Le D\u00e9partement de fran\u00e7ais a pour objectif de pr\u00e9senter et de diffuser la langue et la civilisation fran\u00e7aises et de fonctionner comme point de r\u00e9f\u00e9rence pour les professeurs et les \u00e9l\u00e8ves.<\/p><p>Le D\u00e9partement cherche \u00e0 cr\u00e9er un v\u00e9ritable petit coin francophone, pour renforcer les liens qui se tissent entre les personnes parlant cette merveilleuse langue.<\/p>\t\t\t\t\t\t\t\t<\/div>\n\t\t\t\t<\/div>\n\t\t\t\t\t<\/div>\n\t\t<\/div>\n\t\t\t\t\t<\/div>\n\t\t<\/section>\n\t\t\t\t<section class=\"elementor-section elementor-top-section elementor-element elementor-element-2d0dc7c elementor-section-boxed elementor-section-height-default elementor-section-height-default\" data-id=\"2d0dc7c\" data-element_type=\"section\" data-e-type=\"section\">\n\t\t\t\t\t\t<div class=\"elementor-container elementor-column-gap-default\">\n\t\t\t\t\t<div class=\"elementor-column elementor-col-100 elementor-top-column elementor-element elementor-element-67a2412\" data-id=\"67a2412\" data-element_type=\"column\" data-e-type=\"column\">\n\t\t\t<div class=\"elementor-widget-wrap elementor-element-populated\">\n\t\t\t\t\t\t<div class=\"elementor-element elementor-element-298028c elementor-widget elementor-widget-heading\" data-id=\"298028c\" data-element_type=\"widget\" data-e-type=\"widget\" data-widget_type=\"heading.default\">\n\t\t\t\t<div class=\"elementor-widget-container\">\n\t\t\t\t\t<h2 class=\"elementor-heading-title elementor-size-default\">Equipe de Travail<\/h2>\t\t\t\t<\/div>\n\t\t\t\t<\/div>\n\t\t\t\t\t<\/div>\n\t\t<\/div>\n\t\t\t\t\t<\/div>\n\t\t<\/section>\n\t\t\t\t<section class=\"elementor-section elementor-top-section elementor-element elementor-element-eb23b7c elementor-section-boxed elementor-section-height-default elementor-section-height-default\" data-id=\"eb23b7c\" data-element_type=\"section\" data-e-type=\"section\">\n\t\t\t\t\t\t<div class=\"elementor-container elementor-column-gap-default\">\n\t\t\t\t\t<div class=\"elementor-column elementor-col-100 elementor-top-column elementor-element elementor-element-77b1374\" data-id=\"77b1374\" data-element_type=\"column\" data-e-type=\"column\">\n\t\t\t<div class=\"elementor-widget-wrap elementor-element-populated\">\n\t\t\t\t\t\t<div class=\"elementor-element elementor-element-8cd27b6 elementor-widget elementor-widget-text-editor\" data-id=\"8cd27b6\" data-element_type=\"widget\" data-e-type=\"widget\" data-widget_type=\"text-editor.default\">\n\t\t\t\t<div class=\"elementor-widget-container\">\n\t\t\t\t\t\t\t\t\t<p><strong><u>D\u00e9partement de Fran\u00e7ais- 1er degr\u00e9<\/u><\/strong><\/p><p><strong><u>Coordinatrice <\/u><\/strong>: Shalimar El Wetter Aneid<\/p><table><tbody><tr><td width=\"328\"><p><strong><u>Enseignantes :<\/u><\/strong><\/p><\/td><td width=\"295\"><p><strong><u>Classes :<\/u><\/strong><\/p><\/td><\/tr><tr><td width=\"328\"><p>Rita Abou Rjeily<\/p><\/td><td width=\"295\"><p>CM2-CM1<\/p><\/td><\/tr><tr><td width=\"328\"><p>Th\u00e9r\u00e8se Faddoul<\/p><\/td><td width=\"295\"><p>CM2-CM1<\/p><\/td><\/tr><tr><td width=\"328\"><p>Randa Farhat<\/p><\/td><td width=\"295\"><p>CM1<\/p><\/td><\/tr><tr><td width=\"328\"><p>Christelle Chammas<\/p><\/td><td width=\"295\"><p>CE2<\/p><\/td><\/tr><tr><td width=\"328\"><p>Joumana Tabet<\/p><\/td><td width=\"295\"><p>CE2<\/p><\/td><\/tr><tr><td width=\"328\"><p>Jouhaina Hakm\u00e9<\/p><\/td><td width=\"295\"><p>CE2<\/p><\/td><\/tr><tr><td width=\"328\"><p>Nancy Fakhry Mansour<\/p><\/td><td width=\"295\"><p>CE2<\/p><\/td><\/tr><tr><td width=\"328\"><p>Joanna F\u00e9ghali<\/p><\/td><td width=\"295\"><p>CE2<\/p><\/td><\/tr><tr><td width=\"328\"><p>Rosie Nahhal<\/p><\/td><td width=\"295\"><p>CE1<\/p><\/td><\/tr><tr><td width=\"328\"><p>Sabine Zoghby<\/p><\/td><td width=\"295\"><p>CE1<\/p><\/td><\/tr><tr><td width=\"328\"><p>Loulou Moubarak<\/p><\/td><td width=\"295\"><p>CE1<\/p><\/td><\/tr><tr><td width=\"328\"><p>Roula Rouphael Akl<\/p><\/td><td width=\"295\"><p>CE1<\/p><\/td><\/tr><tr><td width=\"328\"><p>Marie-Antoinette Merhy<\/p><\/td><td width=\"295\"><p>CP<\/p><\/td><\/tr><tr><td width=\"328\"><p>Rania Kalakech<\/p><\/td><td width=\"295\"><p>CP<\/p><\/td><\/tr><tr><td width=\"328\"><p>Marie-Anne Salloum<\/p><\/td><td width=\"295\"><p>CP<\/p><\/td><\/tr><tr><td width=\"328\"><p>Marilyn Nawar<\/p><\/td><td width=\"295\"><p>CP<\/p><\/td><\/tr><tr><td width=\"328\"><p>Samar Mahouli<\/p><\/td><td width=\"295\"><p>GS<\/p><\/td><\/tr><tr><td width=\"328\"><p>Sylvia Gebrael<\/p><\/td><td width=\"295\"><p>GS<\/p><\/td><\/tr><tr><td width=\"328\"><p>Maya H\u00e9lou<\/p><\/td><td width=\"295\"><p>GS<\/p><\/td><\/tr><tr><td width=\"328\"><p>Grace Jabbour<\/p><\/td><td width=\"295\"><p>GS<\/p><\/td><\/tr><tr><td width=\"328\"><p>Antonella Armado<\/p><\/td><td width=\"295\"><p>GS<\/p><\/td><\/tr><tr><td width=\"328\"><p>Jacqueline Sayegh<\/p><\/td><td width=\"295\"><p>MS<\/p><\/td><\/tr><tr><td width=\"328\"><p>Fadia Zeitouny<\/p><\/td><td width=\"295\"><p>MS<\/p><\/td><\/tr><tr><td width=\"328\"><p>Pascale Younes<\/p><\/td><td width=\"295\"><p>MS<\/p><\/td><\/tr><tr><td width=\"328\"><p>Doris Khoueiry<\/p><\/td><td width=\"295\"><p>MS<\/p><\/td><\/tr><tr><td width=\"328\"><p>Nathalie Jarjoura<\/p><\/td><td width=\"295\"><p>PS<\/p><\/td><\/tr><tr><td width=\"328\"><p>Nicole Bedran<\/p><\/td><td width=\"295\"><p>PS<\/p><\/td><\/tr><tr><td width=\"328\"><p>Tania Asmar<\/p><\/td><td width=\"295\"><p>PS<\/p><\/td><\/tr><tr><td width=\"328\"><p>Carole Elias<\/p><\/td><td width=\"295\"><p>PS<\/p><\/td><\/tr><\/tbody><\/table><p>\u00a0<\/p><p><strong><u>D\u00e9partement de Fran\u00e7ais- 2<sup>d<\/sup> degr\u00e9<\/u><\/strong><\/p><p><strong><u>Coordinatrice <\/u><\/strong>: Ghada Eliane Khachan<\/p><table><tbody><tr><td width=\"327\"><p><strong><u>Enseignantes:<\/u><\/strong><\/p><\/td><td width=\"297\"><p><strong><u>Classes:<\/u><\/strong><\/p><\/td><\/tr><tr><td width=\"327\"><p>Mathilde Hallit\u00a0<\/p><\/td><td width=\"297\"><p>SV-SG &#8211; 1<sup>\u00e8re<\/sup> BL &#8211; 4<sup>\u00e8me<\/sup><\/p><\/td><\/tr><tr><td width=\"327\"><p>Zeina Nasrallah<\/p><\/td><td width=\"297\"><p>1<sup>\u00e8re<\/sup> BF &#8211; HLP en Tle<\/p><\/td><\/tr><tr><td width=\"327\"><p>Julie Allam<\/p><\/td><td width=\"297\"><p>1<sup>\u00e8re<\/sup> BF<\/p><\/td><\/tr><tr><td width=\"327\"><p>Odile Maaz<\/p><\/td><td width=\"297\"><p>2<sup>de<\/sup> &#8211; HLP en 1<sup>\u00e8re<\/sup><\/p><\/td><\/tr><tr><td width=\"327\"><p>Ghada Massoud<\/p><\/td><td width=\"297\"><p>2<sup>de<\/sup> &#8211; 3<sup>\u00e8me<\/sup><\/p><\/td><\/tr><tr><td width=\"327\"><p>Shalimar Aneid\u00a0<\/p><\/td><td width=\"297\"><p>3<sup>\u00e8me<\/sup><\/p><\/td><\/tr><tr><td width=\"327\"><p>Solange Abi Aad<\/p><\/td><td width=\"297\"><p>3<sup>\u00e8me <\/sup>&#8211; 4<sup>\u00e8me<\/sup><\/p><\/td><\/tr><tr><td width=\"327\"><p>Maguy Sokhn\u00a0<\/p><\/td><td width=\"297\"><p>4<sup>\u00e8me <\/sup>&#8211; 5<sup>\u00e8me<\/sup><\/p><\/td><\/tr><tr><td width=\"327\"><p>C\u00e9line Berb\u00e9ry<\/p><\/td><td width=\"297\"><p>5<sup>\u00e8me <\/sup>&#8211; 6<sup>\u00e8me<\/sup><\/p><\/td><\/tr><tr><td width=\"327\"><p>Patricia H\u00e9lou<\/p><\/td><td width=\"297\"><p>5<sup>\u00e8me <\/sup>&#8211; 6<sup>\u00e8me<\/sup><\/p><\/td><\/tr><tr><td width=\"327\"><p>Joelle Abi Nader<\/p><\/td><td width=\"297\"><p>6<sup>\u00e8me<\/sup><\/p><\/td><\/tr><\/tbody><\/table>\t\t\t\t\t\t\t\t<\/div>\n\t\t\t\t<\/div>\n\t\t\t\t\t<\/div>\n\t\t<\/div>\n\t\t\t\t\t<\/div>\n\t\t<\/section>\n\t\t\t\t<\/div>\n\t\t","protected":false},"excerpt":{"rendered":"<p>Pr\u00e9sentation du D\u00e9partement de Fran\u00e7ais \u00ab La litt\u00e9rature est l&rsquo;essentiel, ou n&rsquo;est rien. \u00bb &#8211; Georges Bataille Le D\u00e9partement de fran\u00e7ais a pour objectif de pr\u00e9senter et de diffuser la langue et la civilisation fran\u00e7aises et de fonctionner comme point de r\u00e9f\u00e9rence pour les professeurs et les \u00e9l\u00e8ves. Le D\u00e9partement cherche \u00e0 cr\u00e9er un v\u00e9ritable [&hellip;]<\/p>\n","protected":false},"author":1,"featured_media":0,"parent":0,"menu_order":0,"comment_status":"closed","ping_status":"closed","template":"","meta":{"footnotes":""},"class_list":["post-1160","page","type-page","status-publish","hentry"],"_links":{"self":[{"href":"https:\/\/sagessesjb.edu.lb\/fr\/wp-json\/wp\/v2\/pages\/1160","targetHints":{"allow":["GET"]}}],"collection":[{"href":"https:\/\/sagessesjb.edu.lb\/fr\/wp-json\/wp\/v2\/pages"}],"about":[{"href":"https:\/\/sagessesjb.edu.lb\/fr\/wp-json\/wp\/v2\/types\/page"}],"author":[{"embeddable":true,"href":"https:\/\/sagessesjb.edu.lb\/fr\/wp-json\/wp\/v2\/users\/1"}],"replies":[{"embeddable":true,"href":"https:\/\/sagessesjb.edu.lb\/fr\/wp-json\/wp\/v2\/comments?post=1160"}],"version-history":[{"count":79,"href":"https:\/\/sagessesjb.edu.lb\/fr\/wp-json\/wp\/v2\/pages\/1160\/revisions"}],"predecessor-version":[{"id":9712,"href":"https:\/\/sagessesjb.edu.lb\/fr\/wp-json\/wp\/v2\/pages\/1160\/revisions\/9712"}],"wp:attachment":[{"href":"https:\/\/sagessesjb.edu.lb\/fr\/wp-json\/wp\/v2\/media?parent=1160"}],"curies":[{"name":"wp","href":"https:\/\/api.w.org\/{rel}","templated":true}]}}