{"id":1158,"date":"2023-05-30T09:10:57","date_gmt":"2023-05-30T09:10:57","guid":{"rendered":"https:\/\/yerehost.com\/sagesse\/?page_id=1158"},"modified":"2024-01-30T10:52:04","modified_gmt":"2024-01-30T10:52:04","slug":"aumonerie","status":"publish","type":"page","link":"https:\/\/sagessesjb.edu.lb\/fr\/aumonerie\/","title":{"rendered":"Aumonerie"},"content":{"rendered":"\t\t<div data-elementor-type=\"wp-page\" data-elementor-id=\"1158\" class=\"elementor elementor-1158\" data-elementor-post-type=\"page\">\n\t\t\t\t\t\t<section class=\"elementor-section elementor-top-section elementor-element elementor-element-9c37e37 elementor-section-boxed elementor-section-height-default elementor-section-height-default\" data-id=\"9c37e37\" data-element_type=\"section\" data-e-type=\"section\">\n\t\t\t\t\t\t<div class=\"elementor-container elementor-column-gap-default\">\n\t\t\t\t\t<div class=\"elementor-column elementor-col-100 elementor-top-column elementor-element elementor-element-a5b6ad1\" data-id=\"a5b6ad1\" data-element_type=\"column\" data-e-type=\"column\">\n\t\t\t<div class=\"elementor-widget-wrap elementor-element-populated\">\n\t\t\t\t\t\t<div class=\"elementor-element elementor-element-ec444da elementor-widget elementor-widget-heading\" data-id=\"ec444da\" data-element_type=\"widget\" data-e-type=\"widget\" data-widget_type=\"heading.default\">\n\t\t\t\t<div class=\"elementor-widget-container\">\n\t\t\t\t\t<h2 class=\"elementor-heading-title elementor-size-default\">Pr\u00e9sentation de l\u2019Aum\u00f4nerie<\/h2>\t\t\t\t<\/div>\n\t\t\t\t<\/div>\n\t\t\t\t\t<\/div>\n\t\t<\/div>\n\t\t\t\t\t<\/div>\n\t\t<\/section>\n\t\t\t\t<section class=\"elementor-section elementor-top-section elementor-element elementor-element-e6c4037 elementor-section-boxed elementor-section-height-default elementor-section-height-default\" data-id=\"e6c4037\" data-element_type=\"section\" data-e-type=\"section\">\n\t\t\t\t\t\t<div class=\"elementor-container elementor-column-gap-default\">\n\t\t\t\t\t<div class=\"elementor-column elementor-col-100 elementor-top-column elementor-element elementor-element-672b486\" data-id=\"672b486\" data-element_type=\"column\" data-e-type=\"column\">\n\t\t\t<div class=\"elementor-widget-wrap elementor-element-populated\">\n\t\t\t\t\t\t<div class=\"elementor-element elementor-element-a35edc4 elementor-widget elementor-widget-text-editor\" data-id=\"a35edc4\" data-element_type=\"widget\" data-e-type=\"widget\" data-widget_type=\"text-editor.default\">\n\t\t\t\t<div class=\"elementor-widget-container\">\n\t\t\t\t\t\t\t\t\t<p><strong>L\u2019Aum\u00f4nerie\u00a0 au Coll\u00e8ge se veut\u2026<\/strong><\/p><ul><li>\u00a0Un lieu de passage, d\u2019accueil large et gratuit, d\u2019\u00e9coute, de tol\u00e9rance. Les jeunes y sont accueillis et accept\u00e9s tels qu\u2019ils sont\u00a0; pour s\u2019exprimer en toute libert\u00e9, s\u2019affirmer personnellement, dans le respect de l\u2019autre, \u00eatre \u00e9cout\u00e9s, compris, aim\u00e9s, et \u00e0 travers cela vivre une exp\u00e9rience chr\u00e9tienne.<\/li><li>Un lieu pour agir, b\u00e2tir des projets, participer \u00e0 des actions de solidarit\u00e9, prendre des responsabilit\u00e9s et apprendre \u00e0 vivre ensemble.<\/li><li>Un lieu de rencontre, de r\u00e9flexion, de confrontation et de choix. C\u2019est en cheminant avec d\u2019autres, en rencontrant des adultes, que l\u2019on apprend \u00e0 avoir un esprit critique et se forger un discernement dans le monde o\u00f9 les propositions multiples peuvent d\u00e9sorienter.<\/li><li>Un lieu qui permet aux jeunes, de d\u00e9couvrir et d\u2019exp\u00e9rimenter une dimension de la vie en \u00c9glise par des temps forts, des week-ends, des camps, des marches, des actions de solidarit\u00e9 et des rencontres inter-groupes.<\/li><li>Un lieu o\u00f9 les jeunes peuvent \u00eatre entendus dans ce qu\u2019ils disent de l\u2019\u00e9cole. Mais aussi,un lieu pour les aider \u00e0 se sentir bien dans leur \u00e9tablissement et dans leur formation scolaire. Ceci implique des relations avec les acteurs de l\u2019Enseignement public.<\/li><li>Un lieu o\u00f9 l\u2019on propose aux jeunes d\u2019accueillir la Parole de Dieu et de d\u00e9couvrir une relation libre \u00e0 J\u00e9sus-Christ qui donne sens \u00e0 la vie.<\/li><li>Un lieu de c\u00e9l\u00e9bration, pour f\u00eater ce qui a \u00e9t\u00e9 v\u00e9cu, marquer des \u00e9tapes et des passages.\u00a0<\/li><\/ul>\t\t\t\t\t\t\t\t<\/div>\n\t\t\t\t<\/div>\n\t\t\t\t\t<\/div>\n\t\t<\/div>\n\t\t\t\t\t<\/div>\n\t\t<\/section>\n\t\t\t\t<section class=\"elementor-section elementor-top-section elementor-element elementor-element-fe1148e elementor-section-boxed elementor-section-height-default elementor-section-height-default\" data-id=\"fe1148e\" data-element_type=\"section\" data-e-type=\"section\">\n\t\t\t\t\t\t<div class=\"elementor-container elementor-column-gap-default\">\n\t\t\t\t\t<div class=\"elementor-column elementor-col-100 elementor-top-column elementor-element elementor-element-1a62dec\" data-id=\"1a62dec\" data-element_type=\"column\" data-e-type=\"column\">\n\t\t\t<div class=\"elementor-widget-wrap elementor-element-populated\">\n\t\t\t\t\t\t<div class=\"elementor-element elementor-element-bd26a0b elementor-widget elementor-widget-heading\" data-id=\"bd26a0b\" data-element_type=\"widget\" data-e-type=\"widget\" data-widget_type=\"heading.default\">\n\t\t\t\t<div class=\"elementor-widget-container\">\n\t\t\t\t\t<h2 class=\"elementor-heading-title elementor-size-default\">Equipe de Travail<\/h2>\t\t\t\t<\/div>\n\t\t\t\t<\/div>\n\t\t\t\t\t<\/div>\n\t\t<\/div>\n\t\t\t\t\t<\/div>\n\t\t<\/section>\n\t\t\t\t<section class=\"elementor-section elementor-top-section elementor-element elementor-element-e55e747 elementor-section-boxed elementor-section-height-default elementor-section-height-default\" data-id=\"e55e747\" data-element_type=\"section\" data-e-type=\"section\">\n\t\t\t\t\t\t<div class=\"elementor-container elementor-column-gap-default\">\n\t\t\t\t\t<div class=\"elementor-column elementor-col-100 elementor-top-column elementor-element elementor-element-fe1ed15\" data-id=\"fe1ed15\" data-element_type=\"column\" data-e-type=\"column\">\n\t\t\t<div class=\"elementor-widget-wrap elementor-element-populated\">\n\t\t\t\t\t\t<div class=\"elementor-element elementor-element-14d5a81 elementor-widget elementor-widget-text-editor\" data-id=\"14d5a81\" data-element_type=\"widget\" data-e-type=\"widget\" data-widget_type=\"text-editor.default\">\n\t\t\t\t<div class=\"elementor-widget-container\">\n\t\t\t\t\t\t\t\t\t<p><strong>Aum\u00f4nier g\u00e9n\u00e9ral: <\/strong>P\u00e8re Emile RAMY<\/p><p><strong>Accompagnatrice spirituelle: <\/strong>Soeur Mona-Marie BEJJANI<\/p><p><strong>Enseignants:<\/strong><\/p><ul><li><strong>Tle:<\/strong> Soeur Mona-Marie BEJJANI et P\u00e8re Mike MADI<\/li><li><strong>1\u00e8re:<\/strong> Soeur Mona-Marie BEJJANI et P\u00e8re Emile RAMY<\/li><li><strong>2nde:\u00a0<\/strong>Soeur Mona-Marie BEJJANI, P\u00e8re Mike MADI et Mme Viviane IBRAHIM<\/li><li><strong>3\u00e8me:<\/strong> P\u00e8re Emile RAMY et Mme Viviane IBRAHIM<\/li><li><strong>4\u00e8me:<\/strong> P\u00e8re Mike MADI et Mme Viviane IBRAHIM<\/li><li><strong>5\u00e8me:<\/strong> P\u00e8re Georges MOUFAWAD, Mme Rita JABRE et Mme Viviane IBRAHIM<\/li><li><strong>6\u00e8me:<\/strong> P\u00e8re Georges MOUFAWAD, Mme Rita JABRE et Mme Edith KMEID<\/li><li><strong>CM2:<\/strong> Mme Rita JABRE et Mme Edith KMEID<\/li><li><strong>CM1:<\/strong> Mme Rita JABRE et Mme Edith KMEID<\/li><li><strong>CE2:<\/strong> Mme Rita JABRE et Mme Edith KMEID<\/li><li><strong>CE1:<\/strong> Mme Rita JABRE et Mme Edith KMEID<\/li><li><strong>CP:<\/strong> Mme Rita JABRE et Mme Edith KMEID<\/li><li><strong>GS:<\/strong> Mme Nouhad BOU KHALIL et Mme Diana BAYDOUN<\/li><li><strong>MS:<\/strong> Mme Diana BAYDOUN et Mme Carla BAAKLINI<\/li><li><strong>PS:<\/strong> Mme Denise BOU KHALIL et Mme Carla BAAKLINI<\/li><li><strong>Ress et EBS:<\/strong> Mme Therese ISKANDAR<\/li><\/ul>\t\t\t\t\t\t\t\t<\/div>\n\t\t\t\t<\/div>\n\t\t\t\t\t<\/div>\n\t\t<\/div>\n\t\t\t\t\t<\/div>\n\t\t<\/section>\n\t\t\t\t<\/div>\n\t\t","protected":false},"excerpt":{"rendered":"<p>Pr\u00e9sentation de l\u2019Aum\u00f4nerie L\u2019Aum\u00f4nerie\u00a0 au Coll\u00e8ge se veut\u2026 \u00a0Un lieu de passage, d\u2019accueil large et gratuit, d\u2019\u00e9coute, de tol\u00e9rance. Les jeunes y sont accueillis et accept\u00e9s tels qu\u2019ils sont\u00a0; pour s\u2019exprimer en toute libert\u00e9, s\u2019affirmer personnellement, dans le respect de l\u2019autre, \u00eatre \u00e9cout\u00e9s, compris, aim\u00e9s, et \u00e0 travers cela vivre une exp\u00e9rience chr\u00e9tienne. Un lieu [&hellip;]<\/p>\n","protected":false},"author":1,"featured_media":0,"parent":0,"menu_order":0,"comment_status":"closed","ping_status":"closed","template":"","meta":{"footnotes":""},"class_list":["post-1158","page","type-page","status-publish","hentry"],"_links":{"self":[{"href":"https:\/\/sagessesjb.edu.lb\/fr\/wp-json\/wp\/v2\/pages\/1158","targetHints":{"allow":["GET"]}}],"collection":[{"href":"https:\/\/sagessesjb.edu.lb\/fr\/wp-json\/wp\/v2\/pages"}],"about":[{"href":"https:\/\/sagessesjb.edu.lb\/fr\/wp-json\/wp\/v2\/types\/page"}],"author":[{"embeddable":true,"href":"https:\/\/sagessesjb.edu.lb\/fr\/wp-json\/wp\/v2\/users\/1"}],"replies":[{"embeddable":true,"href":"https:\/\/sagessesjb.edu.lb\/fr\/wp-json\/wp\/v2\/comments?post=1158"}],"version-history":[{"count":13,"href":"https:\/\/sagessesjb.edu.lb\/fr\/wp-json\/wp\/v2\/pages\/1158\/revisions"}],"predecessor-version":[{"id":7977,"href":"https:\/\/sagessesjb.edu.lb\/fr\/wp-json\/wp\/v2\/pages\/1158\/revisions\/7977"}],"wp:attachment":[{"href":"https:\/\/sagessesjb.edu.lb\/fr\/wp-json\/wp\/v2\/media?parent=1158"}],"curies":[{"name":"wp","href":"https:\/\/api.w.org\/{rel}","templated":true}]}}