{"id":1150,"date":"2023-05-30T09:03:16","date_gmt":"2023-05-30T09:03:16","guid":{"rendered":"https:\/\/yerehost.com\/sagesse\/?page_id=1150"},"modified":"2023-08-08T18:39:12","modified_gmt":"2023-08-08T18:39:12","slug":"service-social","status":"publish","type":"page","link":"https:\/\/sagessesjb.edu.lb\/fr\/service-social\/","title":{"rendered":"Service Social"},"content":{"rendered":"\t\t<div data-elementor-type=\"wp-page\" data-elementor-id=\"1150\" class=\"elementor elementor-1150\" data-elementor-post-type=\"page\">\n\t\t\t\t\t\t<section class=\"elementor-section elementor-top-section elementor-element elementor-element-7c2d935 elementor-section-boxed elementor-section-height-default elementor-section-height-default\" data-id=\"7c2d935\" data-element_type=\"section\" data-e-type=\"section\">\n\t\t\t\t\t\t<div class=\"elementor-container elementor-column-gap-default\">\n\t\t\t\t\t<div class=\"elementor-column elementor-col-100 elementor-top-column elementor-element elementor-element-570e3d0\" data-id=\"570e3d0\" data-element_type=\"column\" data-e-type=\"column\">\n\t\t\t<div class=\"elementor-widget-wrap elementor-element-populated\">\n\t\t\t\t\t\t<div class=\"elementor-element elementor-element-afc1710 elementor-widget elementor-widget-heading\" data-id=\"afc1710\" data-element_type=\"widget\" data-e-type=\"widget\" data-widget_type=\"heading.default\">\n\t\t\t\t<div class=\"elementor-widget-container\">\n\t\t\t\t\t<h2 class=\"elementor-heading-title elementor-size-default\">Pr\u00e9sentation du Service Social<\/h2>\t\t\t\t<\/div>\n\t\t\t\t<\/div>\n\t\t\t\t\t<\/div>\n\t\t<\/div>\n\t\t\t\t\t<\/div>\n\t\t<\/section>\n\t\t\t\t<section class=\"elementor-section elementor-top-section elementor-element elementor-element-47463cf elementor-section-boxed elementor-section-height-default elementor-section-height-default\" data-id=\"47463cf\" data-element_type=\"section\" data-e-type=\"section\">\n\t\t\t\t\t\t<div class=\"elementor-container elementor-column-gap-default\">\n\t\t\t\t\t<div class=\"elementor-column elementor-col-100 elementor-top-column elementor-element elementor-element-abb336f\" data-id=\"abb336f\" data-element_type=\"column\" data-e-type=\"column\">\n\t\t\t<div class=\"elementor-widget-wrap elementor-element-populated\">\n\t\t\t\t\t\t<div class=\"elementor-element elementor-element-7b31ff2 elementor-widget elementor-widget-text-editor\" data-id=\"7b31ff2\" data-element_type=\"widget\" data-e-type=\"widget\" data-widget_type=\"text-editor.default\">\n\t\t\t\t<div class=\"elementor-widget-container\">\n\t\t\t\t\t\t\t\t\t<p><strong>Pourquoi le Service Social\u00a0?<\/strong><\/p><p>Le Service Social du Coll\u00e8ge de la Sagesse, cr\u00e9e en 1980, est l\u2019un des premiers \u00e0 avoir \u00e9t\u00e9 fond\u00e9 dans le secteur scolaire. Sa mission principale \u00e9tait d\u2019accompagner l\u2019enfant et sa famille ayant des difficult\u00e9s d\u2019ordre individuel, familial ou scolaire.<\/p><p>Au fil des ann\u00e9es, \u00e0 cause de la guerre, la situation socio-\u00e9conomique du pays se d\u00e9t\u00e9riore. Ceci se r\u00e9percute sur les familles qui se trouvent incapables d\u2019assurer tous les frais d\u2019enseignement de leurs enfants. C\u2019est dans cet objectif que l\u2019Assistante Sociale a \u00e9t\u00e9 charg\u00e9e de g\u00e9rer les bourses scolaires.<\/p><p>Ainsi, quelles que soient les difficult\u00e9s v\u00e9cues par ces familles, elles trouvent au Service Social \u00e9coute et soutien dans le respect de leur intimit\u00e9.<br \/><br \/><strong>Comment fonctionne le Service Social\u00a0?<\/strong><\/p><ul><li>Il a pour mission d&rsquo;accompagner l\u2019enfant et sa famille pr\u00e9sentant des difficult\u00e9s socio-\u00e9conomiques, et les aider \u00e0 pouvoir r\u00e9gler le montant de la scolarit\u00e9.<\/li><li>Il joue un r\u00f4le de m\u00e9diateur entre les familles et le milieu\u00a0 scolaire.<\/li><li>Il essaie \u00a0autant \u00a0que \u00a0possible de \u00a0trouver des r\u00e9ponses ad\u00e9quates aux diff\u00e9rents besoins exprim\u00e9s.<\/li><li>Il effectue les contacts avec les organismes sociaux.<\/li><li>Il oriente les personnes vers les ressources existantes.<\/li><\/ul><p><strong><br \/>Quels sont les moyens utilis\u00e9s ?<\/strong><\/p><ul><li>Accueil des familles ayant un probl\u00e8me d\u2019ordre socio-\u00e9conomique pour pr\u00e9senter une demande d\u2019aide.<\/li><li>Enqu\u00eate sociale avec la famille pour identifier les \u00a0besoins et les priorit\u00e9s.<\/li><li>Etude du dossier\u00a0 pour d\u00e9cider de l\u2019estimation d\u2019aide et\u00a0 de la proc\u00e9dure du paiement.<\/li><li>Visite \u00e0 domicile en cas de n\u00e9cessit\u00e9, dans le but de renforcer la relation de confiance et de pouvoir mieux conna\u00eetre la situation familiale.<\/li><li>Prise de d\u00e9cision de l\u2019aide octroy\u00e9e, approuv\u00e9e par le P\u00e8re Sup\u00e9rieur, et accord\u00e9e durant le troisi\u00e8me trimestre.<\/li><\/ul><p><strong><br \/>Qui assurent la couverture des montants des Bourses\u00a0?<\/strong><\/p><ul><li>Le Coll\u00e8ge \u00e9tablit un budget annuel pour les aides scolaires.<\/li><li>Les organismes sociaux locaux et \u00e9trangers pour aide scolaire (AEFE, Open Minds, Voix de la femme, Solidarity, Caritas, Arc en Ciel\u2026 ).<\/li><li>Les donateurs particuliers.<\/li><li>L\u2019organisation de certaines activit\u00e9s sociales (vente de douceurs, bazar de No\u00ebl et de P\u00e2ques\u2026).<\/li><\/ul><p><strong><br \/>Qui contacter\u00a0?<\/strong><\/p><ul><li>Assistante Sociale : Mme Roula Chami<\/li><li>Permanence au Coll\u00e8ge de La Sagesse : du Lundi au Vendredi de 7h30 \u00a0\u00e0 14h45.\u00a0<\/li><\/ul>\t\t\t\t\t\t\t\t<\/div>\n\t\t\t\t<\/div>\n\t\t\t\t\t<\/div>\n\t\t<\/div>\n\t\t\t\t\t<\/div>\n\t\t<\/section>\n\t\t\t\t<\/div>\n\t\t","protected":false},"excerpt":{"rendered":"<p>Pr\u00e9sentation du Service Social Pourquoi le Service Social\u00a0? Le Service Social du Coll\u00e8ge de la Sagesse, cr\u00e9e en 1980, est l\u2019un des premiers \u00e0 avoir \u00e9t\u00e9 fond\u00e9 dans le secteur scolaire. Sa mission principale \u00e9tait d\u2019accompagner l\u2019enfant et sa famille ayant des difficult\u00e9s d\u2019ordre individuel, familial ou scolaire. Au fil des ann\u00e9es, \u00e0 cause de [&hellip;]<\/p>\n","protected":false},"author":1,"featured_media":0,"parent":0,"menu_order":0,"comment_status":"closed","ping_status":"closed","template":"","meta":{"footnotes":""},"class_list":["post-1150","page","type-page","status-publish","hentry"],"_links":{"self":[{"href":"https:\/\/sagessesjb.edu.lb\/fr\/wp-json\/wp\/v2\/pages\/1150","targetHints":{"allow":["GET"]}}],"collection":[{"href":"https:\/\/sagessesjb.edu.lb\/fr\/wp-json\/wp\/v2\/pages"}],"about":[{"href":"https:\/\/sagessesjb.edu.lb\/fr\/wp-json\/wp\/v2\/types\/page"}],"author":[{"embeddable":true,"href":"https:\/\/sagessesjb.edu.lb\/fr\/wp-json\/wp\/v2\/users\/1"}],"replies":[{"embeddable":true,"href":"https:\/\/sagessesjb.edu.lb\/fr\/wp-json\/wp\/v2\/comments?post=1150"}],"version-history":[{"count":10,"href":"https:\/\/sagessesjb.edu.lb\/fr\/wp-json\/wp\/v2\/pages\/1150\/revisions"}],"predecessor-version":[{"id":4706,"href":"https:\/\/sagessesjb.edu.lb\/fr\/wp-json\/wp\/v2\/pages\/1150\/revisions\/4706"}],"wp:attachment":[{"href":"https:\/\/sagessesjb.edu.lb\/fr\/wp-json\/wp\/v2\/media?parent=1150"}],"curies":[{"name":"wp","href":"https:\/\/api.w.org\/{rel}","templated":true}]}}