{"id":1145,"date":"2023-05-30T09:01:59","date_gmt":"2023-05-30T09:01:59","guid":{"rendered":"https:\/\/yerehost.com\/sagesse\/?page_id=1145"},"modified":"2023-08-08T18:38:38","modified_gmt":"2023-08-08T18:38:38","slug":"bdd","status":"publish","type":"page","link":"https:\/\/sagessesjb.edu.lb\/fr\/bdd\/","title":{"rendered":"BDD"},"content":{"rendered":"\t\t<div data-elementor-type=\"wp-page\" data-elementor-id=\"1145\" class=\"elementor elementor-1145\" data-elementor-post-type=\"page\">\n\t\t\t\t\t\t<section class=\"elementor-section elementor-top-section elementor-element elementor-element-a268631 elementor-section-boxed elementor-section-height-default elementor-section-height-default\" data-id=\"a268631\" data-element_type=\"section\" data-e-type=\"section\">\n\t\t\t\t\t\t<div class=\"elementor-container elementor-column-gap-default\">\n\t\t\t\t\t<div class=\"elementor-column elementor-col-100 elementor-top-column elementor-element elementor-element-ecc6c37\" data-id=\"ecc6c37\" data-element_type=\"column\" data-e-type=\"column\">\n\t\t\t<div class=\"elementor-widget-wrap elementor-element-populated\">\n\t\t\t\t\t\t<div class=\"elementor-element elementor-element-da4cbd2 elementor-widget elementor-widget-heading\" data-id=\"da4cbd2\" data-element_type=\"widget\" data-e-type=\"widget\" data-widget_type=\"heading.default\">\n\t\t\t\t<div class=\"elementor-widget-container\">\n\t\t\t\t\t<h2 class=\"elementor-heading-title elementor-size-default\">Pr\u00e9sentation du Bureau de D\u00e9veloppement - B.D.D<\/h2>\t\t\t\t<\/div>\n\t\t\t\t<\/div>\n\t\t\t\t\t<\/div>\n\t\t<\/div>\n\t\t\t\t\t<\/div>\n\t\t<\/section>\n\t\t\t\t<section class=\"elementor-section elementor-top-section elementor-element elementor-element-355d402 elementor-section-boxed elementor-section-height-default elementor-section-height-default\" data-id=\"355d402\" data-element_type=\"section\" data-e-type=\"section\">\n\t\t\t\t\t\t<div class=\"elementor-container elementor-column-gap-default\">\n\t\t\t\t\t<div class=\"elementor-column elementor-col-100 elementor-top-column elementor-element elementor-element-62a2755\" data-id=\"62a2755\" data-element_type=\"column\" data-e-type=\"column\">\n\t\t\t<div class=\"elementor-widget-wrap elementor-element-populated\">\n\t\t\t\t\t\t<div class=\"elementor-element elementor-element-7016ca4 elementor-widget elementor-widget-text-editor\" data-id=\"7016ca4\" data-element_type=\"widget\" data-e-type=\"widget\" data-widget_type=\"text-editor.default\">\n\t\t\t\t<div class=\"elementor-widget-container\">\n\t\t\t\t\t\t\t\t\t<p>Le Bureau de D\u00e9veloppement (BDD) \u00e0 la Sagesse St. Jean Brasilia a pour but de mettre en place de nouveaux projets internes et externes.<\/p><p>Ces projets sont trait\u00e9s au sein de l\u2019\u00e9tablissement, comme par exemple la mise en place de partenariats avec des \u00e9coles \u00e0 l\u2019\u00e9tranger, l\u2019organisation d\u2019\u00e9v\u00e8nements \u00e0 titre p\u00e9dagogique et culturel, etc.<\/p><p>Les projets disposent d\u2019objectifs clairement d\u00e9finis, ce qui implique une analyse pr\u00e9alable des besoins ainsi qu\u2019une prise en compte des exigences et des ressources financi\u00e8res et humaines disponibles.<\/p><p>Le Bureau de D\u00e9veloppement a ainsi pour mission de favoriser le progr\u00e8s et l&rsquo;am\u00e9lioration continue de l&rsquo;\u00e9tablissement sur plusieurs aspects. En voici quelques-uns\u00a0:<\/p><ul><li><u>Planification strat\u00e9gique :<\/u> Le Bureau de D\u00e9veloppement participe \u00e0 l&rsquo;\u00e9laboration de plans strat\u00e9giques \u00e0 long terme pour l&rsquo;\u00e9tablissement scolaire. Cela peut inclure l&rsquo;identification des objectifs et des priorit\u00e9s, l&rsquo;allocation des ressources, la planification des infrastructures et la mise en place de politiques et de proc\u00e9dures pour soutenir la vision et la mission de l&rsquo;\u00e9cole.<\/li><li><u>Expertise externe :<\/u> Le Bureau de D\u00e9veloppement collabore avec des consultants sp\u00e9cialis\u00e9s dans des domaines sp\u00e9cifiques pour apporter une expertise externe \u00e0 l&rsquo;\u00e9tablissement scolaire. Ces consultants peuvent apporter de nouvelles id\u00e9es, des connaissances sp\u00e9cialis\u00e9es et des meilleures pratiques dans des domaines tels que l&rsquo;\u00e9ducation, la technologie, etc.<\/li><li><u>Partenariats avec des \u00e9tablissements scolaires \u00e9trangers\u00a0:<\/u> Le Bureau de D\u00e9veloppement \u00e9tablit des partenariats avec des \u00e9coles \u00e0 l\u2019\u00e9tranger en vue de favoriser les \u00e9changes internationaux, d&rsquo;enrichir les pratiques p\u00e9dagogiques, de d\u00e9velopper des projets collaboratifs et de renforcer la dimension internationale de l&rsquo;\u00e9tablissement scolaire.<\/li><li><u>Collecte de fonds :<\/u> Le Bureau de D\u00e9veloppement peut rechercher des dons pour financer des bourses d\u2019\u00e9tudes destin\u00e9es aux \u00e9l\u00e8ves d\u00e9favoris\u00e9s et pour financer la construction, la r\u00e9novation ou l&rsquo;am\u00e9lioration des infrastructures scolaires. Il peut \u00e9galement solliciter des dons pour acqu\u00e9rir du mat\u00e9riel \u00e9ducatif, des technologies de pointe ou des ressources p\u00e9dagogiques pour am\u00e9liorer l&rsquo;environnement d&rsquo;apprentissage.<\/li><\/ul><p>\u00a0<\/p><p style=\"text-align: right;\"><em>Tracy Charbel<br \/>Responsable du B.D.D<\/em><\/p>\t\t\t\t\t\t\t\t<\/div>\n\t\t\t\t<\/div>\n\t\t\t\t\t<\/div>\n\t\t<\/div>\n\t\t\t\t\t<\/div>\n\t\t<\/section>\n\t\t\t\t<\/div>\n\t\t","protected":false},"excerpt":{"rendered":"<p>Pr\u00e9sentation du Bureau de D\u00e9veloppement &#8211; B.D.D Le Bureau de D\u00e9veloppement (BDD) \u00e0 la Sagesse St. Jean Brasilia a pour but de mettre en place de nouveaux projets internes et externes. Ces projets sont trait\u00e9s au sein de l\u2019\u00e9tablissement, comme par exemple la mise en place de partenariats avec des \u00e9coles \u00e0 l\u2019\u00e9tranger, l\u2019organisation d\u2019\u00e9v\u00e8nements [&hellip;]<\/p>\n","protected":false},"author":1,"featured_media":0,"parent":0,"menu_order":0,"comment_status":"closed","ping_status":"closed","template":"","meta":{"footnotes":""},"class_list":["post-1145","page","type-page","status-publish","hentry"],"_links":{"self":[{"href":"https:\/\/sagessesjb.edu.lb\/fr\/wp-json\/wp\/v2\/pages\/1145","targetHints":{"allow":["GET"]}}],"collection":[{"href":"https:\/\/sagessesjb.edu.lb\/fr\/wp-json\/wp\/v2\/pages"}],"about":[{"href":"https:\/\/sagessesjb.edu.lb\/fr\/wp-json\/wp\/v2\/types\/page"}],"author":[{"embeddable":true,"href":"https:\/\/sagessesjb.edu.lb\/fr\/wp-json\/wp\/v2\/users\/1"}],"replies":[{"embeddable":true,"href":"https:\/\/sagessesjb.edu.lb\/fr\/wp-json\/wp\/v2\/comments?post=1145"}],"version-history":[{"count":10,"href":"https:\/\/sagessesjb.edu.lb\/fr\/wp-json\/wp\/v2\/pages\/1145\/revisions"}],"predecessor-version":[{"id":4703,"href":"https:\/\/sagessesjb.edu.lb\/fr\/wp-json\/wp\/v2\/pages\/1145\/revisions\/4703"}],"wp:attachment":[{"href":"https:\/\/sagessesjb.edu.lb\/fr\/wp-json\/wp\/v2\/media?parent=1145"}],"curies":[{"name":"wp","href":"https:\/\/api.w.org\/{rel}","templated":true}]}}