{"id":1134,"date":"2023-05-30T08:57:11","date_gmt":"2023-05-30T08:57:11","guid":{"rendered":"https:\/\/yerehost.com\/sagesse\/?page_id=1134"},"modified":"2023-08-08T18:37:11","modified_gmt":"2023-08-08T18:37:11","slug":"cas","status":"publish","type":"page","link":"https:\/\/sagessesjb.edu.lb\/fr\/cas\/","title":{"rendered":"CAS"},"content":{"rendered":"\t\t<div data-elementor-type=\"wp-page\" data-elementor-id=\"1134\" class=\"elementor elementor-1134\" data-elementor-post-type=\"page\">\n\t\t\t\t\t\t<section class=\"elementor-section elementor-top-section elementor-element elementor-element-2f73132 elementor-section-boxed elementor-section-height-default elementor-section-height-default\" data-id=\"2f73132\" data-element_type=\"section\" data-e-type=\"section\">\n\t\t\t\t\t\t<div class=\"elementor-container elementor-column-gap-default\">\n\t\t\t\t\t<div class=\"elementor-column elementor-col-100 elementor-top-column elementor-element elementor-element-acd64e4\" data-id=\"acd64e4\" data-element_type=\"column\" data-e-type=\"column\">\n\t\t\t<div class=\"elementor-widget-wrap elementor-element-populated\">\n\t\t\t\t\t\t<div class=\"elementor-element elementor-element-bb52aa7 elementor-widget elementor-widget-heading\" data-id=\"bb52aa7\" data-element_type=\"widget\" data-e-type=\"widget\" data-widget_type=\"heading.default\">\n\t\t\t\t<div class=\"elementor-widget-container\">\n\t\t\t\t\t<h2 class=\"elementor-heading-title elementor-size-default\">Pr\u00e9sentation du Club d'Action Sociale - C.A.S<\/h2>\t\t\t\t<\/div>\n\t\t\t\t<\/div>\n\t\t\t\t\t<\/div>\n\t\t<\/div>\n\t\t\t\t\t<\/div>\n\t\t<\/section>\n\t\t\t\t<section class=\"elementor-section elementor-top-section elementor-element elementor-element-a2f6e7c elementor-section-boxed elementor-section-height-default elementor-section-height-default\" data-id=\"a2f6e7c\" data-element_type=\"section\" data-e-type=\"section\">\n\t\t\t\t\t\t<div class=\"elementor-container elementor-column-gap-default\">\n\t\t\t\t\t<div class=\"elementor-column elementor-col-100 elementor-top-column elementor-element elementor-element-64e6c47\" data-id=\"64e6c47\" data-element_type=\"column\" data-e-type=\"column\">\n\t\t\t<div class=\"elementor-widget-wrap elementor-element-populated\">\n\t\t\t\t\t\t<div class=\"elementor-element elementor-element-7d59517 elementor-widget elementor-widget-text-editor\" data-id=\"7d59517\" data-element_type=\"widget\" data-e-type=\"widget\" data-widget_type=\"text-editor.default\">\n\t\t\t\t<div class=\"elementor-widget-container\">\n\t\t\t\t\t\t\t\t\t<p>Dans le cadre de sa mission initiale de transmettre et de construire des connaissances et des savoir, le Coll\u00e8ge de la Sagesse a pour objectif de pr\u00e9parer l\u2019adulte de demain \u00e0 vivre en soci\u00e9t\u00e9, \u00e0 vivre dans sa soci\u00e9t\u00e9 et \u00e0 \u00eatre un citoyen ayant de l\u2019empathie pour les autres.<\/p><p>Travailler dans le social\u00a0apporte la satisfaction d&rsquo;accomplir une mission utile et de jouer un r\u00f4le important dans la vie, d\u2019o\u00f9 l\u2019id\u00e9e du Club d\u2019Action Social, le CAS, pour regrouper les jeunes autour de cette id\u00e9ologie o\u00f9 ils pourront \u00eatre pr\u00e9sents positivement dans la vie d\u2019autrui.<\/p><p>Les projets du CAS sont tous b\u00e2tis autour des 17 objectifs du d\u00e9veloppement durable propos\u00e9s par les Nations Unies reposant sur cinq piliers\u00a0: plan\u00e8te, population, prosp\u00e9rit\u00e9, paix et partenariat.<\/p><p>(photo)<\/p><p>Les \u00e9l\u00e8ves qui le souhaitent, sont vivement encourag\u00e9s \u00e0 se pr\u00e9senter comme volontaires pour l\u2019action sociale, durant leur temps libre. Le temps d\u00e9di\u00e9 \u00e0 ce volontariat sera not\u00e9 dans une attestation que l\u2019\u00e9l\u00e8ve pourra joindre \u00e0 ces demandes et candidatures pour les universit\u00e9s.<\/p><p>Travail de charit\u00e9 ou de solidarit\u00e9, travail d\u2019aide ou de soutien, projet contre les in\u00e9galit\u00e9s ou pour la justice\u2026 toute action sociale rajoute un plus dans la construction de la personnalit\u00e9 des enfants. Le Coll\u00e8ge de la Sagesse Saint-Jean Brasilia s\u00e8me de bonnes graines pour qu\u2019\u00e9closent de bons citoyens garants d\u2019un meilleur futur pour un meilleur Liban\u00a0!<\/p><p style=\"text-align: right;\"><em>Diala Khoury<\/em><\/p><p style=\"text-align: right;\"><em>Responsable du C.A.S<\/em><\/p>\t\t\t\t\t\t\t\t<\/div>\n\t\t\t\t<\/div>\n\t\t\t\t\t<\/div>\n\t\t<\/div>\n\t\t\t\t\t<\/div>\n\t\t<\/section>\n\t\t\t\t<\/div>\n\t\t","protected":false},"excerpt":{"rendered":"<p>Pr\u00e9sentation du Club d&rsquo;Action Sociale &#8211; C.A.S Dans le cadre de sa mission initiale de transmettre et de construire des connaissances et des savoir, le Coll\u00e8ge de la Sagesse a pour objectif de pr\u00e9parer l\u2019adulte de demain \u00e0 vivre en soci\u00e9t\u00e9, \u00e0 vivre dans sa soci\u00e9t\u00e9 et \u00e0 \u00eatre un citoyen ayant de l\u2019empathie pour [&hellip;]<\/p>\n","protected":false},"author":1,"featured_media":0,"parent":0,"menu_order":0,"comment_status":"closed","ping_status":"closed","template":"","meta":{"footnotes":""},"class_list":["post-1134","page","type-page","status-publish","hentry"],"_links":{"self":[{"href":"https:\/\/sagessesjb.edu.lb\/fr\/wp-json\/wp\/v2\/pages\/1134","targetHints":{"allow":["GET"]}}],"collection":[{"href":"https:\/\/sagessesjb.edu.lb\/fr\/wp-json\/wp\/v2\/pages"}],"about":[{"href":"https:\/\/sagessesjb.edu.lb\/fr\/wp-json\/wp\/v2\/types\/page"}],"author":[{"embeddable":true,"href":"https:\/\/sagessesjb.edu.lb\/fr\/wp-json\/wp\/v2\/users\/1"}],"replies":[{"embeddable":true,"href":"https:\/\/sagessesjb.edu.lb\/fr\/wp-json\/wp\/v2\/comments?post=1134"}],"version-history":[{"count":10,"href":"https:\/\/sagessesjb.edu.lb\/fr\/wp-json\/wp\/v2\/pages\/1134\/revisions"}],"predecessor-version":[{"id":4694,"href":"https:\/\/sagessesjb.edu.lb\/fr\/wp-json\/wp\/v2\/pages\/1134\/revisions\/4694"}],"wp:attachment":[{"href":"https:\/\/sagessesjb.edu.lb\/fr\/wp-json\/wp\/v2\/media?parent=1134"}],"curies":[{"name":"wp","href":"https:\/\/api.w.org\/{rel}","templated":true}]}}