{"id":1129,"date":"2023-05-30T08:52:54","date_gmt":"2023-05-30T08:52:54","guid":{"rendered":"https:\/\/yerehost.com\/sagesse\/?page_id=1129"},"modified":"2025-11-07T11:41:30","modified_gmt":"2025-11-07T11:41:30","slug":"boc","status":"publish","type":"page","link":"https:\/\/sagessesjb.edu.lb\/fr\/boc\/","title":{"rendered":"BOC"},"content":{"rendered":"\t\t<div data-elementor-type=\"wp-page\" data-elementor-id=\"1129\" class=\"elementor elementor-1129\" data-elementor-post-type=\"page\">\n\t\t\t\t\t\t<section class=\"elementor-section elementor-top-section elementor-element elementor-element-6edc229 elementor-section-boxed elementor-section-height-default elementor-section-height-default\" data-id=\"6edc229\" data-element_type=\"section\" data-e-type=\"section\">\n\t\t\t\t\t\t<div class=\"elementor-container elementor-column-gap-default\">\n\t\t\t\t\t<div class=\"elementor-column elementor-col-100 elementor-top-column elementor-element elementor-element-9d935f3\" data-id=\"9d935f3\" data-element_type=\"column\" data-e-type=\"column\">\n\t\t\t<div class=\"elementor-widget-wrap elementor-element-populated\">\n\t\t\t\t\t\t<div class=\"elementor-element elementor-element-a2299aa elementor-widget elementor-widget-heading\" data-id=\"a2299aa\" data-element_type=\"widget\" data-e-type=\"widget\" data-widget_type=\"heading.default\">\n\t\t\t\t<div class=\"elementor-widget-container\">\n\t\t\t\t\t<h2 class=\"elementor-heading-title elementor-size-default\">Pr\u00e9sentation du Bureau d'Orientation et de Counseling - B.O.C<\/h2>\t\t\t\t<\/div>\n\t\t\t\t<\/div>\n\t\t\t\t\t<\/div>\n\t\t<\/div>\n\t\t\t\t\t<\/div>\n\t\t<\/section>\n\t\t\t\t<section class=\"elementor-section elementor-top-section elementor-element elementor-element-436ec0b elementor-section-boxed elementor-section-height-default elementor-section-height-default\" data-id=\"436ec0b\" data-element_type=\"section\" data-e-type=\"section\">\n\t\t\t\t\t\t<div class=\"elementor-container elementor-column-gap-default\">\n\t\t\t\t\t<div class=\"elementor-column elementor-col-100 elementor-top-column elementor-element elementor-element-d7ba2a5\" data-id=\"d7ba2a5\" data-element_type=\"column\" data-e-type=\"column\">\n\t\t\t<div class=\"elementor-widget-wrap elementor-element-populated\">\n\t\t\t\t\t\t<div class=\"elementor-element elementor-element-c8f188b elementor-widget elementor-widget-text-editor\" data-id=\"c8f188b\" data-element_type=\"widget\" data-e-type=\"widget\" data-widget_type=\"text-editor.default\">\n\t\t\t\t<div class=\"elementor-widget-container\">\n\t\t\t\t\t\t\t\t\t<p>Le Bureau d\u2019Orientation et de Counseling est un service qui, dans le cadre du Parcours Avenir, a pour objectif l\u2019orientation scolaire des \u00e9l\u00e8ves.<\/p><p>C\u2019est un dispositif qui \u00e9volue dans ses finalit\u00e9s, de la 5<sup>\u00e8me<\/sup> jusqu\u2019\u00e0 la Terminale.<\/p><p>(photo)<\/p><p><strong>Ses diff\u00e9rents objectifs seraient de\u00a0: <\/strong><\/p><ul><li>permettre \u00e0 chaque \u00e9l\u00e8ve d\u2019identifier le lien entre son travail scolaire et l\u2019itin\u00e9raire de formation qu\u2019il construit.<\/li><li>ouvrir son horizon personnel au-del\u00e0 des seules repr\u00e9sentations des m\u00e9tiers et des formations rencontr\u00e9es dans la famille ou le quartier.<\/li><li>\u00e9tayer son ambition individuelle par une familiarit\u00e9 acquise avec le syst\u00e8me de formation.<\/li><li>construire des connaissances et des attitudes actives pour pr\u00e9parer ses choix et les fonder sur des bases aussi solides que possible.<\/li><\/ul><p>Le programme, con\u00e7u selon des modules qui \u00e9voluent du Compl\u00e9mentaire au Secondaire, fait partie des enseignements r\u00e9partis sur l\u2019horaire scolaire. Il permet\u00a0:<\/p><ul><li><u>Au Compl\u00e9mentaire<\/u>: de se familiariser avec\u00a0ses comp\u00e9tences, dons et capacit\u00e9s, de bien se conna\u00eetre \u00e0 travers des formations ax\u00e9es sur le d\u00e9veloppement personnel.<\/li><li><u>En 2de<\/u>: de permettre avant tout \u00e0 l\u2019\u00e9l\u00e8ve de se doter de m\u00e9thodes pour tirer profit de ses \u00e9tudes et de construire un projet personnel.<\/li><li><u>En 1\u00e8re<\/u>: de favoriser l\u2019acquisition de comp\u00e9tences propres \u00e0 chaque voie de formation tout en permettant \u00e0 l\u2019\u00e9l\u00e8ve de d\u00e9velopper son projet d\u2019orientation post-bac.<\/li><li><u>En Terminale<\/u>: de prendre appui sur les enseignements sp\u00e9cifiques, et sur les enseignements constituant les dominantes disciplinaires des s\u00e9ries concern\u00e9es. Il contribue \u00e0 la pr\u00e9paration \u00e0 l\u2019enseignement sup\u00e9rieur.<\/li><li><u>Au d\u00e9partement d\u2019inclusion scolaire<\/u>: de familiariser les \u00e9l\u00e8ves avec la notion de choix et de m\u00e9tiers ad\u00e9quats, tout en ciblant le d\u00e9veloppement personnel, social, \u00e9motionnel, \u2026<\/li><\/ul><p>Ce dispositif cherche\u00a0aussi \u00e0 collaborer avec les parents, partenaires essentiels dans l\u2019orientation.<\/p><p>Mais avant tout, le r\u00f4le du B.O.C. est de montrer aux jeunes que leurs r\u00eaves d\u2019aujourd\u2019hui peuvent \u00eatre la r\u00e9alit\u00e9 de demain !<\/p><p>\u00a0<\/p><p style=\"text-align: right;\">Ghada Diab Selwan<\/p><p style=\"text-align: right;\">Coordinatrice du service d\u2019orientation<\/p><p>\u00a0<\/p>\t\t\t\t\t\t\t\t<\/div>\n\t\t\t\t<\/div>\n\t\t\t\t\t<\/div>\n\t\t<\/div>\n\t\t\t\t\t<\/div>\n\t\t<\/section>\n\t\t\t\t<section class=\"elementor-section elementor-top-section elementor-element elementor-element-8f7249e elementor-section-boxed elementor-section-height-default elementor-section-height-default\" data-id=\"8f7249e\" data-element_type=\"section\" data-e-type=\"section\">\n\t\t\t\t\t\t<div class=\"elementor-container elementor-column-gap-default\">\n\t\t\t\t\t<div class=\"elementor-column elementor-col-50 elementor-top-column elementor-element elementor-element-e9d3d8b\" data-id=\"e9d3d8b\" data-element_type=\"column\" data-e-type=\"column\">\n\t\t\t<div class=\"elementor-widget-wrap elementor-element-populated\">\n\t\t\t\t\t\t<div class=\"elementor-element elementor-element-a7fcaa2 elementor-widget elementor-widget-image\" data-id=\"a7fcaa2\" data-element_type=\"widget\" data-e-type=\"widget\" data-widget_type=\"image.default\">\n\t\t\t\t<div class=\"elementor-widget-container\">\n\t\t\t\t\t\t\t\t\t\t\t\t\t\t\t<img fetchpriority=\"high\" decoding=\"async\" width=\"800\" height=\"858\" src=\"https:\/\/sagessesjb.edu.lb\/wp-content\/uploads\/2025\/11\/Untitled-6-01-2-955x1024.jpg\" class=\"attachment-large size-large wp-image-11029\" alt=\"\" srcset=\"https:\/\/sagessesjb.edu.lb\/wp-content\/uploads\/2025\/11\/Untitled-6-01-2-955x1024.jpg 955w, https:\/\/sagessesjb.edu.lb\/wp-content\/uploads\/2025\/11\/Untitled-6-01-2-280x300.jpg 280w, https:\/\/sagessesjb.edu.lb\/wp-content\/uploads\/2025\/11\/Untitled-6-01-2-768x823.jpg 768w, https:\/\/sagessesjb.edu.lb\/wp-content\/uploads\/2025\/11\/Untitled-6-01-2-1433x1536.jpg 1433w, https:\/\/sagessesjb.edu.lb\/wp-content\/uploads\/2025\/11\/Untitled-6-01-2-1911x2048.jpg 1911w, https:\/\/sagessesjb.edu.lb\/wp-content\/uploads\/2025\/11\/Untitled-6-01-2-600x643.jpg 600w\" sizes=\"(max-width: 800px) 100vw, 800px\" \/>\t\t\t\t\t\t\t\t\t\t\t\t\t\t\t<\/div>\n\t\t\t\t<\/div>\n\t\t\t\t\t<\/div>\n\t\t<\/div>\n\t\t\t\t<div class=\"elementor-column elementor-col-50 elementor-top-column elementor-element elementor-element-6631ae7\" data-id=\"6631ae7\" data-element_type=\"column\" data-e-type=\"column\">\n\t\t\t<div class=\"elementor-widget-wrap elementor-element-populated\">\n\t\t\t\t\t\t<div class=\"elementor-element elementor-element-776b492 elementor-widget elementor-widget-image\" data-id=\"776b492\" data-element_type=\"widget\" data-e-type=\"widget\" data-widget_type=\"image.default\">\n\t\t\t\t<div class=\"elementor-widget-container\">\n\t\t\t\t\t\t\t\t\t\t\t\t\t\t\t<img decoding=\"async\" width=\"800\" height=\"858\" src=\"https:\/\/sagessesjb.edu.lb\/wp-content\/uploads\/2025\/11\/Untitled-6-02-2-955x1024.jpg\" class=\"attachment-large size-large wp-image-11030\" alt=\"\" srcset=\"https:\/\/sagessesjb.edu.lb\/wp-content\/uploads\/2025\/11\/Untitled-6-02-2-955x1024.jpg 955w, https:\/\/sagessesjb.edu.lb\/wp-content\/uploads\/2025\/11\/Untitled-6-02-2-280x300.jpg 280w, https:\/\/sagessesjb.edu.lb\/wp-content\/uploads\/2025\/11\/Untitled-6-02-2-768x823.jpg 768w, https:\/\/sagessesjb.edu.lb\/wp-content\/uploads\/2025\/11\/Untitled-6-02-2-1433x1536.jpg 1433w, https:\/\/sagessesjb.edu.lb\/wp-content\/uploads\/2025\/11\/Untitled-6-02-2-1911x2048.jpg 1911w, https:\/\/sagessesjb.edu.lb\/wp-content\/uploads\/2025\/11\/Untitled-6-02-2-600x643.jpg 600w\" sizes=\"(max-width: 800px) 100vw, 800px\" \/>\t\t\t\t\t\t\t\t\t\t\t\t\t\t\t<\/div>\n\t\t\t\t<\/div>\n\t\t\t\t\t<\/div>\n\t\t<\/div>\n\t\t\t\t\t<\/div>\n\t\t<\/section>\n\t\t\t\t<section class=\"elementor-section elementor-top-section elementor-element elementor-element-31b351b elementor-section-boxed elementor-section-height-default elementor-section-height-default\" data-id=\"31b351b\" data-element_type=\"section\" data-e-type=\"section\">\n\t\t\t\t\t\t<div class=\"elementor-container elementor-column-gap-default\">\n\t\t\t\t\t<div class=\"elementor-column elementor-col-50 elementor-top-column elementor-element elementor-element-6ebdfd8\" data-id=\"6ebdfd8\" data-element_type=\"column\" data-e-type=\"column\">\n\t\t\t<div class=\"elementor-widget-wrap elementor-element-populated\">\n\t\t\t\t\t\t<div class=\"elementor-element elementor-element-c4b4c31 elementor-widget elementor-widget-image\" data-id=\"c4b4c31\" data-element_type=\"widget\" data-e-type=\"widget\" data-widget_type=\"image.default\">\n\t\t\t\t<div class=\"elementor-widget-container\">\n\t\t\t\t\t\t\t\t\t\t\t\t\t\t\t<img decoding=\"async\" width=\"800\" height=\"858\" src=\"https:\/\/sagessesjb.edu.lb\/wp-content\/uploads\/2025\/11\/Untitled-6-03-2-955x1024.jpg\" class=\"attachment-large size-large wp-image-11031\" alt=\"\" srcset=\"https:\/\/sagessesjb.edu.lb\/wp-content\/uploads\/2025\/11\/Untitled-6-03-2-955x1024.jpg 955w, https:\/\/sagessesjb.edu.lb\/wp-content\/uploads\/2025\/11\/Untitled-6-03-2-280x300.jpg 280w, https:\/\/sagessesjb.edu.lb\/wp-content\/uploads\/2025\/11\/Untitled-6-03-2-768x823.jpg 768w, https:\/\/sagessesjb.edu.lb\/wp-content\/uploads\/2025\/11\/Untitled-6-03-2-1433x1536.jpg 1433w, https:\/\/sagessesjb.edu.lb\/wp-content\/uploads\/2025\/11\/Untitled-6-03-2-1911x2048.jpg 1911w, https:\/\/sagessesjb.edu.lb\/wp-content\/uploads\/2025\/11\/Untitled-6-03-2-600x643.jpg 600w\" sizes=\"(max-width: 800px) 100vw, 800px\" \/>\t\t\t\t\t\t\t\t\t\t\t\t\t\t\t<\/div>\n\t\t\t\t<\/div>\n\t\t\t\t\t<\/div>\n\t\t<\/div>\n\t\t\t\t<div class=\"elementor-column elementor-col-50 elementor-top-column elementor-element elementor-element-1451eca\" data-id=\"1451eca\" data-element_type=\"column\" data-e-type=\"column\">\n\t\t\t<div class=\"elementor-widget-wrap elementor-element-populated\">\n\t\t\t\t\t\t<div class=\"elementor-element elementor-element-f03101f elementor-widget elementor-widget-image\" data-id=\"f03101f\" data-element_type=\"widget\" data-e-type=\"widget\" data-widget_type=\"image.default\">\n\t\t\t\t<div class=\"elementor-widget-container\">\n\t\t\t\t\t\t\t\t\t\t\t\t\t\t\t<img loading=\"lazy\" decoding=\"async\" width=\"800\" height=\"858\" src=\"https:\/\/sagessesjb.edu.lb\/wp-content\/uploads\/2025\/11\/Untitled-6-04-2-955x1024.jpg\" class=\"attachment-large size-large wp-image-11032\" alt=\"\" srcset=\"https:\/\/sagessesjb.edu.lb\/wp-content\/uploads\/2025\/11\/Untitled-6-04-2-955x1024.jpg 955w, https:\/\/sagessesjb.edu.lb\/wp-content\/uploads\/2025\/11\/Untitled-6-04-2-280x300.jpg 280w, https:\/\/sagessesjb.edu.lb\/wp-content\/uploads\/2025\/11\/Untitled-6-04-2-768x823.jpg 768w, https:\/\/sagessesjb.edu.lb\/wp-content\/uploads\/2025\/11\/Untitled-6-04-2-1433x1536.jpg 1433w, https:\/\/sagessesjb.edu.lb\/wp-content\/uploads\/2025\/11\/Untitled-6-04-2-1911x2048.jpg 1911w, https:\/\/sagessesjb.edu.lb\/wp-content\/uploads\/2025\/11\/Untitled-6-04-2-600x643.jpg 600w\" sizes=\"(max-width: 800px) 100vw, 800px\" \/>\t\t\t\t\t\t\t\t\t\t\t\t\t\t\t<\/div>\n\t\t\t\t<\/div>\n\t\t\t\t\t<\/div>\n\t\t<\/div>\n\t\t\t\t\t<\/div>\n\t\t<\/section>\n\t\t\t\t<\/div>\n\t\t","protected":false},"excerpt":{"rendered":"<p>Pr\u00e9sentation du Bureau d&rsquo;Orientation et de Counseling &#8211; B.O.C Le Bureau d\u2019Orientation et de Counseling est un service qui, dans le cadre du Parcours Avenir, a pour objectif l\u2019orientation scolaire des \u00e9l\u00e8ves. C\u2019est un dispositif qui \u00e9volue dans ses finalit\u00e9s, de la 5\u00e8me jusqu\u2019\u00e0 la Terminale. (photo) Ses diff\u00e9rents objectifs seraient de\u00a0: permettre \u00e0 chaque [&hellip;]<\/p>\n","protected":false},"author":1,"featured_media":0,"parent":0,"menu_order":0,"comment_status":"closed","ping_status":"closed","template":"","meta":{"footnotes":""},"class_list":["post-1129","page","type-page","status-publish","hentry"],"_links":{"self":[{"href":"https:\/\/sagessesjb.edu.lb\/fr\/wp-json\/wp\/v2\/pages\/1129","targetHints":{"allow":["GET"]}}],"collection":[{"href":"https:\/\/sagessesjb.edu.lb\/fr\/wp-json\/wp\/v2\/pages"}],"about":[{"href":"https:\/\/sagessesjb.edu.lb\/fr\/wp-json\/wp\/v2\/types\/page"}],"author":[{"embeddable":true,"href":"https:\/\/sagessesjb.edu.lb\/fr\/wp-json\/wp\/v2\/users\/1"}],"replies":[{"embeddable":true,"href":"https:\/\/sagessesjb.edu.lb\/fr\/wp-json\/wp\/v2\/comments?post=1129"}],"version-history":[{"count":13,"href":"https:\/\/sagessesjb.edu.lb\/fr\/wp-json\/wp\/v2\/pages\/1129\/revisions"}],"predecessor-version":[{"id":11035,"href":"https:\/\/sagessesjb.edu.lb\/fr\/wp-json\/wp\/v2\/pages\/1129\/revisions\/11035"}],"wp:attachment":[{"href":"https:\/\/sagessesjb.edu.lb\/fr\/wp-json\/wp\/v2\/media?parent=1129"}],"curies":[{"name":"wp","href":"https:\/\/api.w.org\/{rel}","templated":true}]}}